{"id":1197,"date":"2026-04-22T06:41:45","date_gmt":"2026-04-22T06:41:45","guid":{"rendered":""},"modified":"2026-04-22T06:42:22","modified_gmt":"2026-04-22T06:42:22","slug":"levitra-3","status":"publish","type":"product","link":"https:\/\/pharmacy-content.com\/?product=levitra-3&lang=fr","title":{"rendered":"Levitra"},"content":{"rendered":"<p>Quel est ce m\u00e9dicament?<\/p>\n<p>VARD\u00c9NAFIL est utilis\u00e9 pour traiter les probl\u00e8mes \u00e9rectiles chez les hommes. Vard\u00e9nafil fonctionne plus rapidement que le Sild\u00e9nafil (Viagra\u00ae) et il comporte moins de risque de causer des perturbations visuelles en tant qu&#8217;effet secondaire.<\/p>\n<p>Que devrais-je mentionner \u00e0 mon professionnel de la sant\u00e9 avant de prendre ce m\u00e9dicament?<\/p>\n<p>Il doit savoir si vous avez l\u2019une des conditions suivantes: difformit\u00e9 anatomique du p\u00e9nis, maladie de La Peyronie, ou si vous avez d\u00e9j\u00e0 eu une \u00e9rection qui a dur\u00e9 plus de 4 heures; trouble de saignement; cancer; diab\u00e8te; br\u00fblures d&#8217;estomac fr\u00e9quentes ou maladie de reflux gastro-oesophagien; maladie du coeur, angine, haute ou basse pression sanguine, des ant\u00e9c\u00e9dents d\u2019attaque cardiaque ou autres probl\u00e8mes cardiaques; cholest\u00e9rol \u00e9lev\u00e9; infection au VIH; maladie des reins; maladie du foie; dr\u00e9panocytose (an\u00e9mie falciforme); accident vasculaire c\u00e9r\u00e9bral; ulc\u00e8res d&#8217;estomac ou des intestins; probl\u00e8mes des yeux ou de la vision; une r\u00e9action inhabituelle ou allergique au vard\u00e9nafil, \u00e0 d\u2019autres m\u00e9dicaments, aliments, colorants ou pr\u00e9servatifs; si vous \u00eates enceinte ou que vous essayez de tomber enceinte; si vous allaitez.<\/p>\n<p>Comment devrais-je prendre ce m\u00e9dicament?<\/p>\n<p>Prenez le comprim\u00e9 de vard\u00e9nafil par voie orale avec ou sans nourriture. La dose est g\u00e9n\u00e9ralement prise 1 heure avant l\u2019activit\u00e9 sexuelle. Avalez le comprim\u00e9 avec un verre d&#8217;eau. Ne prenez pas de doses en double ou de dose suppl\u00e9mentaire. Parlez \u00e0 votre p\u00e9diatre concernant l\u2019utilisation de ce m\u00e9dicament chez les enfants. Pr\u00e9sentement, ce m\u00e9dicament n\u2019est pas indiqu\u00e9 pour l&#8217;utilisation chez les enfants. Surdosage: Si vous croyez avoir pris une dose excessive de ce m\u00e9dicament, contactez un centre anti-poison ou une urgence d\u2019h\u00f4pital le plus t\u00f4t possible. NOTE: Ce m\u00e9dicament est uniquement pour vous, ne le partagez pas avec autrui.<\/p>\n<p>Que dois-je faire si j&#8217;oublie de prendre une dose ?<\/p>\n<p>Cela ne s&#8217;applique pas. Toutefois, ne prenez pas de doses en double ou de dose suppl\u00e9mentaire.<\/p>\n<p>Qu\u2019est-ce qui peut interagir avec ce m\u00e9dicament?<\/p>\n<p>Ne prenez pas ce m\u00e9dicament avec l\u2019un ou plusieurs des \u00e9l\u00e9ments suivants: les m\u00e9dicaments pour le coeur ou les douleurs \u00e0 la poitrine qui s&#8217;apparentent \u00e0 la nitroglyc\u00e9rine tels que l&#8217;amyl nitrite, isosorbide dinitrate, isosorbide mononitrate, nitroglyc\u00e9rine, m\u00eame si ces m\u00e9dicaments ne sont pris qu&#8217;occasionnellement. Cela inclut certaines drogues r\u00e9cr\u00e9ationnelles appel\u00e9es &#8216;poppers&#8217; qui contiennent \u00e9galement de l&#8217;amyl nitrate et du butyl nitrate. Ce m\u00e9dicament peut \u00e9galement interagir avec les \u00e9l\u00e9ments suivants: les alpha-bloquants comme l&#8217;alfuzosine (UroXatral\u00ae), doxazosine (Cardura\u00ae), prazosine (Minipress\u00ae), tamsulosine (Flomax\u00ae), ou t\u00e9razosine (Hytrin\u00ae), utilis\u00e9s pour traiter la haute pression sanguine ou une hypertrophie de la prostate; trioxide d&#8217;arsenic; bosentan; certains antibiotiques comme la clarithromycine, l&#8217;\u00e9rythromycine, la sparfloxacine, la trol\u00e9andomycine; certains m\u00e9dicaments utilis\u00e9s pour les convulsions comme la carbamaz\u00e9pine, ph\u00e9nyto\u00efne, et ph\u00e9nobarbital; certains m\u00e9dicaments pour le traitement d&#8217;une infection au VIH ou SIDA; certains m\u00e9dicaments pour contr\u00f4ler le rythme cardiaque (par exemple: amiodarone, disopyramide, dof\u00e9tilide, fleca\u00efnide, ibutilide, quinidine, proca\u00efnamide, propaf\u00e9none, sotalol); chloroquine; cisapride; diltiazem; jus de pamplemousse; certains m\u00e9dicaments pour le traitement d\u2019une infection \u00e0 champignon ou \u00e0 levure, tels que le fluconazole, itraconazole, k\u00e9toconazole et voriconazole; m\u00e9thadone; nicardipine; pentamidine; pimozide; rifabutine, rifampine, ou rifapentine; certains m\u00e9dicaments pour traiter la d\u00e9pression ou les probl\u00e8mes d&#8217;humeur (amoxapine, maprotiline, fluox\u00e9tine, fluvoxamine, n\u00e9fazodone, pimozide, ph\u00e9nothiazines, antid\u00e9presseurs tricycliques); v\u00e9rapamil. Cette liste n\u2019est pas exhaustive. Fournissez \u00e0 vos professionnels de la sant\u00e9 une liste de tous les m\u00e9dicaments, herbes, m\u00e9dicaments sans prescription et suppl\u00e9ments alimentaires que vous utilisez. Mentionnez-leur \u00e9galement si vous fumez, buvez r\u00e9guli\u00e8rement de la caf\u00e9ine ou de l\u2019alcool, ou utilisez des drogues ill\u00e9gales. Certains de ces \u00e9l\u00e9ments peuvent interagir avec vos m\u00e9dicaments.<\/p>\n<p>\u00c0 quels \u00e9l\u00e9ments devrais-je \u00eatre vigilant pendant la prise de ce m\u00e9dicament?<\/p>\n<p>Si vous remarquez un quelconque changement dans votre vision pendant la prise de ce m\u00e9dicament, appelez votre m\u00e9decin ou professionnel de la sant\u00e9 le plus t\u00f4t possible. Cessez l\u2019utilisation de ce m\u00e9dicament et appelez votre m\u00e9decin ou professionnel de la sant\u00e9 imm\u00e9diatement si vous avez une perte de vision dans un oeil ou les deux yeux. Appelez votre m\u00e9decin ou professionnel de la sant\u00e9 imm\u00e9diatement si votre \u00e9rection dure plus de 4 heures ou si elle devient douloureuse. Cela pourrait \u00eatre signe d\u2019un probl\u00e8me s\u00e9rieux et cela se doit d\u2019\u00eatre trait\u00e9 imm\u00e9diatement pour pr\u00e9venir des dommages permanents. Si vous ressentez des sympt\u00f4mes de naus\u00e9e, d\u2019\u00e9tourdissements, de douleurs \u00e0 la poitrine ou au bras lors du commencement de la relation sexuelle apr\u00e8s avoir pris ce m\u00e9dicament, vous devriez cesser l\u2019activit\u00e9 sexuelle et appelez votre m\u00e9decin ou professionnel de la sant\u00e9 le plus t\u00f4t possible. Ne changez pas la dose de votre m\u00e9dicament. Veuillez appeler votre m\u00e9decin ou professionnel de la sant\u00e9 pour d\u00e9terminer si votre dose doit \u00eatre r\u00e9\u00e9valu\u00e9e. L\u2019utilisation de ce m\u00e9dicament ne vous prot\u00e8ge ni vous, ni votre partenaire d\u2019une infection au VIH (le virus qui cause le SIDA) ou d\u2019autres maladies transmises sexuellement.<\/p>\n<p>Quels sont les effets secondaires que je pourrais observer lors de l\u2019utilisation de ce m\u00e9dicament?<\/p>\n<p>Voici les effets secondaires que vous devriez mentionner \u00e0 votre m\u00e9decin ou professionnel de la sant\u00e9 le plus t\u00f4t possible: douleur au dos; changements dans l&#8217;ou\u00efe tels que la perte de l&#8217;ou\u00efe ou des bourdonnements dans les oreilles; changements dans la vision tels que la perte de vision, vision floue, yeux plus sensibles \u00e0 la lumi\u00e8re, ou difficult\u00e9 \u00e0 discerner les objets de couleur bleue des objets de couleur verte, ou si les objets ont une teinte de couleur bleue; douleur \u00e0 la poitrine ou palpitations; difficult\u00e9 \u00e0 respirer, se sentir \u00e0 bout de souffle; \u00e9tourdissements; enflure des paupi\u00e8res; douleurs musculaires; \u00e9rection prolong\u00e9e (qui dure plus de 4 heures); \u00e9ruption cutan\u00e9e, d\u00e9mangeaisons; convulsions. Voici les effets secondaires qui ne n\u00e9cessitent habituellement pas d\u2019attention m\u00e9dicale (informez-en votre m\u00e9decin ou professionnel de la sant\u00e9 si les sympt\u00f4mes persistent ou sont d\u00e9sagr\u00e9ables): rougissement; maux de t\u00eate; indigestion; naus\u00e9e; congestion nasale. Cette liste n\u2019est pas exhaustive.<\/p>\n<p>O\u00f9 puis-je conserver ce m\u00e9dicament?<\/p>\n<p>Garder hors de la port\u00e9e des enfants dans un contenant qu&#8217;ils ne peuvent pas ouvrir. Entreposer \u00e0 la temp\u00e9rature ambiante entre 15 et 30 degr\u00e9s Celsius (59 et 86 degr\u00e9s Fahrenheit). Jeter toutes doses non utilis\u00e9es apr\u00e8s la date d\u2019expiration.<\/p>\n","protected":false},"excerpt":{"rendered":"<p>Levitra est utilis\u00e9 dans le traitement des troubles de la sexualit\u00e9 comme l&#8217;impuissance ou la dysfonction \u00e9rectile.<\/p>\n","protected":false},"featured_media":1129,"comment_status":"open","ping_status":"closed","template":"","meta":[],"product_brand":[],"product_cat":[120],"product_tag":[],"class_list":{"0":"post-1197","1":"product","2":"type-product","3":"status-publish","4":"has-post-thumbnail","6":"product_cat-dysfonction-erectile-fr","7":"pa_active_substance-vardenafil","9":"first","10":"instock","11":"shipping-taxable","12":"product-type-simple"},"jetpack_sharing_enabled":true,"_links":{"self":[{"href":"https:\/\/pharmacy-content.com\/index.php?rest_route=\/wp\/v2\/product\/1197","targetHints":{"allow":["GET"]}}],"collection":[{"href":"https:\/\/pharmacy-content.com\/index.php?rest_route=\/wp\/v2\/product"}],"about":[{"href":"https:\/\/pharmacy-content.com\/index.php?rest_route=\/wp\/v2\/types\/product"}],"replies":[{"embeddable":true,"href":"https:\/\/pharmacy-content.com\/index.php?rest_route=%2Fwp%2Fv2%2Fcomments&post=1197"}],"wp:featuredmedia":[{"embeddable":true,"href":"https:\/\/pharmacy-content.com\/index.php?rest_route=\/wp\/v2\/media\/1129"}],"wp:attachment":[{"href":"https:\/\/pharmacy-content.com\/index.php?rest_route=%2Fwp%2Fv2%2Fmedia&parent=1197"}],"wp:term":[{"taxonomy":"product_brand","embeddable":true,"href":"https:\/\/pharmacy-content.com\/index.php?rest_route=%2Fwp%2Fv2%2Fproduct_brand&post=1197"},{"taxonomy":"product_cat","embeddable":true,"href":"https:\/\/pharmacy-content.com\/index.php?rest_route=%2Fwp%2Fv2%2Fproduct_cat&post=1197"},{"taxonomy":"product_tag","embeddable":true,"href":"https:\/\/pharmacy-content.com\/index.php?rest_route=%2Fwp%2Fv2%2Fproduct_tag&post=1197"}],"curies":[{"name":"wp","href":"https:\/\/api.w.org\/{rel}","templated":true}]}}