{"id":1265,"date":"2026-04-22T06:41:53","date_gmt":"2026-04-22T06:41:53","guid":{"rendered":""},"modified":"2026-04-22T06:42:23","modified_gmt":"2026-04-22T06:42:23","slug":"levitra-5","status":"publish","type":"product","link":"https:\/\/pharmacy-content.com\/?product=levitra-5&lang=es","title":{"rendered":"Levitra"},"content":{"rendered":"<p>\u00bfQu\u00e9 es este medicamento?<\/p>\n<p>El VARDENAFILO se utiliza para tratar los problemas de erecci\u00f3n en hombres. El vardenafilo funciona m\u00e1s r\u00e1pido que el Sildenafil (Viagra\u00ae) y tiene menos probabilidades de tener efectos secundarios en la vista.<\/p>\n<p>\u00bfQu\u00e9 le deber\u00eda decir a mi m\u00e9dico antes de utilizar esta medicaci\u00f3n?<\/p>\n<p>Necesita saber si usted tiene cualquiera de estas enfermedades: deformidad anat\u00f3mica del pene, enfermedad de Peyronie, o si alguna vez ha tenido una erecci\u00f3n que durara m\u00e1s de 4 horas problemas de coagulaci\u00f3n c\u00e1ncer diabetes acidez estomacal recurrente o enfermedad de reflujo gastroesof\u00e1gico (ERGE) enfermedades cardiacas, angina de pecho, presi\u00f3n arterial alta o baja, antecedentes de ataques al coraz\u00f3n, u otros problemas cardiacos colesterol alto infecci\u00f3n por VIH enfermedad renal enfermedad hep\u00e1tica anemia falciforme derrame cerebral \u00falceras estomacales o intestinales problemas oculares o de la visi\u00f3n una reacci\u00f3n inusual al vardenafilo, a otros medicamentos, a alimentos, a colorantes, o a conservantes s\u00ed est\u00e1 embarazada o est\u00e1 tratando de quedarse s\u00ed est\u00e1 dando el pecho<\/p>\n<p>\u00bfC\u00f3mo se debe de usar este medicamento?<\/p>\n<p>Tome las pastillas de vardenafilo por v\u00eda oral con o sin comida. La dosis se toma normalmente 1 hora antes de la actividad sexual. Trague las pastillas con un poco de agua. No tome una dosis doble o extra.<\/p>\n<p>Hable con su pediatra o profesional sanitario sobre la utilizaci\u00f3n de este medicamento en ni\u00f1os. Se podr\u00edan necesitar cuidados especiales. En estos momentos, este medicamento no se utiliza en ni\u00f1os.<\/p>\n<p>\u00bfQu\u00e9 pasa si me olvido una dosis?<\/p>\n<p>Esto no se aplica. Sin embargo, no tome una dosis doble o extra.<\/p>\n<p>\u00bfQu\u00e9 puede interactuar con este medicamento?<\/p>\n<p>No tome el vardenafilo s\u00ed usted est\u00e1 tomando los siguientes medicamentos: medicamentos de nitroglicerina para el coraz\u00f3n o el dolor en el pecho como el nitrito de amilo, dinitrato de isosorbida, mononitrato de isosorbida, nitroglicerina, incluso s\u00ed los tema ocasionalmente Esto incluye algunas drogas il\u00edcitas llamadas \u2018poppers\u2019 que tambi\u00e9n contienen nitrato de amilo y nitrato de butilo<\/p>\n<p>El vardenafilo tambi\u00e9n puede interactuar con los siguientes medicamentos: bloqueadores alfa como la alfuzosina (UroXatral\u00ae), la doxazosina (Cardura\u00ae), la prazosina (Minipress\u00ae), la tamsulosina (Flomax\u00ae), o la terazosina (Hytrin\u00ae), que se utilizan para tratar la presi\u00f3n arterial alta o la pr\u00f3stata agrandada tri\u00f3xido de ars\u00e9nico bosentan ciertos antibi\u00f3ticos como la claritromicina, la eritromicina, la sparfloxacina, la troleandomicina ciertos anticonvulsivos como la carbamazepina, la fenito\u00edna, y el fenobarbital ciertos medicamentos para el tratamiento de la infecci\u00f3n por VIH o del SIDA ciertos medicamentos para tratar las arritmias (por ejemplo, amiodarona, disopiramida, dofetilida, flecainida, ibutilida, quinidina, procainamida, propafenona, sotalol) cloroquina cisaprida diltiazem zumo de toronja (pomelo) medicamentos antif\u00fangicos (el fluconazol, el itraconazol, el ketoconazol, el voriconazol) metadona nicardipino pentamidina pimozida rifabutina, rifampina o rifapentina algunos medicamentos para la depresi\u00f3n y los problemas de humor (amoxapina, maprotilina, fluoxetina, fluvoxamina, nefazodona, pimozida, fenotiazinas, antidepresivos tetrac\u00edcliclos) verapamilo<\/p>\n<p>D\u00edgale a su m\u00e9dico o profesional sanitario todos los otros medicamentos que est\u00e1 tomando, incluyendo medicamentos sin receta, suplementos nutricionales, o productos herbolarios. Tambi\u00e9n informe a su m\u00e9dico o profesional sanitario si consume frecuentemente bebidas con cafe\u00edna o alcohol, si fuma, o si consume drogas ilegales. Esto puede afectar la manera en que su medicamento funciona. Antes de dejar o comenzar cualquiera de sus medicamentos consulte con su m\u00e9dico.<\/p>\n<p>\u00bfQu\u00e9 debo de tener en cuenta mientras tomo este medicamento?<\/p>\n<p>S\u00ed nota cambios en su vista mientras est\u00e9 tomando este medicamento, llame a su m\u00e9dico tan pronto como le sea posible. Deje inmediatamente de usar el vardenafilo s\u00ed pierde la vista en un ojo o en ambos. P\u00f3ngase inmediatamente en contacto con su m\u00e9dico.<\/p>\n<p>Llame inmediatamente a su m\u00e9dico s\u00ed la erecci\u00f3n dura m\u00e1s de 4 horas o se vuelve dolorosa. Esto puede ser una se\u00f1al de priapismo y debe de ser tratado inmediatamente para prevenir un da\u00f1o permanente.<\/p>\n<p>S\u00ed experimenta s\u00edntomas de nausea, mareos, dolor en el pecho o en el brazo al empezar la actividad sexual despu\u00e9s de haber tomado el vardenafilo, usted deber\u00eda abstenerse de continuar la actividad y ponerse en contacto con su m\u00e9dico inmediatamente.<\/p>\n<p>No cambie la dosis de su medicamento. Por favor llame a su m\u00e9dico para determinar si su dosis necesita ser revisada.<\/p>\n<p>El uso del vardenafilo no lo protege a usted o a su compa\u00f1ero\/compa\u00f1era de la infecci\u00f3n por VIH (el virus que causa el SIDA) u otras enfermedades de transmisi\u00f3n sexual.<\/p>\n<p>\u00bfQu\u00e9 efectos secundarios puede causar este medicamento?<\/p>\n<p>Avise a su m\u00e9dico o profesional de la salud lo antes posible s\u00ed observa alguno de estos efectos secundarios: dolor de espalda cambios en la audici\u00f3n como p\u00e9rdida de audici\u00f3n o zumbido en los o\u00eddos cambios en la visi\u00f3n como p\u00e9rdida de la misma, visi\u00f3n borrosa, ser m\u00e1s sensible a la luz, o problemas para diferenciar los objetos azules de los verdes o los objetos tienen un tono azulado dolor de pecho o palpitaciones respiraci\u00f3n entrecortada o dificultad para respirar mareos inflamaci\u00f3n ocular dolores musculares erecci\u00f3n prolongada (de m\u00e1s de 4 horas) erupciones en la piel, picaz\u00f3n convulsiones<\/p>\n<p>Estos son los efectos secundarios que normalmente no requieren atenci\u00f3n m\u00e9dica (inf\u00f3rmele a su m\u00e9dico o profesional de la salud si contin\u00faan o son molestos): rubor (bochorno) dolor de cabeza indigesti\u00f3n n\u00e1usea congesti\u00f3n nasal<\/p>\n<p>Es posible que en este listado no est\u00e9n todos los efectos secundarios.<\/p>\n<p>\u00bfD\u00f3nde puedo guardar mi medicaci\u00f3n?<\/p>\n<p>Mantenga este medicamento fuera del alcance de los ni\u00f1os en un recipiente que los ni\u00f1os peque\u00f1os no puedan abrir.<\/p>\n<p>Cons\u00e9rvelo a temperatura ambiente entre 15\u00ba y 30\u00ba grados C (59\u00ba y 86\u00ba grados F). Tire a la basura cualquier medicamento sin usar pasada la fecha de caducidad.<\/p>\n","protected":false},"excerpt":{"rendered":"<p>Levitra se utiliza para tratar problemas de la funci\u00f3n sexual como la Impotencia o la disfunci\u00f3n er\u00e9ctil.<\/p>\n","protected":false},"featured_media":1129,"comment_status":"open","ping_status":"closed","template":"","meta":[],"product_brand":[],"product_cat":[126],"product_tag":[],"class_list":{"0":"post-1265","1":"product","2":"type-product","3":"status-publish","4":"has-post-thumbnail","6":"product_cat-disfuncion-erectil-es","7":"pa_active_substance-vardenafil","9":"first","10":"instock","11":"shipping-taxable","12":"product-type-simple"},"jetpack_sharing_enabled":true,"_links":{"self":[{"href":"https:\/\/pharmacy-content.com\/index.php?rest_route=\/wp\/v2\/product\/1265","targetHints":{"allow":["GET"]}}],"collection":[{"href":"https:\/\/pharmacy-content.com\/index.php?rest_route=\/wp\/v2\/product"}],"about":[{"href":"https:\/\/pharmacy-content.com\/index.php?rest_route=\/wp\/v2\/types\/product"}],"replies":[{"embeddable":true,"href":"https:\/\/pharmacy-content.com\/index.php?rest_route=%2Fwp%2Fv2%2Fcomments&post=1265"}],"wp:featuredmedia":[{"embeddable":true,"href":"https:\/\/pharmacy-content.com\/index.php?rest_route=\/wp\/v2\/media\/1129"}],"wp:attachment":[{"href":"https:\/\/pharmacy-content.com\/index.php?rest_route=%2Fwp%2Fv2%2Fmedia&parent=1265"}],"wp:term":[{"taxonomy":"product_brand","embeddable":true,"href":"https:\/\/pharmacy-content.com\/index.php?rest_route=%2Fwp%2Fv2%2Fproduct_brand&post=1265"},{"taxonomy":"product_cat","embeddable":true,"href":"https:\/\/pharmacy-content.com\/index.php?rest_route=%2Fwp%2Fv2%2Fproduct_cat&post=1265"},{"taxonomy":"product_tag","embeddable":true,"href":"https:\/\/pharmacy-content.com\/index.php?rest_route=%2Fwp%2Fv2%2Fproduct_tag&post=1265"}],"curies":[{"name":"wp","href":"https:\/\/api.w.org\/{rel}","templated":true}]}}