{"id":1502,"date":"2026-04-22T06:42:31","date_gmt":"2026-04-22T06:42:31","guid":{"rendered":""},"modified":"2026-04-22T06:42:51","modified_gmt":"2026-04-22T06:42:51","slug":"viagra-professional-3","status":"publish","type":"product","link":"https:\/\/pharmacy-content.com\/fr\/product\/viagra-professional-3\/","title":{"rendered":"Viagra Professional"},"content":{"rendered":"<p>Usage g\u00e9n\u00e9ral<\/p>\n<p>Sildenafil est la composante principale de Viagra Professional.<br \/>\nSildenafil affecte la r\u00e9ponse \u00e0 la stimulation sexuelle.<br \/>\nCe m\u00e9dicament est utilis\u00e9 pour traiter le dysfonction \u00e9rectile (l&#8217;impuissance) chez les hommes et pour le traitement d&#8217;hypertension art\u00e9rielle pulmonaire.<br \/>\nSildenafil peut aussi \u00eatre utilis\u00e9 pour les autres buts.<\/p>\n<p>Dosage et administration<\/p>\n<p>Viagra Professional est pris par la bouche comme n\u00e9cessaire environ 15-20 minutes avant l&#8217;activit\u00e9 sexuelle. Sildenafil ne doit pas \u00eatre pris plus qu&#8217;une fois par jour.<br \/>\nUn repas gros peut retarder le temps de commencement de ce m\u00e9dicament.<br \/>\n\u00c9vitez de manger le pamplemousse ou boire du jus de pamplemousse pendant que l&#8217;on vous traite avec cette m\u00e9dication.<\/p>\n<p>Pr\u00e9cautions<\/p>\n<p>Avant de prendre Viagra Professional, dites \u00e0 votre docteur ou pharmacien si vous \u00eates allergiques \u00e0 Sildenafil; ou si vous avez autres allergies.<br \/>\nLes personnes \u00e2g\u00e9es peuvent \u00eatre plus sensibles aux Effets secondaires possibles du m\u00e9dicament.<\/p>\n<p>Contre-indications<\/p>\n<p>Viagra Professional est contre-indiqu\u00e9 chez les patients prenant une autre m\u00e9decine pour traiter l&#8217;impuissance ou utilisant un m\u00e9dicament de nitrate.<br \/>\nCette m\u00e9dication ne doit pas \u00eatre utilis\u00e9e par les femmes ou les enfants aussi que par les patients ayant manifest\u00e9 une r\u00e9action d&#8217;hypersensibilit\u00e9 au Sildenafil.<\/p>\n<p>Effets secondaires possibles<\/p>\n<p>Les Effets secondaires possibles possibles sont fatigue excessive, naus\u00e9e ou vomissements, jaunissement des yeux ou de la peau, diminution d&#8217;app\u00e9tit, diarrh\u00e9e, bouff\u00e9es de chaleur, etc.<br \/>\nBeaucoup de personnes utilisant cette m\u00e9dication n&#8217;ont pas d&#8217;Effets secondaires possibles s\u00e9rieux.<br \/>\nVotre m\u00e9decin traitant a prescrit cette m\u00e9dication parce que l&#8217;avantage \u00e0 vous est plus grand que le risque d&#8217;Effets secondaires possibles.<br \/>\nUne r\u00e9action allergique tr\u00e8s s\u00e9rieuse \u00e0 ce m\u00e9dicament va improbable, mais chercher l&#8217;attention m\u00e9dicale imm\u00e9diate s&#8217;il se produit.<br \/>\nContactez votre m\u00e9decin traitant ou pharmacien pour plus de d\u00e9tails.<\/p>\n<p>Interaction des m\u00e9dicaments<\/p>\n<p>Ce m\u00e9dicament ne doit pas \u00eatre utilis\u00e9 avec les nitrates et les m\u00e9dicaments r\u00e9cr\u00e9atifs appel\u00e9s \u2018des pressions\u2019 contenant de l&#8217;amyle ou du butyle nitrite; m\u00e9dications alpha-bloquants; d&#8217;autres m\u00e9dications pour l&#8217;impuissance; m\u00e9decines d&#8217;hypertension, etc.<br \/>\nConsultez votre m\u00e9decin traitant ou pharmacien pour plus de d\u00e9tails.<\/p>\n<p>Omission de dose<\/p>\n<p>Viagra Professional est utilis\u00e9 comme n\u00e9cessaire, donc vous ne serez pas probablement sur un programme de dosage.<\/p>\n<p>Surdosage<\/p>\n<p>Cherchez l&#8217;attention de secours d&#8217;urgence si vous croyez que vous avez utilis\u00e9 trop de cette m\u00e9decine. Les sympt\u00f4mes d&#8217;overdose peuvent inclure : la nervosit\u00e9 suant, extr\u00eame excessive, le battement de coeur rapide\/irr\u00e9gulier, la douleur de poitrine, les saisies.<\/p>\n<p>Conservation<\/p>\n<p>Garder \u00e0 la temp\u00e9rature ambiante entre 15 et 30 degr\u00e9s Celsius (59 et 86 degr\u00e9s Fahrenheit). Entreposer le contenant bien ferm\u00e9 hors de la port\u00e9e des enfants.<br \/>\nNe conservez pas vos medicaments dans la salle de bains.<\/p>\n<p>Disclaimer (avis de non responsabilit\u00e9)<\/p>\n<p> Nous fournissons des renseignements \u00e0 caract\u00e8res uniquement g\u00e9n\u00e9raux sur les m\u00e9dicaments qui n\u2019englobent pas tous les domaines, les polyvalences possibles du m\u00e9dicament, ou les pr\u00e9cautions. Les renseignements sur le site ne peuvent \u00eatre utilis\u00e9s pour un traitement personnel et un diagnostic personnel. Toute instruction sp\u00e9cifique pour un patient particulier devrait \u00eatre consult\u00e9e avec votre conseiller de soins de sant\u00e9 ou votre m\u00e9decin responsable du cas. Nous refusons toute r\u00e9f\u00e9rence au caract\u00e8re ind\u00e9niable de ces renseignements et des erreurs qu&#8217;ils pourraient contenir. Nous ne sommes pas responsables de tout dommage direct ou indirect, sp\u00e9cial ou d\u2019autre dommage \u00e0 la suite de toute utilisation des renseignements sur ce site et \u00e9galement pour les cons\u00e9quences de l\u2019auto-traitement.<\/p>\n","protected":false},"excerpt":{"rendered":"<p>Viagra Professional est un traitement extra-fort. Il commence \u00e0 agir plus rapidement et l&#8217;effet dure plus longtemps qu&#8217;avec le Viagra classique.<\/p>\n","protected":false},"featured_media":1470,"comment_status":"open","ping_status":"closed","template":"","meta":[],"product_brand":[],"product_cat":[120],"product_tag":[],"class_list":{"0":"post-1502","1":"product","2":"type-product","3":"status-publish","4":"has-post-thumbnail","6":"product_cat-dysfonction-erectile-fr","7":"pa_active_substance-sildenafil","9":"first","10":"instock","11":"shipping-taxable","12":"product-type-simple"},"jetpack_sharing_enabled":true,"_links":{"self":[{"href":"https:\/\/pharmacy-content.com\/wp-json\/wp\/v2\/product\/1502","targetHints":{"allow":["GET"]}}],"collection":[{"href":"https:\/\/pharmacy-content.com\/wp-json\/wp\/v2\/product"}],"about":[{"href":"https:\/\/pharmacy-content.com\/wp-json\/wp\/v2\/types\/product"}],"replies":[{"embeddable":true,"href":"https:\/\/pharmacy-content.com\/wp-json\/wp\/v2\/comments?post=1502"}],"wp:featuredmedia":[{"embeddable":true,"href":"https:\/\/pharmacy-content.com\/wp-json\/wp\/v2\/media\/1470"}],"wp:attachment":[{"href":"https:\/\/pharmacy-content.com\/wp-json\/wp\/v2\/media?parent=1502"}],"wp:term":[{"taxonomy":"product_brand","embeddable":true,"href":"https:\/\/pharmacy-content.com\/wp-json\/wp\/v2\/product_brand?post=1502"},{"taxonomy":"product_cat","embeddable":true,"href":"https:\/\/pharmacy-content.com\/wp-json\/wp\/v2\/product_cat?post=1502"},{"taxonomy":"product_tag","embeddable":true,"href":"https:\/\/pharmacy-content.com\/wp-json\/wp\/v2\/product_tag?post=1502"}],"curies":[{"name":"wp","href":"https:\/\/api.w.org\/{rel}","templated":true}]}}