{"id":1518,"date":"2026-04-22T06:42:32","date_gmt":"2026-04-22T06:42:32","guid":{"rendered":""},"modified":"2026-04-22T06:42:51","modified_gmt":"2026-04-22T06:42:51","slug":"viagra-professional-4","status":"publish","type":"product","link":"https:\/\/pharmacy-content.com\/?product=viagra-professional-4&lang=it","title":{"rendered":"Viagra Professional"},"content":{"rendered":"<p>Uso commune<\/p>\n<p>Sildenafil citrato \u00e8 il componente principale di Viagra Professional.<br \/>\nCitrato di Sildenafil influisce sulla risposta alla stimolazione sessuale. Agisce aumentando rilassamento della muscolatura liscia con ossido nitrico, una sostanza chimica che \u00e8 normalmente rilasciato in risposta alla stimolazione sessuale. Questo rilassamento della muscolatura liscia permette un aumento del flusso sanguigno in alcune aree del pene, che porta ad una costruzione.<br \/>\nSildenafil citrato \u00e8 applicato per il trattamento della disfunzione erettile (impotenza) negli uomini e ipertensione arteriosa polmonare.<br \/>\nCitrato di Sildenafil pu\u00f2 essere utilizzato anche per altri scopi non elencate sopra.<\/p>\n<p>Dosaggio e direzioni<\/p>\n<p>Viagra Professional \u00e8 preso circa 15-20 minuti prima dell&#8217;attivit\u00e0 sessuale. Non prenda Viagra pi\u00f9 di una volta al giorno.<br \/>\nUn pasto ricco di grassi possono ritardare il tempo degli effetti di questa droga.<br \/>\nCercate di non mangiare pompelmo o succo di pompelmo bere mentre \u00e8 in trattamento con Sildenafil.<\/p>\n<p>Precauzioni<\/p>\n<p>Prima di iniziare a prendere il citrato di Sildenafil, informi il medico o il farmacista se siete allergici ad esso o se avete altre allergie.<br \/>\npersone di et\u00e0 possono essere pi\u00f9 sensibili agli effetti collaterali del farmaco.<\/p>\n<p>Contraindactions<\/p>\n<p>Viagra Professional \u00e8 controindicato nei pazienti che assumono un altro farmaco per trattare l&#8217;impotenza o l&#8217;utilizzo di un farmaco per il nitrato di dolore toracico o problemi cardiaci.<br \/>\nQuesto medicinale non deve essere assunto da donne e bambini, cos\u00ec come in pazienti con ipersensibilit\u00e0 nota ai componenti della tavoletta.<\/p>\n<p>Possibili effetti collaterali<\/p>\n<p>Gli effetti indesiderati pi\u00f9 comuni sono mal di testa, rossore, bruciore di stomaco, disturbi di stomaco, naso chiuso, sensazione di testa vuota, capogiri o diarrea.<br \/>\nUna grave reazione allergica a questo farmaco \u00e8 molto rara, ma richiedere immediatamente assistenza medica se si verifica.<br \/>\nMolte persone utilizzano questo farmaco non hanno gravi effetti collaterali.<br \/>\nNel caso in cui dovessero manifestarsi effetti collaterali non elencati sopra, contattare il medico o il farmacista.<\/p>\n<p>Interazione farmacologica<\/p>\n<p>Questo farmaco non deve essere usato con i nitrati e droghe ricreative chiamato \u2018poppers\u2019 contenenti nitrito di amile o di butile; farmaci alfa-bloccanti, farmaci per l&#8217;impotenza; medicinali per l&#8217;alta pressione arteriosa, ecc<br \/>\nConsultare il proprio medico o farmacista per ulteriori dettagli.<\/p>\n<p>Dose<\/p>\n<p>Viagra Professional \u00e8 utilizzato come necessario, quindi \u00e8 improbabile che siano su un programma di dosaggio.<\/p>\n<p>Overdose<\/p>\n<p>Se si pensa di aver usato troppo di questo medicinale rivolgersi ad un medico di emergenza subito. I sintomi di sovradosaggio di solito includono dolore al petto, nausea, battito cardiaco irregolare, e sensazione di testa leggera o svenimento.<\/p>\n<p>Storage<\/p>\n<p>Conservare i farmaci a temperatura ambiente tra i 68-77 \u00b0 F (20-25 \u00b0 C) lontano dalla luce e dall&#8217;umidit\u00e0. Non conservare i farmaci in bagno. Conservare tutti i farmaci lontano dalla portata dei bambini e animali domestici.<\/p>\n<p>Disclaimer<\/p>\n<p>Noi forniamo solo informazioni di carattere generale su farmaci che non copre tutte le direzioni, integrazioni farmacologiche, o precauzioni. Informazioni presso il sito non pu\u00f2 essere utilizzato per l&#8217;auto-trattamento e di auto-diagnosi. Eventuali istruzioni specifiche per un particolare paziente deve essere concordato con il proprio consulente sanitario o medico incaricato del caso. Decliniamo l&#8217;affidabilit\u00e0 di queste informazioni e potrebbe contenere errori. Noi non siamo responsabili per qualsiasi danno diretto, indiretto, speciale o altre indiretta, a seguito di qualsiasi uso delle informazioni su questo sito e anche per le conseguenze di auto-trattamento.<\/p>\n","protected":false},"excerpt":{"rendered":"<p>Viagra Professional \u00e8 un farmaco extra forte soggetto a prescrizione medica. Agisce pi\u00f9 rapidamente e i suoi effetti durano pi\u00f9 a lungo rispetto al normale Viagra.<\/p>\n","protected":false},"featured_media":1470,"comment_status":"open","ping_status":"closed","template":"","meta":[],"product_brand":[],"product_cat":[123],"product_tag":[],"class_list":{"0":"post-1518","1":"product","2":"type-product","3":"status-publish","4":"has-post-thumbnail","6":"product_cat-disfunzione-erettile-it","7":"pa_active_substance-sildenafil","9":"first","10":"instock","11":"shipping-taxable","12":"product-type-simple"},"jetpack_sharing_enabled":true,"_links":{"self":[{"href":"https:\/\/pharmacy-content.com\/index.php?rest_route=\/wp\/v2\/product\/1518","targetHints":{"allow":["GET"]}}],"collection":[{"href":"https:\/\/pharmacy-content.com\/index.php?rest_route=\/wp\/v2\/product"}],"about":[{"href":"https:\/\/pharmacy-content.com\/index.php?rest_route=\/wp\/v2\/types\/product"}],"replies":[{"embeddable":true,"href":"https:\/\/pharmacy-content.com\/index.php?rest_route=%2Fwp%2Fv2%2Fcomments&post=1518"}],"wp:featuredmedia":[{"embeddable":true,"href":"https:\/\/pharmacy-content.com\/index.php?rest_route=\/wp\/v2\/media\/1470"}],"wp:attachment":[{"href":"https:\/\/pharmacy-content.com\/index.php?rest_route=%2Fwp%2Fv2%2Fmedia&parent=1518"}],"wp:term":[{"taxonomy":"product_brand","embeddable":true,"href":"https:\/\/pharmacy-content.com\/index.php?rest_route=%2Fwp%2Fv2%2Fproduct_brand&post=1518"},{"taxonomy":"product_cat","embeddable":true,"href":"https:\/\/pharmacy-content.com\/index.php?rest_route=%2Fwp%2Fv2%2Fproduct_cat&post=1518"},{"taxonomy":"product_tag","embeddable":true,"href":"https:\/\/pharmacy-content.com\/index.php?rest_route=%2Fwp%2Fv2%2Fproduct_tag&post=1518"}],"curies":[{"name":"wp","href":"https:\/\/api.w.org\/{rel}","templated":true}]}}