{"id":1639,"date":"2026-04-22T06:42:53","date_gmt":"2026-04-22T06:42:53","guid":{"rendered":""},"modified":"2026-04-22T06:43:04","modified_gmt":"2026-04-22T06:43:04","slug":"cialis-super-active-2","status":"publish","type":"product","link":"https:\/\/pharmacy-content.com\/?product=cialis-super-active-2&lang=de","title":{"rendered":"Cialis Super Active"},"content":{"rendered":"<p>Cialis Super Active \u2013 (Wirkstoff: Tadalafil 20 mg), wie im Standard-Cialis, zeichnet sich durch eine verbesserte Formel in Form eines Gels in einer Kapsel aus. Diese Lutsch-\/Gel-Form erm\u00f6glicht ein sofortiges Eindringen des Medikaments ins Blut und garantiert eine hohe Wirksamkeit gegen Erektionsst\u00f6rungen verschiedener Art. Eine Einnahme von Cialis Super Active wirkt bis zu 36 Stunden. In diesem Zeitraum kann es 8 bis 16 Erektionen ausl\u00f6sen. Die Dauer jedes Geschlechtsverkehrs nach Einnahme dieses Mittels betr\u00e4gt mindestens 40 Minuten. Wichtige Vorteile: Wirkung bereits nach 5\u20136 Minuten, Nutzungsdauer bis zu zwei Tagen, minimale Einschr\u00e4nkungen bei der Anwendung. Cialis Super Active ist wirksam bei Erektionsst\u00f6rungen unterschiedlicher Ursache. Auch gesunde M\u00e4nner k\u00f6nnen dieses Medikament zur Verst\u00e4rkung der Erektion einnehmen.<\/p>\n","protected":false},"excerpt":{"rendered":"<p>Cialis Super Active ist ein generisches Arzneimittel gegen erektile Dysfunktion und enth\u00e4lt 20 mg Tadalafil. Die Tabletten dieser Serie enthalten ein Gel. Diese Darreichungsform erm\u00f6glicht, dass der Wirkstoff Tadalafil sofort ins Blut gelangt und somit eine sofortige Wirkung entfaltet. Die Wirkung der Cialis Super Active-Tabletten setzt bereits nach 5 Minuten ein! Die Wirkung h\u00e4lt bis zu zwei Tage an. Das Arzneimittel gilt als sicher und hat so gut wie keine Kontraindikationen.<\/p>\n","protected":false},"featured_media":1631,"comment_status":"open","ping_status":"closed","template":"","meta":[],"product_brand":[],"product_cat":[117],"product_tag":[],"class_list":{"0":"post-1639","1":"product","2":"type-product","3":"status-publish","4":"has-post-thumbnail","6":"product_cat-erektile-dysfunktion-de","7":"pa_active_substance-tadalafil","9":"first","10":"instock","11":"shipping-taxable","12":"product-type-variable"},"jetpack_sharing_enabled":true,"_links":{"self":[{"href":"https:\/\/pharmacy-content.com\/index.php?rest_route=\/wp\/v2\/product\/1639","targetHints":{"allow":["GET"]}}],"collection":[{"href":"https:\/\/pharmacy-content.com\/index.php?rest_route=\/wp\/v2\/product"}],"about":[{"href":"https:\/\/pharmacy-content.com\/index.php?rest_route=\/wp\/v2\/types\/product"}],"replies":[{"embeddable":true,"href":"https:\/\/pharmacy-content.com\/index.php?rest_route=%2Fwp%2Fv2%2Fcomments&post=1639"}],"wp:featuredmedia":[{"embeddable":true,"href":"https:\/\/pharmacy-content.com\/index.php?rest_route=\/wp\/v2\/media\/1631"}],"wp:attachment":[{"href":"https:\/\/pharmacy-content.com\/index.php?rest_route=%2Fwp%2Fv2%2Fmedia&parent=1639"}],"wp:term":[{"taxonomy":"product_brand","embeddable":true,"href":"https:\/\/pharmacy-content.com\/index.php?rest_route=%2Fwp%2Fv2%2Fproduct_brand&post=1639"},{"taxonomy":"product_cat","embeddable":true,"href":"https:\/\/pharmacy-content.com\/index.php?rest_route=%2Fwp%2Fv2%2Fproduct_cat&post=1639"},{"taxonomy":"product_tag","embeddable":true,"href":"https:\/\/pharmacy-content.com\/index.php?rest_route=%2Fwp%2Fv2%2Fproduct_tag&post=1639"}],"curies":[{"name":"wp","href":"https:\/\/api.w.org\/{rel}","templated":true}]}}