{"id":1785,"date":"2026-04-22T06:43:23","date_gmt":"2026-04-22T06:43:23","guid":{"rendered":""},"modified":"2026-04-22T06:43:31","modified_gmt":"2026-04-22T06:43:31","slug":"sildalist-3","status":"publish","type":"product","link":"https:\/\/pharmacy-content.com\/?product=sildalist-3&lang=fr","title":{"rendered":"Sildalist"},"content":{"rendered":"<p>INDICATION<br \/>\nSildalis est un produit m\u00e9dical unique qui est la perc\u00e9e innovante des meilleurs pharmaciens dans le monde entier. Ce rem\u00e8de est combin\u00e9 pour le traitement de la dysfonction sexuelle chez les hommes. Ce m\u00e9dicament contient les composants actifs les plus connus &#8211; le sild\u00e9nafil et tadalafil. Cette combinaison permet aux utilisateurs d&#8217;obtenir une \u00e9rection puissante et stable et en m\u00eame temps prolonge l&#8217;acte sexuel. Le m\u00e9dicament commence \u00e0 agir en 20 minutes. Le temps de l&#8217;action est \u00e0 36 heures.<\/p>\n<p>INSTRUCTIONS<br \/>\nAvant le d\u00e9but du traitement, vous devez demander \u00e0 votre m\u00e9decin comment prendre ce m\u00e9dicament, la dose qui doit \u00eatre utilis\u00e9, \u00e0 quelle fr\u00e9quence les comprim\u00e9s peuvent \u00eatre pris et quelles sont les recommandations pour augmenter l&#8217;efficacit\u00e9 du traitement. Toutes ces recommandations sont dirig\u00e9s pour fournir la s\u00e9curit\u00e9 maximale du traitement et pour \u00e9viter les effets secondaires.<\/p>\n<p> &#8211; Comprim\u00e9s de Sildalis sont prises directement avant le rapport sexuel avec un peu d&#8217;eau.<\/p>\n<p> &#8211; Le m\u00e9dicament doit \u00eatre pris au moins 30 minutes avant le d\u00e9but de l&#8217;intimit\u00e9 parce que ce temps est suffisant pour la dissolution compl\u00e8te des composants actifs dans l&#8217;estomac et la p\u00e9n\u00e9tration dans le sang.<\/p>\n<p>DOSAGE<br \/>\nLes utilisateurs doivent prendre un comprim\u00e9 de Sildalis au moins 20 minutes avant l&#8217;activit\u00e9 sexuelle.<\/p>\n<p>La dose quotidienne ne doit pas augmenter un comprim\u00e9 contenant 100 mg de sild\u00e9nafil et 20 mg de Tadalafil.<\/p>\n<p>Dose oubli\u00e9e:<br \/>\nCe n\u2019est pas n\u00e9cessaire de prendre Sildalis r\u00e9guli\u00e8rement, donc si vous avez manqu\u00e9 la dose, vous pouvez l&#8217;ignorer simplement.<\/p>\n<p>CONSERVATION<br \/>\nConservez Sildalis dans un endroit sec et sombre \u00e0 la temp\u00e9rature ambiante loin de la port\u00e9e des enfants. V\u00e9rifier n\u00e9cessairement la date d&#8217;expiration sur l&#8217;emballage avant de prendre le m\u00e9dicament.<\/p>\n<p>RENSEIGNEMENTS DE S\u00c9CURIT\u00c9<br \/>\nS&#8217;il vous pla\u00eet suivez les instructions. Si vous essayez Sildalis pour la premi\u00e8re fois, il est n\u00e9cessaire de consulter votre m\u00e9decin. Consultation opportune vous permettra d&#8217;\u00e9viter les effets n\u00e9gatifs possibles et faire votre traitement aussi efficace que possible.<\/p>\n<p>Sildalis peuvent causer des effets ind\u00e9sirables graves s&#8217;il n&#8217;est pas pris correctement. Consultez votre m\u00e9decin pour savoir si vous \u00eates capable de prendre le m\u00e9dicament sans effets ind\u00e9sirables graves. Hypersensibilit\u00e9 aux composants du m\u00e9dicament, une hypotension et d&#8217;autres conditions peut \u00eatre contre-indication \u00e0 l&#8217;utilisation de Sildalis. Sildalis, comme une combinaison de tadalafil et citrate de sild\u00e9nafil, peut interagir avec d&#8217;autres antihypertenseurs. Il n&#8217;est pas recommand\u00e9 de prendre Sildalis avec des m\u00e9dicaments qui abaissent la pression art\u00e9rielle ou des vasodilatateurs.<\/p>\n<p> &#8211; Si l&#8217;homme a une crise cardiaque ou un AVC dans les 3 mois avant le d\u00e9but suppos\u00e9 du traitement, il n&#8217;est pas recommand\u00e9 de prendre le m\u00e9dicament. Il provoque la tension au travail du syst\u00e8me cardio-vasculaire, et un c\u0153ur faible ne peut pas le supporter.<\/p>\n<p> &#8211; Si l&#8217;homme est diagnostiqu\u00e9 l&#8217;allergie au sild\u00e9nafil ou tadalafil, l&#8217;utilisation ult\u00e9rieure de ce m\u00e9dicament est contre-indiqu\u00e9.<\/p>\n<p>LES EFFETS SECONDAIRES<br \/>\nSi un patient a les affections du foie graves (dont la cirrhose du foie), l&#8217;insuffisance r\u00e9nale, les maladies cardiovasculaires, s\u00e9v\u00e8re type de glaucome, les maladies du sang, l&#8217;an\u00e9mie, faible conductivit\u00e9 des joints, il est n\u00e9cessaire de consulter un m\u00e9decin et si n\u00e9cessaire, avoir l&#8217;examen compl\u00e9mentaire.<\/p>\n<p>Dans les cas rares, Sildalis peut \u00eatre une cause d&#8217;effets n\u00e9gatifs: naus\u00e9es, diarrh\u00e9es et vomissements, des \u00e9tourdissements, de la somnolence et des vertiges, bouff\u00e9es de chaleur, des br\u00fblures d&#8217;estomac et baisse des probl\u00e8mes de vision, y compris le flou et l&#8217;hypersensibilit\u00e9 \u00e0 la lumi\u00e8re. Bien que la plupart des patients ne ressentent aucun de ces effets ind\u00e9sirables.<\/p>\n","protected":false},"excerpt":{"rendered":"<p>Sildalis est un m\u00e9dicament combin\u00e9, il est compos\u00e9 de Tadalafil et de citrate de Sild\u00e9nafil (Viagra+Cialis). Ce m\u00e9dicament combin\u00e9 est con\u00e7u dans le traitement de la dysfonction \u00e9rectile.<\/p>\n","protected":false},"featured_media":1773,"comment_status":"open","ping_status":"closed","template":"","meta":[],"product_brand":[],"product_cat":[120],"product_tag":[],"class_list":{"0":"post-1785","1":"product","2":"type-product","3":"status-publish","4":"has-post-thumbnail","6":"product_cat-dysfonction-erectile-fr","7":"pa_active_substance-sildenafil","8":"pa_active_substance-tadalafil","10":"first","11":"instock","12":"shipping-taxable","13":"product-type-variable"},"jetpack_sharing_enabled":true,"_links":{"self":[{"href":"https:\/\/pharmacy-content.com\/index.php?rest_route=\/wp\/v2\/product\/1785","targetHints":{"allow":["GET"]}}],"collection":[{"href":"https:\/\/pharmacy-content.com\/index.php?rest_route=\/wp\/v2\/product"}],"about":[{"href":"https:\/\/pharmacy-content.com\/index.php?rest_route=\/wp\/v2\/types\/product"}],"replies":[{"embeddable":true,"href":"https:\/\/pharmacy-content.com\/index.php?rest_route=%2Fwp%2Fv2%2Fcomments&post=1785"}],"wp:featuredmedia":[{"embeddable":true,"href":"https:\/\/pharmacy-content.com\/index.php?rest_route=\/wp\/v2\/media\/1773"}],"wp:attachment":[{"href":"https:\/\/pharmacy-content.com\/index.php?rest_route=%2Fwp%2Fv2%2Fmedia&parent=1785"}],"wp:term":[{"taxonomy":"product_brand","embeddable":true,"href":"https:\/\/pharmacy-content.com\/index.php?rest_route=%2Fwp%2Fv2%2Fproduct_brand&post=1785"},{"taxonomy":"product_cat","embeddable":true,"href":"https:\/\/pharmacy-content.com\/index.php?rest_route=%2Fwp%2Fv2%2Fproduct_cat&post=1785"},{"taxonomy":"product_tag","embeddable":true,"href":"https:\/\/pharmacy-content.com\/index.php?rest_route=%2Fwp%2Fv2%2Fproduct_tag&post=1785"}],"curies":[{"name":"wp","href":"https:\/\/api.w.org\/{rel}","templated":true}]}}