{"id":1797,"date":"2026-04-22T06:43:25","date_gmt":"2026-04-22T06:43:25","guid":{"rendered":""},"modified":"2026-04-22T06:43:31","modified_gmt":"2026-04-22T06:43:31","slug":"sildalist-5","status":"publish","type":"product","link":"https:\/\/pharmacy-content.com\/?product=sildalist-5&lang=es","title":{"rendered":"Sildalist"},"content":{"rendered":"<p>INDICACIONES<br \/>\nSildalis es un producto m\u00e9dico \u00fanico que es el innovador avance de los mejores farmac\u00e9uticos de todo el mundo. Este remedio es combinado para el tratamiento de la disfunci\u00f3n sexual en los hombres. Este medicamento incluye los componentes activos m\u00e1s conocidos &#8211; Sildenafil y Tadalafil. Esta combinaci\u00f3n permite a los usuarios conseguir una erecci\u00f3n potente y estable y al mismo tiempo, prolonga el acto sexual. El medicamento comienza a actuar en 20 minutos. El tiempo de la acci\u00f3n es hasta 36 horas.<\/p>\n<p>INSTRUCCIONES<br \/>\nAntes del inicio del tratamiento Usted debe preguntar a su m\u00e9dico c\u00f3mo tomar este medicamento, la dosis que Usted debe utilizar, con qual frecuencia Usted puede tomar las pastillas y cu\u00e1les son las recomendaciones para aumentar la eficacia del tratamiento. Todas estas recomendaciones est\u00e1n dirigidas a proporcionar la m\u00e1xima seguridad del tratamiento y evitar los efectos secundarios.<\/p>\n<p> &#8211; Es necesario de tomar las tabletas de Sildalis directamente antes de la relaci\u00f3n sexual con un poco de agua.<\/p>\n<p> &#8211; Usted debe tomar el medicamento un m\u00ednimo de 30 minutos antes del comienzo de la intimidad porque eso tiempo es suficiente para la disoluci\u00f3n completa de los componentes activos en el est\u00f3mago y la penetraci\u00f3n en la sangre.<\/p>\n<p>DOSIS<br \/>\nLos usuarios deben tomar un comprimido de Sildalis al menos 20 minutos antes de la actividad sexual.<\/p>\n<p>La dosis diaria no debe aumentar un comprimido que contiene 100 mg de sildenafil y 20 mg de tadalafil.<\/p>\n<p>Dosis omitida:<br \/>\nSildalis no requiere la ingesta regular, por lo que si Usted ha omitido la dosis, Usted puede ignorarla.<\/p>\n<p>ALMACENAMIENTO<br \/>\nAlmacene Sildalis en un lugar seco y oscuro a temperatura ambiente, lejos del alcance de los ni\u00f1os. Compruebe necesariamente la fecha de caducidad indicada en el envase antes de empezar a tomar el medicamento.<\/p>\n<p>INFORMACI\u00d3N DE SEGURIDAD<br \/>\nPor favor, siga las instrucciones. Si trata Sildalis por primera vez, es necesario de consultar con su m\u00e9dico. Consulta oportuna permitir\u00e1 a evitar los efectos adversos posibles y hacer el tratamiento m\u00e1s eficiente posible.<\/p>\n<p>Sildalis puede causar efectos adversos graves si no es tomado correctamente. Consulte con su m\u00e9dico para averiguar si Usted puede tomar el medicamento sin efectos adversos graves. Hipersensibilidad a los componentes del medicamento, presi\u00f3n arterial baja y otras condiciones pueden ser contraindicaciones para el uso de Sildalis. Sildalis, como una combinaci\u00f3n de tadalafil y citrato de sildenafil, puede interactuar con otros agentes antihipertensivos. No es recomendado de tomar Sildalis junto con medicamentos que disminuyen la presi\u00f3n arterial o vasodilatadores.<\/p>\n<p>&#8211; Si el hombre tiene un ataque al coraz\u00f3n o un derrame cerebral en los 3 meses antes del inicio del tratamiento, no es recomendado de tomar el medicamento. Esto causa la tensi\u00f3n en la labor del sistema cardiovascular, y el coraz\u00f3n d\u00e9bil no puede soportarlo.<\/p>\n<p>&#8211; Si el hombre es diagnosticado con la alergia a sildenafil o tadalafil, el uso adicional de la medicaci\u00f3n es contraindicado.<\/p>\n","protected":false},"excerpt":{"rendered":"<p>Sildalis es un medicamento combinado, compuesto por tadalafilo y citrato de sildenafilo (Viagra+Cialis). Este medicamento combinado est\u00e1 dise\u00f1ado para el tratamiento de la disfunci\u00f3n sexual en los hombres.<\/p>\n","protected":false},"featured_media":1773,"comment_status":"open","ping_status":"closed","template":"","meta":[],"product_brand":[],"product_cat":[126],"product_tag":[],"class_list":{"0":"post-1797","1":"product","2":"type-product","3":"status-publish","4":"has-post-thumbnail","6":"product_cat-disfuncion-erectil-es","7":"pa_active_substance-sildenafil","8":"pa_active_substance-tadalafil","10":"first","11":"instock","12":"shipping-taxable","13":"product-type-variable"},"jetpack_sharing_enabled":true,"_links":{"self":[{"href":"https:\/\/pharmacy-content.com\/index.php?rest_route=\/wp\/v2\/product\/1797","targetHints":{"allow":["GET"]}}],"collection":[{"href":"https:\/\/pharmacy-content.com\/index.php?rest_route=\/wp\/v2\/product"}],"about":[{"href":"https:\/\/pharmacy-content.com\/index.php?rest_route=\/wp\/v2\/types\/product"}],"replies":[{"embeddable":true,"href":"https:\/\/pharmacy-content.com\/index.php?rest_route=%2Fwp%2Fv2%2Fcomments&post=1797"}],"wp:featuredmedia":[{"embeddable":true,"href":"https:\/\/pharmacy-content.com\/index.php?rest_route=\/wp\/v2\/media\/1773"}],"wp:attachment":[{"href":"https:\/\/pharmacy-content.com\/index.php?rest_route=%2Fwp%2Fv2%2Fmedia&parent=1797"}],"wp:term":[{"taxonomy":"product_brand","embeddable":true,"href":"https:\/\/pharmacy-content.com\/index.php?rest_route=%2Fwp%2Fv2%2Fproduct_brand&post=1797"},{"taxonomy":"product_cat","embeddable":true,"href":"https:\/\/pharmacy-content.com\/index.php?rest_route=%2Fwp%2Fv2%2Fproduct_cat&post=1797"},{"taxonomy":"product_tag","embeddable":true,"href":"https:\/\/pharmacy-content.com\/index.php?rest_route=%2Fwp%2Fv2%2Fproduct_tag&post=1797"}],"curies":[{"name":"wp","href":"https:\/\/api.w.org\/{rel}","templated":true}]}}