{"id":1809,"date":"2026-04-22T06:43:27","date_gmt":"2026-04-22T06:43:27","guid":{"rendered":""},"modified":"2026-04-22T06:43:32","modified_gmt":"2026-04-22T06:43:32","slug":"sildalist-7","status":"publish","type":"product","link":"https:\/\/pharmacy-content.com\/?product=sildalist-7&lang=pt","title":{"rendered":"Sildalist"},"content":{"rendered":"<p>Uso comum<\/p>\n<p>Sildalist \u00e9 um medicamento combinado que consiste em Tadalafil e citrato de sildenafil. Esta combina\u00e7\u00e3o permite aos usu\u00e1rios alcan\u00e7ar uma ere\u00e7\u00e3o poderosa e est\u00e1vel e ao mesmo tempo prolongar o ato sexual, o que faz do Sildalist a solu\u00e7\u00e3o completa n\u00famero um para um prazer sexual incr\u00edvel.<\/p>\n<p>Dosagem e dire\u00e7\u00e3o<\/p>\n<p>Os usu\u00e1rios devem tomar apenas um comprimido de Sildalist pelo menos 20 minutos antes da atividade sexual, mas \u00e9 recomendado dar ao comprimido uma hora para se dissolver e come\u00e7ar a fazer efeito. A dose habitual de Sildalist consiste em 100 mg de Sildenafil e 20 mg de Tadalafil.<\/p>\n<p>Precau\u00e7\u00f5es<\/p>\n<p>O Sildalist original parece comprimidos revestidos por pel\u00edcula vermelha de formato retangular. Para aproveitar ao m\u00e1ximo sua terapia, siga as instru\u00e7\u00f5es inclu\u00eddas na embalagem. Se voc\u00ea experimentar o Sildalist pela primeira vez, \u00e9 necess\u00e1rio consultar o seu m\u00e9dico. Uma consulta completa e oportuna permitir\u00e1 que voc\u00ea evite poss\u00edveis efeitos adversos e torne seu tratamento o mais eficiente poss\u00edvel.<\/p>\n<p>Contra-indica\u00e7\u00f5es<\/p>\n<p>O Sildalist pode causar efeitos adversos graves se n\u00e3o for tomado corretamente. Antes de tudo, consulte o seu m\u00e9dico para saber se voc\u00ea consegue tomar o medicamento sem efeitos adversos graves. Hipersensibilidade aos componentes do medicamento, press\u00e3o arterial baixa e outras condi\u00e7\u00f5es podem ser contraindica\u00e7\u00f5es para o uso do Sildalist.<\/p>\n<p>Poss\u00edvel efeito colateral<\/p>\n<p>Em casos raros, o Sildalist pode ser causa de efeitos negativos. Manifestam-se como n\u00e1useas, diarreia e v\u00f3mitos, tonturas, sonol\u00eancia e vertigens, rubor, azia e queda da press\u00e3o arterial ou problemas de vis\u00e3o, incluindo emba\u00e7amento e hipersensibilidade \u00e0 luz. Por\u00e9m, a maioria dos pacientes nunca apresenta nenhum desses efeitos adversos.<\/p>\n<p>Intera\u00e7\u00e3o medicamentosa<\/p>\n<p>Sildalist, como uma combina\u00e7\u00e3o de Tadalafil e citrato de sildenafil, pode interagir com outros agentes anti-hipertensivos. N\u00e3o \u00e9 recomendado tomar Sildalist junto com medicamentos que baixam a press\u00e3o arterial ou vasodilatadores. Para recomenda\u00e7\u00f5es mais detalhadas, leia o folheto inclu\u00eddo ou consulte o seu m\u00e9dico.<\/p>\n<p>Dose esquecida<\/p>\n<p>O Sildalist n\u00e3o requer ingest\u00e3o regular, por isso, se voc\u00ea esqueceu a dose, pode simplesmente ignor\u00e1-la. No entanto, voc\u00ea deve se lembrar que pelo menos 20 minutos devem se passar ap\u00f3s a ingest\u00e3o do medicamento.<\/p>\n<p>Sobredosagem<\/p>\n<p>Se voc\u00ea tiver uma overdose de Sildalist, entre em contato com seu m\u00e9dico para aconselhamento. Se voc\u00ea sentir algum dos efeitos adversos do medicamento de forma moderada ou grave, procure imediatamente ajuda m\u00e9dica.<\/p>\n<p>Armazenamento<\/p>\n<p>Conserve o Sildalist em local escuro e seco, em temperatura ambiente, longe do alcance das crian\u00e7as. Verifique necessariamente o prazo de validade na embalagem antes de come\u00e7ar a tomar o medicamento.<\/p>\n<p>Isen\u00e7\u00e3o de responsabilidade<\/p>\n<p>Fornecemos apenas informa\u00e7\u00f5es gerais sobre medicamentos que n\u00e3o cobrem todas as instru\u00e7\u00f5es, poss\u00edveis integra\u00e7\u00f5es de medicamentos ou precau\u00e7\u00f5es. As informa\u00e7\u00f5es do site n\u00e3o podem ser utilizadas para autotratamento e autodiagn\u00f3stico. Quaisquer instru\u00e7\u00f5es espec\u00edficas para um determinado paciente devem ser acordadas com o seu conselheiro de sa\u00fade ou m\u00e9dico respons\u00e1vel pelo caso. N\u00f3s nos isentamos da confiabilidade dessas informa\u00e7\u00f5es e dos erros que elas possam conter. N\u00e3o nos responsabilizamos por quaisquer danos diretos, indiretos, especiais ou outros danos indiretos resultantes de qualquer uso das informa\u00e7\u00f5es deste site e tamb\u00e9m pelas consequ\u00eancias do autotratamento.<\/p>\n","protected":false},"excerpt":{"rendered":"<p>Sildalist Generic permite aos usu\u00e1rios alcan\u00e7ar uma ere\u00e7\u00e3o poderosa e est\u00e1vel e ao mesmo tempo prolonga o ato sexual.<\/p>\n","protected":false},"featured_media":1773,"comment_status":"open","ping_status":"closed","template":"","meta":[],"product_brand":[],"product_cat":[132],"product_tag":[],"class_list":{"0":"post-1809","1":"product","2":"type-product","3":"status-publish","4":"has-post-thumbnail","6":"product_cat-disfuncao-eretil-pt","7":"pa_active_substance-sildenafil","8":"pa_active_substance-tadalafil","10":"first","11":"instock","12":"shipping-taxable","13":"product-type-variable"},"jetpack_sharing_enabled":true,"_links":{"self":[{"href":"https:\/\/pharmacy-content.com\/index.php?rest_route=\/wp\/v2\/product\/1809","targetHints":{"allow":["GET"]}}],"collection":[{"href":"https:\/\/pharmacy-content.com\/index.php?rest_route=\/wp\/v2\/product"}],"about":[{"href":"https:\/\/pharmacy-content.com\/index.php?rest_route=\/wp\/v2\/types\/product"}],"replies":[{"embeddable":true,"href":"https:\/\/pharmacy-content.com\/index.php?rest_route=%2Fwp%2Fv2%2Fcomments&post=1809"}],"wp:featuredmedia":[{"embeddable":true,"href":"https:\/\/pharmacy-content.com\/index.php?rest_route=\/wp\/v2\/media\/1773"}],"wp:attachment":[{"href":"https:\/\/pharmacy-content.com\/index.php?rest_route=%2Fwp%2Fv2%2Fmedia&parent=1809"}],"wp:term":[{"taxonomy":"product_brand","embeddable":true,"href":"https:\/\/pharmacy-content.com\/index.php?rest_route=%2Fwp%2Fv2%2Fproduct_brand&post=1809"},{"taxonomy":"product_cat","embeddable":true,"href":"https:\/\/pharmacy-content.com\/index.php?rest_route=%2Fwp%2Fv2%2Fproduct_cat&post=1809"},{"taxonomy":"product_tag","embeddable":true,"href":"https:\/\/pharmacy-content.com\/index.php?rest_route=%2Fwp%2Fv2%2Fproduct_tag&post=1809"}],"curies":[{"name":"wp","href":"https:\/\/api.w.org\/{rel}","templated":true}]}}