{"id":1827,"date":"2026-04-22T06:43:30","date_gmt":"2026-04-22T06:43:30","guid":{"rendered":""},"modified":"2026-04-22T06:43:32","modified_gmt":"2026-04-22T06:43:32","slug":"sildalist-10","status":"publish","type":"product","link":"https:\/\/pharmacy-content.com\/?product=sildalist-10&lang=cs","title":{"rendered":"Sildalist"},"content":{"rendered":"<p>B\u011b\u017en\u00e9 pou\u017eit\u00ed<\/p>\n<p>Sildalist je kombinovan\u00fd l\u00e9k, kter\u00fd se skl\u00e1d\u00e1 jak z tadalafilu, tak z citr\u00e1tu sildenafilu. Tato kombinace umo\u017e\u0148uje u\u017eivatel\u016fm dos\u00e1hnout siln\u00e9 a stabiln\u00ed erekce a z\u00e1rove\u0148 prodlu\u017euje sexu\u00e1ln\u00ed akt, d\u00edky \u010demu\u017e je Sildalist kompletn\u00edm \u0159e\u0161en\u00edm \u010d\u00edslo jedna pro neuv\u011b\u0159iteln\u00e9 sexu\u00e1ln\u00ed pot\u011b\u0161en\u00ed.<\/p>\n<p>D\u00e1vkov\u00e1n\u00ed a sm\u011br<\/p>\n<p>U\u017eivatel\u00e9 by se m\u011bli \u0159\u00eddit jen jednu tabletu Sildalistu alespo\u0148 20 minut p\u0159ed sexu\u00e1ln\u00ed aktivitou, ale doporu\u010duje se nechat tabletu hodinu, aby se rozpustila a za\u010dala p\u016fsobit. Obvykl\u00e1 d\u00e1vka Sildalistu se skl\u00e1d\u00e1 ze 100 mg Sildenafilu a 20 mg Tadalafilu.<\/p>\n<p>Bezpe\u010dnostn\u00ed opat\u0159en\u00ed<\/p>\n<p>Origin\u00e1ln\u00ed Sildalist vypad\u00e1 jako \u010derven\u00e9 potahovan\u00e9 tablety obd\u00e9ln\u00edkov\u00e9ho tvaru. Abyste ze sv\u00e9 terapie vyt\u011b\u017eili maximum, postupujte podle pokyn\u016f p\u0159ilo\u017een\u00fdch v balen\u00ed. Pokud zkou\u0161\u00edte Sildalist poprv\u00e9, je nutn\u00e9 se poradit se sv\u00fdm l\u00e9ka\u0159em. D\u016fkladn\u00e1 v\u010dasn\u00e1 konzultace v\u00e1m umo\u017en\u00ed vyhnout se mo\u017en\u00fdm ne\u017e\u00e1douc\u00edm \u00fa\u010dink\u016fm a u\u010din\u00ed va\u0161i l\u00e9\u010dbu tak \u00fa\u010dinnou, jak jen m\u016f\u017ee b\u00fdt.<\/p>\n<p>Kontraindikace<\/p>\n<p>Sildalist m\u016f\u017ee zp\u016fsobit v\u00e1\u017en\u00e9 ne\u017e\u00e1douc\u00ed \u00fa\u010dinky, pokud nen\u00ed u\u017e\u00edv\u00e1n spr\u00e1vn\u011b. Nejprve se pora\u010fte se sv\u00fdm l\u00e9ka\u0159em, abyste zjistili, zda jste schopni l\u00e9k u\u017e\u00edvat bez z\u00e1va\u017en\u00fdch ne\u017e\u00e1douc\u00edch \u00fa\u010dink\u016f. P\u0159ecitliv\u011blost na slo\u017eky l\u00e9ku, n\u00edzk\u00fd krevn\u00ed tlak a dal\u0161\u00ed stavy mohou b\u00fdt kontraindikac\u00ed pro pou\u017eit\u00ed Sildalistu.<\/p>\n<p>Mo\u017en\u00fd vedlej\u0161\u00ed \u00fa\u010dinek<\/p>\n<p>Ve vz\u00e1cn\u00fdch p\u0159\u00edpadech m\u016f\u017ee b\u00fdt Sildalist p\u0159\u00ed\u010dinou negativn\u00edch \u00fa\u010dink\u016f. Projevuj\u00ed se jako nevolnost, pr\u016fjem a zvracen\u00ed, z\u00e1vrat\u011b, ospalost a vertigo, n\u00e1valy horka, p\u00e1len\u00ed \u017e\u00e1hy a pokles krevn\u00edho tlaku nebo probl\u00e9my se zrakem, v\u010detn\u011b rozmazanosti a p\u0159ecitliv\u011blosti na sv\u011btlo. V\u011bt\u0161ina pacient\u016f v\u0161ak nikdy nezaznamen\u00e1 \u017e\u00e1dn\u00e9 z t\u011bchto ne\u017e\u00e1douc\u00edch \u00fa\u010dink\u016f.<\/p>\n<p>L\u00e9kov\u00e9 interakce<\/p>\n<p>Sildalist jako kombinace tadalafilu a sildenafil citr\u00e1tu m\u016f\u017ee interagovat s jin\u00fdmi antihypertenzivy. Nedoporu\u010duje se u\u017e\u00edvat Sildalist spole\u010dn\u011b s l\u00e9ky sni\u017euj\u00edc\u00edmi krevn\u00ed tlak nebo vazodilatancii. Pro podrobn\u011bj\u0161\u00ed doporu\u010den\u00ed si pros\u00edm p\u0159e\u010dt\u011bte p\u0159ilo\u017eenou p\u0159\u00edbalovou informaci nebo se pora\u010fte se sv\u00fdm l\u00e9ka\u0159em.<\/p>\n<p>Vynechan\u00e1 d\u00e1vka<\/p>\n<p>Sildalist nevy\u017eaduje pravideln\u00e9 u\u017e\u00edv\u00e1n\u00ed, tak\u017ee pokud jste d\u00e1vku vynechali, m\u016f\u017eete ji prost\u011b ignorovat. M\u011bli byste si v\u0161ak pamatovat, \u017ee po u\u017eit\u00ed l\u00e9ku mus\u00ed uplynout alespo\u0148 20 minut.<\/p>\n<p>P\u0159ed\u00e1vkov\u00e1n\u00ed<\/p>\n<p>Pokud jste p\u0159ed\u00e1vkovali Sildalist, m\u011bli byste se poradit se sv\u00fdm l\u00e9ka\u0159em. Pokud zaznamen\u00e1te n\u011bkter\u00fd z nep\u0159\u00edzniv\u00fdch \u00fa\u010dink\u016f l\u00e9ku ve st\u0159edn\u011b t\u011b\u017ek\u00e9 nebo t\u011b\u017ek\u00e9 form\u011b, okam\u017eit\u011b vyhledejte l\u00e9ka\u0159skou pomoc.<\/p>\n<p>Skladov\u00e1n\u00ed<\/p>\n<p>Skladujte Sildalist na tmav\u00e9m such\u00e9m m\u00edst\u011b p\u0159i pokojov\u00e9 teplot\u011b mimo dosah d\u011bt\u00ed. Ne\u017e za\u010dnete l\u00e9k u\u017e\u00edvat, nezbytn\u011b zkontrolujte datum exspirace na obalu.<\/p>\n<p>Z\u0159eknut\u00ed se odpov\u011bdnosti<\/p>\n<p>Poskytujeme pouze obecn\u00e9 informace o l\u00e9c\u00edch, kter\u00e9 nepokr\u00fdvaj\u00ed v\u0161echny pokyny, mo\u017en\u00e9 integrace l\u00e9k\u016f nebo preventivn\u00ed opat\u0159en\u00ed. Informace na m\u00edst\u011b nelze pou\u017e\u00edt pro samol\u00e9\u010dbu a autodiagnostiku. Jak\u00e9koli specifick\u00e9 pokyny pro konkr\u00e9tn\u00edho pacienta by m\u011bly b\u00fdt dohodnuty se sv\u00fdm zdravotn\u00edm poradcem nebo l\u00e9ka\u0159em, kter\u00fd m\u00e1 na starosti dan\u00fd p\u0159\u00edpad. Odm\u00edt\u00e1me spolehlivost t\u011bchto informac\u00ed a chyby, kter\u00e9 by mohly obsahovat. Nejsme zodpov\u011bdn\u00ed za \u017e\u00e1dn\u00e9 p\u0159\u00edm\u00e9, nep\u0159\u00edm\u00e9, zvl\u00e1\u0161tn\u00ed nebo jin\u00e9 nep\u0159\u00edm\u00e9 \u0161kody v d\u016fsledku jak\u00e9hokoli pou\u017eit\u00ed informac\u00ed na t\u011bchto str\u00e1nk\u00e1ch a tak\u00e9 za n\u00e1sledky samol\u00e9\u010dby.<\/p>\n","protected":false},"excerpt":{"rendered":"<p>Sildalist Generic umo\u017e\u0148uje u\u017eivatel\u016fm dos\u00e1hnout siln\u00e9 a stabiln\u00ed erekce a z\u00e1rove\u0148 prodlu\u017euje sexu\u00e1ln\u00ed akt.<\/p>\n","protected":false},"featured_media":1773,"comment_status":"open","ping_status":"closed","template":"","meta":[],"product_brand":[],"product_cat":[141],"product_tag":[],"class_list":{"0":"post-1827","1":"product","2":"type-product","3":"status-publish","4":"has-post-thumbnail","6":"product_cat-erektilni-dysfunkce-cs","7":"pa_active_substance-sildenafil","8":"pa_active_substance-tadalafil","10":"first","11":"instock","12":"shipping-taxable","13":"product-type-variable"},"jetpack_sharing_enabled":true,"_links":{"self":[{"href":"https:\/\/pharmacy-content.com\/index.php?rest_route=\/wp\/v2\/product\/1827","targetHints":{"allow":["GET"]}}],"collection":[{"href":"https:\/\/pharmacy-content.com\/index.php?rest_route=\/wp\/v2\/product"}],"about":[{"href":"https:\/\/pharmacy-content.com\/index.php?rest_route=\/wp\/v2\/types\/product"}],"replies":[{"embeddable":true,"href":"https:\/\/pharmacy-content.com\/index.php?rest_route=%2Fwp%2Fv2%2Fcomments&post=1827"}],"wp:featuredmedia":[{"embeddable":true,"href":"https:\/\/pharmacy-content.com\/index.php?rest_route=\/wp\/v2\/media\/1773"}],"wp:attachment":[{"href":"https:\/\/pharmacy-content.com\/index.php?rest_route=%2Fwp%2Fv2%2Fmedia&parent=1827"}],"wp:term":[{"taxonomy":"product_brand","embeddable":true,"href":"https:\/\/pharmacy-content.com\/index.php?rest_route=%2Fwp%2Fv2%2Fproduct_brand&post=1827"},{"taxonomy":"product_cat","embeddable":true,"href":"https:\/\/pharmacy-content.com\/index.php?rest_route=%2Fwp%2Fv2%2Fproduct_cat&post=1827"},{"taxonomy":"product_tag","embeddable":true,"href":"https:\/\/pharmacy-content.com\/index.php?rest_route=%2Fwp%2Fv2%2Fproduct_tag&post=1827"}],"curies":[{"name":"wp","href":"https:\/\/api.w.org\/{rel}","templated":true}]}}