{"id":1933,"date":"2026-04-22T06:43:53","date_gmt":"2026-04-22T06:43:53","guid":{"rendered":""},"modified":"2026-04-22T06:44:01","modified_gmt":"2026-04-22T06:44:01","slug":"tadapox-4","status":"publish","type":"product","link":"https:\/\/pharmacy-content.com\/?product=tadapox-4&lang=it","title":{"rendered":"Tadapox"},"content":{"rendered":"<p>Uso comune<\/p>\n<p>Tadapox \u00e8 un medicinale combinato progettato per il trattamento della disfunzione erettile e dell&#8217;eiaculazione precoce. Si compone di due componenti principali: Tadalafil e Dapoxetina. Il tadalafil \u00e8 famoso grazie al farmaco di marca Cialis, mentre la dapoxetina \u00e8 una parola nuova in medicina. L&#8217;effetto combinato di queste sostanze va oltre le aspettative: mentre il Tadalafil garantisce un&#8217;erezione potente e stabile, la Dapoxetina previene l&#8217;eiaculazione precoce e prolunga l&#8217;effetto del farmaco, rendendo Tadapox efficace per 36 ore dopo l&#8217;assunzione.<\/p>\n<p>Dosaggio e direzioni<\/p>\n<p>Solo i pazienti con disfunzione erettile o impotenza dovrebbero assumere Tadapox. Per le persone sane non \u00e8 necessario assumere il farmaco, perch\u00e9 non li aiuter\u00e0 in caso di problemi psichici di erezione. Non si deve assumere Tadapox insieme a cibi grassi o alcol, poich\u00e9 ci\u00f2 pu\u00f2 ridurre l&#8217;efficacia del farmaco. Il dosaggio abituale di Tadapox \u00e8 di una compressa al giorno, un&#8217;ora prima dell&#8217;attivit\u00e0 sessuale.<\/p>\n<p>Precauzioni<\/p>\n<p>Leggere e seguire attentamente le istruzioni incluse nella confezione. Tieni presente che Tadapox non pu\u00f2 trattare alcuna malattia a trasmissione sessuale, compreso l&#8217;HIV. \u00c8 anche importante condividere la tua cartella clinica durante l&#8217;assunzione di Tadapox con il tuo medico. Il controllo medico regolare rende il trattamento con Tadapox particolarmente sicuro ed efficace.<\/p>\n<p>Controindicazioni<\/p>\n<p>Le persone con una storia di malattie cardiovascolari o epatiche dovrebbero avere una consultazione approfondita con il medico prima di poter assumere Tadapox. Anche l&#8217;ipersensibilit\u00e0 a uno qualsiasi dei componenti del farmaco \u00e8 una controindicazione.<\/p>\n<p>Possibili effetti collaterali<\/p>\n<p>Gli effetti avversi pi\u00f9 comuni di Tadapox includono nausea, vomito, vampate, arrossamento della testa, dolore corporeo e vertigini. I pazienti sono anche esposti al rischio di problemi cardiaci e di ulcera allo stomaco. Gli effetti avversi pi\u00f9 gravi del farmaco si manifestano in caso di lettura errata o ignoranza delle precauzioni e delle istruzioni, nonch\u00e9 nel caso in cui si eviti di consultare un medico o anche in caso di sovradosaggio. In questo caso, i pazienti possono affrontare gravi malattie cardiache, epatotossicit\u00e0, diarrea, disturbi dell&#8217;udito e altri sintomi pericolosi. Se si verifica uno di questi durante l&#8217;assunzione di Tadapox, \u00e8 necessario contattare immediatamente il medico per assistenza medica.<\/p>\n<p>Interazione farmacologica<\/p>\n<p>L&#8217;elenco dei farmaci di contrasto per Tadapox include prima di tutto i farmaci a base di nitrati. Non esistono circostanze in cui il paziente possa assumere Tadapox insieme a tali farmaci. \u00c8 inoltre vietato assumere Tadapox insieme a farmaci antipertensivi, poich\u00e9 potrebbe causare grave ipotensione.<\/p>\n<p>Dose dimenticata<\/p>\n<p>Anche se hai dimenticato la dose giornaliera di Tadapox, non dovresti assumere pi\u00f9 di una compressa di esso ogni giorno. Ignora semplicemente la dose dimenticata e continua a prendere i farmaci come prescritto.<\/p>\n<p>Sovradosaggio<\/p>\n<p>Se hai preso pi\u00f9 di una compressa di Tadapox durante un giorno, potresti avvertire mal di testa, nausea, dolore al petto e vampate. In caso di tali sintomi, contattare immediatamente il proprio medico specialista.<\/p>\n<p>Conservazione<\/p>\n<p>Tenere lontano dalla portata dei bambini. Conservare il farmaco in un luogo buio e asciutto a temperatura ambiente.<\/p>\n<p>Disclaimer<\/p>\n<p>Forniamo solo informazioni generali sui farmaci che non coprono tutte le indicazioni, possibili integrazioni di farmaci o precauzioni. Le informazioni presenti sul sito non possono essere utilizzate per l&#8217;autotrattamento e l&#8217;autodiagnosi. Eventuali istruzioni specifiche per un particolare paziente devono essere concordate con il proprio consulente sanitario o medico responsabile del caso. Decliniamo l&#8217;affidabilit\u00e0 di queste informazioni e gli errori che potrebbero contenere. Non siamo responsabili per eventuali danni diretti, indiretti, speciali o altri danni indiretti derivanti dall&#8217;uso delle informazioni contenute in questo sito e anche per le conseguenze dell&#8217;autotrattamento.<\/p>\n","protected":false},"excerpt":{"rendered":"<p>Tadapox \u00e8 una nuova compressa ad azione combinata che contiene due dei pi\u00f9 potenti principi con comprovata efficacia nel combattere le cause principali della disfunzione erettile.<\/p>\n","protected":false},"featured_media":1915,"comment_status":"open","ping_status":"closed","template":"","meta":[],"product_brand":[],"product_cat":[123],"product_tag":[],"class_list":{"0":"post-1933","1":"product","2":"type-product","3":"status-publish","4":"has-post-thumbnail","6":"product_cat-disfunzione-erettile-it","7":"pa_active_substance-dapoxetine","8":"pa_active_substance-tadalafil","10":"first","11":"instock","12":"shipping-taxable","13":"product-type-variable"},"jetpack_sharing_enabled":true,"_links":{"self":[{"href":"https:\/\/pharmacy-content.com\/index.php?rest_route=\/wp\/v2\/product\/1933","targetHints":{"allow":["GET"]}}],"collection":[{"href":"https:\/\/pharmacy-content.com\/index.php?rest_route=\/wp\/v2\/product"}],"about":[{"href":"https:\/\/pharmacy-content.com\/index.php?rest_route=\/wp\/v2\/types\/product"}],"replies":[{"embeddable":true,"href":"https:\/\/pharmacy-content.com\/index.php?rest_route=%2Fwp%2Fv2%2Fcomments&post=1933"}],"wp:featuredmedia":[{"embeddable":true,"href":"https:\/\/pharmacy-content.com\/index.php?rest_route=\/wp\/v2\/media\/1915"}],"wp:attachment":[{"href":"https:\/\/pharmacy-content.com\/index.php?rest_route=%2Fwp%2Fv2%2Fmedia&parent=1933"}],"wp:term":[{"taxonomy":"product_brand","embeddable":true,"href":"https:\/\/pharmacy-content.com\/index.php?rest_route=%2Fwp%2Fv2%2Fproduct_brand&post=1933"},{"taxonomy":"product_cat","embeddable":true,"href":"https:\/\/pharmacy-content.com\/index.php?rest_route=%2Fwp%2Fv2%2Fproduct_cat&post=1933"},{"taxonomy":"product_tag","embeddable":true,"href":"https:\/\/pharmacy-content.com\/index.php?rest_route=%2Fwp%2Fv2%2Fproduct_tag&post=1933"}],"curies":[{"name":"wp","href":"https:\/\/api.w.org\/{rel}","templated":true}]}}