{"id":1951,"date":"2026-04-22T06:43:56","date_gmt":"2026-04-22T06:43:56","guid":{"rendered":""},"modified":"2026-04-22T06:44:01","modified_gmt":"2026-04-22T06:44:01","slug":"tadapox-7","status":"publish","type":"product","link":"https:\/\/pharmacy-content.com\/?product=tadapox-7&lang=pt","title":{"rendered":"Tadapox"},"content":{"rendered":"<p>Uso comum<\/p>\n<p>Tadapox \u00e9 um medicamento combinado desenvolvido para o tratamento da disfun\u00e7\u00e3o er\u00e9til e da ejacula\u00e7\u00e3o precoce. Consiste em dois componentes principais: Tadalafil e Dapoxetina. Tadalafil \u00e9 famoso gra\u00e7as ao medicamento da marca Cialis, enquanto Dapoxetina \u00e9 uma palavra nova na medicina. O efeito combinat\u00f3rio dessas subst\u00e2ncias vai al\u00e9m das expectativas: enquanto o Tadalafil proporciona uma ere\u00e7\u00e3o poderosa e est\u00e1vel, a Dapoxetina previne a ejacula\u00e7\u00e3o precoce e prolonga o efeito do medicamento, tornando o Tadapox eficaz durante 36 horas ap\u00f3s a ingest\u00e3o.<\/p>\n<p>Posologia e dire\u00e7\u00e3o<\/p>\n<p>Apenas pacientes com disfun\u00e7\u00e3o er\u00e9til ou impot\u00eancia devem tomar Tadapox. Para pessoas saud\u00e1veis, n\u00e3o h\u00e1 necessidade de tomar o medicamento, pois n\u00e3o os ajudar\u00e1 caso tenham problemas de ere\u00e7\u00e3o de base ps\u00edquica. N\u00e3o se deve tomar Tadapox junto com alimentos gordurosos ou \u00e1lcool, pois pode reduzir a efic\u00e1cia do medicamento. A dosagem habitual de Tadapox \u00e9 de um comprimido por dia, uma hora antes da atividade sexual.<\/p>\n<p>Precau\u00e7\u00f5es<\/p>\n<p>Leia atentamente e siga as instru\u00e7\u00f5es inclu\u00eddas na embalagem. Observe que o Tadapox n\u00e3o pode tratar nenhuma doen\u00e7a sexualmente transmiss\u00edvel, incluindo o HIV. Tamb\u00e9m \u00e9 importante compartilhar com seu m\u00e9dico seu hist\u00f3rico m\u00e9dico durante a administra\u00e7\u00e3o de Tadapox. O controle m\u00e9dico regular torna o seu tratamento com Tadapox especialmente seguro e eficaz.<\/p>\n<p>Contra-indica\u00e7\u00f5es<\/p>\n<p>Pessoas com hist\u00f3rico de doen\u00e7as cardiovasculares ou hep\u00e1ticas devem ter uma consulta completa com o m\u00e9dico antes de serem autorizadas a tomar Tadapox. A hipersensibilidade a qualquer um dos componentes do medicamento tamb\u00e9m \u00e9 uma contraindica\u00e7\u00e3o.<\/p>\n<p>Poss\u00edveis efeitos colaterais<\/p>\n<p>Os efeitos adversos mais comuns do Tadapox incluem n\u00e1useas, v\u00f4mitos, rubores, vermelhid\u00e3o na cabe\u00e7a, dores no corpo e tonturas. Os pacientes tamb\u00e9m est\u00e3o expostos ao risco de problemas card\u00edacos e \u00falceras estomacais. Os efeitos adversos mais graves do medicamento se manifestam em caso de leitura incorreta ou desrespeito \u00e0s precau\u00e7\u00f5es e instru\u00e7\u00f5es, evitando a consulta m\u00e9dica, ou tamb\u00e9m em caso de overdose. Nesse caso, os pacientes podem enfrentar doen\u00e7as card\u00edacas graves, hepatotoxicidade, diarreia, defici\u00eancia auditiva e outros sintomas perigosos. Se voc\u00ea tiver algum desses sintomas enquanto estiver tomando Tadapox, entre em contato imediatamente com seu m\u00e9dico para obter ajuda m\u00e9dica.<\/p>\n<p>Intera\u00e7\u00e3o medicamentosa<\/p>\n<p>A lista de medicamentos de contra-ataque para Tadapox inclui antes de tudo medicamentos \u00e0 base de nitrato. N\u00e3o h\u00e1 circunst\u00e2ncias em que o paciente possa tomar Tadapox juntamente com tais medicamentos. Tamb\u00e9m \u00e9 proibido tomar Tadapox juntamente com medicamentos anti-hipertensivos, pois pode causar hipotens\u00e3o grave.<\/p>\n<p>Dose esquecida<\/p>\n<p>Mesmo que voc\u00ea tenha esquecido sua dose di\u00e1ria de Tadapox, voc\u00ea n\u00e3o deve tomar mais de um comprimido disso diariamente. Simplesmente ignore a dose esquecida e continue tomando a medica\u00e7\u00e3o conforme prescrito.<\/p>\n<p>Sobredosagem<\/p>\n<p>Se voc\u00ea tomou mais de um comprimido de Tadapox durante um dia, poder\u00e1 sentir dores de cabe\u00e7a, n\u00e1useas, dores no peito e rubores. No caso destes sintomas, contacte imediatamente o seu m\u00e9dico especialista.<\/p>\n<p>Armazenamento<\/p>\n<p>Mantenha longe do alcance das crian\u00e7as. Armazene o medicamento em local escuro e seco em temperatura ambiente.<\/p>\n<p>Isen\u00e7\u00e3o de responsabilidade<\/p>\n<p>Fornecemos apenas informa\u00e7\u00f5es gerais sobre medicamentos que n\u00e3o cobrem todas as instru\u00e7\u00f5es, poss\u00edveis integra\u00e7\u00f5es de medicamentos ou precau\u00e7\u00f5es. As informa\u00e7\u00f5es do site n\u00e3o podem ser utilizadas para autotratamento e autodiagn\u00f3stico. Quaisquer instru\u00e7\u00f5es espec\u00edficas para um determinado paciente devem ser acordadas com o seu conselheiro de sa\u00fade ou m\u00e9dico respons\u00e1vel pelo caso. N\u00f3s nos isentamos da confiabilidade dessas informa\u00e7\u00f5es e dos erros que elas possam conter. N\u00e3o nos responsabilizamos por quaisquer danos diretos, indiretos, especiais ou outros danos indiretos resultantes de qualquer uso das informa\u00e7\u00f5es deste site e tamb\u00e9m pelas consequ\u00eancias do autotratamento.<\/p>\n","protected":false},"excerpt":{"rendered":"<p>Tadapox Generic \u00e9 um medicamento combinado desenvolvido para o tratamento da disfun\u00e7\u00e3o er\u00e9til e da ejacula\u00e7\u00e3o precoce.<\/p>\n","protected":false},"featured_media":1915,"comment_status":"open","ping_status":"closed","template":"","meta":[],"product_brand":[],"product_cat":[132],"product_tag":[],"class_list":{"0":"post-1951","1":"product","2":"type-product","3":"status-publish","4":"has-post-thumbnail","6":"product_cat-disfuncao-eretil-pt","7":"pa_active_substance-dapoxetine","8":"pa_active_substance-tadalafil","10":"first","11":"instock","12":"shipping-taxable","13":"product-type-variable"},"jetpack_sharing_enabled":true,"_links":{"self":[{"href":"https:\/\/pharmacy-content.com\/index.php?rest_route=\/wp\/v2\/product\/1951","targetHints":{"allow":["GET"]}}],"collection":[{"href":"https:\/\/pharmacy-content.com\/index.php?rest_route=\/wp\/v2\/product"}],"about":[{"href":"https:\/\/pharmacy-content.com\/index.php?rest_route=\/wp\/v2\/types\/product"}],"replies":[{"embeddable":true,"href":"https:\/\/pharmacy-content.com\/index.php?rest_route=%2Fwp%2Fv2%2Fcomments&post=1951"}],"wp:featuredmedia":[{"embeddable":true,"href":"https:\/\/pharmacy-content.com\/index.php?rest_route=\/wp\/v2\/media\/1915"}],"wp:attachment":[{"href":"https:\/\/pharmacy-content.com\/index.php?rest_route=%2Fwp%2Fv2%2Fmedia&parent=1951"}],"wp:term":[{"taxonomy":"product_brand","embeddable":true,"href":"https:\/\/pharmacy-content.com\/index.php?rest_route=%2Fwp%2Fv2%2Fproduct_brand&post=1951"},{"taxonomy":"product_cat","embeddable":true,"href":"https:\/\/pharmacy-content.com\/index.php?rest_route=%2Fwp%2Fv2%2Fproduct_cat&post=1951"},{"taxonomy":"product_tag","embeddable":true,"href":"https:\/\/pharmacy-content.com\/index.php?rest_route=%2Fwp%2Fv2%2Fproduct_tag&post=1951"}],"curies":[{"name":"wp","href":"https:\/\/api.w.org\/{rel}","templated":true}]}}