{"id":1969,"date":"2026-04-22T06:43:59","date_gmt":"2026-04-22T06:43:59","guid":{"rendered":""},"modified":"2026-04-22T06:44:01","modified_gmt":"2026-04-22T06:44:01","slug":"tadapox-10","status":"publish","type":"product","link":"https:\/\/pharmacy-content.com\/?product=tadapox-10&lang=cs","title":{"rendered":"Tadapox"},"content":{"rendered":"<p>B\u011b\u017en\u00e9 pou\u017eit\u00ed<\/p>\n<p>Tadapox je kombinovan\u00fd l\u00e9k ur\u010den\u00fd k l\u00e9\u010db\u011b erektiln\u00ed dysfunkce a p\u0159ed\u010dasn\u00e9 ejakulace. Skl\u00e1d\u00e1 se ze dvou hlavn\u00edch slo\u017eek: tadalafilu a dapoxetinu. Tadalafil je zn\u00e1m\u00fd d\u00edky l\u00e9ku zna\u010dky Cialis, zat\u00edmco Dapoxetine je nov\u00e9 slovo v medic\u00edn\u011b. Kombina\u010dn\u00ed \u00fa\u010dinek t\u011bchto l\u00e1tek je nad o\u010dek\u00e1v\u00e1n\u00ed: zat\u00edmco Tadalafil zaji\u0161\u0165uje silnou a stabiln\u00ed erekci, Dapoxetin zabra\u0148uje p\u0159ed\u010dasn\u00e9 ejakulaci a prodlu\u017euje \u00fa\u010dinek l\u00e9ku, tak\u017ee Tadapox je \u00fa\u010dinn\u00fd 36 hodin po u\u017eit\u00ed.<\/p>\n<p>D\u00e1vkov\u00e1n\u00ed a sm\u011br<\/p>\n<p>Tadapox by m\u011bli u\u017e\u00edvat pouze pacienti s erektiln\u00ed dysfunkc\u00ed nebo impotenc\u00ed. U zdrav\u00fdch lid\u00ed nen\u00ed pot\u0159eba l\u00e9k br\u00e1t, proto\u017ee jim nepom\u016f\u017ee v p\u0159\u00edpad\u011b, \u017ee maj\u00ed psychick\u00e9 probl\u00e9my s erekc\u00ed. Tadapox by se nem\u011bl u\u017e\u00edvat spolu s tu\u010dn\u00fdm j\u00eddlem nebo alkoholem, proto\u017ee to m\u016f\u017ee sn\u00ed\u017eit \u00fa\u010dinnost l\u00e9ku. Obvykl\u00e1 d\u00e1vka Tadapoxu je jedna tableta denn\u011b, hodinu p\u0159ed sexu\u00e1ln\u00ed aktivitou.<\/p>\n<p>Bezpe\u010dnostn\u00ed opat\u0159en\u00ed<\/p>\n<p>D\u016fkladn\u011b si p\u0159e\u010dt\u011bte a dodr\u017eujte pokyny obsa\u017een\u00e9 v balen\u00ed. V\u0161imn\u011bte si, \u017ee Tadapox nem\u016f\u017ee l\u00e9\u010dit \u017e\u00e1dn\u00e9 sexu\u00e1ln\u011b p\u0159enosn\u00e9 nemoci, v\u010detn\u011b HIV. B\u011bhem u\u017e\u00edv\u00e1n\u00ed p\u0159\u00edpravku Tadapox je tak\u00e9 d\u016fle\u017eit\u00e9 sd\u00edlet se sv\u00fdm l\u00e9ka\u0159em sv\u016fj l\u00e9ka\u0159sk\u00fd z\u00e1znam. Pravideln\u00e1 l\u00e9ka\u0159sk\u00e1 kontrola \u010din\u00ed va\u0161i l\u00e9\u010dbu p\u0159\u00edpravkem Tadapox obzvl\u00e1\u0161t\u011b bezpe\u010dnou a \u00fa\u010dinnou.<\/p>\n<p>Kontraindikace<\/p>\n<p>Lid\u00e9 s anamn\u00e9zou kardiovaskul\u00e1rn\u00edch nebo jatern\u00edch onemocn\u011bn\u00ed by se m\u011bli p\u0159ed u\u017e\u00edv\u00e1n\u00edm p\u0159\u00edpravku Tadapox d\u016fkladn\u011b poradit s l\u00e9ka\u0159em. Kontraindikac\u00ed je tak\u00e9 p\u0159ecitliv\u011blost na kteroukoli slo\u017eku l\u00e9ku.<\/p>\n<p>Mo\u017en\u00fd vedlej\u0161\u00ed \u00fa\u010dinek<\/p>\n<p>Nej\u010dast\u011bj\u0161\u00ed ne\u017e\u00e1douc\u00ed \u00fa\u010dinky Tadapox zahrnuj\u00ed nevolnost, zvracen\u00ed, n\u00e1valy horka, zarudnut\u00ed hlavy, bolest t\u011bla a z\u00e1vrat\u011b. Pacienti jsou tak\u00e9 vystaveni riziku srde\u010dn\u00edch probl\u00e9m\u016f a \u017ealude\u010dn\u00edch v\u0159ed\u016f. Nejz\u00e1va\u017en\u011bj\u0161\u00ed ne\u017e\u00e1douc\u00ed \u00fa\u010dinky l\u00e9ku se projev\u00ed v p\u0159\u00edpad\u011b \u0161patn\u00e9ho \u010dten\u00ed nebo ignorov\u00e1n\u00ed opat\u0159en\u00ed a pokyn\u016f a vyh\u00fdb\u00e1n\u00ed se konzultaci s l\u00e9ka\u0159em nebo p\u0159ed\u00e1vkov\u00e1n\u00ed. V tomto p\u0159\u00edpad\u011b mohou pacienti \u010delit v\u00e1\u017en\u00fdm srde\u010dn\u00edm onemocn\u011bn\u00edm, hepatotoxicit\u011b, pr\u016fjm\u016fm, poruch\u00e1m sluchu a dal\u0161\u00edm nebezpe\u010dn\u00fdm symptom\u016fm. Pokud p\u0159i u\u017e\u00edv\u00e1n\u00ed Tadapoxu n\u011bkter\u00fd z nich dostanete, m\u011bli byste okam\u017eit\u011b kontaktovat sv\u00e9ho l\u00e9ka\u0159e se \u017e\u00e1dost\u00ed o l\u00e9ka\u0159skou pomoc.<\/p>\n<p>L\u00e9kov\u00e9 interakce<\/p>\n<p>Seznam l\u00e9k\u016f proti Tadapoxu zahrnuje p\u0159edev\u0161\u00edm l\u00e9ky na b\u00e1zi nitr\u00e1t\u016f. Neexistuj\u00ed \u017e\u00e1dn\u00e9 okolnosti, za kter\u00fdch by pacient mohl u\u017e\u00edvat Tadapox spole\u010dn\u011b s takov\u00fdmi l\u00e9ky. Je tak\u00e9 zak\u00e1z\u00e1no u\u017e\u00edvat Tadapox spolu s antihypertenzivy, proto\u017ee m\u016f\u017ee zp\u016fsobit t\u011b\u017ekou hypotenzi.<\/p>\n<p>Vynechan\u00e1 d\u00e1vka<\/p>\n<p>I kdy\u017e jste vynechali svou denn\u00ed d\u00e1vku Tadapoxu, nem\u011bli byste u\u017e\u00edvat v\u00edce ne\u017e jednu tabletu z toho denn\u011b. Jednodu\u0161e ignorujte vynechanou d\u00e1vku a pokra\u010dujte v u\u017e\u00edv\u00e1n\u00ed l\u00e9k\u016f podle p\u0159edpisu.<\/p>\n<p>P\u0159ed\u00e1vkov\u00e1n\u00ed<\/p>\n<p>Pokud jste u\u017eili v\u00edce ne\u017e jednu tabletu Tadapoxu b\u011bhem dne, m\u016f\u017eete poci\u0165ovat bolesti hlavy, nevolnost, bolest na hrudi a n\u00e1valy horka. V p\u0159\u00edpad\u011b t\u011bchto p\u0159\u00edznak\u016f okam\u017eit\u011b kontaktujte sv\u00e9ho l\u00e9ka\u0159e.<\/p>\n<p>Skladov\u00e1n\u00ed<\/p>\n<p>Uchov\u00e1vejte mimo dosah d\u011bt\u00ed. L\u00e9ky skladujte na tmav\u00e9m such\u00e9m m\u00edst\u011b p\u0159i pokojov\u00e9 teplot\u011b.<\/p>\n<p>Z\u0159eknut\u00ed se odpov\u011bdnosti<\/p>\n<p>Poskytujeme pouze obecn\u00e9 informace o l\u00e9c\u00edch, kter\u00e9 nepokr\u00fdvaj\u00ed v\u0161echny pokyny, mo\u017en\u00e9 integrace l\u00e9k\u016f nebo preventivn\u00ed opat\u0159en\u00ed. Informace na m\u00edst\u011b nelze pou\u017e\u00edt pro samol\u00e9\u010dbu a autodiagnostiku. Jak\u00e9koli specifick\u00e9 pokyny pro konkr\u00e9tn\u00edho pacienta by m\u011bly b\u00fdt dohodnuty se sv\u00fdm zdravotn\u00edm poradcem nebo l\u00e9ka\u0159em, kter\u00fd m\u00e1 na starosti dan\u00fd p\u0159\u00edpad. Odm\u00edt\u00e1me spolehlivost t\u011bchto informac\u00ed a chyby, kter\u00e9 by mohly obsahovat. Nejsme zodpov\u011bdn\u00ed za \u017e\u00e1dn\u00e9 p\u0159\u00edm\u00e9, nep\u0159\u00edm\u00e9, zvl\u00e1\u0161tn\u00ed nebo jin\u00e9 nep\u0159\u00edm\u00e9 \u0161kody v d\u016fsledku jak\u00e9hokoli pou\u017eit\u00ed informac\u00ed na t\u011bchto str\u00e1nk\u00e1ch a tak\u00e9 za n\u00e1sledky samol\u00e9\u010dby.<\/p>\n","protected":false},"excerpt":{"rendered":"<p>Tadapox Generic je kombinovan\u00fd l\u00e9k ur\u010den\u00fd k l\u00e9\u010db\u011b erektiln\u00ed dysfunkce a p\u0159ed\u010dasn\u00e9 ejakulace.<\/p>\n","protected":false},"featured_media":1915,"comment_status":"open","ping_status":"closed","template":"","meta":[],"product_brand":[],"product_cat":[141],"product_tag":[],"class_list":{"0":"post-1969","1":"product","2":"type-product","3":"status-publish","4":"has-post-thumbnail","6":"product_cat-erektilni-dysfunkce-cs","7":"pa_active_substance-dapoxetine","8":"pa_active_substance-tadalafil","10":"first","11":"instock","12":"shipping-taxable","13":"product-type-variable"},"jetpack_sharing_enabled":true,"_links":{"self":[{"href":"https:\/\/pharmacy-content.com\/index.php?rest_route=\/wp\/v2\/product\/1969","targetHints":{"allow":["GET"]}}],"collection":[{"href":"https:\/\/pharmacy-content.com\/index.php?rest_route=\/wp\/v2\/product"}],"about":[{"href":"https:\/\/pharmacy-content.com\/index.php?rest_route=\/wp\/v2\/types\/product"}],"replies":[{"embeddable":true,"href":"https:\/\/pharmacy-content.com\/index.php?rest_route=%2Fwp%2Fv2%2Fcomments&post=1969"}],"wp:featuredmedia":[{"embeddable":true,"href":"https:\/\/pharmacy-content.com\/index.php?rest_route=\/wp\/v2\/media\/1915"}],"wp:attachment":[{"href":"https:\/\/pharmacy-content.com\/index.php?rest_route=%2Fwp%2Fv2%2Fmedia&parent=1969"}],"wp:term":[{"taxonomy":"product_brand","embeddable":true,"href":"https:\/\/pharmacy-content.com\/index.php?rest_route=%2Fwp%2Fv2%2Fproduct_brand&post=1969"},{"taxonomy":"product_cat","embeddable":true,"href":"https:\/\/pharmacy-content.com\/index.php?rest_route=%2Fwp%2Fv2%2Fproduct_cat&post=1969"},{"taxonomy":"product_tag","embeddable":true,"href":"https:\/\/pharmacy-content.com\/index.php?rest_route=%2Fwp%2Fv2%2Fproduct_tag&post=1969"}],"curies":[{"name":"wp","href":"https:\/\/api.w.org\/{rel}","templated":true}]}}