{"id":2020,"date":"2026-04-22T06:44:08","date_gmt":"2026-04-22T06:44:08","guid":{"rendered":""},"modified":"2026-04-22T06:44:21","modified_gmt":"2026-04-22T06:44:21","slug":"abhiforce-5","status":"publish","type":"product","link":"https:\/\/pharmacy-content.com\/?product=abhiforce-5&lang=es","title":{"rendered":"AbhiForce"},"content":{"rendered":"<p>Uso com\u00fan<\/p>\n<p>AbhiForce en comprimidos se utiliza para tratar la disfunci\u00f3n er\u00e9ctil (DE) o la impotencia masculina. Contiene sildenafil y pertenece a un grupo de medicamentos llamados inhibidores de la fosfodiesterasa tipo 5 (PDE 5).<\/p>\n<p>Dosis y administraci\u00f3n<\/p>\n<p>AbhiForce es un medicamento con receta para la disfunci\u00f3n er\u00e9ctil (pastillas para la DE) que debe tomarse seg\u00fan las indicaciones de su m\u00e9dico. Tome las tabletas de AbhiForce al menos 30-60 minutos antes de la actividad sexual. Trague una tableta entera con un vaso de agua sin triturarla, romperla ni masticarla. Puede tomar AbhiForce con el est\u00f3mago vac\u00edo o despu\u00e9s de una comida ligera. No tome m\u00e1s de una dosis en 24 horas.<\/p>\n<p>Precauciones<\/p>\n<p>Las personas con problemas card\u00edacos o hep\u00e1ticos, que hayan sufrido recientemente un derrame cerebral o un infarto de miocardio, o que tengan presi\u00f3n arterial irregular, deben tener precauci\u00f3n antes de tomar comprimidos de AbhiForce.<\/p>\n<p>Contraindicaciones<\/p>\n<p>Si es al\u00e9rgico al sildenafil, no tome AbhiForce. Adem\u00e1s, no consuma alcohol ni zumo de pomelo con este medicamento, ya que pueden interactuar y reducir su eficacia. AbhiForce est\u00e1 contraindicado en pacientes que toman otro medicamento para la impotencia o que utilizan un f\u00e1rmaco con nitratos para el dolor de pecho o problemas card\u00edacos. Este medicamento no debe ser tomado por mujeres ni ni\u00f1os.<\/p>\n<p>Posibles efectos secundarios<\/p>\n<p>AbhiForce es uno de los tratamientos m\u00e1s seguros para la disfunci\u00f3n er\u00e9ctil. Sin embargo, en algunos casos, puede causar efectos secundarios comunes, como dolor de cabeza, n\u00e1useas, sofocos, mareos, indigesti\u00f3n y dolor muscular. Estos efectos adversos no requieren consulta m\u00e9dica y desaparecen a medida que el cuerpo se adapta a la dosis. Consulte a su m\u00e9dico si estos efectos le causan molestias o persisten durante un tiempo prolongado.<\/p>\n<p>Interacci\u00f3n con otros medicamentos<\/p>\n<p>Este medicamento no debe usarse con nitratos ni con drogas recreativas llamadas &#8216;poppers&#8217; que contienen nitrito de amilo o butilo; alfabloqueantes; otros medicamentos para la impotencia; ni medicamentos para la hipertensi\u00f3n arterial. Consulte a su m\u00e9dico o farmac\u00e9utico para obtener m\u00e1s informaci\u00f3n.<\/p>\n<p>Dosis omitida<\/p>\n<p>AbhiForce se usa seg\u00fan sea necesario, por lo que es poco probable que tenga que seguir un horario de dosificaci\u00f3n.<\/p>\n<p>Sobredosis<\/p>\n<p>Si cree haber usado demasiado de este medicamento, busque atenci\u00f3n m\u00e9dica de emergencia de inmediato. Los s\u00edntomas de sobredosis suelen incluir dolor en el pecho, n\u00e1useas, latidos card\u00edacos irregulares y sensaci\u00f3n de mareo o desmayo.<\/p>\n<p>Almacenamiento<\/p>\n<p>Guarde sus medicamentos a temperatura ambiente, entre 20 y 25 \u00b0C (68 y 77 \u00b0F), protegidos de la luz y la humedad. No guarde los medicamentos en el ba\u00f1o. Mantenga todos los medicamentos fuera del alcance de los ni\u00f1os y las mascotas.<\/p>\n","protected":false},"excerpt":{"rendered":"<p>Abhiforce es un medicamento que se utiliza para tratar la impotencia masculina, es decir, la disfunci\u00f3n er\u00e9ctil. Este medicamento ayuda a mantener la erecci\u00f3n en los hombres.<\/p>\n","protected":false},"featured_media":1976,"comment_status":"open","ping_status":"closed","template":"","meta":[],"product_brand":[],"product_cat":[126],"product_tag":[],"class_list":{"0":"post-2020","1":"product","2":"type-product","3":"status-publish","4":"has-post-thumbnail","6":"product_cat-disfuncion-erectil-es","7":"pa_active_substance-sildenafil","9":"first","10":"instock","11":"shipping-taxable","12":"product-type-simple"},"jetpack_sharing_enabled":true,"_links":{"self":[{"href":"https:\/\/pharmacy-content.com\/index.php?rest_route=\/wp\/v2\/product\/2020","targetHints":{"allow":["GET"]}}],"collection":[{"href":"https:\/\/pharmacy-content.com\/index.php?rest_route=\/wp\/v2\/product"}],"about":[{"href":"https:\/\/pharmacy-content.com\/index.php?rest_route=\/wp\/v2\/types\/product"}],"replies":[{"embeddable":true,"href":"https:\/\/pharmacy-content.com\/index.php?rest_route=%2Fwp%2Fv2%2Fcomments&post=2020"}],"wp:featuredmedia":[{"embeddable":true,"href":"https:\/\/pharmacy-content.com\/index.php?rest_route=\/wp\/v2\/media\/1976"}],"wp:attachment":[{"href":"https:\/\/pharmacy-content.com\/index.php?rest_route=%2Fwp%2Fv2%2Fmedia&parent=2020"}],"wp:term":[{"taxonomy":"product_brand","embeddable":true,"href":"https:\/\/pharmacy-content.com\/index.php?rest_route=%2Fwp%2Fv2%2Fproduct_brand&post=2020"},{"taxonomy":"product_cat","embeddable":true,"href":"https:\/\/pharmacy-content.com\/index.php?rest_route=%2Fwp%2Fv2%2Fproduct_cat&post=2020"},{"taxonomy":"product_tag","embeddable":true,"href":"https:\/\/pharmacy-content.com\/index.php?rest_route=%2Fwp%2Fv2%2Fproduct_tag&post=2020"}],"curies":[{"name":"wp","href":"https:\/\/api.w.org\/{rel}","templated":true}]}}