{"id":2075,"date":"2026-04-22T06:44:16","date_gmt":"2026-04-22T06:44:16","guid":{"rendered":""},"modified":"2026-04-22T06:44:22","modified_gmt":"2026-04-22T06:44:22","slug":"abhiforce-10","status":"publish","type":"product","link":"https:\/\/pharmacy-content.com\/?product=abhiforce-10&lang=cs","title":{"rendered":"AbhiForce"},"content":{"rendered":"<p>B\u011b\u017en\u00e9 pou\u017eit\u00ed<br \/>\nSexu\u00e1ln\u00ed dysfunkce u \u017een se projevuje nedostatkem touhy, vzru\u0161en\u00ed nebo orgasmu. AbhiForce pom\u00e1h\u00e1 zv\u00fd\u0161it libido u \u017een, zvy\u0161uje sexu\u00e1ln\u00ed vzpom\u00ednku, citlivost na stimulaci, podporuje mimo\u0159\u00e1dn\u00e9 a v\u00edcen\u00e1sobn\u00e9 vyvrcholen\u00ed, dokonal\u00e9 p\u0159irozen\u00e9 lubrikace. P\u016fsob\u00ed zv\u00fd\u0161en\u00edm pot\u0159ebn\u00e9ho prokrven\u00ed genit\u00e1li\u00ed a vagin\u00e1ln\u00ed elasticity, co\u017e vede k intenzivn\u011bj\u0161\u00edmu pot\u011b\u0161en\u00ed b\u011bhem sexu\u00e1ln\u00edho aktu.<\/p>\n<p>D\u00e1vkov\u00e1n\u00ed a sm\u011br<br \/>\nU\u017e\u00edvejte peror\u00e1ln\u011b, \u00fa\u010dinek se dostav\u00ed do 45 minut po u\u017eit\u00ed a trv\u00e1 4-6 hodin. Nep\u0159ekra\u010dujte doporu\u010denou d\u00e1vku, aby nedo\u0161lo k zes\u00edlen\u00ed vedlej\u0161\u00edch \u00fa\u010dink\u016f.<\/p>\n<p>Opat\u0159en\u00ed<br \/>\nTento l\u00e9k je \u00fa\u010dinn\u00fd u \u017een mlad\u0161\u00edch 50 let, kter\u00e9 podstoupily hysterektomii a menopauzu. P\u0159ed u\u017eit\u00edm AbhiForce se pora\u010fte se sv\u00fdm l\u00e9ka\u0159em, pokud jste t\u011bhotn\u00e1 nebo koj\u00edte.<\/p>\n<p>Kontraindikace<br \/>\nTento l\u00e9k neu\u017e\u00edvejte, pokud jste na n\u011bj hypersenzitivn\u00ed.<\/p>\n<p>Mo\u017en\u00e9 vedlej\u0161\u00ed \u00fa\u010dinky<br \/>\nTento l\u00e9k je obecn\u011b dob\u0159e sn\u00e1\u0161en, ale n\u011bkte\u0159\u00ed jedinci mohou zaznamenat zarudnut\u00ed obli\u010deje; nevolnost; citlivost na sv\u011btlo; nevolnost. Okam\u017eit\u011b vyhledejte l\u00e9ka\u0159skou pomoc, pokud se vyskytnou z\u00e1va\u017en\u00e9 vedlej\u0161\u00ed \u00fa\u010dinky.<\/p>\n<p>Interakce s l\u00e9ky<br \/>\nBylo prok\u00e1z\u00e1no, \u017ee AbhiForce zesiluje hypotenzn\u00ed \u00fa\u010dinky nitr\u00e1t\u016f, a jeho pod\u00e1n\u00ed pacient\u016fm, kte\u0159\u00ed pravideln\u011b a\/nebo p\u0159\u00edle\u017eitostn\u011b u\u017e\u00edvaj\u00ed organick\u00e9 nitr\u00e1ty v jak\u00e9koli form\u011b, je proto kontraindikov\u00e1no.<\/p>\n<p>Zme\u0161kan\u00e1 d\u00e1vka<br \/>\nU\u017eijte zme\u0161kanou d\u00e1vku, jakmile si na ni vzpomenete. Pokud je t\u00e9m\u011b\u0159 \u010das na va\u0161i dal\u0161\u00ed d\u00e1vku, jednodu\u0161e ji vynechte a vra\u0165te se k obvykl\u00e9mu pl\u00e1nu.<\/p>\n<p>P\u0159ed\u00e1vkov\u00e1n\u00ed<br \/>\nOkam\u017eit\u00e1 l\u00e9ka\u0159sk\u00e1 pomoc je pot\u0159ebn\u00e1 v p\u0159\u00edpad\u011b p\u0159ed\u00e1vkov\u00e1n\u00ed t\u00edmto l\u00e9kem.<\/p>\n<p>Skladov\u00e1n\u00ed<br \/>\nAbhiForce by m\u011bl b\u00fdt skladov\u00e1n p\u0159i pokojov\u00e9 teplot\u011b, mezi 36-86 stupni F v uzav\u0159en\u00e9 n\u00e1dob\u011b.<\/p>\n<p>Upozorn\u011bn\u00ed<br \/>\nPoskytujeme pouze obecn\u00e9 informace o l\u00e9c\u00edch, kter\u00e9 nepokr\u00fdvaj\u00ed v\u0161echny pokyny, mo\u017en\u00e9 l\u00e9kov\u00e9 interakce nebo opat\u0159en\u00ed. Informace na t\u00e9to str\u00e1nce nelze pou\u017e\u00edt k samol\u00e9\u010db\u011b a samodiagn\u00f3ze. Jak\u00e9koli konkr\u00e9tn\u00ed pokyny pro konkr\u00e9tn\u00edho pacienta by m\u011bly b\u00fdt dohodnuty s va\u0161\u00edm zdravotn\u00edm poradcem nebo l\u00e9ka\u0159em, kter\u00fd m\u00e1 na starosti v\u00e1\u0161 p\u0159\u00edpad. Odp\u00edr\u00e1me spolehlivost t\u011bchto informac\u00ed a chyby, kter\u00e9 by mohly obsahovat. Nejsme odpov\u011bdn\u00ed za \u017e\u00e1dn\u00e9 p\u0159\u00edm\u00e9, nep\u0159\u00edm\u00e9, zvl\u00e1\u0161tn\u00ed nebo jin\u00e9 nep\u0159\u00edm\u00e9 \u0161kody v d\u016fsledku jak\u00e9hokoli pou\u017eit\u00ed informac\u00ed na t\u00e9to str\u00e1nce a tak\u00e9 za n\u00e1sledky samol\u00e9\u010dby.<\/p>\n","protected":false},"excerpt":{"rendered":"<p>Abhiforce 100 Tablety jsou l\u00e9k na p\u0159edpis pou\u017e\u00edvan\u00fd k l\u00e9\u010db\u011b erektiln\u00ed dysfunkce (impotence) u mu\u017e\u016f. P\u016fsob\u00ed tak, \u017ee zvy\u0161uje pr\u016ftok krve do penisu, co\u017e pom\u00e1h\u00e1 mu\u017e\u016fm dos\u00e1hnout nebo udr\u017eet erekci. Pat\u0159\u00ed do skupiny l\u00e9k\u016f zn\u00e1m\u00fdch jako inhibitory fosfodiester\u00e1zy typu 5 (PDE 5).<\/p>\n","protected":false},"featured_media":1976,"comment_status":"open","ping_status":"closed","template":"","meta":[],"product_brand":[],"product_cat":[141],"product_tag":[],"class_list":{"0":"post-2075","1":"product","2":"type-product","3":"status-publish","4":"has-post-thumbnail","6":"product_cat-erektilni-dysfunkce-cs","7":"pa_active_substance-sildenafil","9":"first","10":"instock","11":"shipping-taxable","12":"product-type-simple"},"jetpack_sharing_enabled":true,"_links":{"self":[{"href":"https:\/\/pharmacy-content.com\/index.php?rest_route=\/wp\/v2\/product\/2075","targetHints":{"allow":["GET"]}}],"collection":[{"href":"https:\/\/pharmacy-content.com\/index.php?rest_route=\/wp\/v2\/product"}],"about":[{"href":"https:\/\/pharmacy-content.com\/index.php?rest_route=\/wp\/v2\/types\/product"}],"replies":[{"embeddable":true,"href":"https:\/\/pharmacy-content.com\/index.php?rest_route=%2Fwp%2Fv2%2Fcomments&post=2075"}],"wp:featuredmedia":[{"embeddable":true,"href":"https:\/\/pharmacy-content.com\/index.php?rest_route=\/wp\/v2\/media\/1976"}],"wp:attachment":[{"href":"https:\/\/pharmacy-content.com\/index.php?rest_route=%2Fwp%2Fv2%2Fmedia&parent=2075"}],"wp:term":[{"taxonomy":"product_brand","embeddable":true,"href":"https:\/\/pharmacy-content.com\/index.php?rest_route=%2Fwp%2Fv2%2Fproduct_brand&post=2075"},{"taxonomy":"product_cat","embeddable":true,"href":"https:\/\/pharmacy-content.com\/index.php?rest_route=%2Fwp%2Fv2%2Fproduct_cat&post=2075"},{"taxonomy":"product_tag","embeddable":true,"href":"https:\/\/pharmacy-content.com\/index.php?rest_route=%2Fwp%2Fv2%2Fproduct_tag&post=2075"}],"curies":[{"name":"wp","href":"https:\/\/api.w.org\/{rel}","templated":true}]}}