{"id":2099,"date":"2026-04-22T06:44:34","date_gmt":"2026-04-22T06:44:34","guid":{"rendered":""},"modified":"2026-04-22T06:59:28","modified_gmt":"2026-04-22T06:59:28","slug":"abhiforce-d-3","status":"publish","type":"product","link":"https:\/\/pharmacy-content.com\/?product=abhiforce-d-3&lang=fr","title":{"rendered":"Abhiforce-D"},"content":{"rendered":"<p>Usage courant<\/p>\n<p>Les principaux composants de Abhiforce-D sont le Sild\u00e9nafil &#8211; 100 mg et le Dapoxetin &#8211; 60 mg.<\/p>\n<p>Le Sild\u00e9nafil et le Dapoxetin sont responsables de la puissance sexuelle. La tonification des muscles lisses permet d\u2019augmenter le flux sanguin dans certaines zones du p\u00e9nis, ce qui entra\u00eene une \u00e9rection. Le sild\u00e9nafil est utilis\u00e9 pour le traitement de la dysfonction \u00e9rectile masculine (impuissance) et de l\u2019hypertension art\u00e9rielle pulmonaire. Il peut \u00e9galement \u00eatre utilis\u00e9 \u00e0 d&#8217;autres fins non mentionn\u00e9es ci-dessus.<\/p>\n<p>Dosage et administration<\/p>\n<p>Le produit est pris selon les besoins, environ 1 heure avant l&#8217;activit\u00e9 sexuelle. Ne prenez pas Abhiforce-D plus d\u2019une gel\u00e9e par jour. Les repas riches en graisses peuvent retarder l&#8217;effet de la pr\u00e9paration. Abstenez-vous de manger du pamplemousse ou de boire du jus de pamplemousse pendant votre traitement par Sild\u00e9nafil et Dapoxetin.<\/p>\n<p>Pr\u00e9cautions<\/p>\n<p>Il est fortement recommand\u00e9 de consulter votre m\u00e9decin ou votre pharmacien avant de commencer \u00e0 prendre du Sild\u00e9nafil ou\/et du Dapoxetin, et d&#8217;insister particuli\u00e8rement sur si vous \u00eates allergique \u00e0 ces m\u00e9dicaments ou si vous avez d&#8217;autres allergies. Les personnes \u00e2g\u00e9es peuvent \u00eatre plus sensibles aux effets secondaires du produit.<\/p>\n<p>Contre-indications<\/p>\n<p>Abhiforce-D est contre-indiqu\u00e9 si les patients prennent un autre m\u00e9dicament pour traiter l&#8217;impuissance ou utilisent un m\u00e9dicament \u00e0 base de nitrate pour des douleurs thoraciques ou des probl\u00e8mes cardiaques. . Ce m\u00e9dicament ne doit pas \u00eatre pris par les femmes et les enfants, ni par les personnes pr\u00e9sentant une hypersensibilit\u00e9 connue \u00e0 l&#8217;un des composants.<\/p>\n<p>Effets secondaires possibles<\/p>\n<p>Les effets secondaires les plus courants de Abhiforce-D sont les maux de t\u00eate, l&#8217;estomac. troubles, congestion nasale, \u00e9tourdissements, \u00e9tourdissements ou diarrh\u00e9e, bouff\u00e9es vasomotrices, br\u00fblures d&#8217;estomac. Aucune r\u00e9action allergique grave au m\u00e9dicament n\u2019a \u00e9t\u00e9 d\u00e9tect\u00e9e plus t\u00f4t, mais vous devez imm\u00e9diatement consulter un m\u00e9decin si l\u2019une d\u2019entre elles se produit. De nombreuses personnes utilisant Abhiforce-D n\u2019ont pas d\u2019effets secondaires graves. Si vous remarquez l&#8217;un des effets secondaires non mentionn\u00e9s ci-dessus, contactez votre m\u00e9decin ou votre pharmacien.<\/p>\n<p>Interaction m\u00e9dicamenteuse<\/p>\n<p>Abhiforce-D ne doit pas \u00eatre pris avec des nitrates et des drogues r\u00e9cr\u00e9atives appel\u00e9es poppers qui contiennent de l&#8217;amyle. ou du nitrite de butyle ; les alpha-bloquants; d&#8217;autres m\u00e9dicaments pour le traitement de l&#8217;impuissance ; m\u00e9dicaments contre l&#8217;hypertension art\u00e9rielle, etc. Contactez votre m\u00e9decin ou votre pharmacien pour plus de d\u00e9tails.<\/p>\n<p>Dose oubli\u00e9e<\/p>\n<p>Abhiforce-D est utilis\u00e9 selon les besoins, donc aucun sch\u00e9ma posologique n&#8217;est pr\u00e9vu.<\/p>\n<p>Surdosage <\/p>\n<p>Si vous pensez avoir utilis\u00e9 trop de Abhiforce-D, consultez imm\u00e9diatement un m\u00e9decin. Les sympt\u00f4mes d&#8217;un surdosage comprennent g\u00e9n\u00e9ralement des douleurs thoraciques, des naus\u00e9es, un rythme cardiaque irr\u00e9gulier et une sensation d&#8217;\u00e9tourdissement ou d&#8217;\u00e9vanouissement.<\/p>\n<p>Conservation<\/p>\n<p>Conservez Abhiforce-D \u00e0 une temp\u00e9rature qui n&#8217;est pas inf\u00e9rieure \u00e0 68\u00b0F et ne d\u00e9passe pas 77\u00b0F. (20-25\u00b0C), \u00e0 l&#8217;abri de la lumi\u00e8re et de l&#8217;humidit\u00e9. Ne stockez pas de m\u00e9dicaments dans la salle de bain. Gardez tous les m\u00e9dicaments hors de port\u00e9e des enfants et des animaux.<\/p>\n<p>Avis de non-responsabilit\u00e9<\/p>\n<p>Nous fournissons uniquement des informations g\u00e9n\u00e9rales sur les m\u00e9dicaments qui ne couvrent pas toutes les directions, les int\u00e9grations possibles de m\u00e9dicaments ou les pr\u00e9cautions. Les informations pr\u00e9sentes sur le site ne peuvent pas \u00eatre utilis\u00e9es pour l\u2019auto-traitement et l\u2019autodiagnostic. Toute instruction sp\u00e9cifique pour un patient particulier doit \u00eatre convenue avec votre conseiller en soins de sant\u00e9 ou votre m\u00e9decin en charge du cas. Nous d\u00e9clinons la fiabilit\u00e9 de ces informations et des erreurs qu&#8217;elles pourraient contenir. Nous ne sommes pas responsables de tout dommage direct, indirect, sp\u00e9cial ou autre indirect r\u00e9sultant de toute utilisation des informations pr\u00e9sentes sur ce site ainsi que des cons\u00e9quences de l&#8217;auto-traitement.<\/p>\n","protected":false},"excerpt":{"rendered":"<p>Le Abhiforce-D G\u00e9n\u00e9rique est une combinaison d&#8217;ingr\u00e9dients actifs utilis\u00e9s pour traiter la dysfonction \u00e9rectile et l&#8217;\u00e9jaculation pr\u00e9coce.<\/p>\n","protected":false},"featured_media":6043,"comment_status":"open","ping_status":"closed","template":"","meta":[],"product_brand":[],"product_cat":[210],"product_tag":[],"class_list":{"0":"post-2099","1":"product","2":"type-product","3":"status-publish","4":"has-post-thumbnail","6":"product_cat-ejaculation-precoce-fr","7":"pa_active_substance-dapoxetine","8":"pa_active_substance-sildenafil","10":"first","11":"instock","12":"shipping-taxable","13":"product-type-simple"},"jetpack_sharing_enabled":true,"_links":{"self":[{"href":"https:\/\/pharmacy-content.com\/index.php?rest_route=\/wp\/v2\/product\/2099","targetHints":{"allow":["GET"]}}],"collection":[{"href":"https:\/\/pharmacy-content.com\/index.php?rest_route=\/wp\/v2\/product"}],"about":[{"href":"https:\/\/pharmacy-content.com\/index.php?rest_route=\/wp\/v2\/types\/product"}],"replies":[{"embeddable":true,"href":"https:\/\/pharmacy-content.com\/index.php?rest_route=%2Fwp%2Fv2%2Fcomments&post=2099"}],"wp:featuredmedia":[{"embeddable":true,"href":"https:\/\/pharmacy-content.com\/index.php?rest_route=\/wp\/v2\/media\/6043"}],"wp:attachment":[{"href":"https:\/\/pharmacy-content.com\/index.php?rest_route=%2Fwp%2Fv2%2Fmedia&parent=2099"}],"wp:term":[{"taxonomy":"product_brand","embeddable":true,"href":"https:\/\/pharmacy-content.com\/index.php?rest_route=%2Fwp%2Fv2%2Fproduct_brand&post=2099"},{"taxonomy":"product_cat","embeddable":true,"href":"https:\/\/pharmacy-content.com\/index.php?rest_route=%2Fwp%2Fv2%2Fproduct_cat&post=2099"},{"taxonomy":"product_tag","embeddable":true,"href":"https:\/\/pharmacy-content.com\/index.php?rest_route=%2Fwp%2Fv2%2Fproduct_tag&post=2099"}],"curies":[{"name":"wp","href":"https:\/\/api.w.org\/{rel}","templated":true}]}}