{"id":2105,"date":"2026-04-22T06:44:35","date_gmt":"2026-04-22T06:44:35","guid":{"rendered":""},"modified":"2026-04-22T06:59:29","modified_gmt":"2026-04-22T06:59:29","slug":"abhiforce-d-4","status":"publish","type":"product","link":"https:\/\/pharmacy-content.com\/?product=abhiforce-d-4&lang=it","title":{"rendered":"Abhiforce-D"},"content":{"rendered":"<p>Uso comune<\/p>\n<p>I componenti principali di Abhiforce-D sono Sildenafil &#8211; 100 mg e Dapoxetina &#8211; 60 mg.<\/p>\n<p>Sildenafil e Dapoxetina sono responsabili della potenza sessuale. La tonificazione della muscolatura liscia consente di aumentare il flusso sanguigno in alcune aree del pene, determinando l\u2019erezione. Il sildenafil viene utilizzato per il trattamento della disfunzione erettile maschile (impotenza) e dell&#8217;ipertensione arteriosa polmonare. Pu\u00f2 anche essere utilizzato per altri scopi non elencati sopra.<\/p>\n<p>Dosaggio e direzioni<\/p>\n<p>Il prodotto viene assunto secondo necessit\u00e0 circa 1 ora prima dell&#8217;attivit\u00e0 sessuale. Non assumere Abhiforce-D pi\u00f9 di una gelatina al giorno. I pasti ricchi di grassi possono ritardare l&#8217;effetto della preparazione. Astenersi dal mangiare pompelmo o bere succo di pompelmo durante il trattamento con Sildenafil e Dapoxetina.<\/p>\n<p>Precauzioni<\/p>\n<p>Si consiglia vivamente di consultare il proprio medico o farmacista prima di iniziare a prendere Sildenafil e\/o Dapoxetina, e in particolare sottolineare se sei allergico a questi farmaci o se hai altre allergie. Le persone anziane possono essere pi\u00f9 sensibili agli effetti collaterali del prodotto.<\/p>\n<p>Controindicazioni<\/p>\n<p>Abhiforce-D \u00e8 controindicato se i pazienti assumono un altro medicinale per trattare l&#8217;impotenza o usano un farmaco a base di nitrati per dolore toracico o problemi cardiaci . Questo medicinale non deve essere assunto da donne e bambini, nonch\u00e9 da persone con nota ipersensibilit\u00e0 a qualsiasi componente.<\/p>\n<p>Possibili effetti collaterali<\/p>\n<p>Gli effetti collaterali pi\u00f9 comuni di Abhiforce-D sono mal di testa, mal di stomaco disturbi, naso chiuso, stordimento, vertigini o diarrea, vampate di calore, bruciore di stomaco. Non sono state rilevate reazioni allergiche gravi al farmaco in precedenza, ma \u00e8 necessario consultare immediatamente un medico se si verifica una di queste. Molte persone che usano Abhiforce-D non hanno effetti collaterali gravi. Nel caso in cui noti uno qualsiasi degli effetti collaterali non elencati sopra, contatta il tuo medico o il farmacista.<\/p>\n<p>Interazione farmacologica<\/p>\n<p>Abhiforce-D non deve essere assunto con nitrati e droghe ricreative chiamate popper che contengono amile o nitrito di butile; alfa-bloccanti; altri farmaci per il trattamento dell&#8217;impotenza; medicinali per l&#8217;ipertensione, ecc. Contatta il tuo medico o il farmacista per maggiori dettagli.<\/p>\n<p>Dose mancata<\/p>\n<p>Abhiforce-D viene utilizzato secondo necessit\u00e0, quindi non \u00e8 previsto alcun regime di dosaggio.<\/p>\n<p>Sovradosaggio <\/p>\n<p>Se ritieni di aver utilizzato troppa Abhiforce-D, cerca immediatamente assistenza medica. I sintomi di sovradosaggio di solito includono dolore toracico, nausea, battito cardiaco irregolare e sensazione di stordimento o svenimento.<\/p>\n<p>Conservazione<\/p>\n<p>Conservare Abhiforce-D a una temperatura non inferiore a 68\u00b0F e non superiore a 77\u00b0F (20-25\u00b0C), al riparo dalla luce e dall&#8217;umidit\u00e0. Non conservare i farmaci in bagno. Tenere tutti i farmaci fuori dalla portata dei bambini e degli animali.<\/p>\n<p>Disclaimer<\/p>\n<p>Forniamo solo informazioni generali sui farmaci che non coprono tutte le indicazioni, possibili integrazioni farmacologiche o precauzioni. Le informazioni presenti sul sito non possono essere utilizzate per l&#8217;autotrattamento e l&#8217;autodiagnosi. Eventuali istruzioni specifiche per un particolare paziente devono essere concordate con il proprio consulente sanitario o medico responsabile del caso. Decliniamo l&#8217;affidabilit\u00e0 di queste informazioni e gli errori che potrebbero contenere. Non siamo responsabili per eventuali danni diretti, indiretti, speciali o altri danni indiretti derivanti dall&#8217;uso delle informazioni contenute in questo sito e anche per le conseguenze dell&#8217;autotrattamento.<\/p>\n","protected":false},"excerpt":{"rendered":"<p>Il Abhiforce-D Generico \u00e8 una combinazione di principi attivi utilizzati per trattare la disfunzione erettile e l&#8217;eiaculazione precoce.<\/p>\n","protected":false},"featured_media":6043,"comment_status":"open","ping_status":"closed","template":"","meta":[],"product_brand":[],"product_cat":[213],"product_tag":[],"class_list":{"0":"post-2105","1":"product","2":"type-product","3":"status-publish","4":"has-post-thumbnail","6":"product_cat-eiaculazione-precoce-it","7":"pa_active_substance-dapoxetine","8":"pa_active_substance-sildenafil","10":"first","11":"instock","12":"shipping-taxable","13":"product-type-simple"},"jetpack_sharing_enabled":true,"_links":{"self":[{"href":"https:\/\/pharmacy-content.com\/index.php?rest_route=\/wp\/v2\/product\/2105","targetHints":{"allow":["GET"]}}],"collection":[{"href":"https:\/\/pharmacy-content.com\/index.php?rest_route=\/wp\/v2\/product"}],"about":[{"href":"https:\/\/pharmacy-content.com\/index.php?rest_route=\/wp\/v2\/types\/product"}],"replies":[{"embeddable":true,"href":"https:\/\/pharmacy-content.com\/index.php?rest_route=%2Fwp%2Fv2%2Fcomments&post=2105"}],"wp:featuredmedia":[{"embeddable":true,"href":"https:\/\/pharmacy-content.com\/index.php?rest_route=\/wp\/v2\/media\/6043"}],"wp:attachment":[{"href":"https:\/\/pharmacy-content.com\/index.php?rest_route=%2Fwp%2Fv2%2Fmedia&parent=2105"}],"wp:term":[{"taxonomy":"product_brand","embeddable":true,"href":"https:\/\/pharmacy-content.com\/index.php?rest_route=%2Fwp%2Fv2%2Fproduct_brand&post=2105"},{"taxonomy":"product_cat","embeddable":true,"href":"https:\/\/pharmacy-content.com\/index.php?rest_route=%2Fwp%2Fv2%2Fproduct_cat&post=2105"},{"taxonomy":"product_tag","embeddable":true,"href":"https:\/\/pharmacy-content.com\/index.php?rest_route=%2Fwp%2Fv2%2Fproduct_tag&post=2105"}],"curies":[{"name":"wp","href":"https:\/\/api.w.org\/{rel}","templated":true}]}}