{"id":2111,"date":"2026-04-22T06:44:36","date_gmt":"2026-04-22T06:44:36","guid":{"rendered":""},"modified":"2026-04-22T06:59:29","modified_gmt":"2026-04-22T06:59:29","slug":"abhiforce-d-5","status":"publish","type":"product","link":"https:\/\/pharmacy-content.com\/?product=abhiforce-d-5&lang=es","title":{"rendered":"Abhiforce-D"},"content":{"rendered":"<p>Uso com\u00fan<\/p>\n<p>Los componentes principales de Abhiforce-D son Sildenafil &#8211; 100 mg y Dapoxetin &#8211; 60 mg.<\/p>\n<p>Sildenafil y Dapoxetin son responsables de la potencia sexual. La tonificaci\u00f3n del m\u00fasculo liso permite aumentar el flujo sangu\u00edneo hacia ciertas \u00e1reas del pene, lo que resulta en una erecci\u00f3n. Sildenafil se aplica para el tratamiento de la disfunci\u00f3n er\u00e9ctil masculina (impotencia) y la hipertensi\u00f3n arterial pulmonar. Tambi\u00e9n se puede utilizar para otros fines no mencionados anteriormente.<\/p>\n<p>Dosis y direcci\u00f3n<\/p>\n<p>El producto se toma seg\u00fan sea necesario aproximadamente 1 hora antes de la actividad sexual. No tome Abhiforce-D m\u00e1s de una gelatina al d\u00eda. Las comidas ricas en grasas pueden retrasar el efecto de la preparaci\u00f3n. Abstenerse de comer pomelo o beber jugo de pomelo mientras est\u00e9 en tratamiento con Sildenafil y Dapoxetin.<\/p>\n<p>Precauciones<\/p>\n<p>Se recomienda encarecidamente consultar a su m\u00e9dico o farmac\u00e9utico antes de comenzar a tomar Sildenafil y\/o Dapoxetin, y enfatizar especialmente si es al\u00e9rgico a estos medicamentos o si tiene alguna otra alergia. Las personas de edad avanzada pueden ser m\u00e1s sensibles a los efectos secundarios del producto.<\/p>\n<p>Contraindicaciones<\/p>\n<p>Abhiforce-D est\u00e1 contraindicado si los pacientes toman otro medicamento para tratar la impotencia o usan un medicamento con nitrato para el dolor de pecho o problemas card\u00edacos. . Este medicamento no debe ser tomado por mujeres y ni\u00f1os, ni tampoco por personas con hipersensibilidad conocida a alg\u00fan componente.<\/p>\n<p>Posibles efectos secundarios<\/p>\n<p>Los efectos secundarios m\u00e1s comunes de Abhiforce-D son dolor de cabeza, est\u00f3mago malestar, congesti\u00f3n nasal, aturdimiento, mareos o diarrea, enrojecimiento, acidez de est\u00f3mago. No se han detectado reacciones al\u00e9rgicas graves al medicamento antes, pero debe buscar ayuda m\u00e9dica inmediata si ocurre alguna de ellas. Muchas personas que usan Abhiforce-D no tienen efectos secundarios graves. En caso de que note alguno de los efectos secundarios no mencionados anteriormente, comun\u00edquese con su m\u00e9dico o farmac\u00e9utico.<\/p>\n<p>Interacci\u00f3n con otros medicamentos<\/p>\n<p>Abhiforce-D no debe tomarse con nitratos ni drogas recreativas llamadas poppers que contienen amilo. o nitrito de butilo; alfabloqueantes; otros medicamentos para el tratamiento de la impotencia; medicamentos para la presi\u00f3n arterial alta, etc. Comun\u00edquese con su m\u00e9dico o farmac\u00e9utico para obtener m\u00e1s detalles.<\/p>\n<p>Dosis omitida<\/p>\n<p>Abhiforce-D se usa seg\u00fan sea necesario, por lo que no se recomienda ning\u00fan r\u00e9gimen de dosificaci\u00f3n.<\/p>\n<p>Sobredosis <\/p>\n<p>Si cree que ha usado demasiado Abhiforce-D, busque ayuda m\u00e9dica inmediata. Los s\u00edntomas de una sobredosis generalmente incluyen dolor en el pecho, n\u00e1useas, latidos card\u00edacos irregulares y sensaci\u00f3n de mareo o desmayo.<\/p>\n<p>Almacenamiento<\/p>\n<p>Guarde Abhiforce-D a una temperatura que no sea inferior a 68 \u00b0F ni superior a 77 \u00b0F. (20-25\u00b0C), protegido de la luz y la humedad. No guarde drogas en el ba\u00f1o. Mantenga todos los medicamentos fuera del alcance de los ni\u00f1os y los animales.<\/p>\n<p>Descargo de responsabilidad<\/p>\n<p>Solo proporcionamos informaci\u00f3n general sobre los medicamentos que no cubre todas las instrucciones, posibles integraciones de medicamentos ni precauciones. La informaci\u00f3n del sitio no se puede utilizar para autotratamiento y autodiagn\u00f3stico. Cualquier instrucci\u00f3n espec\u00edfica para un paciente en particular debe acordarse con su asesor de atenci\u00f3n m\u00e9dica o m\u00e9dico a cargo del caso. Renunciamos a la fiabilidad de esta informaci\u00f3n y a los errores que pueda contener. No somos responsables de ning\u00fan da\u00f1o directo, indirecto, especial u otro da\u00f1o indirecto como resultado de cualquier uso de la informaci\u00f3n en este sitio y tampoco de las consecuencias del autotratamiento.<\/p>\n","protected":false},"excerpt":{"rendered":"<p>Abhiforce-D Gen\u00e9rico es una combinaci\u00f3n de ingredientes activos que se utilizan para tratar la disfunci\u00f3n er\u00e9ctil y la eyaculaci\u00f3n precoz.<\/p>\n","protected":false},"featured_media":6043,"comment_status":"open","ping_status":"closed","template":"","meta":[],"product_brand":[],"product_cat":[216],"product_tag":[],"class_list":{"0":"post-2111","1":"product","2":"type-product","3":"status-publish","4":"has-post-thumbnail","6":"product_cat-eyaculacion-precoz-es","7":"pa_active_substance-dapoxetine","8":"pa_active_substance-sildenafil","10":"first","11":"instock","12":"shipping-taxable","13":"product-type-simple"},"jetpack_sharing_enabled":true,"_links":{"self":[{"href":"https:\/\/pharmacy-content.com\/index.php?rest_route=\/wp\/v2\/product\/2111","targetHints":{"allow":["GET"]}}],"collection":[{"href":"https:\/\/pharmacy-content.com\/index.php?rest_route=\/wp\/v2\/product"}],"about":[{"href":"https:\/\/pharmacy-content.com\/index.php?rest_route=\/wp\/v2\/types\/product"}],"replies":[{"embeddable":true,"href":"https:\/\/pharmacy-content.com\/index.php?rest_route=%2Fwp%2Fv2%2Fcomments&post=2111"}],"wp:featuredmedia":[{"embeddable":true,"href":"https:\/\/pharmacy-content.com\/index.php?rest_route=\/wp\/v2\/media\/6043"}],"wp:attachment":[{"href":"https:\/\/pharmacy-content.com\/index.php?rest_route=%2Fwp%2Fv2%2Fmedia&parent=2111"}],"wp:term":[{"taxonomy":"product_brand","embeddable":true,"href":"https:\/\/pharmacy-content.com\/index.php?rest_route=%2Fwp%2Fv2%2Fproduct_brand&post=2111"},{"taxonomy":"product_cat","embeddable":true,"href":"https:\/\/pharmacy-content.com\/index.php?rest_route=%2Fwp%2Fv2%2Fproduct_cat&post=2111"},{"taxonomy":"product_tag","embeddable":true,"href":"https:\/\/pharmacy-content.com\/index.php?rest_route=%2Fwp%2Fv2%2Fproduct_tag&post=2111"}],"curies":[{"name":"wp","href":"https:\/\/api.w.org\/{rel}","templated":true}]}}