{"id":2129,"date":"2026-04-22T06:44:39","date_gmt":"2026-04-22T06:44:39","guid":{"rendered":""},"modified":"2026-04-22T06:59:29","modified_gmt":"2026-04-22T06:59:29","slug":"abhiforce-d-8","status":"publish","type":"product","link":"https:\/\/pharmacy-content.com\/?product=abhiforce-d-8&lang=sv","title":{"rendered":"Abhiforce-D"},"content":{"rendered":"<p>Vanlig anv\u00e4ndning<\/p>\n<p>Huvudkomponenterna i Abhiforce-D \u00e4r Sildenafil &#8211; 100 mg och Dapoxetin &#8211; 60 mg.<\/p>\n<p>Sildenafil och Dapoxetin \u00e4r ansvariga f\u00f6r sexuell styrka. Smidig muskeltoning till\u00e5ter \u00f6kat blodfl\u00f6de in i vissa omr\u00e5den av penis vilket resulterar i erektion. Sildenafil anv\u00e4nds f\u00f6r behandling av manlig erektil dysfunktion (impotens) och pulmonell arteriell hypertoni. Den kan ocks\u00e5 anv\u00e4ndas f\u00f6r andra \u00e4ndam\u00e5l som inte anges ovan.<\/p>\n<p>Dosering och anvisning<\/p>\n<p>Produkten tas efter behov cirka 1 timme f\u00f6re sexuell aktivitet. Ta inte Abhiforce-D mer \u00e4n en gel\u00e9 per dag. Fettrika m\u00e5ltider kan f\u00f6rdr\u00f6ja effekten av beredningen. Avst\u00e5 fr\u00e5n att \u00e4ta grapefrukt eller drick grapefruktjuice medan du behandlas med Sildenafil och Dapoxetin.<\/p>\n<p>F\u00f6rsiktighets\u00e5tg\u00e4rder<\/p>\n<p>Det rekommenderas starkt att du r\u00e5dg\u00f6r med din l\u00e4kare eller apotekspersonal innan du b\u00f6rjar ta Sildenafil eller\/och Dapoxetin, och s\u00e4rskilt betona om du \u00e4r allergisk mot dessa l\u00e4kemedel eller om du har andra allergier. \u00c5ldrade personer kan vara mer k\u00e4nsliga f\u00f6r biverkningar av produkten.<\/p>\n<p>Kontraindikationer<\/p>\n<p>Abhiforce-D \u00e4r kontraindicerat om patienter som tar ett annat l\u00e4kemedel f\u00f6r att behandla impotens eller anv\u00e4nder ett nitratl\u00e4kemedel mot br\u00f6stsm\u00e4rtor eller hj\u00e4rtproblem . Detta l\u00e4kemedel b\u00f6r inte tas av kvinnor och barn samt personer med k\u00e4nd \u00f6verk\u00e4nslighet mot n\u00e5gon komponent.<\/p>\n<p>M\u00f6jliga biverkningar<\/p>\n<p>De vanligaste biverkningarna av Abhiforce-D \u00e4r huvudv\u00e4rk, mage uppr\u00f6rdhet, n\u00e4st\u00e4ppa, yrsel, yrsel eller diarr\u00e9, rodnad, halsbr\u00e4nna. Allvarliga allergiska reaktioner mot l\u00e4kemedel har inte uppt\u00e4ckts tidigare men du b\u00f6r omedelbart s\u00f6ka medicinsk hj\u00e4lp om n\u00e5gon av dem intr\u00e4ffar. M\u00e5nga m\u00e4nniskor som anv\u00e4nder Abhiforce-D har inga allvarliga biverkningar. Om du m\u00e4rker n\u00e5gon av biverkningarna som inte anges ovan &#8211; kontakta din l\u00e4kare eller apotekspersonal.<\/p>\n<p>L\u00e4kemedelsinteraktion<\/p>\n<p>Abhiforce-D ska inte tas med nitrater och fritidsdroger som kallas poppers som inneh\u00e5ller amyl eller butylnitrit; alfa-blockerare; andra impotensbehandlingsmediciner; h\u00f6gt blodtrycksmedicin, etc. Kontakta din l\u00e4kare eller apotekspersonal f\u00f6r mer information.<\/p>\n<p>Missad dos<\/p>\n<p>Abhiforce-D anv\u00e4nds vid behov s\u00e5 ingen dosregim \u00e4r avsedd.<\/p>\n<p>\u00d6verdosering <\/p>\n<p>Om du tror att du har anv\u00e4nt f\u00f6r mycket av Abhiforce-D, s\u00f6k omedelbar medicinsk hj\u00e4lp direkt. Symtomen p\u00e5 \u00f6verdosering inkluderar vanligtvis br\u00f6stsm\u00e4rtor, illam\u00e5ende, oregelbunden hj\u00e4rtrytm och k\u00e4nsla av yrsel eller svimning.<\/p>\n<p>F\u00f6rvaring<\/p>\n<p>F\u00f6rvara Abhiforce-D i en temperatur som inte \u00e4r l\u00e4gre \u00e4n 68\u00b0F och inte \u00f6verstiger 77\u00b0F (20-25\u00b0C), borta fr\u00e5n ljus och fukt. F\u00f6rvara inte droger i badrummet. H\u00e5ll alla droger utom r\u00e4ckh\u00e5ll f\u00f6r barn och djur.<\/p>\n<p>Ansvarsfriskrivning<\/p>\n<p>Vi tillhandah\u00e5ller endast allm\u00e4n information om mediciner som inte t\u00e4cker alla riktningar, m\u00f6jliga l\u00e4kemedelsintegrationer eller f\u00f6rsiktighets\u00e5tg\u00e4rder. Information p\u00e5 webbplatsen kan inte anv\u00e4ndas f\u00f6r sj\u00e4lvbehandling och sj\u00e4lvdiagnos. Eventuella specifika instruktioner f\u00f6r en viss patient b\u00f6r \u00f6verenskommas med din h\u00e4lsor\u00e5dgivare eller l\u00e4kare som \u00e4r ansvarig f\u00f6r \u00e4rendet. Vi fr\u00e5ns\u00e4ger oss tillf\u00f6rlitligheten av denna information och misstag den kan inneh\u00e5lla. Vi ansvarar inte f\u00f6r n\u00e5gra direkta, indirekta, speciella eller andra indirekta skador till f\u00f6ljd av n\u00e5gon anv\u00e4ndning av informationen p\u00e5 denna webbplats och \u00e4ven f\u00f6r konsekvenser av egenbehandling.<\/p>\n","protected":false},"excerpt":{"rendered":"<p>Abhiforce-D Generisk \u00e4r en kombination av aktiva ingredienser som anv\u00e4nds f\u00f6r att behandla erektil dysfunktion och f\u00f6r tidig utl\u00f6sning.<\/p>\n","protected":false},"featured_media":6043,"comment_status":"open","ping_status":"closed","template":"","meta":[],"product_brand":[],"product_cat":[225],"product_tag":[],"class_list":{"0":"post-2129","1":"product","2":"type-product","3":"status-publish","4":"has-post-thumbnail","6":"product_cat-for-tidig-utlosning-sv","7":"pa_active_substance-dapoxetine","8":"pa_active_substance-sildenafil","10":"first","11":"instock","12":"shipping-taxable","13":"product-type-simple"},"jetpack_sharing_enabled":true,"_links":{"self":[{"href":"https:\/\/pharmacy-content.com\/index.php?rest_route=\/wp\/v2\/product\/2129","targetHints":{"allow":["GET"]}}],"collection":[{"href":"https:\/\/pharmacy-content.com\/index.php?rest_route=\/wp\/v2\/product"}],"about":[{"href":"https:\/\/pharmacy-content.com\/index.php?rest_route=\/wp\/v2\/types\/product"}],"replies":[{"embeddable":true,"href":"https:\/\/pharmacy-content.com\/index.php?rest_route=%2Fwp%2Fv2%2Fcomments&post=2129"}],"wp:featuredmedia":[{"embeddable":true,"href":"https:\/\/pharmacy-content.com\/index.php?rest_route=\/wp\/v2\/media\/6043"}],"wp:attachment":[{"href":"https:\/\/pharmacy-content.com\/index.php?rest_route=%2Fwp%2Fv2%2Fmedia&parent=2129"}],"wp:term":[{"taxonomy":"product_brand","embeddable":true,"href":"https:\/\/pharmacy-content.com\/index.php?rest_route=%2Fwp%2Fv2%2Fproduct_brand&post=2129"},{"taxonomy":"product_cat","embeddable":true,"href":"https:\/\/pharmacy-content.com\/index.php?rest_route=%2Fwp%2Fv2%2Fproduct_cat&post=2129"},{"taxonomy":"product_tag","embeddable":true,"href":"https:\/\/pharmacy-content.com\/index.php?rest_route=%2Fwp%2Fv2%2Fproduct_tag&post=2129"}],"curies":[{"name":"wp","href":"https:\/\/api.w.org\/{rel}","templated":true}]}}