{"id":2141,"date":"2026-04-22T06:44:41","date_gmt":"2026-04-22T06:44:41","guid":{"rendered":""},"modified":"2026-04-22T06:59:29","modified_gmt":"2026-04-22T06:59:29","slug":"abhiforce-d-10","status":"publish","type":"product","link":"https:\/\/pharmacy-content.com\/?product=abhiforce-d-10&lang=cs","title":{"rendered":"Abhiforce-D"},"content":{"rendered":"<p>B\u011b\u017en\u00e9 pou\u017eit\u00ed<\/p>\n<p>Hlavn\u00edmi slo\u017ekami Abhiforce-D jsou Sildenafil &#8211; 100 mg a Dapoxetin &#8211; 60 mg.<\/p>\n<p>Sildenafil a Dapoxetin jsou zodpov\u011bdn\u00e9 za sexu\u00e1ln\u00ed potenci. Tonizace hladk\u00e9ho svalstva umo\u017e\u0148uje zv\u00fd\u0161en\u00ed prokrven\u00ed do ur\u010dit\u00fdch oblast\u00ed penisu, co\u017e vede k erekci. Sildenafil se pou\u017e\u00edv\u00e1 k l\u00e9\u010db\u011b mu\u017esk\u00e9 erektiln\u00ed dysfunkce (impotence) a plicn\u00ed arteri\u00e1ln\u00ed hypertenze. M\u016f\u017ee b\u00fdt tak\u00e9 pou\u017eit k jin\u00fdm \u00fa\u010del\u016fm, kter\u00e9 nejsou uvedeny v\u00fd\u0161e.<\/p>\n<p>D\u00e1vkov\u00e1n\u00ed a sm\u011br<\/p>\n<p>Produkt se u\u017e\u00edv\u00e1 podle pot\u0159eby p\u0159ibli\u017en\u011b 1 hodinu p\u0159ed sexu\u00e1ln\u00ed aktivitou. Neu\u017e\u00edvejte Abhiforce-D v\u00edce ne\u017e jednu \u017eel\u00e9 denn\u011b. J\u00eddla s vysok\u00fdm obsahem tuku mohou zpozdit \u00fa\u010dinek p\u0159\u00edpravku. Zdr\u017ete se konzumace grapefruit\u016f nebo pit\u00ed grapefruitov\u00e9ho d\u017eusu b\u011bhem l\u00e9\u010dby Sildenafil a Dapoxetin.<\/p>\n<p>Opat\u0159en\u00ed<\/p>\n<p>D\u016frazn\u011b se doporu\u010duje konzultovat sv\u00e9ho l\u00e9ka\u0159e nebo l\u00e9k\u00e1rn\u00edka p\u0159ed zah\u00e1jen\u00edm u\u017e\u00edv\u00e1n\u00ed Sildenafil a\/nebo Dapoxetin, a zvl\u00e1\u0161t\u011b zd\u016fraznit, pokud jste alergi\u010dt\u00ed na tyto l\u00e9ky nebo m\u00e1te jak\u00e9koli jin\u00e9 alergie. Star\u0161\u00ed lid\u00e9 mohou b\u00fdt citliv\u011bj\u0161\u00ed na vedlej\u0161\u00ed \u00fa\u010dinky produktu.<\/p>\n<p>Kontraindikace<\/p>\n<p>Abhiforce-D je kontraindikov\u00e1n, pokud pacienti u\u017e\u00edvaj\u00ed jin\u00fd l\u00e9k k l\u00e9\u010db\u011b impotence nebo pou\u017e\u00edvaj\u00ed nitr\u00e1ty pro bolest na hrudi nebo srde\u010dn\u00ed probl\u00e9my. Tento l\u00e9k by nem\u011bly u\u017e\u00edvat \u017eeny a d\u011bti, ani osoby s prok\u00e1zanou hypersenzitivitou na jakoukoli slo\u017eku.<\/p>\n<p>Mo\u017en\u00e9 vedlej\u0161\u00ed \u00fa\u010dinky<\/p>\n<p>Nejb\u011b\u017en\u011bj\u0161\u00edmi vedlej\u0161\u00edmi \u00fa\u010dinky Abhiforce-D jsou bolest hlavy, \u017ealude\u010dn\u00ed pot\u00ed\u017ee, ucp\u00e1n\u00ed nosu, lehk\u00e1 hlava, z\u00e1vrat\u011b nebo pr\u016fjem, zarudnut\u00ed, p\u00e1len\u00ed \u017e\u00e1hy. Z\u00e1va\u017en\u00e9 alergick\u00e9 reakce na l\u00e9k dosud nebyly detekov\u00e1ny, ale m\u011bli byste okam\u017eit\u011b vyhledat l\u00e9ka\u0159skou pomoc, pokud n\u011bkter\u00fd z nich nastane. Mnoho lid\u00ed u\u017e\u00edvaj\u00edc\u00edch Abhiforce-D nem\u00e1 z\u00e1va\u017en\u00e9 vedlej\u0161\u00ed \u00fa\u010dinky. Pokud si v\u0161imnete jak\u00fdchkoli vedlej\u0161\u00edch \u00fa\u010dink\u016f, kter\u00e9 nejsou uvedeny v\u00fd\u0161e &#8211; kontaktujte sv\u00e9ho l\u00e9ka\u0159e nebo l\u00e9k\u00e1rn\u00edka.<\/p>\n<p>Interakce s l\u00e9ky<\/p>\n<p>Abhiforce-D by nem\u011bl b\u00fdt u\u017e\u00edv\u00e1n s nitr\u00e1ty a rekrea\u010dn\u00edmi drogami zvan\u00fdmi poppers, kter\u00e9 obsahuj\u00ed amyl nebo butyl nitrit; alfa-blok\u00e1tory; jin\u00e9 l\u00e9ky na l\u00e9\u010dbu impotence; l\u00e9ky na vysok\u00fd krevn\u00ed tlak atd. Kontaktujte sv\u00e9ho l\u00e9ka\u0159e nebo l\u00e9k\u00e1rn\u00edka pro v\u00edce podrobnost\u00ed.<\/p>\n<p>Zme\u0161kan\u00e1 d\u00e1vka<\/p>\n<p>Abhiforce-D se pou\u017e\u00edv\u00e1 podle pot\u0159eby, tak\u017ee nen\u00ed ur\u010den \u017e\u00e1dn\u00fd d\u00e1vkovac\u00ed re\u017eim.<\/p>\n<p>P\u0159ed\u00e1vkov\u00e1n\u00ed<\/p>\n<p>Pokud si mysl\u00edte, \u017ee jste u\u017eili p\u0159\u00edli\u0161 mnoho Abhiforce-D, vyhledejte okam\u017eit\u011b l\u00e9ka\u0159skou pomoc. P\u0159\u00edznaky p\u0159ed\u00e1vkov\u00e1n\u00ed obvykle zahrnuj\u00ed bolest na hrudi, nevolnost, nepravideln\u00fd srde\u010dn\u00ed rytmus a pocit lehk\u00e9 hlavy nebo omdlen\u00ed.<\/p>\n<p>Skladov\u00e1n\u00ed<\/p>\n<p>Skladujte Abhiforce-D p\u0159i teplot\u011b, kter\u00e1 nen\u00ed ni\u017e\u0161\u00ed ne\u017e 68\u00b0F a nep\u0159esahuje 77\u00b0F (20-25\u00b0C), daleko od sv\u011btla a vlhkosti. Neskladujte l\u00e9ky v koupeln\u011b. Uchov\u00e1vejte v\u0161echny l\u00e9ky mimo dosah d\u011bt\u00ed a zv\u00ed\u0159at.<\/p>\n<p>Upozorn\u011bn\u00ed<\/p>\n<p>Poskytujeme pouze obecn\u00e9 informace o l\u00e9c\u00edch, kter\u00e9 nepokr\u00fdvaj\u00ed v\u0161echny pokyny, mo\u017en\u00e9 l\u00e9kov\u00e9 interakce nebo opat\u0159en\u00ed. Informace na t\u00e9to str\u00e1nce nelze pou\u017e\u00edt k samol\u00e9\u010db\u011b a samodiagn\u00f3ze. Jak\u00e9koli konkr\u00e9tn\u00ed pokyny pro konkr\u00e9tn\u00edho pacienta by m\u011bly b\u00fdt dohodnuty s va\u0161\u00edm zdravotn\u00edm poradcem nebo l\u00e9ka\u0159em, kter\u00fd m\u00e1 na starosti v\u00e1\u0161 p\u0159\u00edpad. Odp\u00edr\u00e1me spolehlivost t\u011bchto informac\u00ed a chyby, kter\u00e9 by mohly obsahovat. Nejsme odpov\u011bdn\u00ed za \u017e\u00e1dn\u00e9 p\u0159\u00edm\u00e9, nep\u0159\u00edm\u00e9, zvl\u00e1\u0161tn\u00ed nebo jin\u00e9 nep\u0159\u00edm\u00e9 \u0161kody v d\u016fsledku jak\u00e9hokoli pou\u017eit\u00ed informac\u00ed na t\u00e9to str\u00e1nce a tak\u00e9 za n\u00e1sledky samol\u00e9\u010dby.<\/p>\n","protected":false},"excerpt":{"rendered":"<p>Abhiforce-D Generic je kombinac\u00ed \u00fa\u010dinn\u00fdch l\u00e1tek, kter\u00e9 se pou\u017e\u00edvaj\u00ed k l\u00e9\u010db\u011b erektiln\u00ed dysfunkce a p\u0159ed\u010dasn\u00e9 ejakulace.<\/p>\n","protected":false},"featured_media":6043,"comment_status":"open","ping_status":"closed","template":"","meta":[],"product_brand":[],"product_cat":[231],"product_tag":[],"class_list":{"0":"post-2141","1":"product","2":"type-product","3":"status-publish","4":"has-post-thumbnail","6":"product_cat-predcasna-ejakulace-cs","7":"pa_active_substance-dapoxetine","8":"pa_active_substance-sildenafil","10":"first","11":"instock","12":"shipping-taxable","13":"product-type-simple"},"jetpack_sharing_enabled":true,"_links":{"self":[{"href":"https:\/\/pharmacy-content.com\/index.php?rest_route=\/wp\/v2\/product\/2141","targetHints":{"allow":["GET"]}}],"collection":[{"href":"https:\/\/pharmacy-content.com\/index.php?rest_route=\/wp\/v2\/product"}],"about":[{"href":"https:\/\/pharmacy-content.com\/index.php?rest_route=\/wp\/v2\/types\/product"}],"replies":[{"embeddable":true,"href":"https:\/\/pharmacy-content.com\/index.php?rest_route=%2Fwp%2Fv2%2Fcomments&post=2141"}],"wp:featuredmedia":[{"embeddable":true,"href":"https:\/\/pharmacy-content.com\/index.php?rest_route=\/wp\/v2\/media\/6043"}],"wp:attachment":[{"href":"https:\/\/pharmacy-content.com\/index.php?rest_route=%2Fwp%2Fv2%2Fmedia&parent=2141"}],"wp:term":[{"taxonomy":"product_brand","embeddable":true,"href":"https:\/\/pharmacy-content.com\/index.php?rest_route=%2Fwp%2Fv2%2Fproduct_brand&post=2141"},{"taxonomy":"product_cat","embeddable":true,"href":"https:\/\/pharmacy-content.com\/index.php?rest_route=%2Fwp%2Fv2%2Fproduct_cat&post=2141"},{"taxonomy":"product_tag","embeddable":true,"href":"https:\/\/pharmacy-content.com\/index.php?rest_route=%2Fwp%2Fv2%2Fproduct_tag&post=2141"}],"curies":[{"name":"wp","href":"https:\/\/api.w.org\/{rel}","templated":true}]}}