{"id":2178,"date":"2026-04-22T06:44:50","date_gmt":"2026-04-22T06:44:50","guid":{"rendered":""},"modified":"2026-04-22T06:44:56","modified_gmt":"2026-04-22T06:44:56","slug":"abhigra-6","status":"publish","type":"product","link":"https:\/\/pharmacy-content.com\/?product=abhigra-6&lang=pl","title":{"rendered":"Abhigra"},"content":{"rendered":"<p>Powszechne zastosowanie<br \/>\nG\u0142\u00f3wnym sk\u0142adnikiem Viagry jest cytrynian sildenafilu. Cytrynian sildenafilu wp\u0142ywa na reakcj\u0119 na stymulacj\u0119 seksualn\u0105. Dzia\u0142a poprzez zwi\u0119kszenie relaksacji mi\u0119\u015bni g\u0142adkich za pomoc\u0105 tlenku azotu, substancji chemicznej zwykle uwalnianej w odpowiedzi na stymulacj\u0119 seksualn\u0105. To rozlu\u017anienie mi\u0119\u015bni g\u0142adkich umo\u017cliwia zwi\u0119kszony przep\u0142yw krwi do niekt\u00f3rych obszar\u00f3w pr\u0105cia, co prowadzi do erekcji. Cytrynian sildenafilu stosuje si\u0119 w leczeniu zaburze\u0144 erekcji (impotencji) u m\u0119\u017cczyzn i t\u0119tniczego nadci\u015bnienia p\u0142ucnego. Cytrynian sildenafilu mo\u017cna r\u00f3wnie\u017c stosowa\u0107 do innych cel\u00f3w nie wymienionych powy\u017cej.<\/p>\n<p>Dawkowanie i kierunek stosowania<br \/>\nZwykle zalecana dawka to 50 mg. Lek nale\u017cy przyjmowa\u0107 oko\u0142o 0,5-1 godziny przed aktywno\u015bci\u0105 seksualn\u0105. Nie nale\u017cy przyjmowa\u0107 Viagry cz\u0119\u015bciej ni\u017c raz dziennie. Posi\u0142ek wysokot\u0142uszczowy mo\u017ce op\u00f3\u017ani\u0107 czas dzia\u0142ania leku. Staraj si\u0119 nie je\u015b\u0107 grejpfrut\u00f3w ani nie pi\u0107 soku grejpfrutowego podczas leczenia cytrynianem sildenafilu.<\/p>\n<p>\u015arodki ostro\u017cno\u015bci<br \/>\nPrzed rozpocz\u0119ciem stosowania cytrynianu sildenafilu nale\u017cy powiedzie\u0107 lekarzowi lub farmaceucie, je\u015bli pacjent jest uczulony na ten lek lub ma inne alergie. Osoby w podesz\u0142ym wieku mog\u0105 by\u0107 bardziej wra\u017cliwe na skutki uboczne leku.<\/p>\n<p>Przeciwwskazania<br \/>\nAbhigra jest przeciwwskazana u pacjent\u00f3w przyjmuj\u0105cych inny lek na impotencj\u0119 lub stosuj\u0105cych lek azotanowy na b\u00f3l w klatce piersiowej lub problemy z sercem. Leku tego nie powinny stosowa\u0107 kobiety i dzieci, a tak\u017ce pacjenci ze stwierdzon\u0105 nadwra\u017cliwo\u015bci\u0105 na kt\u00f3rykolwiek sk\u0142adnik tabletki.<\/p>\n<p>Mo\u017cliwe dzia\u0142ania niepo\u017c\u0105dane<br \/>\nNajcz\u0119stsze dzia\u0142ania niepo\u017c\u0105dane to b\u00f3l g\u0142owy, uderzenia gor\u0105ca, zgaga, rozstr\u00f3j \u017co\u0142\u0105dka, katar duszno\u015b\u0107, zawroty g\u0142owy, zawroty g\u0142owy lub biegunka. Powa\u017cna reakcja alergiczna na ten lek wyst\u0119puje bardzo rzadko, je\u015bli jednak wyst\u0105pi, nale\u017cy natychmiast zwr\u00f3ci\u0107 si\u0119 o pomoc lekarsk\u0105. U wielu os\u00f3b stosuj\u0105cych ten lek nie wyst\u0119puj\u0105 powa\u017cne skutki uboczne. W przypadku zauwa\u017cenia jakichkolwiek dzia\u0142a\u0144 niepo\u017c\u0105danych niewymienionych powy\u017cej nale\u017cy skontaktowa\u0107 si\u0119 z lekarzem lub farmaceut\u0105.<\/p>\n<p>Interakcje lek\u00f3w<br \/>\nTego leku nie nale\u017cy stosowa\u0107 z azotanami i narkotykami rekreacyjnymi zwanymi \u201epoppersami\u201d zawieraj\u0105cymi azotyn amylu lub butylu; leki alfa-blokuj\u0105ce; inne leki na impotencj\u0119; leki na nadci\u015bnienie itp. Aby uzyska\u0107 wi\u0119cej informacji, skonsultuj si\u0119 ze swoim lekarzem lub farmaceut\u0105.<\/p>\n<p>Pomini\u0119ta dawka<br \/>\nAbhigra jest stosowana w razie potrzeby, wi\u0119c jest ma\u0142o prawdopodobne, \u017ce b\u0119dziesz dawkowa\u0107 zgodnie ze schematem.<\/p>\n<p>Przedawkowanie<br \/>\nJe\u015bli uwa\u017casz, \u017ce stosowa\u0142e\u015b zbyt du\u017cej dawki tego leku, nale\u017cy natychmiast zwr\u00f3ci\u0107 si\u0119 o pomoc lekarsk\u0105. Objawy przedawkowania obejmuj\u0105 zwykle b\u00f3l w klatce piersiowej, nudno\u015bci, nieregularne bicie serca oraz uczucie oszo\u0142omienia lub omdlenia.<\/p>\n<p>Przechowywanie<br \/>\nLeki nale\u017cy przechowywa\u0107 w temperaturze pokojowej (20-25 stopni C), z dala od \u015bwiat\u0142a i \u015bwiat\u0142a wilgo\u0107. Nie przechowuj lek\u00f3w w \u0142azience. Wszystkie leki nale\u017cy przechowywa\u0107 z dala od dzieci i zwierz\u0105t domowych.<\/p>\n<p>Zastrze\u017cenie<br \/>\nPodajemy jedynie og\u00f3lne informacje na temat lek\u00f3w, kt\u00f3re nie obejmuj\u0105 wszystkich wskaz\u00f3wek, mo\u017cliwych po\u0142\u0105cze\u0144 lek\u00f3w ani \u015brodk\u00f3w ostro\u017cno\u015bci. Informacje zawarte na stronie nie mog\u0105 by\u0107 wykorzystywane do samodzielnego leczenia i autodiagnozy. Wszelkie szczeg\u00f3\u0142owe instrukcje dla konkretnego pacjenta nale\u017cy uzgodni\u0107 z doradc\u0105 ds. opieki zdrowotnej lub lekarzem prowadz\u0105cym dany przypadek. Zrzekamy si\u0119 wiarygodno\u015bci tych informacji i wszelkich b\u0142\u0119d\u00f3w, jakie mog\u0105 one zawiera\u0107. Nie ponosimy odpowiedzialno\u015bci za jakiekolwiek bezpo\u015brednie, po\u015brednie, specjalne lub inne po\u015brednie szkody powsta\u0142e w wyniku wykorzystania informacji zawartych na tej stronie, a tak\u017ce za konsekwencje samoleczenia.<\/p>\n","protected":false},"excerpt":{"rendered":"<p>Abhigra 100 Tablet to lek na recept\u0119 stosowany w leczeniu zaburze\u0144 erekcji (impotencji) u m\u0119\u017cczyzn. Dzia\u0142a poprzez zwi\u0119kszenie przep\u0142ywu krwi do penisa. Pomaga to m\u0119\u017cczyznom uzyska\u0107 lub utrzyma\u0107 erekcj\u0119. Nale\u017cy do grupy lek\u00f3w zwanych inhibitorami fosfodiesterazy typu 5 (PDE 5).<\/p>\n","protected":false},"featured_media":2148,"comment_status":"open","ping_status":"closed","template":"","meta":[],"product_brand":[],"product_cat":[129],"product_tag":[],"class_list":{"0":"post-2178","1":"product","2":"type-product","3":"status-publish","4":"has-post-thumbnail","6":"product_cat-dysfunkcja-erekcji-pl","7":"pa_active_substance-sildenafil","9":"first","10":"instock","11":"shipping-taxable","12":"product-type-variable"},"jetpack_sharing_enabled":true,"_links":{"self":[{"href":"https:\/\/pharmacy-content.com\/index.php?rest_route=\/wp\/v2\/product\/2178","targetHints":{"allow":["GET"]}}],"collection":[{"href":"https:\/\/pharmacy-content.com\/index.php?rest_route=\/wp\/v2\/product"}],"about":[{"href":"https:\/\/pharmacy-content.com\/index.php?rest_route=\/wp\/v2\/types\/product"}],"replies":[{"embeddable":true,"href":"https:\/\/pharmacy-content.com\/index.php?rest_route=%2Fwp%2Fv2%2Fcomments&post=2178"}],"wp:featuredmedia":[{"embeddable":true,"href":"https:\/\/pharmacy-content.com\/index.php?rest_route=\/wp\/v2\/media\/2148"}],"wp:attachment":[{"href":"https:\/\/pharmacy-content.com\/index.php?rest_route=%2Fwp%2Fv2%2Fmedia&parent=2178"}],"wp:term":[{"taxonomy":"product_brand","embeddable":true,"href":"https:\/\/pharmacy-content.com\/index.php?rest_route=%2Fwp%2Fv2%2Fproduct_brand&post=2178"},{"taxonomy":"product_cat","embeddable":true,"href":"https:\/\/pharmacy-content.com\/index.php?rest_route=%2Fwp%2Fv2%2Fproduct_cat&post=2178"},{"taxonomy":"product_tag","embeddable":true,"href":"https:\/\/pharmacy-content.com\/index.php?rest_route=%2Fwp%2Fv2%2Fproduct_tag&post=2178"}],"curies":[{"name":"wp","href":"https:\/\/api.w.org\/{rel}","templated":true}]}}