{"id":2221,"date":"2026-04-22T06:45:05","date_gmt":"2026-04-22T06:45:05","guid":{"rendered":""},"modified":"2026-04-22T06:45:12","modified_gmt":"2026-04-22T06:45:12","slug":"abhigra-oral-jelly-3","status":"publish","type":"product","link":"https:\/\/pharmacy-content.com\/fr\/product\/abhigra-oral-jelly-3\/","title":{"rendered":"Abhigra Oral Jelly"},"content":{"rendered":"<p>Usage courant<br \/>\nLe sild\u00e9nafil est le composant principal de Abhigra Oral Jelly.<br \/>\nLe sild\u00e9nafil affecte la r\u00e9ponse \u00e0 la stimulation sexuelle. Il agit en am\u00e9liorant la relaxation des muscles lisses gr\u00e2ce \u00e0 l&#8217;oxyde nitrique, un produit chimique normalement lib\u00e9r\u00e9 en r\u00e9ponse \u00e0 une stimulation sexuelle. Cette relaxation des muscles lisses permet une augmentation du flux sanguin dans certaines zones du p\u00e9nis, ce qui conduit \u00e0 une \u00e9rection.<br \/>\nLe sild\u00e9nafil est utilis\u00e9 pour le traitement de la dysfonction \u00e9rectile (impuissance) chez les hommes et de l&#8217;hypertension art\u00e9rielle pulmonaire.<br \/>\nLe sild\u00e9nafil peut \u00e9galement \u00eatre utilis\u00e9 \u00e0 d&#8217;autres fins. non r\u00e9pertori\u00e9 ci-dessus.<\/p>\n<p>Dosage et administration<br \/>\nAbhigra Oral Jelly est pris, selon les besoins, environ 1 heure avant l&#8217;activit\u00e9 sexuelle. Ne prenez pas Abhigra Oral Jelly plus d&#8217;une fois par jour.<br \/>\nUn repas riche en graisses peut retarder l&#8217;effet de ce m\u00e9dicament.<br \/>\nEssayez de ne pas manger de pamplemousse ni de boire de jus de pamplemousse pendant que vous \u00eates trait\u00e9 par Sild\u00e9nafil.<\/p>\n<p>Pr\u00e9cautions<br \/>\nAvant de commencer \u00e0 prendre du Sild\u00e9nafil, informez votre m\u00e9decin ou votre pharmacien si vous y \u00eates allergique ; ou si vous avez d&#8217;autres allergies.<br \/>\nLes personnes \u00e2g\u00e9es peuvent \u00eatre plus sensibles aux effets secondaires du m\u00e9dicament.<\/p>\n<p>Contre-indications<br \/>\nAbhigra Oral Jelly est contre-indiqu\u00e9 chez les patients prenant un autre m\u00e9dicament pour traiter l&#8217;impuissance ou utilisant un m\u00e9dicament \u00e0 base de nitrate pour des douleurs thoraciques ou cardiaques. probl\u00e8mes.<br \/>\nCe m\u00e9dicament ne doit pas \u00eatre pris par les femmes et les enfants, ainsi que par les patients pr\u00e9sentant une hypersensibilit\u00e9 connue \u00e0 l&#8217;un des composants du comprim\u00e9.<\/p>\n<p>Effets secondaires possibles<br \/>\nLes effets secondaires les plus courants sont des maux de t\u00eate, des bouff\u00e9es vasomotrices, des br\u00fblures d&#8217;estomac, des maux d&#8217;estomac. , congestion nasale, \u00e9tourdissements, \u00e9tourdissements ou diarrh\u00e9e.<br \/>\nUne r\u00e9action allergique grave \u00e0 ce m\u00e9dicament est tr\u00e8s rare, mais consultez imm\u00e9diatement un m\u00e9decin si elle se produit.<br \/>\nDe nombreuses personnes utilisant ce m\u00e9dicament n&#8217;ont pas d&#8217;effets secondaires graves.<br \/>\nSi vous en remarquez effets secondaires non mentionn\u00e9s ci-dessus, contactez votre m\u00e9decin ou votre pharmacien.<\/p>\n<p>Interaction m\u00e9dicamenteuse<br \/>\nCe m\u00e9dicament ne doit pas \u00eatre utilis\u00e9 avec des nitrates et des drogues r\u00e9cr\u00e9atives appel\u00e9es \u2018poppers\u2019 contenant du nitrite d&#8217;amyle ou de butyle ; m\u00e9dicaments alpha-bloquants; d&#8217;autres m\u00e9dicaments contre l&#8217;impuissance; m\u00e9dicaments contre l&#8217;hypertension, etc.<br \/>\nConsultez votre m\u00e9decin ou votre pharmacien pour plus de d\u00e9tails.<\/p>\n<p>Dose oubli\u00e9e<br \/>\nAbhigra Oral Jelly est utilis\u00e9 selon les besoins, il est donc peu probable que vous suiviez un sch\u00e9ma posologique.<\/p>\n<p>Surdosage<br \/>\nSi vous pensez que vous Si vous avez utilis\u00e9 trop de ce m\u00e9dicament, consultez imm\u00e9diatement un m\u00e9decin d&#8217;urgence. Les sympt\u00f4mes d&#8217;un surdosage comprennent g\u00e9n\u00e9ralement des douleurs thoraciques, des naus\u00e9es, un rythme cardiaque irr\u00e9gulier et une sensation d&#8217;\u00e9tourdissement ou d&#8217;\u00e9vanouissement.<\/p>\n<p>Conservation<\/p>\n<p>Conservez vos m\u00e9dicaments \u00e0 temp\u00e9rature ambiante entre 68 et 77 degr\u00e9s F (20 et 25 degr\u00e9s C), \u00e0 l&#8217;\u00e9cart de lumi\u00e8re et humidit\u00e9. Ne les rangez pas dans la salle de bain. Gardez tous les m\u00e9dicaments hors de port\u00e9e des enfants et des animaux domestiques.<\/p>\n<p>Avis de non-responsabilit\u00e9<br \/>\nNous fournissons uniquement des informations g\u00e9n\u00e9rales sur les m\u00e9dicaments qui ne couvrent pas toutes les directions, les int\u00e9grations possibles de m\u00e9dicaments ou les pr\u00e9cautions. Les informations pr\u00e9sentes sur le site ne peuvent pas \u00eatre utilis\u00e9es pour l\u2019auto-traitement et l\u2019autodiagnostic. Toute instruction sp\u00e9cifique pour un patient particulier doit \u00eatre convenue avec votre conseiller en soins de sant\u00e9 ou votre m\u00e9decin en charge du cas. Nous d\u00e9clinons la fiabilit\u00e9 de ces informations et des erreurs qu&#8217;elles pourraient contenir. Nous ne sommes pas responsables de tout dommage direct, indirect, sp\u00e9cial ou autre indirect r\u00e9sultant de toute utilisation des informations pr\u00e9sentes sur ce site ainsi que des cons\u00e9quences de l&#8217;auto-traitement.<\/p>\n","protected":false},"excerpt":{"rendered":"<p>Abhigra Oral Jelly G\u00e9n\u00e9rique est un m\u00e9dicament sur ordonnance utilis\u00e9 pour traiter la dysfonction \u00e9rectile (impuissance) chez les hommes. Il agit en augmentant le flux sanguin vers le p\u00e9nis. Cela aide les hommes \u00e0 obtenir ou \u00e0 maintenir une \u00e9rection.<\/p>\n","protected":false},"featured_media":2209,"comment_status":"open","ping_status":"closed","template":"","meta":[],"product_brand":[],"product_cat":[120],"product_tag":[],"class_list":{"0":"post-2221","1":"product","2":"type-product","3":"status-publish","4":"has-post-thumbnail","6":"product_cat-dysfonction-erectile-fr","7":"pa_active_substance-sildenafil","9":"first","10":"instock","11":"shipping-taxable","12":"product-type-variable"},"jetpack_sharing_enabled":true,"_links":{"self":[{"href":"https:\/\/pharmacy-content.com\/wp-json\/wp\/v2\/product\/2221","targetHints":{"allow":["GET"]}}],"collection":[{"href":"https:\/\/pharmacy-content.com\/wp-json\/wp\/v2\/product"}],"about":[{"href":"https:\/\/pharmacy-content.com\/wp-json\/wp\/v2\/types\/product"}],"replies":[{"embeddable":true,"href":"https:\/\/pharmacy-content.com\/wp-json\/wp\/v2\/comments?post=2221"}],"wp:featuredmedia":[{"embeddable":true,"href":"https:\/\/pharmacy-content.com\/wp-json\/wp\/v2\/media\/2209"}],"wp:attachment":[{"href":"https:\/\/pharmacy-content.com\/wp-json\/wp\/v2\/media?parent=2221"}],"wp:term":[{"taxonomy":"product_brand","embeddable":true,"href":"https:\/\/pharmacy-content.com\/wp-json\/wp\/v2\/product_brand?post=2221"},{"taxonomy":"product_cat","embeddable":true,"href":"https:\/\/pharmacy-content.com\/wp-json\/wp\/v2\/product_cat?post=2221"},{"taxonomy":"product_tag","embeddable":true,"href":"https:\/\/pharmacy-content.com\/wp-json\/wp\/v2\/product_tag?post=2221"}],"curies":[{"name":"wp","href":"https:\/\/api.w.org\/{rel}","templated":true}]}}