{"id":2233,"date":"2026-04-22T06:45:06","date_gmt":"2026-04-22T06:45:06","guid":{"rendered":""},"modified":"2026-04-22T06:45:13","modified_gmt":"2026-04-22T06:45:13","slug":"abhigra-oral-jelly-5","status":"publish","type":"product","link":"https:\/\/pharmacy-content.com\/es\/product\/abhigra-oral-jelly-5\/","title":{"rendered":"Abhigra Oral Jelly"},"content":{"rendered":"<p>Uso com\u00fan<br \/>\nSildenafil es el componente principal de Abhigra Oral Jelly.<br \/>\nSildenafil afecta la respuesta a la estimulaci\u00f3n sexual. Act\u00faa mejorando la relajaci\u00f3n del m\u00fasculo liso utilizando \u00f3xido n\u00edtrico, una sustancia qu\u00edmica que normalmente se libera en respuesta a la estimulaci\u00f3n sexual. Esta relajaci\u00f3n del m\u00fasculo liso permite un aumento del flujo sangu\u00edneo hacia ciertas \u00e1reas del pene, lo que conduce a una erecci\u00f3n.<br \/>\nEl sildenafil se aplica para el tratamiento de la disfunci\u00f3n er\u00e9ctil (impotencia) en hombres y la hipertensi\u00f3n arterial pulmonar.<br \/>\nEl sildenafil tambi\u00e9n se puede usar para otros fines no mencionado anteriormente.<\/p>\n<p>Dosis y direcci\u00f3n<br \/>\nAbhigra Oral Jelly se toma, seg\u00fan sea necesario, aproximadamente 1 hora antes de la actividad sexual. No tome Abhigra Oral Jelly m\u00e1s de una vez al d\u00eda.<br \/>\nUna comida rica en grasas puede retrasar el tiempo del efecto de este medicamento.<br \/>\nTrate de no comer pomelo ni beber jugo de pomelo mientras est\u00e9 en tratamiento con Sildenafil.<\/p>\n<p>Precauciones<br \/>\n Antes de empezar a tomar Sildenafil, informe a su m\u00e9dico o farmac\u00e9utico si es al\u00e9rgico a \u00e9ste; o si tiene otras alergias.<br \/>\nLas personas de edad avanzada pueden ser m\u00e1s sensibles a los efectos secundarios del medicamento.<\/p>\n<p>Contraindicaciones<br \/>\nAbhigra Oral Jelly est\u00e1 contraindicado en pacientes que toman otro medicamento para tratar la impotencia o que usan un medicamento con nitrato para el dolor de pecho o coraz\u00f3n. problemas.<br \/>\nEste medicamento no debe ser tomado por mujeres y ni\u00f1os, as\u00ed como en pacientes con hipersensibilidad conocida a cualquier componente de la tableta.<\/p>\n<p>Posibles efectos secundarios<br \/>\nLos efectos secundarios m\u00e1s comunes son dolor de cabeza, enrojecimiento, acidez de est\u00f3mago, malestar estomacal. , congesti\u00f3n nasal, aturdimiento, mareos o diarrea.<br \/>\nUna reacci\u00f3n al\u00e9rgica grave a este medicamento es muy rara, pero busque ayuda m\u00e9dica inmediata si ocurre.<br \/>\nMuchas personas que usan este medicamento no tienen efectos secundarios graves.<br \/>\nEn caso de que note alguno Para efectos secundarios no mencionados anteriormente, comun\u00edquese con su m\u00e9dico o farmac\u00e9utico.<\/p>\n<p>Interacci\u00f3n con otros medicamentos<br \/>\nEste medicamento no debe usarse con nitratos ni drogas recreativas llamadas &#8216;poppers&#8217; que contengan nitrito de amilo o butilo; medicamentos alfabloqueantes; otros medicamentos para la impotencia; medicamentos para la presi\u00f3n arterial alta, etc.<br \/>\nConsulte a su m\u00e9dico o farmac\u00e9utico para obtener m\u00e1s detalles.<\/p>\n<p>Dosis omitida<br \/>\nAbhigra Oral Jelly se usa seg\u00fan sea necesario, por lo que es poco probable que siga un horario de dosificaci\u00f3n.<\/p>\n<p>Sobredosis<br \/>\nSi cree que ha usado demasiado de este medicamento, busque atenci\u00f3n m\u00e9dica de emergencia de inmediato. Los s\u00edntomas de una sobredosis generalmente incluyen dolor en el pecho, n\u00e1useas, latidos card\u00edacos irregulares y sensaci\u00f3n de mareo o desmayo.<\/p>\n<p>Almacenamiento<\/p>\n<p>Guarde sus medicamentos a temperatura ambiente, entre 68 y 77 grados F (20 y 25 grados C), lejos de luz y humedad. No los guardes en el ba\u00f1o. Mantenga todos los medicamentos fuera del alcance de los ni\u00f1os y las mascotas.<\/p>\n<p>Descargo de responsabilidad<br \/>\nSolo proporcionamos informaci\u00f3n general sobre los medicamentos que no cubre todas las instrucciones, posibles integraciones de medicamentos ni precauciones. La informaci\u00f3n del sitio no se puede utilizar para autotratamiento y autodiagn\u00f3stico. Cualquier instrucci\u00f3n espec\u00edfica para un paciente en particular debe acordarse con su asesor de atenci\u00f3n m\u00e9dica o el m\u00e9dico a cargo del caso. Renunciamos a la fiabilidad de esta informaci\u00f3n y a los errores que pueda contener. No somos responsables de ning\u00fan da\u00f1o directo, indirecto, especial u otro da\u00f1o indirecto como resultado de cualquier uso de la informaci\u00f3n en este sitio y tampoco de las consecuencias del autotratamiento.<\/p>\n","protected":false},"excerpt":{"rendered":"<p>Abhigra Oral Jelly Gen\u00e9rico es un medicamento recetado que se usa para tratar la disfunci\u00f3n er\u00e9ctil (impotencia) en los hombres. Act\u00faa aumentando el flujo sangu\u00edneo al pene. Esto ayuda a los hombres a lograr o mantener una erecci\u00f3n.<\/p>\n","protected":false},"featured_media":2209,"comment_status":"open","ping_status":"closed","template":"","meta":[],"product_brand":[],"product_cat":[126],"product_tag":[],"class_list":{"0":"post-2233","1":"product","2":"type-product","3":"status-publish","4":"has-post-thumbnail","6":"product_cat-disfuncion-erectil-es","7":"pa_active_substance-sildenafil","9":"first","10":"instock","11":"shipping-taxable","12":"product-type-variable"},"jetpack_sharing_enabled":true,"_links":{"self":[{"href":"https:\/\/pharmacy-content.com\/wp-json\/wp\/v2\/product\/2233","targetHints":{"allow":["GET"]}}],"collection":[{"href":"https:\/\/pharmacy-content.com\/wp-json\/wp\/v2\/product"}],"about":[{"href":"https:\/\/pharmacy-content.com\/wp-json\/wp\/v2\/types\/product"}],"replies":[{"embeddable":true,"href":"https:\/\/pharmacy-content.com\/wp-json\/wp\/v2\/comments?post=2233"}],"wp:featuredmedia":[{"embeddable":true,"href":"https:\/\/pharmacy-content.com\/wp-json\/wp\/v2\/media\/2209"}],"wp:attachment":[{"href":"https:\/\/pharmacy-content.com\/wp-json\/wp\/v2\/media?parent=2233"}],"wp:term":[{"taxonomy":"product_brand","embeddable":true,"href":"https:\/\/pharmacy-content.com\/wp-json\/wp\/v2\/product_brand?post=2233"},{"taxonomy":"product_cat","embeddable":true,"href":"https:\/\/pharmacy-content.com\/wp-json\/wp\/v2\/product_cat?post=2233"},{"taxonomy":"product_tag","embeddable":true,"href":"https:\/\/pharmacy-content.com\/wp-json\/wp\/v2\/product_tag?post=2233"}],"curies":[{"name":"wp","href":"https:\/\/api.w.org\/{rel}","templated":true}]}}