{"id":2324,"date":"2026-04-22T06:45:22","date_gmt":"2026-04-22T06:45:22","guid":{"rendered":""},"modified":"2026-04-22T06:45:25","modified_gmt":"2026-04-22T06:45:25","slug":"abhirise-10","status":"publish","type":"product","link":"https:\/\/pharmacy-content.com\/?product=abhirise-10&lang=cs","title":{"rendered":"Abhirise"},"content":{"rendered":"<p>B\u011b\u017en\u00e9 pou\u017eit\u00ed<br \/>\nAbhirise je \u00fa\u010dinn\u00fd, reverzibiln\u00ed, selektivn\u00ed inhibitor fosfodiester\u00e1zy typu 5 (PDE 5), specifick\u00fd pro cyklick\u00fd guanosinmonofosf\u00e1t (cGMP). Kdy\u017e sexu\u00e1ln\u00ed stimulace zp\u016fsob\u00ed m\u00edstn\u00ed uvoln\u011bn\u00ed oxidu dusnat\u00e9ho, inhibice PDE 5 Abhirisem vede ke zv\u00fd\u0161en\u00ed hladiny cGMP v kavern\u00f3zn\u00edm t\u011ble penisu. To vede k relaxaci hladk\u00fdch sval\u016f v arteri\u00edch a prokrven\u00ed tk\u00e1n\u00ed penisu, co\u017e zp\u016fsobuje erekce. Abhirise nem\u00e1 \u017e\u00e1dn\u00fd \u00fa\u010dinek, kdy\u017e nen\u00ed p\u0159\u00edtomna sexu\u00e1ln\u00ed stimulace. Abhirise zlep\u0161uje erekci a umo\u017e\u0148uje dos\u00e1hnout \u00fasp\u011b\u0161n\u00e9ho pohlavn\u00edho styku. L\u00e9k p\u016fsob\u00ed b\u011bhem 36 hodin. Pokud je p\u0159\u00edtomno sexu\u00e1ln\u00ed vzru\u0161en\u00ed, \u00fa\u010dinek se projev\u00ed ji\u017e 16 minut po u\u017eit\u00ed l\u00e9ku.<\/p>\n<p>D\u00e1vkov\u00e1n\u00ed a sm\u011br<br \/>\nDoporu\u010den\u00e1 d\u00e1vka Abhirise je 20 mg, m\u011bla by b\u00fdt u\u017eita alespo\u0148 16 minut p\u0159ed sexu\u00e1ln\u00ed aktivitou. \u00da\u010dinek trv\u00e1 36 hodin. U\u017eijte Abhirise jednou denn\u011b a nep\u0159ekra\u010dujte doporu\u010denou d\u00e1vku.<\/p>\n<p>Opat\u0159en\u00ed<br \/>\nJe lep\u0161\u00ed nepou\u017e\u00edvat Abhirise s grapefruitov\u00fdm d\u017eusem, alkoholick\u00fdmi n\u00e1poji, tab\u00e1kem. Pokud kou\u0159\u00edte tab\u00e1k a sou\u010dasn\u011b u\u017e\u00edv\u00e1te Abhirise, m\u016f\u017ee to v\u00e9st ke stavu zvan\u00e9mu NAION (n\u00e1hl\u00e1 ztr\u00e1ta zraku souvisej\u00edc\u00ed s optick\u00fdm nervem). Informujte sv\u00e9ho l\u00e9ka\u0159e p\u0159ed u\u017eit\u00edm Abhirise, pokud m\u00e1te abnorm\u00e1ln\u00ed penis, v\u010detn\u011b zak\u0159iven\u00e9ho penisu a vrozen\u00fdch vad penisu, m\u011bli jste koron\u00e1rn\u00ed arterioskler\u00f3zu, arytmii, anginu, infarkt nebo srde\u010dn\u00ed selh\u00e1n\u00ed, hypo- nebo hypertenzi, krv\u00e1cen\u00ed, \u017ealude\u010dn\u00ed v\u0159edy, cukrovku, hyperlipid\u00e9mii (nadbytek lipid\u016f v krvi), srpkovitou an\u00e9mii, selh\u00e1n\u00ed jater nebo ledvin v historii.<\/p>\n<p>Kontraindikace<br \/>\nAbhirise je kontraindikov\u00e1n u pacient\u016f, kte\u0159\u00ed u\u017e\u00edvaj\u00ed jakoukoli formu organick\u00e9ho nitr\u00e1tu, bu\u010f pravideln\u011b, nebo p\u0159\u00edle\u017eitostn\u011b, proto\u017ee m\u016f\u017ee zes\u00edlit hypotenzn\u00ed \u00fa\u010dinek nitr\u00e1ty.<\/p>\n<p>Mo\u017en\u00e9 vedlej\u0161\u00ed \u00fa\u010dinky<br \/>\nNejb\u011b\u017en\u011bj\u0161\u00edmi vedlej\u0161\u00edmi \u00fa\u010dinky Abhirise jsou zarudnut\u00ed obli\u010deje, bolesti hlavy, \u017ealude\u010dn\u00ed pot\u00ed\u017ee, pr\u016fjem, p\u0159\u00edznaky podobn\u00e9 ch\u0159ipce a nevolnost. Ve vz\u00e1cn\u011bj\u0161\u00edch p\u0159\u00edpadech m\u016f\u017ee doj\u00edt k n\u00edzk\u00e9mu krevn\u00edmu tlaku, rozmazan\u00e9mu vid\u011bn\u00ed a zm\u011bn\u00e1m v barevn\u00e9m vid\u011bn\u00ed a abnorm\u00e1ln\u00ed ejakulaci. Tak\u00e9 mohou nastat prodlou\u017een\u00e9 erekce nebo priapismus (bolestiv\u00e9 erekce trvaj\u00edc\u00ed d\u00e9le ne\u017e 6 hodin). Pokud va\u0161e erekce trv\u00e1 d\u00e9le ne\u017e 4 hodiny, okam\u017eit\u011b vyhledejte l\u00e9ka\u0159skou pomoc, proto\u017ee to m\u016f\u017ee trvale po\u0161kodit v\u00e1\u0161 penis. Bylo hl\u00e1\u0161eno zhor\u0161en\u00ed srde\u010dn\u00edch probl\u00e9m\u016f u pacient\u016f s ji\u017e existuj\u00edc\u00edm srde\u010dn\u00edm onemocn\u011bn\u00edm, kte\u0159\u00ed u\u017e\u00edvaj\u00ed Abhirise.<\/p>\n<p>Interakce s l\u00e9ky<br \/>\nSou\u010dasn\u00e9 pod\u00e1n\u00ed s l\u00e9ky obsahuj\u00edc\u00edmi organick\u00e9 nitr\u00e1ty m\u016f\u017ee zp\u016fsobit t\u011b\u017ekou hypotenz\u00ed, co\u017e je v n\u011bkter\u00fdch p\u0159\u00edpadech nebezpe\u010dn\u00e9. Vyhn\u011bte se u\u017e\u00edv\u00e1n\u00ed Calis s l\u00e9ky, jako jsou Erythrityl Tetranitrate, Isosorbide Dinitrate, Isosorbide Mononitrate, Nitroglycerin, Pentaerythritol Tetranitrate. \u00darovn\u011b a toxicita Abhirise jsou zv\u00fd\u0161eny erythromycinem, ketokonazolem (Nizoral), itrakonazolem (Sporanox), indinavirem (Crixivan) a ritonavirem (Norvir). Informujte sv\u00e9ho l\u00e9ka\u0159e, pokud u\u017e\u00edv\u00e1te Atazanavir, Bunazosin, Klarithromycin, Doxazosin, Erythromycin, Indinavir, Itrakonazol, Ketokonazol, Moxisylyte, Nefazodon, Nelfinavir, Fenoxybenzamin, Phentolamin, Prazosin, Saquinavir, Telithromycin, Terazosin, Trimazosin, Urapidil, proto\u017ee m\u016f\u017ee b\u00fdt nutn\u00e9 upravit d\u00e1vku Abhirise.<\/p>\n<p>Zme\u0161kan\u00e1 d\u00e1vka<br \/>\nZme\u0161kan\u00e1 d\u00e1vka nen\u00ed pova\u017eov\u00e1na za probl\u00e9m, pokud je Abhirise u\u017e\u00edv\u00e1n k l\u00e9\u010db\u011b erektiln\u00ed dysfunkce, proto\u017ee se pou\u017e\u00edv\u00e1 podle pot\u0159eby.<\/p>\n<p>P\u0159ed\u00e1vkov\u00e1n\u00ed<br \/>\nP\u0159ed\u00e1vkov\u00e1n\u00ed Abhirise zp\u016fsobuje p\u0159\u00edznaky popsan\u00e9 jako vedlej\u0161\u00ed \u00fa\u010dinky. Okam\u017eit\u011b vyhledejte l\u00e9ka\u0159skou pomoc, pokud se domn\u00edv\u00e1te, \u017ee jste u\u017eili p\u0159\u00edli\u0161 mnoho tohoto l\u00e9ku.<\/p>\n<p>Skladov\u00e1n\u00ed<br \/>\nSkladujte p\u0159i pokojov\u00e9 teplot\u011b, daleko od vlhkosti, slune\u010dn\u00edho sv\u011btla, d\u011bt\u00ed a dom\u00e1c\u00edch zv\u00ed\u0159at v t\u011bsn\u00e9m obalu.<\/p>\n<p>Upozorn\u011bn\u00ed<br \/>\nPoskytujeme pouze obecn\u00e9 informace o l\u00e9c\u00edch, kter\u00e9 nepokr\u00fdvaj\u00ed v\u0161echny pokyny, mo\u017en\u00e9 l\u00e9kov\u00e9 interakce nebo opat\u0159en\u00ed. Informace na t\u00e9to str\u00e1nce nelze pou\u017e\u00edt k samol\u00e9\u010db\u011b a samodiagn\u00f3ze. Jak\u00e9koli konkr\u00e9tn\u00ed pokyny pro konkr\u00e9tn\u00edho pacienta by m\u011bly b\u00fdt dohodnuty s va\u0161\u00edm zdravotn\u00edm poradcem nebo l\u00e9ka\u0159em, kter\u00fd m\u00e1 na starosti v\u00e1\u0161 p\u0159\u00edpad. Odp\u00edr\u00e1me spolehlivost t\u011bchto informac\u00ed a chyby, kter\u00e9 by mohly obsahovat. Nejsme odpov\u011bdn\u00ed za \u017e\u00e1dn\u00e9 p\u0159\u00edm\u00e9, nep\u0159\u00edm\u00e9, zvl\u00e1\u0161tn\u00ed nebo jin\u00e9 nep\u0159\u00edm\u00e9 \u0161kody v d\u016fsledku jak\u00e9hokoli pou\u017eit\u00ed informac\u00ed na t\u00e9to str\u00e1nce a tak\u00e9 za n\u00e1sledky samol\u00e9\u010dby.<\/p>\n","protected":false},"excerpt":{"rendered":"<p>Abhirise Generic obsahuje Tadalafil, stejnou \u00fa\u010dinnou l\u00e1tku jako zn\u00e1m\u00fd zna\u010dkov\u00fd produkt. A stejn\u00fd farmakologick\u00fd \u00fa\u010dinek samoz\u0159ejm\u011b nab\u00edz\u00ed i sexu\u00e1ln\u00ed zesilova\u010d z N\u011bmecka. Generikum spl\u0148uje stejn\u00e9 po\u017eadavky na kvalitu jako origin\u00e1l. Je tu v\u0161ak jeden velk\u00fd rozd\u00edl, a t\u00edm je cena. Napodobenina je v\u00fdrazn\u011b levn\u011bj\u0161\u00ed ne\u017e origin\u00e1ln\u00ed v\u00fdrobek.<\/p>\n","protected":false},"featured_media":2270,"comment_status":"open","ping_status":"closed","template":"","meta":[],"product_brand":[],"product_cat":[141],"product_tag":[],"class_list":{"0":"post-2324","1":"product","2":"type-product","3":"status-publish","4":"has-post-thumbnail","6":"product_cat-erektilni-dysfunkce-cs","7":"pa_active_substance-tadalafil","9":"first","10":"instock","11":"shipping-taxable","12":"product-type-variable"},"jetpack_sharing_enabled":true,"_links":{"self":[{"href":"https:\/\/pharmacy-content.com\/index.php?rest_route=\/wp\/v2\/product\/2324","targetHints":{"allow":["GET"]}}],"collection":[{"href":"https:\/\/pharmacy-content.com\/index.php?rest_route=\/wp\/v2\/product"}],"about":[{"href":"https:\/\/pharmacy-content.com\/index.php?rest_route=\/wp\/v2\/types\/product"}],"replies":[{"embeddable":true,"href":"https:\/\/pharmacy-content.com\/index.php?rest_route=%2Fwp%2Fv2%2Fcomments&post=2324"}],"wp:featuredmedia":[{"embeddable":true,"href":"https:\/\/pharmacy-content.com\/index.php?rest_route=\/wp\/v2\/media\/2270"}],"wp:attachment":[{"href":"https:\/\/pharmacy-content.com\/index.php?rest_route=%2Fwp%2Fv2%2Fmedia&parent=2324"}],"wp:term":[{"taxonomy":"product_brand","embeddable":true,"href":"https:\/\/pharmacy-content.com\/index.php?rest_route=%2Fwp%2Fv2%2Fproduct_brand&post=2324"},{"taxonomy":"product_cat","embeddable":true,"href":"https:\/\/pharmacy-content.com\/index.php?rest_route=%2Fwp%2Fv2%2Fproduct_cat&post=2324"},{"taxonomy":"product_tag","embeddable":true,"href":"https:\/\/pharmacy-content.com\/index.php?rest_route=%2Fwp%2Fv2%2Fproduct_tag&post=2324"}],"curies":[{"name":"wp","href":"https:\/\/api.w.org\/{rel}","templated":true}]}}