{"id":2385,"date":"2026-04-22T06:45:34","date_gmt":"2026-04-22T06:45:34","guid":{"rendered":""},"modified":"2026-04-22T06:45:36","modified_gmt":"2026-04-22T06:45:36","slug":"aurogra-10","status":"publish","type":"product","link":"https:\/\/pharmacy-content.com\/?product=aurogra-10&lang=cs","title":{"rendered":"Aurogra"},"content":{"rendered":"<p>B\u011b\u017en\u00e9 pou\u017eit\u00ed<br \/>\nHlavn\u00ed slo\u017ekou Aurogry je Sildenafil Citr\u00e1t. Sildenafil Citr\u00e1t ovliv\u0148uje reakci na sexu\u00e1ln\u00ed stimulaci. P\u016fsob\u00ed t\u00edm, \u017ee zvy\u0161uje relaxaci hladk\u00e9ho svalstva pomoc\u00ed oxidu dusnat\u00e9ho, chemick\u00e9 l\u00e1tky, kter\u00e1 se norm\u00e1ln\u011b uvol\u0148uje jako reakce na sexu\u00e1ln\u00ed stimulaci. Tato relaxace hladk\u00e9ho svalstva umo\u017e\u0148uje zv\u00fd\u0161en\u00fd pr\u016ftok krve do ur\u010dit\u00fdch oblast\u00ed penisu, co\u017e vede k erekci. Sildenafil Citr\u00e1t se pou\u017e\u00edv\u00e1 k l\u00e9\u010db\u011b erektiln\u00ed dysfunkce (impotence) u mu\u017e\u016f a plicn\u00ed arteri\u00e1ln\u00ed hypertenze. Sildenafil Citr\u00e1t m\u016f\u017ee b\u00fdt tak\u00e9 pou\u017eit k jin\u00fdm \u00fa\u010del\u016fm, kter\u00e9 nejsou v\u00fd\u0161e uvedeny.<\/p>\n<p>D\u00e1vkov\u00e1n\u00ed a pokyny<br \/>\nObvykle se doporu\u010den\u00e1 d\u00e1vka pohybuje kolem 50 mg. U\u017e\u00edv\u00e1 se p\u0159ibli\u017en\u011b 0,5-1 hodiny p\u0159ed sexu\u00e1ln\u00ed aktivitou. Nepou\u017e\u00edvejte Aurogru v\u00edce ne\u017e jednou denn\u011b. J\u00eddlo s vysok\u00fdm obsahem tuku m\u016f\u017ee zpozdit \u00fa\u010dinek tohoto l\u00e9ku. Sna\u017ete se nej\u00edst grapefruit nebo nep\u00edt grapefruitovou \u0161\u0165\u00e1vu b\u011bhem l\u00e9\u010dby Sildenafil Citr\u00e1tem.<\/p>\n<p>Opat\u0159en\u00ed<br \/>\nNe\u017e za\u010dnete u\u017e\u00edvat Sildenafil Citr\u00e1t, informujte sv\u00e9ho l\u00e9ka\u0159e nebo l\u00e9k\u00e1rn\u00edka, pokud jste na n\u011bj alergi\u010dt\u00ed, nebo pokud m\u00e1te jin\u00e9 alergie. Star\u0161\u00ed lid\u00e9 mohou b\u00fdt citliv\u011bj\u0161\u00ed na vedlej\u0161\u00ed \u00fa\u010dinky l\u00e9ku.<\/p>\n<p>Kontraindikace<br \/>\nAurogra je kontraindikov\u00e1na u pacient\u016f u\u017e\u00edvaj\u00edc\u00edch jin\u00fd l\u00e9k k l\u00e9\u010db\u011b impotence nebo pou\u017e\u00edvaj\u00edc\u00edch nitrate k l\u00e9\u010db\u011b bolesti na hrudi nebo srde\u010dn\u00edch probl\u00e9m\u016f. Tento l\u00e9k by nem\u011bly u\u017e\u00edvat \u017eeny a d\u011bti, stejn\u011b jako pacienti s zn\u00e1mou p\u0159ecitliv\u011blost\u00ed na jakoukoli slo\u017eku tablety.<\/p>\n<p>Mo\u017en\u00e9 vedlej\u0161\u00ed \u00fa\u010dinky<br \/>\nMezi nej\u010dast\u011bj\u0161\u00ed vedlej\u0161\u00ed \u00fa\u010dinky pat\u0159\u00ed bolest hlavy, zarudnut\u00ed, p\u00e1len\u00ed \u017e\u00e1hy, \u017ealude\u010dn\u00ed nevolnost, ucp\u00e1n\u00ed nosu, lehk\u00e1 z\u00e1vra\u0165, z\u00e1vrat\u011b nebo pr\u016fjem. Z\u00e1va\u017en\u00e1 alergick\u00e1 reakce na tento l\u00e9k je velmi vz\u00e1cn\u00e1, ale pokud k n\u00ed dojde, vyhledejte okam\u017eitou l\u00e9ka\u0159skou pomoc. Mnoho lid\u00ed u\u017e\u00edvaj\u00edc\u00edch tento l\u00e9k nem\u00e1 v\u00e1\u017en\u00e9 vedlej\u0161\u00ed \u00fa\u010dinky. Pokud zaznamen\u00e1te jak\u00e9koli vedlej\u0161\u00ed \u00fa\u010dinky, kter\u00e9 nejsou uvedeny v\u00fd\u0161e, kontaktujte sv\u00e9ho l\u00e9ka\u0159e nebo l\u00e9k\u00e1rn\u00edka.<\/p>\n<p>Interakce s l\u00e9ky<br \/>\nTento l\u00e9k by nem\u011bl b\u00fdt u\u017e\u00edv\u00e1n s nitraty a rekrea\u010dn\u00edmi drogami naz\u00fdvan\u00fdmi \u201epoppers\u201c, kter\u00e9 obsahuj\u00ed amyl nebo butyl nitrit; l\u00e9ky alfa-blok\u00e1tory; jin\u00e9 l\u00e9ky na impotenci; l\u00e9ky na vysok\u00fd krevn\u00ed tlak atd. Pora\u010fte se se sv\u00fdm l\u00e9ka\u0159em nebo l\u00e9k\u00e1rn\u00edkem pro v\u00edce podrobnost\u00ed.<\/p>\n<p>Zme\u0161kan\u00e1 d\u00e1vka<br \/>\nAurogra se u\u017e\u00edv\u00e1 podle pot\u0159eby, tak\u017ee pravd\u011bpodobn\u011b nebudete m\u00edt d\u00e1vkovac\u00ed pl\u00e1n.<\/p>\n<p>P\u0159ed\u00e1vkov\u00e1n\u00ed<br \/>\nPokud se domn\u00edv\u00e1te, \u017ee jste u\u017eili p\u0159\u00edli\u0161 mnoho tohoto l\u00e9ku, vyhledejte okam\u017eitou l\u00e9ka\u0159skou pomoc. P\u0159\u00edznaky p\u0159ed\u00e1vkov\u00e1n\u00ed obvykle zahrnuj\u00ed bolest na hrudi, nevolnost, nepravideln\u00fd srde\u010dn\u00ed tep a pocity lehkosti nebo mdloby.<\/p>\n<p>Skladov\u00e1n\u00ed<br \/>\nSkladujte sv\u00e9 l\u00e9ky p\u0159i pokojov\u00e9 teplot\u011b mezi 68-77 stupni F (20-25 stup\u0148\u016f C) mimo sv\u011btlo a vlhkost. Neschov\u00e1vejte l\u00e9ky v koupeln\u011b. Uchov\u00e1vejte v\u0161echny l\u00e9ky mimo dosah d\u011bt\u00ed a dom\u00e1c\u00edch mazl\u00ed\u010dk\u016f.<\/p>\n<p>Z\u0159eknut\u00ed se odpov\u011bdnosti<br \/>\nPoskytujeme pouze obecn\u00e9 informace o l\u00e9c\u00edch, kter\u00e9 nepokr\u00fdvaj\u00ed v\u0161echny pokyny, mo\u017en\u00e9 interakce l\u00e9k\u016f nebo opat\u0159en\u00ed. Informace na tomto webu nemohou b\u00fdt pou\u017eity pro vlastn\u00ed l\u00e9\u010dbu a sebehodnocen\u00ed. Jak\u00e9koli konkr\u00e9tn\u00ed pokyny pro konkr\u00e9tn\u00edho pacienta by m\u011bly b\u00fdt dohodnuty s va\u0161\u00edm zdravotn\u00edm poradcem nebo l\u00e9ka\u0159em odpov\u011bdn\u00fdm za p\u0159\u00edpad. Z\u0159ek\u00e1me se spolehlivosti t\u011bchto informac\u00ed a jak\u00fdchkoli chyb, kter\u00e9 by mohly obsahovat. Neodpov\u00edd\u00e1me za \u017e\u00e1dn\u00e9 p\u0159\u00edm\u00e9, nep\u0159\u00edm\u00e9, zvl\u00e1\u0161tn\u00ed nebo jin\u00e9 nep\u0159\u00edm\u00e9 \u0161kody v d\u016fsledku jak\u00e9hokoli pou\u017eit\u00ed informac\u00ed na tomto webu a tak\u00e9 za d\u016fsledky samol\u00e9\u010dby.<\/p>\n","protected":false},"excerpt":{"rendered":"<p>Aurogra 100mg Tablets Generic je l\u00e9k na p\u0159edpis pou\u017e\u00edvan\u00fd k l\u00e9\u010db\u011b erektiln\u00ed dysfunkce (impotence) u mu\u017e\u016f. Funguje tak, \u017ee zvy\u0161uje pr\u016ftok krve do penisu. To pom\u00e1h\u00e1 mu\u017e\u016fm dos\u00e1hnout nebo udr\u017eet erekci.<\/p>\n","protected":false},"featured_media":2331,"comment_status":"open","ping_status":"closed","template":"","meta":[],"product_brand":[],"product_cat":[141],"product_tag":[],"class_list":{"0":"post-2385","1":"product","2":"type-product","3":"status-publish","4":"has-post-thumbnail","6":"product_cat-erektilni-dysfunkce-cs","7":"pa_active_substance-sildenafil","9":"first","10":"instock","11":"shipping-taxable","12":"product-type-variable"},"jetpack_sharing_enabled":true,"_links":{"self":[{"href":"https:\/\/pharmacy-content.com\/index.php?rest_route=\/wp\/v2\/product\/2385","targetHints":{"allow":["GET"]}}],"collection":[{"href":"https:\/\/pharmacy-content.com\/index.php?rest_route=\/wp\/v2\/product"}],"about":[{"href":"https:\/\/pharmacy-content.com\/index.php?rest_route=\/wp\/v2\/types\/product"}],"replies":[{"embeddable":true,"href":"https:\/\/pharmacy-content.com\/index.php?rest_route=%2Fwp%2Fv2%2Fcomments&post=2385"}],"wp:featuredmedia":[{"embeddable":true,"href":"https:\/\/pharmacy-content.com\/index.php?rest_route=\/wp\/v2\/media\/2331"}],"wp:attachment":[{"href":"https:\/\/pharmacy-content.com\/index.php?rest_route=%2Fwp%2Fv2%2Fmedia&parent=2385"}],"wp:term":[{"taxonomy":"product_brand","embeddable":true,"href":"https:\/\/pharmacy-content.com\/index.php?rest_route=%2Fwp%2Fv2%2Fproduct_brand&post=2385"},{"taxonomy":"product_cat","embeddable":true,"href":"https:\/\/pharmacy-content.com\/index.php?rest_route=%2Fwp%2Fv2%2Fproduct_cat&post=2385"},{"taxonomy":"product_tag","embeddable":true,"href":"https:\/\/pharmacy-content.com\/index.php?rest_route=%2Fwp%2Fv2%2Fproduct_tag&post=2385"}],"curies":[{"name":"wp","href":"https:\/\/api.w.org\/{rel}","templated":true}]}}