{"id":2416,"date":"2026-04-22T06:45:54","date_gmt":"2026-04-22T06:45:54","guid":{"rendered":""},"modified":"2026-04-22T06:46:00","modified_gmt":"2026-04-22T06:46:00","slug":"avana-5","status":"publish","type":"product","link":"https:\/\/pharmacy-content.com\/?product=avana-5&lang=es","title":{"rendered":"Avana"},"content":{"rendered":"<p>Avana (Avanafil) es un equivalente moderno de Viagra.<\/p>\n<p>Avana fue producido por una compa\u00f1\u00eda americana &#8216;Vivus Inc., en 2010. Pertenece al grupo de los \u2018inhibidores de la fosfodiesterasa-5\u2019 &#8211; Avanafil. La ventaja principal es una percepci\u00f3n r\u00e1pida (menos de 15 minutos), y efectos secundarios m\u00ednimos.<\/p>\n<p>Hay que se\u00f1alar que Avana no es actualmente un nombre comercial, es un nombre gen\u00e9rico. Todos los derechos son reservados por empresa farmac\u00e9utica Vivus Inc.<\/p>\n<p>Caracter\u00edsticas de Avanafil:<\/p>\n<p>Avana sufri\u00f3 una prueba, que involucr\u00f3 los hombres con diversas formas de disfunci\u00f3n er\u00e9ctil. Para obtener resultados precisos, los participantes fueron divididos en grupos. As\u00ed, cada grupo recibi\u00f3 una cierta cantidad de la preparaci\u00f3n. El resultado fue impresionante. Aunque cuando se toma la dosis m\u00e1s baja que un hombre es capaz de tener relaciones sexuales despu\u00e9s de 15 minutos. Adem\u00e1s, el estudio incluy\u00f3 los hombres que sufr\u00edan del problema de la disfunci\u00f3n sexual. El estudio mostr\u00f3 que 80% de los pacientes hab\u00edan notado el mejoramiento.<\/p>\n<p>Descripci\u00f3n:<\/p>\n<p>El ingrediente activo de Avana es avanafil. Avanafil relaja los m\u00fasculos y aumenta el flujo sangu\u00edneo a zonas determinadas del cuerpo.<\/p>\n<p>Indicaciones:<\/p>\n<p>Avanafil es utilizado para tratar la disfunci\u00f3n er\u00e9ctil (impotencia).<\/p>\n<p>Beneficios principales:<\/p>\n<p>El inicio de la acci\u00f3n es 15 minutos, pero la duraci\u00f3n es hasta seis horas.<\/p>\n<p>Es tambi\u00e9n necesario de notar que el producto:<\/p>\n<p>&#8211; Tiene efectos secundarios m\u00ednimos<\/p>\n<p>&#8211; La acci\u00f3n inicia tan pronto como sea posible, y el efecto es suficientemente largo<\/p>\n<p>&#8211; El medicamento puede ser combinado con los alimentos grasos y el alcohol<\/p>\n<p>&#8211; El medicamento puede ser tomado m\u00e1s de una vez al d\u00eda.<\/p>\n<p>La principal ventaja de avanafil es que tiene inicio de l\u2019 acci\u00f3n muy r\u00e1pido en comparaci\u00f3n con otros inhibidores de la PDE5.<\/p>\n<p>Instrucciones:<\/p>\n<p>Tome exactamente seg\u00fan lo prescrito por su m\u00e9dico. No lo tome en cantidades mayores o menores, o por m\u00e1s tiempo de lo recomendado. Siga las instrucciones en la etiqueta del medicamento.<\/p>\n<p>Dosis:<\/p>\n<p>Dosis inicial: 100 mg por v\u00eda oral, aproximadamente 30 minutos antes de la actividad sexual. Una dosis al d\u00eda es la m\u00e1xima.<\/p>\n<p>Almacenamiento:<\/p>\n<p>Almac\u00e9n Avana a 77 grados F (25 grados C). Mantenga alejado del calor, la humedad y la luz. No lo guarde en el ba\u00f1o. Mantenga Avana fuera del alcance de los ni\u00f1os y animales dom\u00e9sticos.<\/p>\n<p>INFORMACI\u00d3N DE SEGURIDAD<\/p>\n<p>La toronja y el jugo de toronja pueden interactuar con avanafil y provocar efectos potencialmente peligrosos. Discuta el uso de productos de toronja con su m\u00e9dico.<\/p>\n<p>Evite el uso de otros medicamentos para tratar la disfunci\u00f3n er\u00e9ctil, como sildenafil (Viagra), tadalafil (Cialis), o vardenafil (Levitra) mientras toma avanafil.<\/p>\n<p>Este medicamento no puede proteger de las enfermedades de transmisi\u00f3n sexual &#8211; incluyendo el VIH y el SIDA. Solamente el uso del cond\u00f3n puede proteger contra estas enfermedades.<\/p>\n<p>EFECTOS SECUNDARIOS<\/p>\n<p>Consulte a un m\u00e9dico si Usted tiene alguno de estos s\u00edntomas de una reacci\u00f3n al\u00e9rgica: ronchas, dificultad para respirar, hinchaz\u00f3n de la cara, labios, lengua, o garganta.<\/p>\n","protected":false},"excerpt":{"rendered":"<p>Avana se utiliza para tratar la disfunci\u00f3n er\u00e9ctil (impotencia).<\/p>\n","protected":false},"featured_media":2392,"comment_status":"open","ping_status":"closed","template":"","meta":[],"product_brand":[],"product_cat":[126],"product_tag":[],"class_list":{"0":"post-2416","1":"product","2":"type-product","3":"status-publish","4":"has-post-thumbnail","6":"product_cat-disfuncion-erectil-es","7":"pa_active_substance-avanafil","9":"first","10":"instock","11":"shipping-taxable","12":"product-type-variable"},"jetpack_sharing_enabled":true,"_links":{"self":[{"href":"https:\/\/pharmacy-content.com\/index.php?rest_route=\/wp\/v2\/product\/2416","targetHints":{"allow":["GET"]}}],"collection":[{"href":"https:\/\/pharmacy-content.com\/index.php?rest_route=\/wp\/v2\/product"}],"about":[{"href":"https:\/\/pharmacy-content.com\/index.php?rest_route=\/wp\/v2\/types\/product"}],"replies":[{"embeddable":true,"href":"https:\/\/pharmacy-content.com\/index.php?rest_route=%2Fwp%2Fv2%2Fcomments&post=2416"}],"wp:featuredmedia":[{"embeddable":true,"href":"https:\/\/pharmacy-content.com\/index.php?rest_route=\/wp\/v2\/media\/2392"}],"wp:attachment":[{"href":"https:\/\/pharmacy-content.com\/index.php?rest_route=%2Fwp%2Fv2%2Fmedia&parent=2416"}],"wp:term":[{"taxonomy":"product_brand","embeddable":true,"href":"https:\/\/pharmacy-content.com\/index.php?rest_route=%2Fwp%2Fv2%2Fproduct_brand&post=2416"},{"taxonomy":"product_cat","embeddable":true,"href":"https:\/\/pharmacy-content.com\/index.php?rest_route=%2Fwp%2Fv2%2Fproduct_cat&post=2416"},{"taxonomy":"product_tag","embeddable":true,"href":"https:\/\/pharmacy-content.com\/index.php?rest_route=%2Fwp%2Fv2%2Fproduct_tag&post=2416"}],"curies":[{"name":"wp","href":"https:\/\/api.w.org\/{rel}","templated":true}]}}