{"id":2428,"date":"2026-04-22T06:45:55","date_gmt":"2026-04-22T06:45:55","guid":{"rendered":""},"modified":"2026-04-22T06:46:00","modified_gmt":"2026-04-22T06:46:00","slug":"avana-7","status":"publish","type":"product","link":"https:\/\/pharmacy-content.com\/?product=avana-7&lang=pt","title":{"rendered":"Avana"},"content":{"rendered":"<p>Uso comum<\/p>\n<p>Avana, ou avanafil, \u00e9 um medicamento poderoso usado para tratar a disfun\u00e7\u00e3o er\u00e9til em homens de todas as idades. \u00c9 um inibidor da fosfodiesterase, comercializado e vendido sob a marca Avana nos EUA.<\/p>\n<p>Dosagem e dire\u00e7\u00e3o<\/p>\n<p>A dose recomendada de Avana \u00e9 um comprimido de 100 mg antes da atividade sexual planejada. Por\u00e9m, a dosagem pode variar dependendo das indica\u00e7\u00f5es individuais. No entanto, recomenda-se a dose m\u00ednima eficaz. Os pacientes n\u00e3o devem tomar Avana mais de uma vez ao dia.<\/p>\n<p>Precau\u00e7\u00f5es<\/p>\n<p>Voc\u00ea deve consultar seu m\u00e9dico antes de usar Avana para tratar seus problemas de disfun\u00e7\u00e3o er\u00e9til. Os problemas subjacentes podem ser de outro tipo, o que torna o uso de Avana menos eficaz do que o normal. Voc\u00ea deve consultar seu m\u00e9dico para examinar seu estado cardiovascular e outras condi\u00e7\u00f5es m\u00e9dicas para prevenir poss\u00edveis efeitos colaterais do medicamento e tornar o tratamento o mais eficaz poss\u00edvel.<\/p>\n<p>Contra-indica\u00e7\u00f5es<\/p>\n<p>Avana (avanafil) n\u00e3o deve ser tomado junto com qualquer tipo de nitrato org\u00e2nico para aumentar o risco de hipotens\u00e3o. Os nitratos n\u00e3o podem ser tomados antes de 12 horas ap\u00f3s o uso de Avana. Qualquer tipo de hipersensibilidade ao medicamento impossibilita a administra\u00e7\u00e3o de Avana.<\/p>\n<p>Poss\u00edveis efeitos colaterais<\/p>\n<p>Os efeitos adversos mais comuns de Avana incluem dor de cabe\u00e7a (5% dos usu\u00e1rios) e rubor (at\u00e9 4% dos usu\u00e1rios). Usu\u00e1rios). Outros efeitos colaterais da droga s\u00e3o congest\u00e3o nasal, dores nas costas e problemas gastrointestinais. A maioria desses efeitos negativos pode ser evitada ajustando a dose \u00e0s suas necessidades individuais pelo m\u00e9dico especialista.<\/p>\n<p>Intera\u00e7\u00e3o medicamentosa<\/p>\n<p>Avana n\u00e3o deve ser tomado com nitratos org\u00e2nicos, \u00e1lcool, bloqueadores alfa ou anti-hipertensivos. A intera\u00e7\u00e3o pode causar hipotens\u00e3o como resultado da mistura desses medicamentos.<\/p>\n<p>Dose esquecida<\/p>\n<p>N\u00e3o h\u00e1 efeito terap\u00eautico negativo observado em pacientes que falham na dose de Avana. A droga n\u00e3o causa depend\u00eancia e tem efeito \u00fanico.<\/p>\n<p>Overdose<\/p>\n<p>N\u00e3o exagere na medica\u00e7\u00e3o! A overdose de Avana pode fazer com que seus efeitos colaterais se manifestem com maior intensidade. Voc\u00ea pode sentir tonturas, sonol\u00eancia, fadiga e outros sintomas de exageros. Se voc\u00ea tiver rubor, dor de cabe\u00e7a ou dor nas costas, entre em contato imediatamente com um m\u00e9dico especialista para obter instru\u00e7\u00f5es.<\/p>\n<p>Armazenamento<\/p>\n<p>Mantenha Avana em local seco e escuro, fora do alcance das crian\u00e7as, em temperatura ambiente.<\/p>\n<p>Isen\u00e7\u00e3o de responsabilidade<\/p>\n<p>Fornecemos apenas informa\u00e7\u00f5es gerais sobre medicamentos que n\u00e3o cobrem todas as instru\u00e7\u00f5es, poss\u00edveis integra\u00e7\u00f5es de medicamentos ou precau\u00e7\u00f5es. As informa\u00e7\u00f5es do site n\u00e3o podem ser utilizadas para autotratamento e autodiagn\u00f3stico. Quaisquer instru\u00e7\u00f5es espec\u00edficas para um determinado paciente devem ser acordadas com o seu conselheiro de sa\u00fade ou m\u00e9dico respons\u00e1vel pelo caso. N\u00f3s nos isentamos da confiabilidade dessas informa\u00e7\u00f5es e dos erros que elas possam conter. N\u00e3o nos responsabilizamos por quaisquer danos diretos, indiretos, especiais ou outros danos indiretos resultantes de qualquer uso das informa\u00e7\u00f5es deste site e tamb\u00e9m pelas consequ\u00eancias do autotratamento.<\/p>\n","protected":false},"excerpt":{"rendered":"<p>Avana Gen\u00e9rico \u00e9 um medicamento de marca moderno para o tratamento direcionado da disfun\u00e7\u00e3o er\u00e9til. Funciona mais r\u00e1pido e mais forte do que muitos outros estimuladores sexuais conhecidos. Usar Avana oferece uma solu\u00e7\u00e3o r\u00e1pida, segura e confi\u00e1vel para problemas de pot\u00eancia. Isso torna poss\u00edveis ere\u00e7\u00f5es fortes e duradouras novamente.<\/p>\n","protected":false},"featured_media":2392,"comment_status":"open","ping_status":"closed","template":"","meta":[],"product_brand":[],"product_cat":[132],"product_tag":[],"class_list":{"0":"post-2428","1":"product","2":"type-product","3":"status-publish","4":"has-post-thumbnail","6":"product_cat-disfuncao-eretil-pt","7":"pa_active_substance-avanafil","9":"first","10":"instock","11":"shipping-taxable","12":"product-type-variable"},"jetpack_sharing_enabled":true,"_links":{"self":[{"href":"https:\/\/pharmacy-content.com\/index.php?rest_route=\/wp\/v2\/product\/2428","targetHints":{"allow":["GET"]}}],"collection":[{"href":"https:\/\/pharmacy-content.com\/index.php?rest_route=\/wp\/v2\/product"}],"about":[{"href":"https:\/\/pharmacy-content.com\/index.php?rest_route=\/wp\/v2\/types\/product"}],"replies":[{"embeddable":true,"href":"https:\/\/pharmacy-content.com\/index.php?rest_route=%2Fwp%2Fv2%2Fcomments&post=2428"}],"wp:featuredmedia":[{"embeddable":true,"href":"https:\/\/pharmacy-content.com\/index.php?rest_route=\/wp\/v2\/media\/2392"}],"wp:attachment":[{"href":"https:\/\/pharmacy-content.com\/index.php?rest_route=%2Fwp%2Fv2%2Fmedia&parent=2428"}],"wp:term":[{"taxonomy":"product_brand","embeddable":true,"href":"https:\/\/pharmacy-content.com\/index.php?rest_route=%2Fwp%2Fv2%2Fproduct_brand&post=2428"},{"taxonomy":"product_cat","embeddable":true,"href":"https:\/\/pharmacy-content.com\/index.php?rest_route=%2Fwp%2Fv2%2Fproduct_cat&post=2428"},{"taxonomy":"product_tag","embeddable":true,"href":"https:\/\/pharmacy-content.com\/index.php?rest_route=%2Fwp%2Fv2%2Fproduct_tag&post=2428"}],"curies":[{"name":"wp","href":"https:\/\/api.w.org\/{rel}","templated":true}]}}