{"id":2434,"date":"2026-04-22T06:45:56","date_gmt":"2026-04-22T06:45:56","guid":{"rendered":""},"modified":"2026-04-22T06:46:00","modified_gmt":"2026-04-22T06:46:00","slug":"avana-8","status":"publish","type":"product","link":"https:\/\/pharmacy-content.com\/?product=avana-8&lang=sv","title":{"rendered":"Avana"},"content":{"rendered":"<p>Vanlig anv\u00e4ndning<\/p>\n<p>Avana, eller avanafil, \u00e4r ett kraftfullt l\u00e4kemedel som anv\u00e4nds f\u00f6r att behandla erektil dysfunktion hos m\u00e4n i alla \u00e5ldrar. Det \u00e4r en fosfodiesterash\u00e4mmare som marknadsf\u00f6rs och s\u00e4ljs under varum\u00e4rket Avana i USA.<\/p>\n<p>Dosering och anvisning<\/p>\n<p>Rekommenderad dos av Avana \u00e4r ett 100 mg piller f\u00f6re planerad sexuell aktivitet. Dock kan dosen variera beroende p\u00e5 de individuella indikationerna. Den minsta effektiva dosen rekommenderas dock. Patienter b\u00f6r inte ta Avana oftare \u00e4n en g\u00e5ng dagligen.<\/p>\n<p>F\u00f6rsiktighets\u00e5tg\u00e4rder<\/p>\n<p>Du b\u00f6r r\u00e5dfr\u00e5ga din l\u00e4kare innan du anv\u00e4nder Avana f\u00f6r att behandla dina erektil dysfunktionsproblem. De bakomliggande problemen kan vara av annan typ, vilket g\u00f6r anv\u00e4ndningen av Avana mindre effektiv \u00e4n vanligt. Du b\u00f6r r\u00e5dfr\u00e5ga din l\u00e4kare f\u00f6r att unders\u00f6ka ditt kardiovaskul\u00e4ra tillst\u00e5nd och andra medicinska tillst\u00e5nd f\u00f6r att f\u00f6rhindra eventuella biverkningar av l\u00e4kemedlet och g\u00f6ra behandlingen s\u00e5 effektiv som m\u00f6jligt.<\/p>\n<p>Kontraindikationer<\/p>\n<p>Avana (avanafil) ska inte tas tillsammans med n\u00e5gon form av organiska nitrater f\u00f6r \u00f6kad risk f\u00f6r hypotoni. Nitrater kan tas tidigast 12 timmar efter anv\u00e4ndning av Avana. All form av \u00f6verk\u00e4nslighet mot l\u00e4kemedlet g\u00f6r administrering av Avana om\u00f6jlig.<\/p>\n<p>M\u00f6jlig biverkning<\/p>\n<p>De vanligaste biverkningarna av Avana inkluderar huvudv\u00e4rk (5 % av anv\u00e4ndarna) och rodnad (upp till 4 % av anv\u00e4ndare). Andra biverkningar av l\u00e4kemedlet \u00e4r n\u00e4st\u00e4ppa, ryggsm\u00e4rtor och gastrointestinala problem. De flesta av dessa negativa effekter kan undvikas genom att justera dosen till dina individuella behov av den medicinska specialisten.<\/p>\n<p>L\u00e4kemedelsinteraktion<\/p>\n<p>Avana ska inte tas med n\u00e5gra organiska nitrater, alkohol, alfablockerare eller blodtryckss\u00e4nkande medel. Interaktionen kan orsaka hypotoni som ett resultat av att dessa mediciner blandas.<\/p>\n<p>Missad dos<\/p>\n<p>Det finns ingen negativ terapeutisk effekt observerad hos patienter som missar dosen Avana. L\u00e4kemedlet \u00e4r inte beroendeframkallande och har eng\u00e5ngseffekt.<\/p>\n<p>\u00d6verdosering<\/p>\n<p>\u00d6verdosera inte medicinen! \u00d6verdosering av Avana kan f\u00e5 dess biverkningar att visa sig vid h\u00f6gre styrka. Du kan k\u00e4nna yrsel, d\u00e5sighet, tr\u00f6tthet och andra symtom p\u00e5 \u00f6verdrift. Om du f\u00e5r rodnad, huvudv\u00e4rk eller ryggsm\u00e4rtor, kontakta omedelbart l\u00e4kare f\u00f6r instruktioner.<\/p>\n<p>F\u00f6rvaring<\/p>\n<p>F\u00f6rvara Avana p\u00e5 en torr m\u00f6rk plats, utom r\u00e4ckh\u00e5ll f\u00f6r barn, i rumstemperatur.<\/p>\n<p>Ansvarsfriskrivning<\/p>\n<p>Vi tillhandah\u00e5ller endast allm\u00e4n information om mediciner som inte t\u00e4cker alla riktningar, m\u00f6jliga l\u00e4kemedelsintegrationer eller f\u00f6rsiktighets\u00e5tg\u00e4rder. Information p\u00e5 webbplatsen kan inte anv\u00e4ndas f\u00f6r sj\u00e4lvbehandling och sj\u00e4lvdiagnos. Eventuella specifika instruktioner f\u00f6r en viss patient b\u00f6r \u00f6verenskommas med din h\u00e4lsor\u00e5dgivare eller l\u00e4kare som \u00e4r ansvarig f\u00f6r \u00e4rendet. Vi fr\u00e5ns\u00e4ger oss tillf\u00f6rlitligheten av denna information och misstag den kan inneh\u00e5lla. Vi ansvarar inte f\u00f6r n\u00e5gra direkta, indirekta, speciella eller andra indirekta skador till f\u00f6ljd av n\u00e5gon anv\u00e4ndning av informationen p\u00e5 denna webbplats och \u00e4ven f\u00f6r konsekvenser av egenbehandling.<\/p>\n","protected":false},"excerpt":{"rendered":"<p>Avana Generisk \u00e4r ett modernt m\u00e4rkesl\u00e4kemedel f\u00f6r riktad behandling av erektil dysfunktion. Det fungerar snabbare och starkare \u00e4n m\u00e5nga andra k\u00e4nda sexuella f\u00f6rst\u00e4rkare. Att anv\u00e4nda Avana erbjuder en snabb, s\u00e4ker och p\u00e5litlig l\u00f6sning p\u00e5 potensproblem. Detta g\u00f6r l\u00e5ngvariga och starka erektioner m\u00f6jliga igen.<\/p>\n","protected":false},"featured_media":2392,"comment_status":"open","ping_status":"closed","template":"","meta":[],"product_brand":[],"product_cat":[135],"product_tag":[],"class_list":{"0":"post-2434","1":"product","2":"type-product","3":"status-publish","4":"has-post-thumbnail","6":"product_cat-erektil-dysfunktion-sv","7":"pa_active_substance-avanafil","9":"first","10":"instock","11":"shipping-taxable","12":"product-type-variable"},"jetpack_sharing_enabled":true,"_links":{"self":[{"href":"https:\/\/pharmacy-content.com\/index.php?rest_route=\/wp\/v2\/product\/2434","targetHints":{"allow":["GET"]}}],"collection":[{"href":"https:\/\/pharmacy-content.com\/index.php?rest_route=\/wp\/v2\/product"}],"about":[{"href":"https:\/\/pharmacy-content.com\/index.php?rest_route=\/wp\/v2\/types\/product"}],"replies":[{"embeddable":true,"href":"https:\/\/pharmacy-content.com\/index.php?rest_route=%2Fwp%2Fv2%2Fcomments&post=2434"}],"wp:featuredmedia":[{"embeddable":true,"href":"https:\/\/pharmacy-content.com\/index.php?rest_route=\/wp\/v2\/media\/2392"}],"wp:attachment":[{"href":"https:\/\/pharmacy-content.com\/index.php?rest_route=%2Fwp%2Fv2%2Fmedia&parent=2434"}],"wp:term":[{"taxonomy":"product_brand","embeddable":true,"href":"https:\/\/pharmacy-content.com\/index.php?rest_route=%2Fwp%2Fv2%2Fproduct_brand&post=2434"},{"taxonomy":"product_cat","embeddable":true,"href":"https:\/\/pharmacy-content.com\/index.php?rest_route=%2Fwp%2Fv2%2Fproduct_cat&post=2434"},{"taxonomy":"product_tag","embeddable":true,"href":"https:\/\/pharmacy-content.com\/index.php?rest_route=%2Fwp%2Fv2%2Fproduct_tag&post=2434"}],"curies":[{"name":"wp","href":"https:\/\/api.w.org\/{rel}","templated":true}]}}