{"id":266,"date":"2026-04-22T06:39:09","date_gmt":"2026-04-22T06:39:09","guid":{"rendered":""},"modified":"2026-04-22T06:39:19","modified_gmt":"2026-04-22T06:39:19","slug":"viagra-super-active-3","status":"publish","type":"product","link":"https:\/\/pharmacy-content.com\/?product=viagra-super-active-3&lang=fr","title":{"rendered":"Viagra Super Active"},"content":{"rendered":"<p>Quel est ce m\u00e9dicament?<\/p>\n<p>Le SILDENAFIL CITRATE en g\u00e9lule est \u00e9quivalent au Sildenafil Citrate r\u00e9gulier. Ce m\u00e9dicament est lui aussi utilis\u00e9 pour traiter les probl\u00e8mes \u00e9rectiles chez l&#8217;homme. Les g\u00e9lules agissent encore plus rapidement que les comprim\u00e9s r\u00e9guliers de Sildenafil.<\/p>\n<p>Que devrais-je mentionner \u00e0 mon professionnel de la sant\u00e9 avant de prendre ce m\u00e9dicament?<\/p>\n<p>Il doit savoir si vous avez l\u2019une des conditions suivantes:<br \/>\nprobl\u00e8mes de vision ou des yeux, incluant la malade h\u00e9r\u00e9ditaire rare appel\u00e9e retinitis pigmentosa (r\u00e9tinite pigmentaire)<br \/>\nmaladie du coeur, angine, haute ou basse pression sanguine, des ant\u00e9c\u00e9dants d\u2019attaque cardiaque ou autres probl\u00e8mes cardiaques<br \/>\nmaladie des reins<br \/>\nmaladie du foie<br \/>\naccident vasculaire c\u00e9r\u00e9bral (AVC)<br \/>\nune r\u00e9action inhabituelle ou allergique au sildenafil, \u00e0 d\u2019autres m\u00e9dicaments, aliments, colorants ou pr\u00e9servatifs<br \/>\nsi vous \u00eates enceinte ou que vous essayez de tomber enceinte<br \/>\nsi vous allaitez<\/p>\n<p>Comment devrais-je prendre ce m\u00e9dicament?<\/p>\n<p>Prenez ce m\u00e9dicament par voie orale avec un verre d\u2019eau. La dose est habituellement prise 15 \u00e0 20 minutes avant le d\u00e9but de l\u2019activit\u00e9 sexuelle. Vous ne devriez pas prendre plus d\u2019une dose par jour. Ne prenez pas ce m\u00e9dicament plus souvent qu\u2019il vous est indiqu\u00e9<\/p>\n<p>Surdosage: Si vous croyez avoir pris une dose excessive de ce m\u00e9dicament, contactez un centre anti-poison ou une urgence d\u2019h\u00f4pital le plus t\u00f4t possible.<\/p>\n<p>NOTE: Ce m\u00e9dicament est uniquement pour vous, ne le partagez pas avec autrui.<\/p>\n<p>Qu\u2019est-ce qui peut interagir avec ce m\u00e9dicament?<\/p>\n<p>Ne prenez pas ce m\u00e9dicament avec l\u2019un ou plusieurs des \u00e9l\u00e9ments suivants:<br \/>\ncisapride<br \/>\nmethscopolamine nitrate<br \/>\nnitrates tels que amyl nitrite, isosorbide dinitrate, isosorbide mononitrate, nitroglycerine<br \/>\nnitroprusside<br \/>\nautres produits \u00e0 base de sildenafil (Revatio, Kamagra, Suhagra, etc.)<\/p>\n<p>Ce m\u00e9dicament peut \u00e9galement interagir avec les \u00e9l\u00e9ments suivants:<br \/>\ncertains m\u00e9dicaments pour la haute pression sanguine<br \/>\ncertains m\u00e9dicaments pour le traitement d\u2019une infection au VIH ou le SIDA<br \/>\ncertains m\u00e9dicaments pour le traitement d\u2019une infection \u00e0 champignon ou \u00e0 levure, tels que le fluconazole, itraconazole, ketoconazole et voriconazole<br \/>\ncimetidine<br \/>\nerythromycine<br \/>\nrifampine<\/p>\n<p>Cette liste n\u2019est pas exhaustive. Fournissez \u00e0 vos professionnels de la sant\u00e9 une liste de tous les m\u00e9dicaments, herbes, m\u00e9dicaments sans prescription et suppl\u00e9ments alimentaires que vous utilisez. Mentionnez-leur \u00e9galement si vous fumez, buvez de l\u2019alcool ou utilisez des drogues ill\u00e9gales. Certains de ces \u00e9l\u00e9ments peuvent interagir avec vos m\u00e9dicaments.<\/p>\n<p>\u00c0 quels \u00e9l\u00e9ments devrais-je \u00eatre vigilant pendant la prise de ce m\u00e9dicament?<\/p>\n<p>Si vous remarquez un quelconque changement dans votre vision pendant la prise de ce m\u00e9dicament, appelez votre m\u00e9decin ou professionnel de la sant\u00e9 le plus t\u00f4t possible.<\/p>\n<p>Appelez votre m\u00e9decin ou professionnel de la sant\u00e9 imm\u00e9diatement si votre \u00e9rection dure plus de 4 heures ou si elle devient douloureuse. Cela pourrait \u00eatre signe d\u2019un probl\u00e8me s\u00e9rieux et cela se doit d\u2019\u00eatre trait\u00e9 imm\u00e9diatement pour pr\u00e9venir des dommages permanents.<\/p>\n<p>Si vous ressentez des sympt\u00f4mes de naus\u00e9e, d\u2019\u00e9tourdissements, de douleurs \u00e0 la poitrine ou au bras lors du commencement de la relation sexuelle apr\u00e8s avoir pris ce m\u00e9dicament, vous devriez cesser l\u2019activit\u00e9 sexuelle et appelez votre m\u00e9decin ou professionnel de la sant\u00e9 le plus t\u00f4t possible.<\/p>\n<p>L\u2019utilisation de ce m\u00e9dicament ne vous prot\u00e8ge ni vous, ni votre partenaire d\u2019une infection au VIH (le virus qui cause le SIDA) ou d\u2019autres maladies transmises sexuellement.<\/p>\n<p>Quels sont les effets secondaires que je pourrais observer lors de l\u2019utilisation de ce m\u00e9dicament?<\/p>\n<p>Voici les effets secondaires que vous devriez mentionner \u00e0 votre m\u00e9decin ou professionnel de la sant\u00e9 le plus t\u00f4t possible:<br \/>\nr\u00e9actions allergiques telles qu\u2019une irritation de la peau, des d\u00e9mangeaisons de la peau, de l\u2019urticaire, de l\u2019enflure au visage, aux l\u00e8vres ou \u00e0 la langue<br \/>\nprobl\u00e8mes respiratoires<br \/>\nchangement dans l&#8217;ou\u00efe<br \/>\nchangement dans la vision, vision trouble, difficult\u00e9 \u00e0 discerner le bleu du vert (couleurs)<br \/>\ndouleur \u00e0 la poitrine<br \/>\npouls rapide, irr\u00e9gulier<br \/>\nhommes: \u00e9rection douloureuse ou prolong\u00e9e (qui dure plus de 4 heures)<br \/>\nconvulsions, \u00e9pilepsie<\/p>\n<p>Voici les effets secondaires qui ne n\u00e9cessitent habituellement pas d\u2019attention m\u00e9dicale (informez-en votre m\u00e9decin ou professionnel de la sant\u00e9 si les sympt\u00f4mes persistent ou sont d\u00e9sagr\u00e9ables):<br \/>\ndiarrh\u00e9e<br \/>\nrougissements<br \/>\nmaux de t\u00eate<br \/>\nindigestion<br \/>\ncongestion nasale ou \u00e9coulement nasal<\/p>\n<p>Cette liste n\u2019est pas exhaustive. Appelez votre m\u00e9decin si vous d\u00e9sirez obtenir plus d\u2019information ou de l\u2019aide sur les effets secondaires.<\/p>\n<p>O\u00f9 puis-je conserver ce m\u00e9dicament?<\/p>\n<p>Garder hors de la port\u00e9e des enfants.<\/p>\n<p>Entreposer \u00e0 la temp\u00e9rature ambiante entre 15 et 30 degr\u00e9s Celsius (59 et 86 degr\u00e9s Fahrenheit). Jeter toutes doses non utilis\u00e9es apr\u00e8s la date d\u2019expiration.<\/p>\n","protected":false},"excerpt":{"rendered":"<p>Viagra Super Active a \u00e9t\u00e9 con\u00e7u pour produire un effet maximal en un minimum de temps. Il ne vous faudra que 10 minutes pour ressentir ses effets.<\/p>\n","protected":false},"featured_media":254,"comment_status":"open","ping_status":"closed","template":"","meta":[],"product_brand":[],"product_cat":[120],"product_tag":[],"class_list":{"0":"post-266","1":"product","2":"type-product","3":"status-publish","4":"has-post-thumbnail","6":"product_cat-dysfonction-erectile-fr","8":"first","9":"instock","10":"shipping-taxable","11":"product-type-simple"},"jetpack_sharing_enabled":true,"_links":{"self":[{"href":"https:\/\/pharmacy-content.com\/index.php?rest_route=\/wp\/v2\/product\/266","targetHints":{"allow":["GET"]}}],"collection":[{"href":"https:\/\/pharmacy-content.com\/index.php?rest_route=\/wp\/v2\/product"}],"about":[{"href":"https:\/\/pharmacy-content.com\/index.php?rest_route=\/wp\/v2\/types\/product"}],"replies":[{"embeddable":true,"href":"https:\/\/pharmacy-content.com\/index.php?rest_route=%2Fwp%2Fv2%2Fcomments&post=266"}],"wp:featuredmedia":[{"embeddable":true,"href":"https:\/\/pharmacy-content.com\/index.php?rest_route=\/wp\/v2\/media\/254"}],"wp:attachment":[{"href":"https:\/\/pharmacy-content.com\/index.php?rest_route=%2Fwp%2Fv2%2Fmedia&parent=266"}],"wp:term":[{"taxonomy":"product_brand","embeddable":true,"href":"https:\/\/pharmacy-content.com\/index.php?rest_route=%2Fwp%2Fv2%2Fproduct_brand&post=266"},{"taxonomy":"product_cat","embeddable":true,"href":"https:\/\/pharmacy-content.com\/index.php?rest_route=%2Fwp%2Fv2%2Fproduct_cat&post=266"},{"taxonomy":"product_tag","embeddable":true,"href":"https:\/\/pharmacy-content.com\/index.php?rest_route=%2Fwp%2Fv2%2Fproduct_tag&post=266"}],"curies":[{"name":"wp","href":"https:\/\/api.w.org\/{rel}","templated":true}]}}