{"id":2770,"date":"2026-04-22T06:46:44","date_gmt":"2026-04-22T06:46:44","guid":{"rendered":""},"modified":"2026-04-22T06:46:53","modified_gmt":"2026-04-22T06:46:53","slug":"cenforce-proffesional-2","status":"publish","type":"product","link":"https:\/\/pharmacy-content.com\/?product=cenforce-proffesional-2&lang=de","title":{"rendered":"Cenforce Proffesional"},"content":{"rendered":"<p>Allgemeine Anwendung<br \/>\nSildenafil Citrat ist der Hauptbestandteil von Cenforce Professional.<br \/>\nSildenafil Citrat beeinflusst die Reaktion auf sexuelle Stimulation. Es wirkt, indem es die Entspannung der glatten Muskulatur durch Stickstoffmonoxid f\u00f6rdert, eine Chemikalie, die normalerweise als Reaktion auf sexuelle Stimulation freigesetzt wird. Diese Entspannung der glatten Muskulatur erm\u00f6glicht eine erh\u00f6hte Durchblutung bestimmter Bereiche des Penis, was zu einer Erektion f\u00fchrt.<br \/>\nSildenafil Citrat wird zur Behandlung von erektiler Dysfunktion (Impotenz) bei M\u00e4nnern und pulmonaler arterieller Hypertonie angewendet.<br \/>\nSildenafil Citrat kann auch verwendet werden Andere Zwecke, die oben nicht aufgef\u00fchrt sind.<\/p>\n<p>Dosierung und Anwendung<br \/>\nCenforce Professional wird etwa 15\u201320 Minuten vor der sexuellen Aktivit\u00e4t eingenommen. Nehmen Sie Cenforce nicht mehr als einmal t\u00e4glich ein.<br \/>\nEine fettreiche Mahlzeit kann die Wirkungszeit dieses Arzneimittels verz\u00f6gern.<br \/>\nVersuchen Sie, w\u00e4hrend der Behandlung mit Sildenafilcitrat keine Grapefruit zu essen oder Grapefruitsaft zu trinken.<\/p>\n<p>Vorsichtsma\u00dfnahmen<br \/>\n Bevor Sie mit der Einnahme von Sildenafilcitrat beginnen, informieren Sie Ihren Arzt oder Apotheker, wenn Sie allergisch darauf sind. oder wenn Sie andere Allergien haben.<br \/>\n\u00c4ltere Menschen reagieren m\u00f6glicherweise empfindlicher auf die Nebenwirkungen des Arzneimittels.<\/p>\n<p>Kontraindikationen<br \/>\nCenforce Professional ist bei Patienten kontraindiziert, die ein anderes Arzneimittel zur Behandlung von Impotenz einnehmen oder ein Nitratmedikament gegen Brustschmerzen oder Herzschmerzen verwenden Probleme.<br \/>\nDieses Arzneimittel sollte nicht von Frauen und Kindern sowie von Patienten mit bekannter \u00dcberempfindlichkeit gegen einen der Bestandteile der Tablette eingenommen werden.<\/p>\n<p>M\u00f6gliche Nebenwirkungen<br \/>\nDie h\u00e4ufigsten Nebenwirkungen sind Kopfschmerzen, Hitzewallungen, Sodbrennen und Magenbeschwerden , verstopfte Nase, Benommenheit, Schwindel oder Durchfall.<br \/>\nEine schwere allergische Reaktion auf dieses Medikament ist sehr selten, aber suchen Sie sofort einen Arzt auf, wenn sie auftritt.<br \/>\nViele Menschen, die dieses Medikament einnehmen, haben keine schwerwiegenden Nebenwirkungen.<br \/>\nFalls Sie welche bemerken Wenn Sie Nebenwirkungen haben, die oben nicht aufgef\u00fchrt sind, wenden Sie sich bitte an Ihren Arzt oder Apotheker.<\/p>\n<p>Arzneimittelwechselwirkung<br \/>\nDieses Medikament sollte nicht zusammen mit Nitraten und Freizeitdrogen namens Poppers verwendet werden, die Amyl- oder Butylnitrit enthalten. Alpha-Blocker-Medikamente; andere Medikamente gegen Impotenz; Medikamente gegen Bluthochdruck usw.<br \/>\nFragen Sie Ihren Arzt oder Apotheker nach weiteren Einzelheiten.<\/p>\n<p>Verpasste Dosis<br \/>\nCenforce Professional wird nach Bedarf angewendet, daher ist es unwahrscheinlich, dass Sie einen Dosierungsplan einhalten.<\/p>\n<p>\u00dcberdosierung<br \/>\nWenn Sie denken, dass Sie Wenn Sie zu viel von diesem Arzneimittel eingenommen haben, suchen Sie sofort einen Notarzt auf. Zu den Symptomen einer \u00dcberdosierung geh\u00f6ren normalerweise Brustschmerzen, \u00dcbelkeit, unregelm\u00e4\u00dfiger Herzschlag und Benommenheit oder Ohnmacht.<\/p>\n<p>Aufbewahrung<br \/>\nBewahren Sie Ihre Arzneimittel bei Raumtemperatur zwischen 20 und 25 \u00b0C (68\u201377 \u00b0F) und vor Licht gesch\u00fctzt auf Feuchtigkeit. Bewahren Sie die Medikamente nicht im Badezimmer auf. Bewahren Sie alle Medikamente au\u00dferhalb der Reichweite von Kindern und Haustieren auf.<\/p>\n<p>Haftungsausschluss<br \/>\nWir stellen nur allgemeine Informationen zu Medikamenten zur Verf\u00fcgung, die nicht alle Anweisungen, m\u00f6gliche Medikamentenkombinationen oder Vorsichtsma\u00dfnahmen abdecken. Die Informationen auf der Website k\u00f6nnen nicht zur Selbstbehandlung und Selbstdiagnose verwendet werden. Spezifische Anweisungen f\u00fcr einen bestimmten Patienten sollten mit Ihrem Gesundheitsberater oder dem f\u00fcr den Fall zust\u00e4ndigen Arzt vereinbart werden. Wir lehnen die Zuverl\u00e4ssigkeit dieser Informationen und die darin enthaltenen Fehler ab. Wir haften nicht f\u00fcr direkte, indirekte, besondere oder sonstige indirekte Sch\u00e4den, die sich aus der Nutzung der Informationen auf dieser Website ergeben und auch nicht f\u00fcr Folgen der Selbstbehandlung.<\/p>\n","protected":false},"excerpt":{"rendered":"<p>Cenforce Professional Generikum ist eindeutig das Mittel der Wahl, wenn es darum geht, erektile Dysfunktion und die damit verbundene intime Versagensangst erfolgreich zu behandeln. Das Pr\u00e4parat hat die gleichen Eigenschaften wie klassisches Cenforce, sorgt jedoch f\u00fcr eine l\u00e4ngere und intensivere therapeutische Wirkung. Sie k\u00f6nnen Cenforce Professional rezeptfrei online in unserer Versandapotheke bestellen.<\/p>\n","protected":false},"featured_media":2764,"comment_status":"open","ping_status":"closed","template":"","meta":[],"product_brand":[],"product_cat":[117],"product_tag":[],"class_list":{"0":"post-2770","1":"product","2":"type-product","3":"status-publish","4":"has-post-thumbnail","6":"product_cat-erektile-dysfunktion-de","7":"pa_active_substance-sildenafil","9":"first","10":"instock","11":"shipping-taxable","12":"product-type-variable"},"jetpack_sharing_enabled":true,"_links":{"self":[{"href":"https:\/\/pharmacy-content.com\/index.php?rest_route=\/wp\/v2\/product\/2770","targetHints":{"allow":["GET"]}}],"collection":[{"href":"https:\/\/pharmacy-content.com\/index.php?rest_route=\/wp\/v2\/product"}],"about":[{"href":"https:\/\/pharmacy-content.com\/index.php?rest_route=\/wp\/v2\/types\/product"}],"replies":[{"embeddable":true,"href":"https:\/\/pharmacy-content.com\/index.php?rest_route=%2Fwp%2Fv2%2Fcomments&post=2770"}],"wp:featuredmedia":[{"embeddable":true,"href":"https:\/\/pharmacy-content.com\/index.php?rest_route=\/wp\/v2\/media\/2764"}],"wp:attachment":[{"href":"https:\/\/pharmacy-content.com\/index.php?rest_route=%2Fwp%2Fv2%2Fmedia&parent=2770"}],"wp:term":[{"taxonomy":"product_brand","embeddable":true,"href":"https:\/\/pharmacy-content.com\/index.php?rest_route=%2Fwp%2Fv2%2Fproduct_brand&post=2770"},{"taxonomy":"product_cat","embeddable":true,"href":"https:\/\/pharmacy-content.com\/index.php?rest_route=%2Fwp%2Fv2%2Fproduct_cat&post=2770"},{"taxonomy":"product_tag","embeddable":true,"href":"https:\/\/pharmacy-content.com\/index.php?rest_route=%2Fwp%2Fv2%2Fproduct_tag&post=2770"}],"curies":[{"name":"wp","href":"https:\/\/api.w.org\/{rel}","templated":true}]}}