{"id":2818,"date":"2026-04-22T06:46:51","date_gmt":"2026-04-22T06:46:51","guid":{"rendered":""},"modified":"2026-04-22T06:46:54","modified_gmt":"2026-04-22T06:46:54","slug":"cenforce-proffesional-10","status":"publish","type":"product","link":"https:\/\/pharmacy-content.com\/?product=cenforce-proffesional-10&lang=cs","title":{"rendered":"Cenforce Proffesional"},"content":{"rendered":"<p>B\u011b\u017en\u00e9 pou\u017eit\u00ed<br \/>\nSildenafil citr\u00e1t je hlavn\u00ed slo\u017ekou Cenforce Professional.<br \/>\nSildenafil citr\u00e1t ovliv\u0148uje reakci na sexu\u00e1ln\u00ed stimulaci. P\u016fsob\u00ed tak, \u017ee zvy\u0161uje relaxaci hladk\u00e9ho svalstva pomoc\u00ed oxidu dusnat\u00e9ho, chemick\u00e9 l\u00e1tky, kter\u00e1 se norm\u00e1ln\u011b uvol\u0148uje v reakci na sexu\u00e1ln\u00ed stimulaci. Tato relaxace hladk\u00e9ho svalstva umo\u017e\u0148uje zv\u00fd\u0161en\u00fd pr\u016ftok krve do ur\u010dit\u00fdch oblast\u00ed penisu, co\u017e vede k erekci.<br \/>\nSildenafil citr\u00e1t se pou\u017e\u00edv\u00e1 k l\u00e9\u010db\u011b erektiln\u00ed dysfunkce (impotence) u mu\u017e\u016f a plicn\u00ed arteri\u00e1ln\u00ed hypertenze.<br \/>\nSildenafil citr\u00e1t lze tak\u00e9 pou\u017e\u00edt k l\u00e9\u010db\u011b jin\u00e9 \u00fa\u010dely, kter\u00e9 nejsou uvedeny v\u00fd\u0161e.<\/p>\n<p>D\u00e1vkov\u00e1n\u00ed a sm\u011br<br \/>\nCenforce Professional se u\u017e\u00edv\u00e1 p\u0159ibli\u017en\u011b 15-20 minut p\u0159ed sexu\u00e1ln\u00ed aktivitou. Neu\u017e\u00edvejte Cenforce v\u00edce ne\u017e jednou denn\u011b.<br \/>\nJ\u00eddlo s vysok\u00fdm obsahem tuku m\u016f\u017ee odd\u00e1lit dobu \u00fa\u010dinku tohoto l\u00e9ku.<br \/>\nSna\u017ete se nej\u00edst grapefruit ani nep\u00edt grapefruitov\u00fd d\u017eus, kdy\u017e jste l\u00e9\u010deni sildenafil citr\u00e1tem.<\/p>\n<p>Bezpe\u010dnostn\u00ed opat\u0159en\u00ed<br \/>\nNe\u017e za\u010dnete u\u017e\u00edvat sildenafil citr\u00e1t, informujte sv\u00e9ho l\u00e9ka\u0159e nebo l\u00e9k\u00e1rn\u00edka, pokud jste na n\u011bj alergick\u00fd; nebo pokud m\u00e1te jin\u00e9 alergie.<br \/>\nStar\u0161\u00ed lid\u00e9 mohou b\u00fdt citliv\u011bj\u0161\u00ed na vedlej\u0161\u00ed \u00fa\u010dinky l\u00e9ku.<\/p>\n<p>Kontraindikace<br \/>\nCenforce Professional je kontraindikov\u00e1n u pacient\u016f, kte\u0159\u00ed u\u017e\u00edvaj\u00ed jin\u00fd l\u00e9k k l\u00e9\u010db\u011b impotence nebo pou\u017e\u00edvaj\u00ed nitr\u00e1tov\u00fd l\u00e9k na bolest na hrudi nebo srdce probl\u00e9my.<br \/>\nTento l\u00e9k by nem\u011bly u\u017e\u00edvat \u017eeny a d\u011bti a tak\u00e9 pacienti se zn\u00e1mou p\u0159ecitliv\u011blost\u00ed na kteroukoli slo\u017eku tablety.<\/p>\n<p>Mo\u017en\u00e9 ne\u017e\u00e1douc\u00ed \u00fa\u010dinky<br \/>\nNej\u010dast\u011bj\u0161\u00edmi ne\u017e\u00e1douc\u00edmi \u00fa\u010dinky jsou bolest hlavy, n\u00e1valy horka, p\u00e1len\u00ed \u017e\u00e1hy, \u017ealude\u010dn\u00ed nevolnost , ucpan\u00fd nos, to\u010den\u00ed hlavy, z\u00e1vrat\u011b nebo pr\u016fjem.<br \/>\nZ\u00e1va\u017en\u00e1 alergick\u00e1 reakce na tento l\u00e9k je velmi vz\u00e1cn\u00e1, ale pokud se objev\u00ed, okam\u017eit\u011b vyhledejte l\u00e9ka\u0159skou pomoc.<br \/>\nMnoho lid\u00ed u\u017e\u00edvaj\u00edc\u00edch tento l\u00e9k nem\u00e1 z\u00e1va\u017en\u00e9 vedlej\u0161\u00ed \u00fa\u010dinky.<br \/>\nPokud n\u011bjak\u00e9 zaznamen\u00e1te ne\u017e\u00e1douc\u00ed \u00fa\u010dinky, kter\u00e9 nejsou uvedeny v\u00fd\u0161e, kontaktujte sv\u00e9ho l\u00e9ka\u0159e nebo l\u00e9k\u00e1rn\u00edka.<\/p>\n<p>L\u00e9kov\u00e9 interakce<br \/>\nTento l\u00e9k by se nem\u011bl pou\u017e\u00edvat s nitr\u00e1ty a rekrea\u010dn\u00edmi drogami naz\u00fdvan\u00fdmi poppers obsahuj\u00edc\u00ed amyl nebo butylnitrit; l\u00e9ky alfa-blok\u00e1tory; jin\u00e9 l\u00e9ky na impotenci; l\u00e9ky na vysok\u00fd krevn\u00ed tlak atd.<br \/>\nPro v\u00edce podrobnost\u00ed se pora\u010fte se sv\u00fdm l\u00e9ka\u0159em nebo l\u00e9k\u00e1rn\u00edkem.<\/p>\n<p>Zme\u0161kan\u00e1 d\u00e1vka<br \/>\nCenforce Professional se pou\u017e\u00edv\u00e1 podle pot\u0159eby, tak\u017ee je nepravd\u011bpodobn\u00e9, \u017ee budete v d\u00e1vkovac\u00edm sch\u00e9matu.<\/p>\n<p>P\u0159ed\u00e1vkov\u00e1n\u00ed<br \/>\nPokud si mysl\u00edte, \u017ee u\u017eili jste p\u0159\u00edli\u0161 mnoho tohoto l\u00e9ku, okam\u017eit\u011b vyhledejte l\u00e9ka\u0159skou pomoc. P\u0159\u00edznaky p\u0159ed\u00e1vkov\u00e1n\u00ed obvykle zahrnuj\u00ed bolest na hrudi, nevolnost, nepravideln\u00fd srde\u010dn\u00ed tep a pocit to\u010den\u00ed hlavy nebo mdloby.<\/p>\n<p>Skladujte<br \/>\nL\u00e9ky skladujte p\u0159i pokojov\u00e9 teplot\u011b mezi 20-25 \u00b0C, mimo dosah sv\u011btla a vlhkost. Neskladujte drogy v koupeln\u011b. V\u0161echny drogy uchov\u00e1vejte mimo dosah d\u011bt\u00ed a dom\u00e1c\u00edch mazl\u00ed\u010dk\u016f.<\/p>\n<p>Odm\u00edtnut\u00ed odpov\u011bdnosti<br \/>\nPoskytujeme pouze obecn\u00e9 informace o l\u00e9c\u00edch, kter\u00e9 nepokr\u00fdvaj\u00ed v\u0161echny pokyny, mo\u017en\u00e1 integrace l\u00e9k\u016f nebo preventivn\u00ed opat\u0159en\u00ed. Informace na m\u00edst\u011b nelze pou\u017e\u00edt pro samol\u00e9\u010dbu a autodiagnostiku. Jak\u00e9koli specifick\u00e9 pokyny pro konkr\u00e9tn\u00edho pacienta by m\u011bly b\u00fdt dohodnuty se sv\u00fdm zdravotn\u00edm poradcem nebo l\u00e9ka\u0159em, kter\u00fd m\u00e1 na starosti dan\u00fd p\u0159\u00edpad. Odm\u00edt\u00e1me spolehlivost t\u011bchto informac\u00ed a chyby, kter\u00e9 by mohly obsahovat. Nejsme zodpov\u011bdn\u00ed za \u017e\u00e1dn\u00e9 p\u0159\u00edm\u00e9, nep\u0159\u00edm\u00e9, zvl\u00e1\u0161tn\u00ed nebo jin\u00e9 nep\u0159\u00edm\u00e9 \u0161kody v d\u016fsledku jak\u00e9hokoli pou\u017eit\u00ed informac\u00ed na t\u011bchto str\u00e1nk\u00e1ch a tak\u00e9 za n\u00e1sledky samol\u00e9\u010dby.<\/p>\n","protected":false},"excerpt":{"rendered":"<p>Cenforce Professional Generic je jednozna\u010dn\u011b l\u00e9kem volby, pokud jde o \u00fasp\u011b\u0161nou l\u00e9\u010dbu erektiln\u00ed dysfunkce a souvisej\u00edc\u00edho intimn\u00edho strachu ze selh\u00e1n\u00ed. P\u0159\u00edpravek m\u00e1 stejn\u00e9 vlastnosti jako klasick\u00fd Cenforce, ale poskytuje del\u0161\u00ed a intenzivn\u011bj\u0161\u00ed terapeutick\u00fd \u00fa\u010dinek. Cenforce Professional si m\u016f\u017eete objednat online bez l\u00e9ka\u0159sk\u00e9ho p\u0159edpisu v na\u0161\u00ed z\u00e1silkov\u00e9 l\u00e9k\u00e1rn\u011b.<\/p>\n","protected":false},"featured_media":2764,"comment_status":"open","ping_status":"closed","template":"","meta":[],"product_brand":[],"product_cat":[141],"product_tag":[],"class_list":{"0":"post-2818","1":"product","2":"type-product","3":"status-publish","4":"has-post-thumbnail","6":"product_cat-erektilni-dysfunkce-cs","7":"pa_active_substance-sildenafil","9":"first","10":"instock","11":"shipping-taxable","12":"product-type-variable"},"jetpack_sharing_enabled":true,"_links":{"self":[{"href":"https:\/\/pharmacy-content.com\/index.php?rest_route=\/wp\/v2\/product\/2818","targetHints":{"allow":["GET"]}}],"collection":[{"href":"https:\/\/pharmacy-content.com\/index.php?rest_route=\/wp\/v2\/product"}],"about":[{"href":"https:\/\/pharmacy-content.com\/index.php?rest_route=\/wp\/v2\/types\/product"}],"replies":[{"embeddable":true,"href":"https:\/\/pharmacy-content.com\/index.php?rest_route=%2Fwp%2Fv2%2Fcomments&post=2818"}],"wp:featuredmedia":[{"embeddable":true,"href":"https:\/\/pharmacy-content.com\/index.php?rest_route=\/wp\/v2\/media\/2764"}],"wp:attachment":[{"href":"https:\/\/pharmacy-content.com\/index.php?rest_route=%2Fwp%2Fv2%2Fmedia&parent=2818"}],"wp:term":[{"taxonomy":"product_brand","embeddable":true,"href":"https:\/\/pharmacy-content.com\/index.php?rest_route=%2Fwp%2Fv2%2Fproduct_brand&post=2818"},{"taxonomy":"product_cat","embeddable":true,"href":"https:\/\/pharmacy-content.com\/index.php?rest_route=%2Fwp%2Fv2%2Fproduct_cat&post=2818"},{"taxonomy":"product_tag","embeddable":true,"href":"https:\/\/pharmacy-content.com\/index.php?rest_route=%2Fwp%2Fv2%2Fproduct_tag&post=2818"}],"curies":[{"name":"wp","href":"https:\/\/api.w.org\/{rel}","templated":true}]}}