{"id":2837,"date":"2026-04-22T06:47:00","date_gmt":"2026-04-22T06:47:00","guid":{"rendered":""},"modified":"2026-04-22T06:47:10","modified_gmt":"2026-04-22T06:47:10","slug":"cenforce-soft-3","status":"publish","type":"product","link":"https:\/\/pharmacy-content.com\/fr\/product\/cenforce-soft-3\/","title":{"rendered":"Cenforce Soft"},"content":{"rendered":"<p>Utilisation courante<\/p>\n<p>Cenforce Soft est un m\u00e9dicament sp\u00e9cialement formul\u00e9 dont le principal ingr\u00e9dient est le citrate de sild\u00e9nafil. Ce m\u00e9dicament est utilis\u00e9 dans le traitement de la dysfonction \u00e9rectile (DE) ou de l&#8217;impuissance chez l&#8217;homme. Le citrate de sild\u00e9nafil contenu dans ce comprim\u00e9 appartient \u00e0 la classe des inhibiteurs de la phosphodiest\u00e9rase de type 5 ou PDE-5.<\/p>\n<p>Posologie et mode d&#8217;administration<\/p>\n<p>Cenforce est un m\u00e9dicament s\u00fbr pour traiter la DE chez l&#8217;homme. Cependant, il est important de suivre certaines recommandations pour garantir une efficacit\u00e9 maximale de ce comprim\u00e9 contre la DE :<br \/>\nPrenez Cenforce 30 \u00e0 60 minutes avant tout rapport sexuel.<br \/>\nLes comprim\u00e9s de Cenforce peuvent \u00eatre pris \u00e0 jeun ou \u00e0 jeun.<br \/>\nPrenez le comprim\u00e9 entier et \u00e9vitez de le croquer, de l&#8217;\u00e9craser ou de le casser.<br \/>\n\u00c9vitez strictement de prendre plus d&#8217;une dose de Cenforce pour soulager la dysfonction \u00e9rectile.<\/p>\n<p>Pr\u00e9cautions<\/p>\n<p>Comme pour tout m\u00e9dicament, il est essentiel de conna\u00eetre les pr\u00e9cautions \u00e0 prendre avant de le prendre. Voici les pr\u00e9cautions \u00e0 prendre si vous envisagez de prendre cette pilule :<br \/>\nSi vous avez moins de 18 ans, vous ne pouvez pas prendre ce m\u00e9dicament.<br \/>\nSi vous souffrez de probl\u00e8mes cardiaques, ce m\u00e9dicament n&#8217;est pas indiqu\u00e9.<br \/>\nSi vous avez consomm\u00e9 un repas riche en graisses, les effets de Cenforce Soft mettront plus de temps \u00e0 se faire sentir.<br \/>\nSi vous \u00eates hypertendu, vous ne devez pas prendre ce m\u00e9dicament.<br \/>\nSi vous avez consomm\u00e9 de l&#8217;alcool, les effets du m\u00e9dicament pourraient \u00eatre moindres. De plus, les effets du m\u00e9dicament mettront plus de temps \u00e0 se faire sentir.<\/p>\n<p>Contre-indications<\/p>\n<p>Cenforce Soft est contre-indiqu\u00e9 chez les patients prenant un autre m\u00e9dicament pour traiter l&#8217;impuissance ou un m\u00e9dicament \u00e0 base de nitrate pour des douleurs thoraciques ou des probl\u00e8mes cardiaques.<br \/>\nCe m\u00e9dicament ne doit pas \u00eatre pris par les femmes et les enfants, ni par les patients pr\u00e9sentant une hypersensibilit\u00e9 connue \u00e0 l&#8217;un des composants du comprim\u00e9.<\/p>\n<p>Effets secondaires possibles<\/p>\n<p>Voici quelques effets secondaires de Cenforce Soft : maux de t\u00eate ; maux d&#8217;estomac ou br\u00fblures d&#8217;estomac ; bouff\u00e9es vasomotrices ; douleurs dorsales et musculaires ; gonflement des bras, des jambes et des mains ; naus\u00e9es.<br \/>\nLa plupart de ces sympt\u00f4mes ne n\u00e9cessitent pas de consultation m\u00e9dicale. Cependant, si les effets secondaires s&#8217;aggravent ou si d&#8217;autres effets secondaires apparaissent, il est pr\u00e9f\u00e9rable de consulter rapidement un m\u00e9decin.<\/p>\n<p>Interactions m\u00e9dicamenteuses<\/p>\n<p>Vous ne devez pas prendre Cenforce Soft avec d&#8217;autres m\u00e9dicaments, tels que les d\u00e9riv\u00e9s nitr\u00e9s, les alpha-bloquants ou d&#8217;autres m\u00e9dicaments contre la dysfonction \u00e9rectile. Consultez toujours un m\u00e9decin pour tous les m\u00e9dicaments que vous prenez afin d&#8217;\u00e9viter toute interaction.<\/p>\n<p>Oubli de dose<\/p>\n<p>Il n&#8217;y a pas lieu de s&#8217;inqui\u00e9ter d&#8217;oublier une dose de Cenforce Soft. Vous pouvez le prendre en cas de besoin, mais \u00e9vitez toujours de doubler la dose dans la m\u00eame journ\u00e9e.<\/p>\n<p>Surdosage<\/p>\n<p>Si vous pensez avoir utilis\u00e9 une dose excessive de ce m\u00e9dicament, consultez imm\u00e9diatement un m\u00e9decin. Les sympt\u00f4mes d&#8217;un surdosage comprennent g\u00e9n\u00e9ralement des douleurs thoraciques, des naus\u00e9es, un rythme cardiaque irr\u00e9gulier, des \u00e9tourdissements ou des \u00e9vanouissements.<\/p>\n<p>Conservation<\/p>\n<p>Conservez ce m\u00e9dicament \u00e0 temp\u00e9rature ambiante, dans un endroit frais et sec, \u00e0 l&#8217;abri de la lumi\u00e8re du soleil et de l&#8217;humidit\u00e9. Tenez-le hors de port\u00e9e des enfants et des animaux domestiques.<\/p>\n","protected":false},"excerpt":{"rendered":"<p>Cenforce Soft est un comprim\u00e9 \u00e0 croquer. Absorb\u00e9 directement dans le flux sanguin, il agit plus vite. Il est utilis\u00e9 pour traiter les probl\u00e8mes d\u2019\u00e9rection chez les hommes. Le temps n\u00e9cessaire au m\u00e9dicament pour exercer son action est d\u2019environ une demi-heure. L\u2019effet est maintenu pendant environ 4 heures.<\/p>\n","protected":false},"featured_media":2825,"comment_status":"open","ping_status":"closed","template":"","meta":[],"product_brand":[],"product_cat":[120],"product_tag":[],"class_list":{"0":"post-2837","1":"product","2":"type-product","3":"status-publish","4":"has-post-thumbnail","6":"product_cat-dysfonction-erectile-fr","7":"pa_active_substance-sildenafil","9":"first","10":"instock","11":"shipping-taxable","12":"product-type-variable"},"jetpack_sharing_enabled":true,"_links":{"self":[{"href":"https:\/\/pharmacy-content.com\/wp-json\/wp\/v2\/product\/2837","targetHints":{"allow":["GET"]}}],"collection":[{"href":"https:\/\/pharmacy-content.com\/wp-json\/wp\/v2\/product"}],"about":[{"href":"https:\/\/pharmacy-content.com\/wp-json\/wp\/v2\/types\/product"}],"replies":[{"embeddable":true,"href":"https:\/\/pharmacy-content.com\/wp-json\/wp\/v2\/comments?post=2837"}],"wp:featuredmedia":[{"embeddable":true,"href":"https:\/\/pharmacy-content.com\/wp-json\/wp\/v2\/media\/2825"}],"wp:attachment":[{"href":"https:\/\/pharmacy-content.com\/wp-json\/wp\/v2\/media?parent=2837"}],"wp:term":[{"taxonomy":"product_brand","embeddable":true,"href":"https:\/\/pharmacy-content.com\/wp-json\/wp\/v2\/product_brand?post=2837"},{"taxonomy":"product_cat","embeddable":true,"href":"https:\/\/pharmacy-content.com\/wp-json\/wp\/v2\/product_cat?post=2837"},{"taxonomy":"product_tag","embeddable":true,"href":"https:\/\/pharmacy-content.com\/wp-json\/wp\/v2\/product_tag?post=2837"}],"curies":[{"name":"wp","href":"https:\/\/api.w.org\/{rel}","templated":true}]}}