{"id":2843,"date":"2026-04-22T06:47:01","date_gmt":"2026-04-22T06:47:01","guid":{"rendered":""},"modified":"2026-04-22T06:47:10","modified_gmt":"2026-04-22T06:47:10","slug":"cenforce-soft-4","status":"publish","type":"product","link":"https:\/\/pharmacy-content.com\/?product=cenforce-soft-4&lang=it","title":{"rendered":"Cenforce Soft"},"content":{"rendered":"<p>Uso comune<\/p>\n<p>Cenforce Soft \u00e8 un medicinale appositamente formulato che contiene Sildenafil Citrate come ingrediente principale. Questo medicinale \u00e8 usato nel trattamento della disfunzione erettile (DE) o impotenza negli uomini. Il Sildenafil Citrate in questa pillola appartiene alla classe di medicinali nota come inibitore della fosfodiesterasi di tipo 5 o PDE-5.<\/p>\n<p>Dosaggio e indicazioni<\/p>\n<p>Cenforce \u00e8 un medicinale sicuro per trattare la DE negli uomini. Tuttavia, dovresti seguire alcune linee guida per garantire la massima efficacia di questa pillola per la DE:<br \/>\nPrendi Cenforce 30-60 minuti prima di impegnarti in un&#8217;attivit\u00e0 sessuale con il tuo partner.<br \/>\nLe compresse di Cenforce possono essere ingerite a stomaco vuoto o pieno.<br \/>\nPrendi la pillola intera ed evita di masticarla, schiacciarla o romperla.<br \/>\nEvitare rigorosamente di assumere pi\u00f9 di una dose di Cenforce per ottenere sollievo dalla disfunzione erettile.<\/p>\n<p>Precauzioni<\/p>\n<p>Con qualsiasi farmaco, \u00e8 fondamentale sapere quali precauzioni devono essere prese prima di assumerlo. Ecco le precauzioni di cui devi essere a conoscenza, se hai intenzione di assumere questa pillola:<br \/>\nSe hai meno di 18 anni, non puoi assumere questo farmaco.<br \/>\nSe soffri di problemi cardiaci, questo medicinale non fa per te.<br \/>\nSe hai mangiato un pasto ricco di grassi, gli effetti di Cenforce Soft impiegheranno pi\u00f9 tempo per fare effetto.<br \/>\nSe sei iperteso, non dovresti assumere questo medicinale.<br \/>\nSe hai consumato alcol, gli effetti del farmaco potrebbero essere minori. Inoltre, il farmaco impiegherebbe pi\u00f9 tempo per fare effetto.<\/p>\n<p>Controindicazioni<\/p>\n<p>Cenforce Soft \u00e8 controindicato nei pazienti che assumono un altro medicinale per trattare l&#8217;impotenza o che usano un farmaco a base di nitrati per il dolore al petto o problemi cardiaci.<br \/>\nQuesto medicinale non deve essere assunto da donne e bambini, cos\u00ec come nei pazienti con ipersensibilit\u00e0 nota a qualsiasi componente della compressa.<\/p>\n<p>Possibili effetti collaterali<\/p>\n<p>Alcuni degli effetti collaterali di Cenforce Soft sono: Mal di testa; Mal di stomaco o bruciore di stomaco; Vampate di calore; Dolore alla schiena e ai muscoli; Gonfiore a braccia, gambe e mani; Nausea.<br \/>\nLa maggior parte di questi sintomi non richiede visite mediche. Tuttavia, se gli effetti collaterali peggiorano o si presentano altri effetti collaterali, \u00e8 meglio consultare immediatamente il medico.<\/p>\n<p>Interazione farmacologica<\/p>\n<p>Non dovresti assumere Cenforce Soft con altri farmaci, come nitrati, alfa-bloccanti o altri farmaci per la DE. Consulta sempre un medico su tutti i farmaci che stai assumendo per evitare interazioni.<\/p>\n<p>Dose dimenticata<\/p>\n<p>Non c&#8217;\u00e8 bisogno di preoccuparsi di dimenticare una dose di Cenforce Soft. Pu\u00f2 essere assunto quando necessario, ma evita sempre di assumere dosi doppie in un giorno.<\/p>\n<p>Sovradosaggio<\/p>\n<p>Se pensi di aver assunto una quantit\u00e0 eccessiva di questo medicinale, rivolgiti immediatamente a un medico. I sintomi del sovradosaggio solitamente includono dolore al petto, nausea, battito cardiaco irregolare e sensazione di testa leggera o svenimento.<\/p>\n<p>Conservazione<\/p>\n<p>Si consiglia di conservare questo medicinale a temperatura ambiente in un luogo fresco e asciutto, al riparo dalla luce solare e dall&#8217;umidit\u00e0. Tenerlo fuori dalla portata dei bambini e degli animali domestici.<\/p>\n","protected":false},"excerpt":{"rendered":"<p>Cenforce Soft \u00e8 una compressa masticabile. Assorbito direttamente nel flusso sanguigno, agisce pi\u00f9 velocemente. \u00c8 usato per trattare i problemi di erezione negli uomini. Il tempo necessario affinch\u00e9 il medicinale eserciti la sua azione \u00e8 di circa mezz\u2019ora. L\u2019effetto viene mantenuto per circa quattro ore.<\/p>\n","protected":false},"featured_media":2825,"comment_status":"open","ping_status":"closed","template":"","meta":[],"product_brand":[],"product_cat":[123],"product_tag":[],"class_list":{"0":"post-2843","1":"product","2":"type-product","3":"status-publish","4":"has-post-thumbnail","6":"product_cat-disfunzione-erettile-it","7":"pa_active_substance-sildenafil","9":"first","10":"instock","11":"shipping-taxable","12":"product-type-variable"},"jetpack_sharing_enabled":true,"_links":{"self":[{"href":"https:\/\/pharmacy-content.com\/index.php?rest_route=\/wp\/v2\/product\/2843","targetHints":{"allow":["GET"]}}],"collection":[{"href":"https:\/\/pharmacy-content.com\/index.php?rest_route=\/wp\/v2\/product"}],"about":[{"href":"https:\/\/pharmacy-content.com\/index.php?rest_route=\/wp\/v2\/types\/product"}],"replies":[{"embeddable":true,"href":"https:\/\/pharmacy-content.com\/index.php?rest_route=%2Fwp%2Fv2%2Fcomments&post=2843"}],"wp:featuredmedia":[{"embeddable":true,"href":"https:\/\/pharmacy-content.com\/index.php?rest_route=\/wp\/v2\/media\/2825"}],"wp:attachment":[{"href":"https:\/\/pharmacy-content.com\/index.php?rest_route=%2Fwp%2Fv2%2Fmedia&parent=2843"}],"wp:term":[{"taxonomy":"product_brand","embeddable":true,"href":"https:\/\/pharmacy-content.com\/index.php?rest_route=%2Fwp%2Fv2%2Fproduct_brand&post=2843"},{"taxonomy":"product_cat","embeddable":true,"href":"https:\/\/pharmacy-content.com\/index.php?rest_route=%2Fwp%2Fv2%2Fproduct_cat&post=2843"},{"taxonomy":"product_tag","embeddable":true,"href":"https:\/\/pharmacy-content.com\/index.php?rest_route=%2Fwp%2Fv2%2Fproduct_tag&post=2843"}],"curies":[{"name":"wp","href":"https:\/\/api.w.org\/{rel}","templated":true}]}}