{"id":2861,"date":"2026-04-22T06:47:04","date_gmt":"2026-04-22T06:47:04","guid":{"rendered":""},"modified":"2026-04-22T06:47:10","modified_gmt":"2026-04-22T06:47:10","slug":"cenforce-soft-7","status":"publish","type":"product","link":"https:\/\/pharmacy-content.com\/pt\/product\/cenforce-soft-7\/","title":{"rendered":"Cenforce Soft"},"content":{"rendered":"<p>Uso comum<br \/>\nO Citrato de Sildenafil \u00e9 o principal componente do Cenforce Soft.<br \/>\nO Citrato de Sildenafil afeta a resposta \u00e0 estimula\u00e7\u00e3o sexual. Atua melhorando o relaxamento do m\u00fasculo liso usando \u00f3xido n\u00edtrico, uma subst\u00e2ncia qu\u00edmica que normalmente \u00e9 liberada em resposta \u00e0 estimula\u00e7\u00e3o sexual. Este relaxamento do m\u00fasculo liso permite aumentar o fluxo sangu\u00edneo em certas \u00e1reas do p\u00eanis, o que leva a uma ere\u00e7\u00e3o.<br \/>\nO Citrato de Sildenafil \u00e9 aplicado para o tratamento da disfun\u00e7\u00e3o er\u00e9til (impot\u00eancia) em homens e hipertens\u00e3o arterial pulmonar.<br \/>\nO Citrato de Sildenafil tamb\u00e9m pode ser usado para outras finalidades n\u00e3o listadas acima.<\/p>\n<p>Dosagem e orienta\u00e7\u00e3o<br \/>\nO Cenforce Soft \u00e9 tomado aproximadamente 15 a 20 minutos antes da atividade sexual. N\u00e3o tome Cenforce mais de uma vez por dia.<br \/>\nUma refei\u00e7\u00e3o rica em gordura pode atrasar o efeito deste medicamento.<br \/>\nTente n\u00e3o comer toranja ou beber suco de toranja enquanto estiver sendo tratado com Citrato de Sildenafil.<\/p>\n<p>Precau\u00e7\u00f5es<br \/>\nAntes de come\u00e7ar a tomar Citrato de Sildenafil, informe o seu m\u00e9dico ou farmac\u00eautico se voc\u00ea \u00e9 al\u00e9rgico a ele; ou se voc\u00ea tiver alguma outra alergia.<br \/>\nPessoas idosas podem ser mais sens\u00edveis aos efeitos colaterais do medicamento.<\/p>\n<p>Contra-indica\u00e7\u00f5es<br \/>\nO Cenforce Soft \u00e9 contra-indicado em pacientes que tomam outro medicamento para tratar a impot\u00eancia ou que usam um medicamento \u00e0 base de nitrato para dores no peito ou no cora\u00e7\u00e3o. problemas.<br \/>\nEste medicamento n\u00e3o deve ser tomado por mulheres e crian\u00e7as, bem como por pacientes com hipersensibilidade conhecida a qualquer componente do comprimido.<\/p>\n<p>Poss\u00edveis efeitos secund\u00e1rios<br \/>\nOs efeitos secund\u00e1rios mais frequentes s\u00e3o dor de cabe\u00e7a, rubor, azia, dores de est\u00f4mago , congest\u00e3o nasal, tontura, tontura ou diarreia.<br \/>\nUma rea\u00e7\u00e3o al\u00e9rgica grave a este medicamento \u00e9 muito rara, mas procure ajuda m\u00e9dica imediata se ocorrer.<br \/>\nMuitas pessoas que usam este medicamento n\u00e3o apresentam efeitos colaterais graves.<br \/>\nCaso voc\u00ea note algum efeitos colaterais n\u00e3o listados acima, entre em contato com seu m\u00e9dico ou farmac\u00eautico.<\/p>\n<p>Intera\u00e7\u00e3o medicamentosa<br \/>\nEste medicamento n\u00e3o deve ser usado com nitratos e drogas recreativas chamadas poppers contendo nitrito de amila ou butila; medicamentos alfa-bloqueadores; outros medicamentos para impot\u00eancia; medicamentos para press\u00e3o alta, etc.<br \/>\nConsulte seu m\u00e9dico ou farmac\u00eautico para mais detalhes.<\/p>\n<p>Dose esquecida<br \/>\nO Cenforce Soft \u00e9 usado conforme necess\u00e1rio, ent\u00e3o \u00e9 improv\u00e1vel que voc\u00ea esteja em um esquema de dosagem.<\/p>\n<p>Sobredosagem<br \/>\nSe voc\u00ea acha que pode tiver usado muito deste medicamento, procure atendimento m\u00e9dico de emerg\u00eancia imediatamente. Os sintomas de sobredosagem geralmente incluem dor no peito, n\u00e1useas, batimentos card\u00edacos irregulares e sensa\u00e7\u00e3o de tontura ou desmaio.<\/p>\n<p>Armazenamento<br \/>\nGuarde os seus medicamentos \u00e0 temperatura ambiente entre 20-25 graus C (68-77 graus F), longe da luz e umidade. N\u00e3o guarde as drogas no banheiro. Mantenha todos os medicamentos longe do alcance de crian\u00e7as e animais de estima\u00e7\u00e3o.<\/p>\n<p>Isen\u00e7\u00e3o de responsabilidade<br \/>\nFornecemos apenas informa\u00e7\u00f5es gerais sobre medicamentos que n\u00e3o cobrem todas as instru\u00e7\u00f5es, poss\u00edveis integra\u00e7\u00f5es de medicamentos ou precau\u00e7\u00f5es. As informa\u00e7\u00f5es do site n\u00e3o podem ser utilizadas para autotratamento e autodiagn\u00f3stico. Quaisquer instru\u00e7\u00f5es espec\u00edficas para um determinado paciente devem ser acordadas com o seu conselheiro de sa\u00fade ou m\u00e9dico respons\u00e1vel pelo caso. N\u00f3s nos isentamos da confiabilidade dessas informa\u00e7\u00f5es e dos erros que elas possam conter. N\u00e3o nos responsabilizamos por quaisquer danos diretos, indiretos, especiais ou outros danos indiretos resultantes de qualquer uso das informa\u00e7\u00f5es deste site e tamb\u00e9m pelas consequ\u00eancias do autotratamento.<\/p>\n","protected":false},"excerpt":{"rendered":"<p>Cenforce Soft Tabs \u00e9 um medicamento seguro e confi\u00e1vel para tratar a disfun\u00e7\u00e3o er\u00e9til e melhorar a pot\u00eancia. Cenforce Soft Tabs \u00e9 um gen\u00e9rico baseado no conhecido estimulador sexual Cenforce. \u00c9 por isso que o Cenforce Soft Tabs tem o mesmo efeito, mas difere na forma, cor e sabor. Cenforce Soft Tabs permite ere\u00e7\u00f5es fortes e duradouras, bem como numerosos orgasmos.<\/p>\n","protected":false},"featured_media":2825,"comment_status":"open","ping_status":"closed","template":"","meta":[],"product_brand":[],"product_cat":[132],"product_tag":[],"class_list":{"0":"post-2861","1":"product","2":"type-product","3":"status-publish","4":"has-post-thumbnail","6":"product_cat-disfuncao-eretil-pt","7":"pa_active_substance-sildenafil","9":"first","10":"instock","11":"shipping-taxable","12":"product-type-variable"},"jetpack_sharing_enabled":true,"_links":{"self":[{"href":"https:\/\/pharmacy-content.com\/wp-json\/wp\/v2\/product\/2861","targetHints":{"allow":["GET"]}}],"collection":[{"href":"https:\/\/pharmacy-content.com\/wp-json\/wp\/v2\/product"}],"about":[{"href":"https:\/\/pharmacy-content.com\/wp-json\/wp\/v2\/types\/product"}],"replies":[{"embeddable":true,"href":"https:\/\/pharmacy-content.com\/wp-json\/wp\/v2\/comments?post=2861"}],"wp:featuredmedia":[{"embeddable":true,"href":"https:\/\/pharmacy-content.com\/wp-json\/wp\/v2\/media\/2825"}],"wp:attachment":[{"href":"https:\/\/pharmacy-content.com\/wp-json\/wp\/v2\/media?parent=2861"}],"wp:term":[{"taxonomy":"product_brand","embeddable":true,"href":"https:\/\/pharmacy-content.com\/wp-json\/wp\/v2\/product_brand?post=2861"},{"taxonomy":"product_cat","embeddable":true,"href":"https:\/\/pharmacy-content.com\/wp-json\/wp\/v2\/product_cat?post=2861"},{"taxonomy":"product_tag","embeddable":true,"href":"https:\/\/pharmacy-content.com\/wp-json\/wp\/v2\/product_tag?post=2861"}],"curies":[{"name":"wp","href":"https:\/\/api.w.org\/{rel}","templated":true}]}}