{"id":2949,"date":"2026-04-22T06:47:23","date_gmt":"2026-04-22T06:47:23","guid":{"rendered":""},"modified":"2026-04-22T06:59:59","modified_gmt":"2026-04-22T06:59:59","slug":"cenforce-d-8","status":"publish","type":"product","link":"https:\/\/pharmacy-content.com\/?product=cenforce-d-8&lang=sv","title":{"rendered":"Cenforce-D"},"content":{"rendered":"<p>Vanlig anv\u00e4ndning<br \/>\nHuvudkomponenten i Cenforce \u00e4r Sildenafil Citrate.<br \/>\nSildenafil Citrate p\u00e5verkar svaret p\u00e5 sexuell stimulering. Det verkar genom att f\u00f6rb\u00e4ttra den glatta muskelavslappningen med hj\u00e4lp av kv\u00e4veoxid, en kemikalie som normalt frig\u00f6rs som svar p\u00e5 sexuell stimulering. Denna glatta muskelavslappning till\u00e5ter \u00f6kat blodfl\u00f6de in i vissa omr\u00e5den av penis, vilket leder till erektion.<br \/>\nSildenafil Citrate anv\u00e4nds f\u00f6r behandling av erektil dysfunktion (impotens) hos m\u00e4n och pulmonell arteriell hypertoni.<br \/>\nSildenafil Citrate kan ocks\u00e5 anv\u00e4ndas f\u00f6r andra \u00e4ndam\u00e5l som inte anges ovan.<\/p>\n<p>Dosering och anvisning<br \/>\nVanligtvis \u00e4r den rekommenderade dosen 50 mg. Det tas cirka 0,5-1 timme f\u00f6re sexuell aktivitet. Ta inte Cenforce mer \u00e4n en g\u00e5ng om dagen.<br \/>\nEn m\u00e5ltid med h\u00f6g fetthalt kan f\u00f6rdr\u00f6ja tiden f\u00f6r effekten av detta l\u00e4kemedel.<br \/>\nF\u00f6rs\u00f6k att inte \u00e4ta grapefrukt eller dricka grapefruktjuice medan du behandlas med Sildenafil Citrate .<\/p>\n<p>F\u00f6rsiktighets\u00e5tg\u00e4rder<br \/>\nInnan du b\u00f6rjar ta Sildenafil Citrate, tala om f\u00f6r din l\u00e4kare eller apotekspersonal om du \u00e4r allergisk mot det; eller om du har n\u00e5gra andra allergier.<br \/>\n\u00c5ldrade personer kan vara mer k\u00e4nsliga f\u00f6r biverkningar av l\u00e4kemedlet.<\/p>\n<p>Kontraindikationer<br \/>\nCenforce \u00e4r kontraindicerat f\u00f6r patienter som tar ett annat l\u00e4kemedel f\u00f6r att behandla impotens eller anv\u00e4nder ett nitratl\u00e4kemedel mot br\u00f6stsm\u00e4rtor eller hj\u00e4rtproblem .<br \/>\nDetta l\u00e4kemedel ska inte tas av kvinnor och barn samt av patienter med k\u00e4nd \u00f6verk\u00e4nslighet mot n\u00e5gon komponent i tabletten.<\/p>\n<p>M\u00f6jliga biverkningar<br \/>\nDe vanligaste biverkningarna \u00e4r huvudv\u00e4rk, rodnad, halsbr\u00e4nna, magbesv\u00e4r, n\u00e4st\u00e4ppa, yrsel, yrsel eller diarr\u00e9.<br \/>\nEn allvarlig allergisk reaktion mot detta l\u00e4kemedel \u00e4r mycket s\u00e4llsynt, men s\u00f6k omedelbar medicinsk hj\u00e4lp om det intr\u00e4ffar.<br \/>\nM\u00e5nga som anv\u00e4nder detta l\u00e4kemedel har inga allvarliga biverkningar.<br \/>\nOm du m\u00e4rker n\u00e5gon sida effekter som inte anges ovan, kontakta din l\u00e4kare eller apotekspersonal.<\/p>\n<p>L\u00e4kemedelsinteraktion<br \/>\nDetta l\u00e4kemedel b\u00f6r inte anv\u00e4ndas med nitrater och fritidsl\u00e4kemedel som kallas poppers som inneh\u00e5ller amyl eller butylnitrit; alfa-blockerare l\u00e4kemedel; andra mediciner mot impotens; h\u00f6gt blodtrycksmedicin, etc.<br \/>\nKonsultera din l\u00e4kare eller apotekspersonal f\u00f6r mer information.<\/p>\n<p>Missad dos<br \/>\nCenforce anv\u00e4nds vid behov, s\u00e5 det \u00e4r osannolikt att du har ett doseringsschema.<\/p>\n<p>\u00d6verdosering<br \/>\nOm du tror att du har anv\u00e4nt f\u00f6r mycket av detta l\u00e4kemedel s\u00f6k akut l\u00e4karv\u00e5rd omedelbart. Symtomen p\u00e5 \u00f6verdosering inkluderar vanligtvis br\u00f6stsm\u00e4rtor, illam\u00e5ende, oregelbunden hj\u00e4rtrytm och k\u00e4nsla av yrsel eller svimning.<\/p>\n<p>F\u00f6rvaring<br \/>\nF\u00f6rvara dina l\u00e4kemedel i rumstemperatur mellan 20-25 grader C (68-77 grader F) borta fr\u00e5n ljus och fukt. F\u00f6rvara inte drogerna i badrummet. H\u00e5ll alla droger utom r\u00e4ckh\u00e5ll f\u00f6r barn och husdjur.<\/p>\n<p>Ansvarsfriskrivning<br \/>\nVi tillhandah\u00e5ller endast allm\u00e4n information om mediciner som inte t\u00e4cker alla riktningar, m\u00f6jliga l\u00e4kemedelsintegrationer eller f\u00f6rsiktighets\u00e5tg\u00e4rder. Information p\u00e5 webbplatsen kan inte anv\u00e4ndas f\u00f6r sj\u00e4lvbehandling och sj\u00e4lvdiagnos. Eventuella specifika instruktioner f\u00f6r en viss patient b\u00f6r \u00f6verenskommas med din h\u00e4lsor\u00e5dgivare eller l\u00e4kare som \u00e4r ansvarig f\u00f6r \u00e4rendet. Vi fr\u00e5ns\u00e4ger oss tillf\u00f6rlitligheten av denna information och misstag den kan inneh\u00e5lla. Vi ansvarar inte f\u00f6r n\u00e5gra direkta, indirekta, speciella eller andra indirekta skador till f\u00f6ljd av n\u00e5gon anv\u00e4ndning av informationen p\u00e5 denna webbplats och \u00e4ven f\u00f6r konsekvenser av egenbehandling.<\/p>\n","protected":false},"excerpt":{"rendered":"<p>Cenforce-D Generisk \u00e4r en kombination av aktiva ingredienser som anv\u00e4nds f\u00f6r att behandla erektil dysfunktion och f\u00f6r tidig utl\u00f6sning.<\/p>\n","protected":false},"featured_media":6044,"comment_status":"open","ping_status":"closed","template":"","meta":[],"product_brand":[],"product_cat":[135],"product_tag":[],"class_list":{"0":"post-2949","1":"product","2":"type-product","3":"status-publish","4":"has-post-thumbnail","6":"product_cat-erektil-dysfunktion-sv","7":"pa_active_substance-dapoxetine","8":"pa_active_substance-sildenafil","10":"first","11":"instock","12":"shipping-taxable","13":"product-type-simple"},"jetpack_sharing_enabled":true,"_links":{"self":[{"href":"https:\/\/pharmacy-content.com\/index.php?rest_route=\/wp\/v2\/product\/2949","targetHints":{"allow":["GET"]}}],"collection":[{"href":"https:\/\/pharmacy-content.com\/index.php?rest_route=\/wp\/v2\/product"}],"about":[{"href":"https:\/\/pharmacy-content.com\/index.php?rest_route=\/wp\/v2\/types\/product"}],"replies":[{"embeddable":true,"href":"https:\/\/pharmacy-content.com\/index.php?rest_route=%2Fwp%2Fv2%2Fcomments&post=2949"}],"wp:featuredmedia":[{"embeddable":true,"href":"https:\/\/pharmacy-content.com\/index.php?rest_route=\/wp\/v2\/media\/6044"}],"wp:attachment":[{"href":"https:\/\/pharmacy-content.com\/index.php?rest_route=%2Fwp%2Fv2%2Fmedia&parent=2949"}],"wp:term":[{"taxonomy":"product_brand","embeddable":true,"href":"https:\/\/pharmacy-content.com\/index.php?rest_route=%2Fwp%2Fv2%2Fproduct_brand&post=2949"},{"taxonomy":"product_cat","embeddable":true,"href":"https:\/\/pharmacy-content.com\/index.php?rest_route=%2Fwp%2Fv2%2Fproduct_cat&post=2949"},{"taxonomy":"product_tag","embeddable":true,"href":"https:\/\/pharmacy-content.com\/index.php?rest_route=%2Fwp%2Fv2%2Fproduct_tag&post=2949"}],"curies":[{"name":"wp","href":"https:\/\/api.w.org\/{rel}","templated":true}]}}