{"id":2997,"date":"2026-04-22T06:47:39","date_gmt":"2026-04-22T06:47:39","guid":{"rendered":""},"modified":"2026-04-22T06:47:52","modified_gmt":"2026-04-22T06:47:52","slug":"cialis-soft-3","status":"publish","type":"product","link":"https:\/\/pharmacy-content.com\/?product=cialis-soft-3&lang=fr","title":{"rendered":"Cialis Soft"},"content":{"rendered":"<p>Posologie et instructions. Prenez une dose une fois par jour, pendant ou hors des repas. La dose recommand\u00e9e est de 20mg et doit \u00eatre prise au moins 16 minutes avant un rapport sexuel. Pr\u00e9cautions. Il est pr\u00e9f\u00e9rable de ne pas utiliser de Cialis si vous avez pris du jus de pamplemousse, des boissons alcoolis\u00e9es ou du tabac. Si vous fumez du tabac et prenez du Cialis, vous risquez une perte de vision soudaine li\u00e9e au nerf optique. Informez votre m\u00e9decin avant toute prise de Cialis si vous avez une anomalie du p\u00e9nis, comme des d\u00e9formations cong\u00e9nitales ou un p\u00e9nis courb\u00e9, si vous avez eu des ant\u00e9c\u00e9dents m\u00e9dicaux de maladie coronarienne, d&#8217;arythmie, d&#8217;angine de poitrine, de crise cardiaque ou d&#8217;insuffisance cardiaque, d&#8217;hypo- ou d&#8217;hypertension, de saignements, d&#8217;ulc\u00e8res gastriques, de diab\u00e8te, d&#8217;hyperlipid\u00e9mie (exc\u00e8s de lipides dans le sang), de dr\u00e9panocytose, d&#8217;insuffisance h\u00e9patique ou r\u00e9nale. Contre-indications. Le Cialis est contre-indiqu\u00e9 chez les patients qui utilisent du nitrate organique, que ce soit r\u00e9guli\u00e8rement ou ponctuellement, car il peut renforcer les effets hypotenseurs des nitrates. Effets secondaires. Les effets secondaires les plus courants du Cialis sont les rougeurs du visage, les maux de t\u00eate, les troubles digestifs, la diarrh\u00e9e, les sympt\u00f4mes grippaux et les naus\u00e9es. Dans des cas plus rares, une hypotension, une vision trouble et des modifications de la perception des couleurs, ainsi qu\u2019une \u00e9jaculation anormale, peuvent survenir. Des \u00e9rections prolong\u00e9es ou un priapisme (\u00e9rections douloureuses durant plus de 6 heures) sont \u00e9galement possibles. Si votre \u00e9rection dure plus de 4 heures, consultez imm\u00e9diatement un professionnel de la sant\u00e9 pour \u00e9viter d&#8217;entra\u00eener des dommages permanents au p\u00e9nis. Une aggravation des probl\u00e8mes cardiaques chez les patients souffrant de maladies cardiaques a \u00e9t\u00e9 signal\u00e9e lors de l&#8217;utilisation du Cialis. Interactions m\u00e9dicamenteuses. La co-administration avec des m\u00e9dicaments contenant des nitrates organiques peut provoquer une hypotension s\u00e9v\u00e8re pouvant \u00eatre dangereuse. \u00c9vitez de prendre du Cialis avec des m\u00e9dicaments comme l\u2019\u00e9rythrytyl tetranitrate, l\u2019isosorbide dinitrate, l\u2019isosorbide mononitrate, la nitroglyc\u00e9rine, le penta\u00e9rythritol t\u00e9tranitrate. Les taux et la toxicit\u00e9 du Cialis sont augment\u00e9s par l&#8217;\u00e9rythromycine, le k\u00e9toconazole (Nizoral), l\u2019itraconazole (Sporanox), l\u2019indinavir (Crixivan) et le ritonavir (Norvir). Informez votre m\u00e9decin si vous prenez de l&#8217;atazanavir, du bunazosine, de la clarithromycine, de la doxazosine, de l&#8217;\u00e9rythromycine, de l\u2019indinavir, de l&#8217;itraconazole, du k\u00e9toconazole, du moxisylyte, du n\u00e9fazodone, du nelfinavir, de la ph\u00e9noxybenzamine, de la phentolamine, de la prazosine, du saquinavir, de la t\u00e9lithromycine, du t\u00e9razosine, du trimazosine ou de l&#8217;urapidil, car votre dose de Cialis pourrait avoir \u00e0 \u00eatre ajust\u00e9e. Dose oubli\u00e9e. Une dose oubli\u00e9e ne pr\u00e9sente g\u00e9n\u00e9ralement pas de danger si le Cialis est pris dans le traitement de la dysfonction \u00e9rectile, car le traitement est seulement pris au besoin. Surdosage. Le surdosage de Cialis cause des sympt\u00f4mes d\u00e9crits comme des effets secondaires. Si vous pensez avoir pris trop de ce m\u00e9dicament, consultez imm\u00e9diatement un professionnel de la sant\u00e9. Entreposage. Conservez votre m\u00e9dicament \u00e0 temp\u00e9rature ambiante, \u00e0 l&#8217;abri de l&#8217;humidit\u00e9, de la lumi\u00e8re du soleil, dans un contenant ferm\u00e9 hors de la port\u00e9e des enfants et des animaux.<\/p>\n","protected":false},"excerpt":{"rendered":"<p>Cialis Soft am\u00e9liore les \u00e9rections et permet l&#8217;accomplissement des rapports sexuels. En pr\u00e9sence de stimulation sexuelle, l\u2019effet peut appara\u00eetre 16 minutes apr\u00e8s la prise et durer pendant 36 heures, ce qui permet au patient de choisir le meilleur moment pour prendre le Cialis pour plusieurs rapports sexuels durant le temps d&#8217;effet.<\/p>\n","protected":false},"featured_media":2977,"comment_status":"open","ping_status":"closed","template":"","meta":[],"product_brand":[],"product_cat":[120],"product_tag":[],"class_list":{"0":"post-2997","1":"product","2":"type-product","3":"status-publish","4":"has-post-thumbnail","6":"product_cat-dysfonction-erectile-fr","7":"pa_active_substance-tadalafil","9":"first","10":"instock","11":"shipping-taxable","12":"product-type-variable"},"jetpack_sharing_enabled":true,"_links":{"self":[{"href":"https:\/\/pharmacy-content.com\/index.php?rest_route=\/wp\/v2\/product\/2997","targetHints":{"allow":["GET"]}}],"collection":[{"href":"https:\/\/pharmacy-content.com\/index.php?rest_route=\/wp\/v2\/product"}],"about":[{"href":"https:\/\/pharmacy-content.com\/index.php?rest_route=\/wp\/v2\/types\/product"}],"replies":[{"embeddable":true,"href":"https:\/\/pharmacy-content.com\/index.php?rest_route=%2Fwp%2Fv2%2Fcomments&post=2997"}],"wp:featuredmedia":[{"embeddable":true,"href":"https:\/\/pharmacy-content.com\/index.php?rest_route=\/wp\/v2\/media\/2977"}],"wp:attachment":[{"href":"https:\/\/pharmacy-content.com\/index.php?rest_route=%2Fwp%2Fv2%2Fmedia&parent=2997"}],"wp:term":[{"taxonomy":"product_brand","embeddable":true,"href":"https:\/\/pharmacy-content.com\/index.php?rest_route=%2Fwp%2Fv2%2Fproduct_brand&post=2997"},{"taxonomy":"product_cat","embeddable":true,"href":"https:\/\/pharmacy-content.com\/index.php?rest_route=%2Fwp%2Fv2%2Fproduct_cat&post=2997"},{"taxonomy":"product_tag","embeddable":true,"href":"https:\/\/pharmacy-content.com\/index.php?rest_route=%2Fwp%2Fv2%2Fproduct_tag&post=2997"}],"curies":[{"name":"wp","href":"https:\/\/api.w.org\/{rel}","templated":true}]}}