{"id":3067,"date":"2026-04-22T06:47:49","date_gmt":"2026-04-22T06:47:49","guid":{"rendered":""},"modified":"2026-04-22T06:47:52","modified_gmt":"2026-04-22T06:47:52","slug":"cialis-soft-10","status":"publish","type":"product","link":"https:\/\/pharmacy-content.com\/?product=cialis-soft-10&lang=cs","title":{"rendered":"Cialis Soft"},"content":{"rendered":"<p>D\u00e1vkov\u00e1n\u00ed a zp\u016fsob u\u017e\u00edv\u00e1n\u00ed. U\u017e\u00edvejte peror\u00e1ln\u011b jedenkr\u00e1t denn\u011b s j\u00eddlem nebo bez j\u00eddla, doporu\u010den\u00e1 d\u00e1vka je 20 mg a l\u00e9k by m\u011bl b\u00fdt u\u017e\u00edv\u00e1n minim\u00e1ln\u011b 16 minut p\u0159ed pohlavn\u00edm stykem. Bezpe\u010dnostn\u00ed opat\u0159en\u00ed. Cialis se doporu\u010duje neu\u017e\u00edvat v kombinaci s grapefruitovou \u0161\u0165\u00e1vou, alkoholick\u00fdmi n\u00e1poji ani tab\u00e1kem. Pokud kou\u0159\u00edte tab\u00e1kov\u00e9 v\u00fdrobky a sou\u010dasn\u011b u\u017e\u00edv\u00e1te Cialis, m\u016f\u017ee to v\u00e9st ke stavu zvan\u00e9mu jako NAION (n\u00e1hl\u00e1 ztr\u00e1ta zraku souvisej\u00edc\u00ed s o\u010dn\u00edm nervem). M\u00e1te-li abnorm\u00e1ln\u00ed penis, v\u010detn\u011b zak\u0159iven\u00e9ho penisu a vrozen\u00fdch vad penisu, prod\u011blali jste ischemickou chorobu srde\u010dn\u00ed, trp\u00edte arytmi\u00ed, anginou pectoris, prod\u011blali jste infarkt myokardu nebo srde\u010dn\u00ed selh\u00e1n\u00ed, trp\u00edte hypo- nebo hypertenz\u00ed, krv\u00e1cen\u00edm, \u017ealude\u010dn\u00edmi v\u0159edy, cukrovkou, hyperlipidemi\u00ed (nadbytkem lipid\u016f v krvi), srpkovitou an\u00e9mi\u00ed, selh\u00e1n\u00edm jater nebo ledvin, informujte sv\u00e9ho l\u00e9ka\u0159e. Kontraindikace. Cialis je kontraindikov\u00e1n u pacient\u016f u\u017e\u00edvaj\u00edc\u00edch jakoukoli formu organick\u00fdch nitr\u00e1t\u016f, a\u0165 u\u017e pravideln\u011b a\/nebo p\u0159eru\u0161ovan\u011b, proto\u017ee m\u016f\u017ee doj\u00edt k zes\u00edlen\u00ed jejich hypotenzn\u00edch \u00fa\u010dink\u016f. Mo\u017en\u00e9 ne\u017e\u00e1douc\u00ed \u00fa\u010dinky. Nej\u010dast\u011bj\u0161\u00edmi ne\u017e\u00e1douc\u00edm \u00fa\u010dinky Cialisu jsou zarudnut\u00ed obli\u010deje, bolesti hlavy, \u017ealude\u010dn\u00ed nevolnost, pr\u016fjem, p\u0159\u00edznaky podobn\u00e9 ch\u0159ipce a nevolnost. Ve vz\u00e1cn\u011bj\u0161\u00edch p\u0159\u00edpadech se m\u016f\u017ee objevit n\u00edzk\u00fd krevn\u00ed tlak, rozmazan\u00e9 vid\u011bn\u00ed a zm\u011bny barevn\u00e9ho vid\u011bn\u00ed nebo abnorm\u00e1ln\u00ed ejakulace. Mo\u017en\u00fd je tak\u00e9 v\u00fdskyt prodlou\u017een\u00e9 erekce nebo priapismu (bolestiv\u00e9 erekce trvaj\u00edc\u00ed d\u00e9le ne\u017e 6 hodin). Pokud je va\u0161e erekce del\u0161\u00ed ne\u017e 4 hodiny, vyhledejte neprodlen\u011b l\u00e9ka\u0159skou pomoc, proto\u017ee by mohlo doj\u00edt k trval\u00e9mu po\u0161kozen\u00ed va\u0161eho penisu. U pacient\u016f s ji\u017e diagnostikovan\u00fdm srde\u010dn\u00edm onemocn\u011bn\u00edm u\u017e\u00edvaj\u00edc\u00edch p\u0159pravek Cialis bylo hl\u00e1\u0161eno zhor\u0161en\u00ed jejich srde\u010dn\u00edch pot\u00ed\u017e\u00ed. L\u00e9kov\u00e9 interakce. Sou\u010dasn\u00e9 u\u017e\u00edv\u00e1n\u00ed s l\u00e9ky obsahuj\u00edc\u00edmi organick\u00e9 nitr\u00e1ty m\u016f\u017ee zp\u016fsobit z\u00e1va\u017enou hypotenzi, kter\u00e1 je v n\u011bkter\u00fdch p\u0159\u00edpadech nebezpe\u010dn\u00e1. P\u0159i u\u017e\u00edv\u00e1n\u00ed p\u0159\u00edpravku Cialis se vyhn\u011bte l\u00e9k\u016fm, jako je erythrityltetranitr\u00e1t, isosorbiddinitr\u00e1t, isosorbidmononitr\u00e1t, nitroglycerin, pentaerythritoltetranitr\u00e1t. Hladiny a toxicitu p\u0159\u00edpravku Cialis zvy\u0161uje erythromycin, ketokonazol (Nizoral), itrakonazol (Sporanox), indinavir (Crixivan) a ritonavir (Norvir). Informujte sv\u00e9ho l\u00e9ka\u0159e, pokud u\u017e\u00edv\u00e1te atazanavir, bunazosin, klarithromycin, doxazosin, erythromycin, indinavir, itrakonazol, ketokonazol, moxisylyt, nefazodon, nelfinavir, fenoxybenzamin, fentolamin, prazosin, sachinavir, telithromycin, terazosin, trimazosin, urapidil, proto\u017ee m\u016f\u017ee b\u00fdt nutn\u00e9 upravit d\u00e1vku p\u0159\u00edpravku Cialis. Vynechan\u00e1 d\u00e1vka. Pokud se p\u0159\u00edpravek Cialis pou\u017e\u00edv\u00e1 k l\u00e9\u010db\u011b erektiln\u00ed dysfunkce, nen\u00ed vynech\u00e1n\u00ed d\u00e1vky doporu\u010deno, proto\u017ee l\u00e9k je u\u017e\u00edv\u00e1n pouze v p\u0159\u00edpad\u011b pot\u0159eby. P\u0159ed\u00e1vkov\u00e1n\u00ed. P\u0159ed\u00e1vkov\u00e1n\u00ed p\u0159\u00edpravkem Cialis zp\u016fsobuje p\u0159\u00edznaky popsan\u00e9 v \u010d\u00e1sti Ne\u017e\u00e1douc\u00ed \u00fa\u010dinky. Pokud se domn\u00edv\u00e1te, \u017ee jste tohoto l\u00e9ku u\u017eili nadm\u011brn\u00e9 mno\u017estv\u00ed, okam\u017eit\u011b vyhledejte l\u00e9ka\u0159skou pomoc. Skladov\u00e1n\u00ed. Uchov\u00e1vejte v uzav\u0159en\u00e9m obalu p\u0159i pokojov\u00e9 teplot\u011b mimo dosah vlhkosti, slune\u010dn\u00edho z\u00e1\u0159en\u00ed, d\u011bt\u00ed a dom\u00e1c\u00edch zv\u00ed\u0159at.<\/p>\n","protected":false},"excerpt":{"rendered":"<p>Cialis Soft zlep\u0161uje erekci a umo\u017e\u0148uje dos\u00e1hnout pohlavn\u00edho styku. P\u0159i sexu\u00e1ln\u00edm vzru\u0161en\u00ed se \u00fa\u010dinek dostav\u00ed i 16 minut po u\u017eit\u00ed l\u00e9ku a p\u0159etrv\u00e1v\u00e1 po dobu 36 hodin, tak\u017ee si pacient m\u016f\u017ee zvolit, kdy m\u00e1 Cialis za\u010d\u00edt p\u016fsobit a b\u011bhem uveden\u00e9 doby se m\u016f\u017ee n\u011bkolikr\u00e1t pokusit o pohlavn\u00ed styk.<\/p>\n","protected":false},"featured_media":2977,"comment_status":"open","ping_status":"closed","template":"","meta":[],"product_brand":[],"product_cat":[141],"product_tag":[],"class_list":{"0":"post-3067","1":"product","2":"type-product","3":"status-publish","4":"has-post-thumbnail","6":"product_cat-erektilni-dysfunkce-cs","7":"pa_active_substance-tadalafil","9":"first","10":"instock","11":"shipping-taxable","12":"product-type-variable"},"jetpack_sharing_enabled":true,"_links":{"self":[{"href":"https:\/\/pharmacy-content.com\/index.php?rest_route=\/wp\/v2\/product\/3067","targetHints":{"allow":["GET"]}}],"collection":[{"href":"https:\/\/pharmacy-content.com\/index.php?rest_route=\/wp\/v2\/product"}],"about":[{"href":"https:\/\/pharmacy-content.com\/index.php?rest_route=\/wp\/v2\/types\/product"}],"replies":[{"embeddable":true,"href":"https:\/\/pharmacy-content.com\/index.php?rest_route=%2Fwp%2Fv2%2Fcomments&post=3067"}],"wp:featuredmedia":[{"embeddable":true,"href":"https:\/\/pharmacy-content.com\/index.php?rest_route=\/wp\/v2\/media\/2977"}],"wp:attachment":[{"href":"https:\/\/pharmacy-content.com\/index.php?rest_route=%2Fwp%2Fv2%2Fmedia&parent=3067"}],"wp:term":[{"taxonomy":"product_brand","embeddable":true,"href":"https:\/\/pharmacy-content.com\/index.php?rest_route=%2Fwp%2Fv2%2Fproduct_brand&post=3067"},{"taxonomy":"product_cat","embeddable":true,"href":"https:\/\/pharmacy-content.com\/index.php?rest_route=%2Fwp%2Fv2%2Fproduct_cat&post=3067"},{"taxonomy":"product_tag","embeddable":true,"href":"https:\/\/pharmacy-content.com\/index.php?rest_route=%2Fwp%2Fv2%2Fproduct_tag&post=3067"}],"curies":[{"name":"wp","href":"https:\/\/api.w.org\/{rel}","templated":true}]}}