{"id":3084,"date":"2026-04-22T06:48:00","date_gmt":"2026-04-22T06:48:00","guid":{"rendered":""},"modified":"2026-04-22T06:48:10","modified_gmt":"2026-04-22T06:48:10","slug":"cobra-2","status":"publish","type":"product","link":"https:\/\/pharmacy-content.com\/?product=cobra-2&lang=de","title":{"rendered":"Cobra"},"content":{"rendered":"<p>Allgemeine Anwendung<\/p>\n<p>Cobra ist ein Kombinationspr\u00e4parat, das sowohl aus Tadalafil als auch Sildenafilcitrat besteht. Diese Kombination erm\u00f6glicht es Benutzern, eine starke und stabile Erektion zu erreichen und gleichzeitig den Geschlechtsakt zu verl\u00e4ngern, was Cobra zur Komplettl\u00f6sung Nr. 1 f\u00fcr unglaubliches sexuelles Vergn\u00fcgen macht.<\/p>\n<p>Dosierung und Richtung<\/p>\n<p>Benutzer sollten es genau nehmen Nehmen Sie mindestens 20 Minuten vor der sexuellen Aktivit\u00e4t eine Tablette Cobra ein. Es wird jedoch empfohlen, der Tablette eine Stunde Zeit zu geben, bis sie sich aufl\u00f6st und mit der Wirkung beginnt. Die \u00fcbliche Dosis von Cobra besteht aus 100 mg Sildenafil und 20 mg Tadalafil.<\/p>\n<p>Vorsichtsma\u00dfnahmen<\/p>\n<p>Original Cobra sieht aus wie rote Filmtabletten mit rechteckiger Form. Um den gr\u00f6\u00dftm\u00f6glichen Nutzen aus Ihrer Therapie zu ziehen, befolgen Sie bitte die in der Packung enthaltenen Anweisungen. Wenn Sie Cobra zum ersten Mal ausprobieren, ist es notwendig, Ihren Arzt zu konsultieren. Durch eine gr\u00fcndliche und rechtzeitige Beratung k\u00f6nnen Sie m\u00f6gliche Nebenwirkungen vermeiden und Ihre Behandlung so effizient wie m\u00f6glich gestalten.<\/p>\n<p>Kontraindikationen<\/p>\n<p>Cobra kann bei unsachgem\u00e4\u00dfer Einnahme schwerwiegende Nebenwirkungen haben. Konsultieren Sie zun\u00e4chst Ihren Arzt, um herauszufinden, ob Sie das Medikament ohne schwerwiegende Nebenwirkungen einnehmen k\u00f6nnen. \u00dcberempfindlichkeit gegen die Bestandteile des Arzneimittels, niedriger Blutdruck und andere Erkrankungen k\u00f6nnen Kontraindikationen f\u00fcr die Anwendung von Cobra sein.<\/p>\n<p>M\u00f6gliche Nebenwirkungen<\/p>\n<p>In seltenen F\u00e4llen kann Cobra negative Auswirkungen haben. Sie \u00e4u\u00dfern sich in \u00dcbelkeit, Durchfall und Erbrechen, Schwindel, Schl\u00e4frigkeit und Schwindel, Hitzegef\u00fchl, Sodbrennen und Blutdruckabfall oder Sehst\u00f6rungen, einschlie\u00dflich Unsch\u00e4rfe und \u00dcberempfindlichkeit gegen Licht. Bei den meisten Patienten treten diese Nebenwirkungen jedoch nie auf.<\/p>\n<p>Arzneimittelwechselwirkungen<\/p>\n<p>Cobra kann als Kombination aus Tadalafil und Sildenafilcitrat mit anderen blutdrucksenkenden Mitteln interagieren. Es wird nicht empfohlen, Cobra zusammen mit blutdrucksenkenden Medikamenten oder Vasodilatatoren einzunehmen. F\u00fcr detailliertere Empfehlungen lesen Sie bitte die Packungsbeilage oder wenden Sie sich an Ihren Arzt.<\/p>\n<p>Verpasste Dosis<\/p>\n<p>Cobra erfordert keine regelm\u00e4\u00dfige Einnahme. Wenn Sie also die Dosis vergessen haben, k\u00f6nnen Sie sie einfach ignorieren. Sie sollten jedoch bedenken, dass nach der Einnahme des Arzneimittels mindestens 20 Minuten vergehen m\u00fcssen.<\/p>\n<p>\u00dcberdosierung<\/p>\n<p>Wenn Sie Cobra \u00fcberdosiert haben, sollten Sie Ihren Arzt um Rat fragen. Wenn Sie Nebenwirkungen des Arzneimittels in mittelschwerer oder schwerer Form bemerken, suchen Sie sofort \u00e4rztliche Hilfe auf.<\/p>\n<p>Lagerung<\/p>\n<p>Bitte bewahren Sie Cobra an einem dunklen, trockenen Ort bei Raumtemperatur au\u00dferhalb der Reichweite von Kindern auf. \u00dcberpr\u00fcfen Sie unbedingt das Verfallsdatum auf der Packung, bevor Sie mit der Einnahme des Arzneimittels beginnen.<\/p>\n<p>Haftungsausschluss<\/p>\n<p>Wir stellen nur allgemeine Informationen zu Medikamenten zur Verf\u00fcgung, die nicht alle Anweisungen, m\u00f6gliche Arzneimittelkombinationen oder Vorsichtsma\u00dfnahmen abdecken. Die Informationen auf der Website k\u00f6nnen nicht zur Selbstbehandlung und Selbstdiagnose verwendet werden. Spezifische Anweisungen f\u00fcr einen bestimmten Patienten sollten mit Ihrem Gesundheitsberater oder dem f\u00fcr den Fall zust\u00e4ndigen Arzt vereinbart werden. Wir lehnen die Zuverl\u00e4ssigkeit dieser Informationen und die darin enthaltenen Fehler ab. Wir haften nicht f\u00fcr direkte, indirekte, besondere oder sonstige indirekte Sch\u00e4den, die sich aus der Nutzung der Informationen auf dieser Website ergeben und auch nicht f\u00fcr Folgen der Selbstbehandlung.<\/p>\n","protected":false},"excerpt":{"rendered":"<p>Cobra Generic ist eines der bekanntesten Medikamente der Welt und wird zur Behandlung von erektiler Dysfunktion (ED) und Impotenz eingesetzt. Sildenafil ist der Wirkstoff in Cobra Generic. Es entspannt die Muskeln und Blutgef\u00e4\u00dfe im Penis und sorgt so f\u00fcr eine bessere Durchblutung, sodass ein Mann leichter eine Erektion entwickeln kann. Nehmen Sie Cobra Generic innerhalb von 60 Minuten nach der sexuellen Aktivit\u00e4t ein, um die Erektion zu erleichtern. Beachten Sie, dass zu den h\u00e4ufigen Nebenwirkungen vor\u00fcbergehende Ver\u00e4nderungen des Sehverm\u00f6gens und Hitzewallungen geh\u00f6ren.<\/p>\n","protected":false},"featured_media":3078,"comment_status":"open","ping_status":"closed","template":"","meta":[],"product_brand":[],"product_cat":[117],"product_tag":[],"class_list":{"0":"post-3084","1":"product","2":"type-product","3":"status-publish","4":"has-post-thumbnail","6":"product_cat-erektile-dysfunktion-de","7":"pa_active_substance-sildenafil","8":"pa_active_substance-tadalafil","10":"first","11":"instock","12":"shipping-taxable","13":"product-type-variable"},"jetpack_sharing_enabled":true,"_links":{"self":[{"href":"https:\/\/pharmacy-content.com\/index.php?rest_route=\/wp\/v2\/product\/3084","targetHints":{"allow":["GET"]}}],"collection":[{"href":"https:\/\/pharmacy-content.com\/index.php?rest_route=\/wp\/v2\/product"}],"about":[{"href":"https:\/\/pharmacy-content.com\/index.php?rest_route=\/wp\/v2\/types\/product"}],"replies":[{"embeddable":true,"href":"https:\/\/pharmacy-content.com\/index.php?rest_route=%2Fwp%2Fv2%2Fcomments&post=3084"}],"wp:featuredmedia":[{"embeddable":true,"href":"https:\/\/pharmacy-content.com\/index.php?rest_route=\/wp\/v2\/media\/3078"}],"wp:attachment":[{"href":"https:\/\/pharmacy-content.com\/index.php?rest_route=%2Fwp%2Fv2%2Fmedia&parent=3084"}],"wp:term":[{"taxonomy":"product_brand","embeddable":true,"href":"https:\/\/pharmacy-content.com\/index.php?rest_route=%2Fwp%2Fv2%2Fproduct_brand&post=3084"},{"taxonomy":"product_cat","embeddable":true,"href":"https:\/\/pharmacy-content.com\/index.php?rest_route=%2Fwp%2Fv2%2Fproduct_cat&post=3084"},{"taxonomy":"product_tag","embeddable":true,"href":"https:\/\/pharmacy-content.com\/index.php?rest_route=%2Fwp%2Fv2%2Fproduct_tag&post=3084"}],"curies":[{"name":"wp","href":"https:\/\/api.w.org\/{rel}","templated":true}]}}