{"id":3102,"date":"2026-04-22T06:48:03","date_gmt":"2026-04-22T06:48:03","guid":{"rendered":""},"modified":"2026-04-22T06:48:10","modified_gmt":"2026-04-22T06:48:10","slug":"cobra-5","status":"publish","type":"product","link":"https:\/\/pharmacy-content.com\/es\/product\/cobra-5\/","title":{"rendered":"Cobra"},"content":{"rendered":"<p>Uso com\u00fan<\/p>\n<p>Cobra es un f\u00e1rmaco combinado que consta de tadalafilo y citrato de sildenafil. Esta combinaci\u00f3n permite a los usuarios lograr una erecci\u00f3n potente y estable y al mismo tiempo prolongar el acto sexual, lo que convierte a Cobra en la soluci\u00f3n completa n\u00famero uno para un placer sexual incre\u00edble.<\/p>\n<p>Dosis y direcci\u00f3n<\/p>\n<p>Los usuarios deben tomar solo una tableta de Cobra al menos 20 minutos antes de la actividad sexual, pero se recomienda dejar que la tableta se disuelva una hora y comience a actuar. La dosis habitual de Cobra consiste en 100 mg de Sildenafil y 20 mg de Tadalafil.<\/p>\n<p>Precauciones<\/p>\n<p>El Cobra original parece comprimidos recubiertos con pel\u00edcula de color rojo de forma rectangular. Para aprovechar al m\u00e1ximo su terapia, siga las instrucciones incluidas en el paquete. Si prueba Cobra por primera vez, es necesario consultar a su m\u00e9dico. Una consulta exhaustiva y oportuna le permitir\u00e1 evitar posibles efectos adversos y hacer que su tratamiento sea lo m\u00e1s eficiente posible.<\/p>\n<p>Contraindicaciones<\/p>\n<p>Cobra puede causar efectos adversos graves si no se toma correctamente. Antes que nada, consulte a su m\u00e9dico para saber si puede tomar el medicamento sin efectos adversos graves. La hipersensibilidad a los componentes del medicamento, la presi\u00f3n arterial baja y otras condiciones pueden ser contraindicaciones para el uso de Cobra.<\/p>\n<p>Posibles efectos secundarios<\/p>\n<p>En casos raros, Cobra puede ser una causa de efectos negativos. Se manifiestan como n\u00e1useas, diarrea y v\u00f3mitos, mareos, somnolencia y v\u00e9rtigo, sofocos, acidez de est\u00f3mago y descenso de la tensi\u00f3n arterial o problemas de visi\u00f3n, incluyendo visi\u00f3n borrosa e hipersensibilidad a la luz. Sin embargo, la mayor\u00eda de los pacientes nunca experimentan ninguno de esos efectos adversos.<\/p>\n<p>Interacci\u00f3n con otros medicamentos<\/p>\n<p>Cobra, como combinaci\u00f3n de tadalafilo y citrato de sildenafil, puede interactuar con otros agentes antihipertensivos. No se recomienda tomar Cobra junto con medicamentos que bajen la presi\u00f3n arterial o vasodilatadores. Para obtener recomendaciones m\u00e1s detalladas, lea el folleto incluido o consulte a su m\u00e9dico.<\/p>\n<p>Dosis omitida<\/p>\n<p>Cobra no requiere una ingesta regular, por lo que si omiti\u00f3 la dosis, puede ignorarla. Sin embargo, debe recordar que deben pasar al menos 20 minutos despu\u00e9s de tomar el medicamento.<\/p>\n<p>Sobredosis<\/p>\n<p>Si ha tomado una sobredosis de Cobra, debe comunicarse con su m\u00e9dico para que le aconseje. Si experimenta alguno de los efectos adversos del medicamento en forma moderada o grave, busque ayuda m\u00e9dica de inmediato.<\/p>\n<p>Almacenamiento<\/p>\n<p>Guarde Cobra en un lugar oscuro y seco a temperatura ambiente, fuera del alcance de los ni\u00f1os. Es necesario comprobar la fecha de caducidad en el paquete antes de empezar a tomar el medicamento.<\/p>\n<p>Descargo de responsabilidad<\/p>\n<p>Solo proporcionamos informaci\u00f3n general sobre los medicamentos que no cubre todas las instrucciones, posibles integraciones de medicamentos ni precauciones. La informaci\u00f3n del sitio no se puede utilizar para autotratamiento y autodiagn\u00f3stico. Cualquier instrucci\u00f3n espec\u00edfica para un paciente en particular debe acordarse con su asesor de atenci\u00f3n m\u00e9dica o m\u00e9dico a cargo del caso. Renunciamos a la fiabilidad de esta informaci\u00f3n y a los errores que pueda contener. No somos responsables de ning\u00fan da\u00f1o directo, indirecto, especial u otro da\u00f1o indirecto como resultado de cualquier uso de la informaci\u00f3n en este sitio y tampoco de las consecuencias del autotratamiento.<\/p>\n","protected":false},"excerpt":{"rendered":"<p>Cobra Generic es uno de los medicamentos m\u00e1s conocidos en el mundo y se usa para tratar la disfunci\u00f3n er\u00e9ctil o DE y la impotencia. Sildenafil es el ingrediente activo de Cobra Generic. Relaja los m\u00fasculos y los vasos sangu\u00edneos del pene para mejorar el flujo sangu\u00edneo, lo que facilita que el hombre desarrolle una erecci\u00f3n. Tome Cobra Generic dentro de los 60 minutos posteriores a la actividad sexual para que le resulte m\u00e1s f\u00e1cil tener una erecci\u00f3n. Tenga en cuenta que los efectos secundarios comunes incluyen cambios temporales en la visi\u00f3n y enrojecimiento.<\/p>\n","protected":false},"featured_media":3078,"comment_status":"open","ping_status":"closed","template":"","meta":[],"product_brand":[],"product_cat":[126],"product_tag":[],"class_list":{"0":"post-3102","1":"product","2":"type-product","3":"status-publish","4":"has-post-thumbnail","6":"product_cat-disfuncion-erectil-es","7":"pa_active_substance-sildenafil","8":"pa_active_substance-tadalafil","10":"first","11":"instock","12":"shipping-taxable","13":"product-type-variable"},"jetpack_sharing_enabled":true,"_links":{"self":[{"href":"https:\/\/pharmacy-content.com\/wp-json\/wp\/v2\/product\/3102","targetHints":{"allow":["GET"]}}],"collection":[{"href":"https:\/\/pharmacy-content.com\/wp-json\/wp\/v2\/product"}],"about":[{"href":"https:\/\/pharmacy-content.com\/wp-json\/wp\/v2\/types\/product"}],"replies":[{"embeddable":true,"href":"https:\/\/pharmacy-content.com\/wp-json\/wp\/v2\/comments?post=3102"}],"wp:featuredmedia":[{"embeddable":true,"href":"https:\/\/pharmacy-content.com\/wp-json\/wp\/v2\/media\/3078"}],"wp:attachment":[{"href":"https:\/\/pharmacy-content.com\/wp-json\/wp\/v2\/media?parent=3102"}],"wp:term":[{"taxonomy":"product_brand","embeddable":true,"href":"https:\/\/pharmacy-content.com\/wp-json\/wp\/v2\/product_brand?post=3102"},{"taxonomy":"product_cat","embeddable":true,"href":"https:\/\/pharmacy-content.com\/wp-json\/wp\/v2\/product_cat?post=3102"},{"taxonomy":"product_tag","embeddable":true,"href":"https:\/\/pharmacy-content.com\/wp-json\/wp\/v2\/product_tag?post=3102"}],"curies":[{"name":"wp","href":"https:\/\/api.w.org\/{rel}","templated":true}]}}