{"id":3175,"date":"2026-04-22T06:48:20","date_gmt":"2026-04-22T06:48:20","guid":{"rendered":""},"modified":"2026-04-22T06:48:26","modified_gmt":"2026-04-22T06:48:26","slug":"eli-7","status":"publish","type":"product","link":"https:\/\/pharmacy-content.com\/pt\/product\/eli-7\/","title":{"rendered":"Eli"},"content":{"rendered":"<p>Uso comum<br \/>\nEli \u00e9 um inibidor seletivo, revers\u00edvel e eficaz da fosfodiesterase tipo 5 (PDE 5) espec\u00edfico do monofosfato de guanosina c\u00edclico (cGMP). Quando a estimula\u00e7\u00e3o sexual provoca a liberta\u00e7\u00e3o local de \u00f3xido n\u00edtrico, a inibi\u00e7\u00e3o da PDE 5 pelo Eli leva ao aumento dos n\u00edveis de cGMP no corpo cavernoso do p\u00e9nis. Isso resulta no relaxamento dos m\u00fasculos lisos arteriais e no fluxo sangu\u00edneo para os tecidos do p\u00eanis que causa ere\u00e7\u00f5es. Eli n\u00e3o tem efeito quando a estimula\u00e7\u00e3o sexual est\u00e1 ausente. Eli melhora a ere\u00e7\u00e3o e permite conseguir uma rela\u00e7\u00e3o sexual bem sucedida. A droga atua durante 36 horas. Se houver excita\u00e7\u00e3o sexual, o efeito aparece mesmo 16 minutos ap\u00f3s a ingest\u00e3o do medicamento.<\/p>\n<p>Posologia e orienta\u00e7\u00e3o<br \/>\nA dose recomendada de Eli \u00e9 de 20 mg e deve ser tomada pelo menos 16 minutos antes da atividade sexual. O efeito persiste durante 36 horas. Tome Eli uma vez ao dia e n\u00e3o exceda a dose recomendada.<\/p>\n<p>Precau\u00e7\u00f5es<br \/>\n\u00c9 prefer\u00edvel n\u00e3o usar Eli com suco de toranja, bebidas alco\u00f3licas, tabaco. Se voc\u00ea fuma tabaco e toma Eli concomitantemente, isso pode levar a uma condi\u00e7\u00e3o chamada NAION (perda repentina de vis\u00e3o relacionada ao nervo \u00f3ptico). Informe o seu m\u00e9dico antes de tomar Eli se voc\u00ea tem p\u00eanis anormal, incluindo p\u00eanis curvo e defeitos cong\u00eanitos do p\u00eanis, teve doen\u00e7a arterial coronariana, arritmia, angina, ataque card\u00edaco ou insufici\u00eancia card\u00edaca, hipo ou hipertens\u00e3o, sangramento, \u00falceras estomacais, diabetes, hiperlipidemia (excesso de lip\u00eddios no sangue), anemia falciforme, hist\u00f3ria de insufici\u00eancia hep\u00e1tica ou renal.<\/p>\n<p>Contra-indica\u00e7\u00f5es<br \/>\nEli \u00e9 contra-indicado em pacientes que estejam usando qualquer forma de nitrato org\u00e2nico, de forma regular e\/ou intermitente, pois \u00e9 capaz de potencializar o efeito hipotensor dos nitratos.<\/p>\n<p>Poss\u00edveis efeitos colaterais<br \/>\nOs efeitos colaterais mais comuns do Eli s\u00e3o rubor facial (vermelhid\u00e3o), dores de cabe\u00e7a, dor de est\u00f4mago, diarreia, sintomas semelhantes aos da gripe e n\u00e1useas. Em casos mais raros, podem ocorrer press\u00e3o arterial baixa, vis\u00e3o turva e altera\u00e7\u00f5es na vis\u00e3o das cores e ejacula\u00e7\u00e3o anormal. Ere\u00e7\u00f5es prolongadas ou priapismo (ere\u00e7\u00f5es dolorosas que duram mais de 6 horas) tamb\u00e9m s\u00e3o poss\u00edveis. Se a sua ere\u00e7\u00e3o durar mais de 4 horas, procure ajuda m\u00e9dica imediata, pois isso pode danificar permanentemente o seu p\u00eanis. Foi relatado agravamento de problemas card\u00edacos em pacientes com doen\u00e7a card\u00edaca pr\u00e9-existente usando Eli.<\/p>\n<p>Intera\u00e7\u00f5es medicamentosas<br \/>\nA coadministra\u00e7\u00e3o com medicamentos contendo nitratos org\u00e2nicos pode causar hipotens\u00e3o grave, o que \u00e9 perigoso em alguns casos. Evite tomar Calis com medicamentos como Tetranitrato de Eritritila, Dinitrato de Isossorbida, Mononitrato de Isossorbida, Nitroglicerina, Tetranitrato de Pentaeritritol. Os n\u00edveis e a toxicidade do Eli s\u00e3o aumentados pela eritromicina, cetoconazol (Nizoral), itraconazol (Sporanox), indinavir (Crixivan) e ritonavir (Norvir). Informe o seu m\u00e9dico se voc\u00ea estiver tomando Atazanavir, Bunazosina, Claritromicina, Doxazosina, Eritromicina, Indinavir, Itraconazol, Cetoconazol, Moxisylyte, Nefazodona, Nelfinavir, Fenoxibenzamina, Fentolamina, Prazosina, Saquinavir, Telitromicina, Terazosina, Trimazosina, Urapidil conforme sua dose de Eli pode exigir corre\u00e7\u00e3o.<\/p>\n<p>Dose esquecida<br \/>\nDose esquecida n\u00e3o \u00e9 suposta se Eli for tomado para tratamento de disfun\u00e7\u00e3o er\u00e9til, pois \u00e9 usado quando necess\u00e1rio.<\/p>\n<p>Overdose<br \/>\nOverdose de Eli causa sintomas descritos como efeitos colaterais. Procure ajuda m\u00e9dica imediata se voc\u00ea acha que tomou muito deste medicamento.<\/p>\n<p>Armazenamento<br \/>\nArmazene em temperatura ambiente, longe da umidade, luz solar, crian\u00e7as e animais de estima\u00e7\u00e3o em um recipiente apertado.<\/p>\n<p>Isen\u00e7\u00e3o de responsabilidade<br \/>\nFornecemos apenas informa\u00e7\u00f5es gerais informa\u00e7\u00f5es sobre medicamentos que n\u00e3o cobrem todas as instru\u00e7\u00f5es, poss\u00edveis integra\u00e7\u00f5es de medicamentos ou precau\u00e7\u00f5es. As informa\u00e7\u00f5es do site n\u00e3o podem ser utilizadas para autotratamento e autodiagn\u00f3stico. Quaisquer instru\u00e7\u00f5es espec\u00edficas para um determinado paciente devem ser acordadas com o seu conselheiro de sa\u00fade ou m\u00e9dico respons\u00e1vel pelo caso. N\u00f3s nos isentamos da confiabilidade dessas informa\u00e7\u00f5es e dos erros que elas possam conter.<\/p>\n","protected":false},"excerpt":{"rendered":"<p>Eli Generic \u00e9 mais comumente usado para tratar a disfun\u00e7\u00e3o er\u00e9til e a impot\u00eancia, que ocorre quando um homem luta para manter uma ere\u00e7\u00e3o ou n\u00e3o consegue ficar ereto. \u00c0s vezes, tamb\u00e9m \u00e9 prescrito para pr\u00f3stata aumentada. Tadalafil \u00e9 o ingrediente ativo do Eli. Melhora o fluxo sangu\u00edneo para o p\u00eanis para que o homem possa obter uma ere\u00e7\u00e3o para a atividade sexual. Dependendo de como o seu m\u00e9dico prescreve o medicamento, voc\u00ea pode tom\u00e1-lo conforme necess\u00e1rio, antes do sexo ou todos os dias. Se voc\u00ea tomar conforme necess\u00e1rio, os efeitos podem durar at\u00e9 36 horas.<\/p>\n","protected":false},"featured_media":3139,"comment_status":"open","ping_status":"closed","template":"","meta":[],"product_brand":[],"product_cat":[132],"product_tag":[],"class_list":{"0":"post-3175","1":"product","2":"type-product","3":"status-publish","4":"has-post-thumbnail","6":"product_cat-disfuncao-eretil-pt","7":"pa_active_substance-tadalafil","9":"first","10":"instock","11":"shipping-taxable","12":"product-type-variable"},"jetpack_sharing_enabled":true,"_links":{"self":[{"href":"https:\/\/pharmacy-content.com\/wp-json\/wp\/v2\/product\/3175","targetHints":{"allow":["GET"]}}],"collection":[{"href":"https:\/\/pharmacy-content.com\/wp-json\/wp\/v2\/product"}],"about":[{"href":"https:\/\/pharmacy-content.com\/wp-json\/wp\/v2\/types\/product"}],"replies":[{"embeddable":true,"href":"https:\/\/pharmacy-content.com\/wp-json\/wp\/v2\/comments?post=3175"}],"wp:featuredmedia":[{"embeddable":true,"href":"https:\/\/pharmacy-content.com\/wp-json\/wp\/v2\/media\/3139"}],"wp:attachment":[{"href":"https:\/\/pharmacy-content.com\/wp-json\/wp\/v2\/media?parent=3175"}],"wp:term":[{"taxonomy":"product_brand","embeddable":true,"href":"https:\/\/pharmacy-content.com\/wp-json\/wp\/v2\/product_brand?post=3175"},{"taxonomy":"product_cat","embeddable":true,"href":"https:\/\/pharmacy-content.com\/wp-json\/wp\/v2\/product_cat?post=3175"},{"taxonomy":"product_tag","embeddable":true,"href":"https:\/\/pharmacy-content.com\/wp-json\/wp\/v2\/product_tag?post=3175"}],"curies":[{"name":"wp","href":"https:\/\/api.w.org\/{rel}","templated":true}]}}