{"id":3236,"date":"2026-04-22T06:48:35","date_gmt":"2026-04-22T06:48:35","guid":{"rendered":""},"modified":"2026-04-22T07:00:41","modified_gmt":"2026-04-22T07:00:41","slug":"extra-super-p-force-7","status":"publish","type":"product","link":"https:\/\/pharmacy-content.com\/?product=extra-super-p-force-7&lang=pt","title":{"rendered":"Extra Super P Force"},"content":{"rendered":"<p>Uso comum<\/p>\n<p>Super P-Force \u00e9 um medicamento desenvolvido para tratar dois problemas masculinos: disfun\u00e7\u00e3o er\u00e9til masculina e ejacula\u00e7\u00e3o precoce. Estas s\u00e3o condi\u00e7\u00f5es muito comuns em homens entre 18 e 64 anos. Cada comprimido cont\u00e9m 100 mg de Citrato de Sildenafil e 60 mg de Dapoxetina.<\/p>\n<p>Posologia e dire\u00e7\u00e3o<\/p>\n<p>A dosagem inicial \u00e9 de 25-100 mg, tome uma vez ao dia entre 30 minutos e 4 horas antes da atividade sexual planejada.<\/p>\n<p>Precau\u00e7\u00f5es<\/p>\n<p>Informe seu m\u00e9dico se tiver hipotens\u00e3o ou hipertens\u00e3o, insufici\u00eancia card\u00edaca, doen\u00e7a arterial coronariana, deforma\u00e7\u00f5es do p\u00eanis, anemia falciforme, m\u00faltiplas mieloma, leucemia, retino pigmentoso e tamb\u00e9m hist\u00f3ria de disfun\u00e7\u00e3o card\u00edaca, enfarte do mioc\u00e1rdio, arritmia por acidente vascular cerebral, arritmia com risco de vida, problemas cardiovasculares, alergias. N\u00e3o tome Super P-Force junto com outros medicamentos para DE.<\/p>\n<p>Contra-indica\u00e7\u00f5es<\/p>\n<p>Super P-Force n\u00e3o pode ser usado em pacientes com alergia ao medicamento e seus componentes e tamb\u00e9m em indiv\u00edduos tratados com nitratos (como como nitroglicerina). Esta combina\u00e7\u00e3o pode causar press\u00e3o arterial muito baixa, potencialmente perigosa, resultando em acidente vascular cerebral, ataque card\u00edaco ou morte. N\u00e3o tome este medicamento se tiver menos de 18 anos.<\/p>\n<p>Poss\u00edvel efeito colateral<\/p>\n<p>Alguns pacientes podem apresentar espirros, dor de cabe\u00e7a, diarr\u00e9ia, tontura, dor de est\u00f4mago, v\u00f4mito, congest\u00e3o nasal, fotofobia. Super P-Force pode causar uma condi\u00e7\u00e3o rara, mas grave, conhecida como priapismo ou ere\u00e7\u00e3o prolongada. Contate seu m\u00e9dico imediatamente se sua ere\u00e7\u00e3o continuar por mais de horas. Sem aten\u00e7\u00e3o m\u00e9dica imediata, esta condi\u00e7\u00e3o pode danificar permanentemente seu p\u00eanis.<\/p>\n<p>Intera\u00e7\u00e3o medicamentosa<\/p>\n<p>Super P-Force n\u00e3o deve ser prescrito a pacientes tratados com medicamentos que contenham nitratos org\u00e2nicos. Os n\u00edveis sangu\u00edneos de Super P-Force s\u00e3o aumentados pela eritromicina, cetoconazol, itraconazol e saquinavir.<\/p>\n<p>Dose esquecida<\/p>\n<p>Tome Super P-Force quando necess\u00e1rio, mas n\u00e3o mais do que um comprimido por dia. A ingest\u00e3o di\u00e1ria regular deve ser acordada com o seu m\u00e9dico<\/p>\n<p>Sobredosagem<\/p>\n<p>Uma ere\u00e7\u00e3o superior a quatro horas pode ser um sinal de sobredosagem. Se voc\u00ea sentir desmaios graves, dor no peito, n\u00e1usea, batimento card\u00edaco irregular, tontura durante o sexo ap\u00f3s tomar Super P-Force, entre em contato com seu m\u00e9dico, pois pode precisar de ajuda m\u00e9dica imediata.<\/p>\n<p>Armazenamento<\/p>\n<p>Armazene em temperatura ambiente. protegido da umidade, luz solar, crian\u00e7as e animais de estima\u00e7\u00e3o em um recipiente apertado.<\/p>\n<p>Isen\u00e7\u00e3o de responsabilidade<\/p>\n<p>Fornecemos apenas informa\u00e7\u00f5es gerais sobre medicamentos que n\u00e3o cobrem todas as instru\u00e7\u00f5es, poss\u00edveis integra\u00e7\u00f5es de medicamentos ou precau\u00e7\u00f5es. As informa\u00e7\u00f5es do site n\u00e3o podem ser utilizadas para autotratamento e autodiagn\u00f3stico. Quaisquer instru\u00e7\u00f5es espec\u00edficas para um determinado paciente devem ser acordadas com o seu conselheiro de sa\u00fade ou m\u00e9dico respons\u00e1vel pelo caso. N\u00f3s nos isentamos da confiabilidade dessas informa\u00e7\u00f5es e dos erros que elas possam conter. N\u00e3o nos responsabilizamos por quaisquer danos diretos, indiretos, especiais ou outros danos indiretos resultantes de qualquer uso das informa\u00e7\u00f5es deste site e tamb\u00e9m pelas consequ\u00eancias do autotratamento.<\/p>\n","protected":false},"excerpt":{"rendered":"<p>Extra Super P-Force Generic \u00e9 um medicamento que trata a disfun\u00e7\u00e3o er\u00e9til masculina e a ejacula\u00e7\u00e3o precoce.<\/p>\n","protected":false},"featured_media":6106,"comment_status":"open","ping_status":"closed","template":"","meta":[],"product_brand":[],"product_cat":[132],"product_tag":[],"class_list":{"0":"post-3236","1":"product","2":"type-product","3":"status-publish","4":"has-post-thumbnail","6":"product_cat-disfuncao-eretil-pt","7":"pa_active_substance-dapoxetine","8":"pa_active_substance-sildenafil","10":"first","11":"instock","12":"shipping-taxable","13":"product-type-simple"},"jetpack_sharing_enabled":true,"_links":{"self":[{"href":"https:\/\/pharmacy-content.com\/index.php?rest_route=\/wp\/v2\/product\/3236","targetHints":{"allow":["GET"]}}],"collection":[{"href":"https:\/\/pharmacy-content.com\/index.php?rest_route=\/wp\/v2\/product"}],"about":[{"href":"https:\/\/pharmacy-content.com\/index.php?rest_route=\/wp\/v2\/types\/product"}],"replies":[{"embeddable":true,"href":"https:\/\/pharmacy-content.com\/index.php?rest_route=%2Fwp%2Fv2%2Fcomments&post=3236"}],"wp:featuredmedia":[{"embeddable":true,"href":"https:\/\/pharmacy-content.com\/index.php?rest_route=\/wp\/v2\/media\/6106"}],"wp:attachment":[{"href":"https:\/\/pharmacy-content.com\/index.php?rest_route=%2Fwp%2Fv2%2Fmedia&parent=3236"}],"wp:term":[{"taxonomy":"product_brand","embeddable":true,"href":"https:\/\/pharmacy-content.com\/index.php?rest_route=%2Fwp%2Fv2%2Fproduct_brand&post=3236"},{"taxonomy":"product_cat","embeddable":true,"href":"https:\/\/pharmacy-content.com\/index.php?rest_route=%2Fwp%2Fv2%2Fproduct_cat&post=3236"},{"taxonomy":"product_tag","embeddable":true,"href":"https:\/\/pharmacy-content.com\/index.php?rest_route=%2Fwp%2Fv2%2Fproduct_tag&post=3236"}],"curies":[{"name":"wp","href":"https:\/\/api.w.org\/{rel}","templated":true}]}}