{"id":3267,"date":"2026-04-22T06:48:47","date_gmt":"2026-04-22T06:48:47","guid":{"rendered":""},"modified":"2026-04-22T06:48:57","modified_gmt":"2026-04-22T06:48:57","slug":"fildena-super-active-2","status":"publish","type":"product","link":"https:\/\/pharmacy-content.com\/de\/product\/fildena-super-active-2\/","title":{"rendered":"Fildena Super Active"},"content":{"rendered":"<p>Allgemeine Anwendung<br \/>\nDer Hauptbestandteil von Fildena Super Active ist Sildenafilcitrat.<br \/>\nSildenafilcitrat beeinflusst die Reaktion auf sexuelle Stimulation. Es wirkt, indem es die Entspannung der glatten Muskulatur durch Stickstoffmonoxid f\u00f6rdert, eine Chemikalie, die normalerweise als Reaktion auf sexuelle Stimulation freigesetzt wird. Diese Entspannung der glatten Muskulatur erm\u00f6glicht eine erh\u00f6hte Durchblutung bestimmter Bereiche des Penis, was zu einer Erektion f\u00fchrt.<br \/>\nSildenafil Citrat wird zur Behandlung von erektiler Dysfunktion (Impotenz) bei M\u00e4nnern und pulmonaler arterieller Hypertonie angewendet.<br \/>\nSildenafil Citrat kann auch verwendet werden Andere Zwecke, die oben nicht aufgef\u00fchrt sind.<\/p>\n<p>Dosierung und Anwendung<br \/>\nNormalerweise betr\u00e4gt die empfohlene Dosis 50 mg. Die Einnahme erfolgt etwa 0,5\u20131 Stunde vor der sexuellen Aktivit\u00e4t. Nehmen Sie Fildena Super Active nicht mehr als einmal t\u00e4glich ein.<br \/>\nEine fettreiche Mahlzeit kann die Wirkungszeit dieses Arzneimittels verz\u00f6gern.<br \/>\nVersuchen Sie, w\u00e4hrend der Behandlung mit Sildenafilcitrat keine Grapefruit zu essen oder Grapefruitsaft zu trinken.<\/p>\n<p>Vorsichtsma\u00dfnahmen<br \/>\nBevor Sie mit der Einnahme von Sildenafilcitrat beginnen, informieren Sie Ihren Arzt oder Apotheker, wenn Sie allergisch darauf reagieren. oder wenn Sie andere Allergien haben.<br \/>\n\u00c4ltere Menschen reagieren m\u00f6glicherweise empfindlicher auf die Nebenwirkungen des Arzneimittels.<\/p>\n<p>Kontraindikationen<br \/>\nFildena Super Active ist bei Patienten kontraindiziert, die ein anderes Arzneimittel zur Behandlung von Impotenz einnehmen oder ein Nitratmedikament gegen Brustschmerzen oder Herzprobleme verwenden .<br \/>\nDieses Arzneimittel sollte nicht von Frauen und Kindern sowie von Patienten mit bekannter \u00dcberempfindlichkeit gegen einen der Bestandteile der Tablette eingenommen werden.<\/p>\n<p>M\u00f6gliche Nebenwirkungen<br \/>\nDie h\u00e4ufigsten Nebenwirkungen sind Kopfschmerzen, Hitzegef\u00fchl, Sodbrennen, Magenverstimmung, verstopfte Nase, Benommenheit, Schwindel oder Durchfall.<br \/>\nEine schwerwiegende allergische Reaktion auf dieses Medikament ist sehr selten, aber suchen Sie sofort einen Arzt auf, wenn sie auftritt.<br \/>\nViele Menschen, die dieses Medikament einnehmen, haben keine schwerwiegenden Nebenwirkungen.<br \/>\nFalls Sie Nebenwirkungen bemerken Nebenwirkungen, die oben nicht aufgef\u00fchrt sind, wenden Sie sich an Ihren Arzt oder Apotheker.<\/p>\n<p>Wechselwirkungen mit anderen Medikamenten<br \/>\nDieses Medikament sollte nicht zusammen mit Nitraten und Freizeitdrogen namens Poppers verwendet werden, die Amyl- oder Butylnitrit enthalten. Alpha-Blocker-Medikamente; andere Medikamente gegen Impotenz; Medikamente gegen Bluthochdruck usw.<br \/>\nKonsultieren Sie Ihren Arzt oder Apotheker f\u00fcr weitere Einzelheiten.<\/p>\n<p>Verpasste Dosis<br \/>\nFildena Super Active wird nach Bedarf angewendet, daher ist es unwahrscheinlich, dass Sie einen Dosierungsplan einhalten.<\/p>\n<p>\u00dcberdosierung<br \/>\nWenn Sie glauben, dass dies der Fall ist Wenn Sie zu viel von diesem Arzneimittel eingenommen haben, suchen Sie sofort einen Notarzt auf. Zu den Symptomen einer \u00dcberdosierung geh\u00f6ren normalerweise Brustschmerzen, \u00dcbelkeit, unregelm\u00e4\u00dfiger Herzschlag und Benommenheit oder Ohnmacht.<\/p>\n<p>Aufbewahrung<br \/>\nBewahren Sie Ihre Arzneimittel bei Raumtemperatur zwischen 20 und 25 \u00b0C (68\u201377 \u00b0F) und vor Licht gesch\u00fctzt auf Feuchtigkeit. Bewahren Sie die Medikamente nicht im Badezimmer auf. Bewahren Sie alle Medikamente au\u00dferhalb der Reichweite von Kindern und Haustieren auf.<\/p>\n<p>Haftungsausschluss<br \/>\nWir stellen nur allgemeine Informationen zu Medikamenten zur Verf\u00fcgung, die nicht alle Anweisungen, m\u00f6gliche Medikamentenkombinationen oder Vorsichtsma\u00dfnahmen abdecken. Die Informationen auf der Website k\u00f6nnen nicht zur Selbstbehandlung und Selbstdiagnose verwendet werden. Spezifische Anweisungen f\u00fcr einen bestimmten Patienten sollten mit Ihrem Gesundheitsberater oder dem f\u00fcr den Fall zust\u00e4ndigen Arzt vereinbart werden. Wir lehnen die Zuverl\u00e4ssigkeit dieser Informationen und die darin enthaltenen Fehler ab. Wir haften nicht f\u00fcr direkte, indirekte, besondere oder sonstige indirekte Sch\u00e4den, die sich aus der Nutzung der Informationen auf dieser Website ergeben und auch nicht f\u00fcr Folgen der Selbstbehandlung.<\/p>\n","protected":false},"excerpt":{"rendered":"<p>Dies ist ein Generic Medikament, das zur Behandlung sexueller Funktionsst\u00f6rungen bei M\u00e4nnern eingesetzt wird. Dieses Medikament enth\u00e4lt Sildenafilcitrat, das zur Behandlung von Impotenz bei M\u00e4nnern, auch Erektionsst\u00f6rung genannt, eingesetzt wird. Dieses Arzneimittel wurde vollst\u00e4ndig auf seine Dosierung sowie seine gesundheitliche Unbedenklichkeit getestet und wird daher von so vielen M\u00e4nnern auf der ganzen Welt zur Behandlung ihrer m\u00e4nnlichen sexuellen Impotenz verwendet.<\/p>\n","protected":false},"featured_media":3261,"comment_status":"open","ping_status":"closed","template":"","meta":[],"product_brand":[],"product_cat":[117],"product_tag":[],"class_list":{"0":"post-3267","1":"product","2":"type-product","3":"status-publish","4":"has-post-thumbnail","6":"product_cat-erektile-dysfunktion-de","7":"pa_active_substance-sildenafilcitrate","9":"first","10":"instock","11":"shipping-taxable","12":"product-type-variable"},"jetpack_sharing_enabled":true,"_links":{"self":[{"href":"https:\/\/pharmacy-content.com\/wp-json\/wp\/v2\/product\/3267","targetHints":{"allow":["GET"]}}],"collection":[{"href":"https:\/\/pharmacy-content.com\/wp-json\/wp\/v2\/product"}],"about":[{"href":"https:\/\/pharmacy-content.com\/wp-json\/wp\/v2\/types\/product"}],"replies":[{"embeddable":true,"href":"https:\/\/pharmacy-content.com\/wp-json\/wp\/v2\/comments?post=3267"}],"wp:featuredmedia":[{"embeddable":true,"href":"https:\/\/pharmacy-content.com\/wp-json\/wp\/v2\/media\/3261"}],"wp:attachment":[{"href":"https:\/\/pharmacy-content.com\/wp-json\/wp\/v2\/media?parent=3267"}],"wp:term":[{"taxonomy":"product_brand","embeddable":true,"href":"https:\/\/pharmacy-content.com\/wp-json\/wp\/v2\/product_brand?post=3267"},{"taxonomy":"product_cat","embeddable":true,"href":"https:\/\/pharmacy-content.com\/wp-json\/wp\/v2\/product_cat?post=3267"},{"taxonomy":"product_tag","embeddable":true,"href":"https:\/\/pharmacy-content.com\/wp-json\/wp\/v2\/product_tag?post=3267"}],"curies":[{"name":"wp","href":"https:\/\/api.w.org\/{rel}","templated":true}]}}