{"id":3340,"date":"2026-04-22T06:49:06","date_gmt":"2026-04-22T06:49:06","guid":{"rendered":""},"modified":"2026-04-22T06:49:14","modified_gmt":"2026-04-22T06:49:14","slug":"kamagra-4","status":"publish","type":"product","link":"https:\/\/pharmacy-content.com\/?product=kamagra-4&lang=it","title":{"rendered":"Kamagra"},"content":{"rendered":"<p>Uso comune<\/p>\n<p>Kamagra \u00e8 un medicinale creato per trattamento della disfunzione erettile degli uomini. \u00c8 un versione analoga a Viagra, o Sildenafil Citrate usati per trattamento della disfunzione sessuale degli uomini. Kamagra aumenta l&#8217;afflusso della sangue al pene.<\/p>\n<p>Dosaggio e direzioni<\/p>\n<p>L&#8217;effetto della dose di 100 mg di Kamagra avviene entro 45 minuti e dura 4-6 ore.<\/p>\n<p>Precauzioni<\/p>\n<p>Prima di prendere Kamagra informate il vostro medico se siete allergici, avete anemia, malattie oftalmiche, cancro, alta o bassa pressione sanguigna, ritmo cardiaco irregolare, insufficenza cardiaca, instabile mal di petto, disturbi oftalmici, deformazione del pene o avete questi situazioni nel anamnesi, o prendete inibitori di proteasa per trattamento del HIV. Non alzatevi rapidamente dalla posizione orizzontale o seduta. Evitate bere alcolici perche possono aggravare effetti collaterali. Non prendete Kamagra se perndete gi\u00e0 altri medicinali efficaci. Prima di cominciare prendere Kamagra avvisate il vostro medico se usate alprostadil (Caverject, Muse, Edex) o yohimbine (Yocon, Yodoxin, ecc.).<\/p>\n<p>Contraindicazioni<\/p>\n<p>Kamagra \u00e8 contraindicato alle persone allergiche al farmaco o curate con medicinale che contengono nitrati (come nitroglicerina). Questa combinazione pu\u00f2 causare abbassamento della presione sanguigna e come conseguenza l&#8217;insulto o attacco cardiaco o morte. Non prendete il farmaco se avete meno 18 anni.<\/p>\n<p>Eventuali effetti collaterali<\/p>\n<p>Alcuni pazienti possono avere mal di testa, diarrea, vertigine, disturbo gastrico, nausea, naso intasato. L&#8217;effetto avverso come arossamento del viso se manifesta meno che negli individui chi prendono Viagra. Kamagra pu\u00f2 causare rare ma gravi condizioni di erezione prolungata (priapismo). \u00c8 molto importante rivolgersi all&#8217;assistenza medica immediatamente se l&#8217;erezione dura pi\u00f9 di 4 ore.<\/p>\n<p>Interazione medicinale<\/p>\n<p>Kamagra non deve essere prescritta ai pazienti curati con medicinali quail contengono nitrati organici. Erythromycin, ketoconazole, itraconazole e saquinavir possono aumentare concentrazione di Kamagra nella sangue. \u00c8 stata riportata interazione dei medicinali sottoelencati con Kamagra: bosentan (Tracleer); cimetidine (Tagamet, Tagamet HB); antibiotici come erythromycin (E-Mycin, Eryc, Ery-Tab) o claritromycin (Biaxin); doxazosin (Cardura), prazosin (Minipress), Terazosin (Hytrin); medicinali per trattamento del HIV come amprenavir (Agenerase), tipranavir (Aptivus), darunavir (Prezista), efavirenz (Sustiva), nevirapine (Viramune), indinavir (Crixivan), saquinavir (Invirase, Fortovase), lopinavir\/ ritonavir (Kaletra), fosamprenavir (Lexiva), ritonavir (Norvir), atazanavir (Reyataz), o nelfinavir (Viracept); medicinali anticrittogamici come itraconazole (Sporanox) o ketoconazole (Nizoral); carbamazepine (Tegretol), phenobarbital (Luminal), o phenytoin (Dilantin); o rifampin (Rifadin, Rimactane) o rifabutin (Mycobutin).<\/p>\n<p>Dose saltata<\/p>\n<p>La dose saltata non \u00e8 considerata visto che Kamagra viene presa secondo le necessit\u00e0.<\/p>\n<p>Overdose<\/p>\n<p>Overdose di Kamagra pu\u00f2 causare mal di petto, nausea,palpitazione irregolare, vertigine o svenimento. Cercate l&#8217;assistenza medica immediate se osservate questi sintomi.<\/p>\n<p>Preservazione<\/p>\n<p>Mantenere nel contenitore ben chiuso alla temperatura ambiente, lontano della luce solare, fuori della portata dei bambini ed animali.<\/p>\n<p>Declinazione della responsabilit\u00e0<\/p>\n<p>L&#8217;informazione provveduta ha un carattere generale e non copre tutte le indicazioni, eventuali interazioni medicinali o precauzioni. L&#8217;informazione non contiene indicazioni specifiche per un paziente determinato. Noi decliniamo la responsabilit\u00e0 di questa informazione ed eventuali errori quali pu\u00f2 contenere. Non siamo responsabili di ogni danno diretto, indiretto o speciale o altri danni indiretti causati por uso di informazione su questo sito web.<\/p>\n","protected":false},"excerpt":{"rendered":"<p>Kamagra si usa per il trattamento della disfunzione erettile e dell\u2019ipertensione polmonare arteriosa.<\/p>\n","protected":false},"featured_media":3322,"comment_status":"open","ping_status":"closed","template":"","meta":[],"product_brand":[],"product_cat":[123],"product_tag":[],"class_list":{"0":"post-3340","1":"product","2":"type-product","3":"status-publish","4":"has-post-thumbnail","6":"product_cat-disfunzione-erettile-it","7":"pa_active_substance-sildenafil","9":"first","10":"instock","11":"shipping-taxable","12":"product-type-variable"},"jetpack_sharing_enabled":true,"_links":{"self":[{"href":"https:\/\/pharmacy-content.com\/index.php?rest_route=\/wp\/v2\/product\/3340","targetHints":{"allow":["GET"]}}],"collection":[{"href":"https:\/\/pharmacy-content.com\/index.php?rest_route=\/wp\/v2\/product"}],"about":[{"href":"https:\/\/pharmacy-content.com\/index.php?rest_route=\/wp\/v2\/types\/product"}],"replies":[{"embeddable":true,"href":"https:\/\/pharmacy-content.com\/index.php?rest_route=%2Fwp%2Fv2%2Fcomments&post=3340"}],"wp:featuredmedia":[{"embeddable":true,"href":"https:\/\/pharmacy-content.com\/index.php?rest_route=\/wp\/v2\/media\/3322"}],"wp:attachment":[{"href":"https:\/\/pharmacy-content.com\/index.php?rest_route=%2Fwp%2Fv2%2Fmedia&parent=3340"}],"wp:term":[{"taxonomy":"product_brand","embeddable":true,"href":"https:\/\/pharmacy-content.com\/index.php?rest_route=%2Fwp%2Fv2%2Fproduct_brand&post=3340"},{"taxonomy":"product_cat","embeddable":true,"href":"https:\/\/pharmacy-content.com\/index.php?rest_route=%2Fwp%2Fv2%2Fproduct_cat&post=3340"},{"taxonomy":"product_tag","embeddable":true,"href":"https:\/\/pharmacy-content.com\/index.php?rest_route=%2Fwp%2Fv2%2Fproduct_tag&post=3340"}],"curies":[{"name":"wp","href":"https:\/\/api.w.org\/{rel}","templated":true}]}}