{"id":3346,"date":"2026-04-22T06:49:07","date_gmt":"2026-04-22T06:49:07","guid":{"rendered":""},"modified":"2026-04-22T06:49:14","modified_gmt":"2026-04-22T06:49:14","slug":"kamagra-5","status":"publish","type":"product","link":"https:\/\/pharmacy-content.com\/?product=kamagra-5&lang=es","title":{"rendered":"Kamagra"},"content":{"rendered":"<p>Descripci\u00f3n De Producto<\/p>\n<p>Propiedades<\/p>\n<p>Kamagra es un f\u00e1rmaco para tratar la disfunci\u00f3n erectil en los hombres. Es una variante gen\u00e9rica del Viagra, o un nitrato de sildenafil utilizado en el tratamiento de la disfunci\u00f3n erectil en los hombres. Kamagra aumenta el aflujo de sangre hacia el pene.<\/p>\n<p>Posolog\u00eda y forma de administraci\u00f3n<\/p>\n<p>La dosis de 100mg de Kamagra demuestra efecto en 45 minutos y permanece hasta 4-6 horas.<\/p>\n<p>Precauciones<\/p>\n<p>Antes de la administraci\u00f3n de la Kamagra informe al m\u00e9dico si tiene alerg\u00edas, unos problemas de anemia, enfermedades oft\u00e1lmicas, c\u00e1nceres, hipertensi\u00f3n o hipotensi\u00f3n, el ritmo irregular del coraz\u00f3n, insuficiencia card\u00edaca, el dolor inestable en el pecho, trastornos de la visi\u00f3n, deformaci\u00f3n penil o si lleva una historia cl\u00ednica de estos malestares, o si administran los inhibidores de proteasa en el tratamiento del VIH. Cu\u00eddese de levantarse r\u00e1pidamente de la posici\u00f3n de acostado o de sentado. Se debe evitar tomar las bebidas alcoh\u00f3licas por el riesgo de agravar el efecto de las reacciones adversas. No concomite Kamagra con otras medicaciones contra DE. Av\u00edselo al m\u00e9dico en caso de administrar el alprostadilo (Caverject, Muse, Edex) o yohimbine (Yocon, Yodoxin, otros) antes de proceder a Kamagra.<\/p>\n<p>Contraindicaciones<\/p>\n<p>Kamagra no puede administrarse en los pacientes hipersensibles al principio activo y a los excipientes incluso en los pacientes tratados con los nitratos (tales como nitroglicerino). Una combinaci\u00f3n como esa provocar\u00e1 una hipotensi\u00f3n significante incluso el riesgo potencial de causar un insulto, un ataque card\u00edaco o llevar hacia la muerte. No se debe tomar el f\u00e1rmaco si no tiene 18 a\u00f1os.<\/p>\n<p>Reacciones adversas posibles<\/p>\n<p>Some patients may experience headache, diarrhea, dizziness, upset stomach, vomiting, nasal congestion. Such adverse effect like face blushing may be less expressed than in individuals taking Viagra. Kamagra can cause a rare but serious condition of prolonged erection (priapism). It is important to contact your health care provider immediately if your erection lasts longer than 4 hours.<\/p>\n<p>Drug interactions<\/p>\n<p>Kamagra no puede prescribirse a los pacientes tratados con las medicaciones que contienen los nitratos org\u00e1nicos. La erythromycin, ketoconazola, itraconazola y saquinavir pueden agravar el efecto de la elevaci\u00f3n del nivel sangu\u00edneo provocada por Kamagra. Las medicaciones que siguen se han conformado de entrar en la interacci\u00f3n con Kamagra: bosentana (Tracleer); cimetidina (Tagamet, Tagamet HB); las antibi\u00f3ticas tales como eritromycina (E-Mycin, Eryc, Ery-Tab) o claritromicina (Biaxin); doxazosina (Cardura), prazosina (Minipress), Terazosina (Hytrin); medicaciones contra el VIH tales como amprenavir (Agenerase), tipranavir (Aptivus), darunavir (Prezista), efavirenz (Sustiva), nevirapina (Viramune), indinavir (Crixivan), saquinavir (Invirase, Fortovase), lopinavir\/ritonavir (Kaletra), fosamprenavir (Lexiva), ritonavir (Norvir), atazanavir (Reyataz), o nelfinavir (Viracept); las medicaciones fungicidos tales como itraconazola (Sporanox) o ketoconazola (Nizoral); carbamazepina (Tegretol), fenobarbital (Luminal), o fenito\u00edna (Dilantin); o rifampina (Rifadin, Rimactane), o rifabutina (Mycobutin).<\/p>\n<p>Dosis omitida<\/p>\n<p>Kamagra se administra a demanda lo que no implica el riesgo de la omisi\u00f3n de dosis.<\/p>\n<p>Sobredosis<\/p>\n<p>Al haber tomado un exceso de la dosis de Kamagra se le pueden ocurrir el dolor en el pecho, las n\u00e1useas, las palpitaciones irregulares y la sensaci\u00f3n de vah\u00eddo o el desmayo. En esta ocasi\u00f3n de inmediato busque una asistencia m\u00e9dica.<\/p>\n<p>Almacenamiento<\/p>\n<p>Se guarda en un contenedor sellado a temperatura interior evitando una humedad excesiva y los rayos solares fuera del alcance de los ni\u00f1os y los animales dom\u00e9sticos.<\/p>\n<p>Descargo de responsabilidades<\/p>\n<p>La informaci\u00f3n provista tiene un car\u00e1cter general y no se intenta cubrir todas las advertencias posibles respecto a la interacci\u00f3n de medicamentos ni las precauciones especiales. No incluye ningunas instrucciones individualmente prescritas para un paciente particular. Renunciamos de todas las responsabilidades por la exactitud y fiabilidad del material provisto. Expl\u00edcitamente renunciamos de responsabilidad por los da\u00f1os, sean que sean.<\/p>\n","protected":false},"excerpt":{"rendered":"<p>Kamagra se utiliza para el tratamiento de la disfunci\u00f3n er\u00e9ctil masculina y la hipertensi\u00f3n arterial pulmonar.<\/p>\n","protected":false},"featured_media":3322,"comment_status":"open","ping_status":"closed","template":"","meta":[],"product_brand":[],"product_cat":[126],"product_tag":[],"class_list":{"0":"post-3346","1":"product","2":"type-product","3":"status-publish","4":"has-post-thumbnail","6":"product_cat-disfuncion-erectil-es","7":"pa_active_substance-sildenafil","9":"first","10":"instock","11":"shipping-taxable","12":"product-type-variable"},"jetpack_sharing_enabled":true,"_links":{"self":[{"href":"https:\/\/pharmacy-content.com\/index.php?rest_route=\/wp\/v2\/product\/3346","targetHints":{"allow":["GET"]}}],"collection":[{"href":"https:\/\/pharmacy-content.com\/index.php?rest_route=\/wp\/v2\/product"}],"about":[{"href":"https:\/\/pharmacy-content.com\/index.php?rest_route=\/wp\/v2\/types\/product"}],"replies":[{"embeddable":true,"href":"https:\/\/pharmacy-content.com\/index.php?rest_route=%2Fwp%2Fv2%2Fcomments&post=3346"}],"wp:featuredmedia":[{"embeddable":true,"href":"https:\/\/pharmacy-content.com\/index.php?rest_route=\/wp\/v2\/media\/3322"}],"wp:attachment":[{"href":"https:\/\/pharmacy-content.com\/index.php?rest_route=%2Fwp%2Fv2%2Fmedia&parent=3346"}],"wp:term":[{"taxonomy":"product_brand","embeddable":true,"href":"https:\/\/pharmacy-content.com\/index.php?rest_route=%2Fwp%2Fv2%2Fproduct_brand&post=3346"},{"taxonomy":"product_cat","embeddable":true,"href":"https:\/\/pharmacy-content.com\/index.php?rest_route=%2Fwp%2Fv2%2Fproduct_cat&post=3346"},{"taxonomy":"product_tag","embeddable":true,"href":"https:\/\/pharmacy-content.com\/index.php?rest_route=%2Fwp%2Fv2%2Fproduct_tag&post=3346"}],"curies":[{"name":"wp","href":"https:\/\/api.w.org\/{rel}","templated":true}]}}